{"id":1265,"date":"2017-10-31T19:41:54","date_gmt":"2017-11-01T00:41:54","guid":{"rendered":"http:\/\/www.issendai.com\/16thcenturyistanbul\/?page_id=1265"},"modified":"2023-06-20T17:54:01","modified_gmt":"2023-06-20T22:54:01","slug":"zibin-short-underjacket","status":"publish","type":"page","link":"http:\/\/www.issendai.com\/16thcenturyistanbul\/womens-garb-piece-by-piece\/zibin-short-underjacket\/","title":{"rendered":"Z\u0131b\u0131n | Short underjacket"},"content":{"rendered":"<div id=\"attachment_1082\" style=\"width: 337px\" class=\"wp-caption alignright\"><a href=\"http:\/\/www.issendai.com\/16thcenturyistanbul\/wp-content\/uploads\/2017\/09\/beauty.jpg\"><img loading=\"lazy\" decoding=\"async\" aria-describedby=\"caption-attachment-1082\" class=\"wp-image-1082 size-full\" src=\"http:\/\/www.issendai.com\/16thcenturyistanbul\/wp-content\/uploads\/2017\/09\/beauty.jpg\" alt=\"\" width=\"327\" height=\"667\" srcset=\"http:\/\/www.issendai.com\/16thcenturyistanbul\/wp-content\/uploads\/2017\/09\/beauty.jpg 327w, http:\/\/www.issendai.com\/16thcenturyistanbul\/wp-content\/uploads\/2017\/09\/beauty-147x300.jpg 147w\" sizes=\"auto, (max-width: 327px) 100vw, 327px\" \/><\/a><p id=\"caption-attachment-1082\" class=\"wp-caption-text\">A beauty in a bazaar painting by a Turkish artist, The Habits of the Grand Signor\u2019s Court, circa 1620.<\/p><\/div>\n<p><em>[in progress]<\/em><\/p>\n<p>The\u00a0z\u0131b\u0131n was a hip-length jacket that both men and women wore over their g\u00f6mleks and under their kaftans. (It&#8217;s sometimes referred to mistakenly as a h\u0131rka.) If you think of Ottoman Turkish clothing as a pantsuit, the\u00a0z\u0131b\u0131n is the shirt.<\/p>\n<p>The sexes put different emphasis on their\u00a0z\u0131b\u0131ns.\u00a0Men spent much of their time in public, dressed formally, so their\u00a0z\u0131b\u0131ns were less important than their kaftans; but women spent most of their day in the privacy of their home, dressed informally, with their\u00a0z\u0131b\u0131ns on display. Women still spent more money on their kaftans than on their\u00a0z\u0131b\u0131ns, but by the early 17th century, men&#8217;s\u00a0z\u0131b\u0131ns were largely a functional underlayer, while women like the richly dressed lady to the right continued to wear z\u0131b\u0131ns made of brocade and fine silk.<\/p>\n<p>Before we go any farther:\u00a0\/z\u026f <em>b\u026fn<\/em>\/<em>.\u00a0<\/em>The dotless\u00a0\u0131 is a sound similar to a schwa, but where the schwa is a sort of blurry, super-neutral AH, the\u00a0\u0131 is more of an UH or an OO. <a href=\"https:\/\/translate.google.com\/#tr\/en\/z%C4%B1b%C4%B1n\" target=\"_blank\" rel=\"noopener\">Hear it pronounced by Google Translate<\/a>.<\/p>\n<h3>Cut<\/h3>\n<p>Z\u0131b\u0131ns were cut exactly like short kaftans. If you have a kaftan pattern you like, just shorten it to crotch-length, and you&#8217;re done. I also reduce the size of the hip gores, but that&#8217;s not necessary, as a <a href=\"http:\/\/issendai.com\/ottoman-turkish\/kutnu-zibin-with-a-snit-fit-in-a-note\/\" target=\"_blank\" rel=\"noopener\">comically proportioned extant\u00a0z\u0131b\u0131n<\/a> shows.<\/p>\n<h4>Length<\/h4>\n<p>Crotch-length, not knee-length! It&#8217;s tempting to make the\u00a0z\u0131b\u0131n longer&#8211;it suits our sense of how long a &#8220;tunic&#8221; layer should be&#8211;but both period pictures by Turkish artists and <a href=\"http:\/\/www.issendai.com\/16thcenturyistanbul\/fabrics-and-colors\/garment-lengths-in-the-1624-narh-defterleri\/\">garment measurements<\/a> from the 1624 market regulations confirm that the\u00a0z\u0131b\u0131n was a short, short garment.<\/p>\n<p>(16th-century European artists do draw knee-length\u00a0z\u0131b\u0131ns. They also draw hats much larger than Turkish artists do. What does this mean? I&#8217;m not sure, but I recommend copying the Turks, not the Europeans.)<\/p>\n<h4>Sleeves<\/h4>\n<p>Long, short, or sleeveless. Sleeveless\u00a0z\u0131b\u0131ns don&#8217;t appear to have any shaping around the armhole.<\/p>\n<h4>Collar<\/h4>\n<p>Collarless or with a short band collar.<\/p>\n<h4>Lining and Facing<\/h4>\n<p>Z\u0131b\u0131ns were lined (or unlined) and faced exactly like kaftans, with one exception: They weren&#8217;t lined with fur. They could be quilted, like <a href=\"http:\/\/issendai.com\/ottoman-turkish\/kutnu-zibin-with-a-snit-fit-in-a-note\/\" target=\"_blank\" rel=\"noopener\">one extant\u00a0z\u0131b\u0131n<\/a>; the\u00a0z\u0131b\u0131n was a warmth layer as well as a fashion layer. But fur was too expensive to waste on a garment that was covered up with a kaftan the moment you stepped out of the house.<span id='easy-footnote-1-1265' class='easy-footnote-margin-adjust'><\/span><span class='easy-footnote'><a href='http:\/\/www.issendai.com\/16thcenturyistanbul\/womens-garb-piece-by-piece\/zibin-short-underjacket\/#easy-footnote-bottom-1-1265' title='Even the sultan himself didn&amp;#8217;t have a single fur-lined\u00a0z\u0131b\u0131n.'><sup>1<\/sup><\/a><\/span><\/p>\n<h4>Miscellaneous<\/h4>\n<h5>Pockets<\/h5>\n<p>No pockets! To the best of my knowledge, extant\u00a0z\u0131b\u0131ns are pocketless, and too short to have decently sized pockets in any case. That said, museum catalogs usually don&#8217;t mention pockets even when they describe, say, kaftans that we know from other sources do have pockets, so it&#8217;s not implausible that extant\u00a0z\u0131b\u0131ns are pocketed and catalog writers are holding out on us.<\/p>\n<h5>Side Slits<\/h5>\n<p>All types of robes have short &#8220;walking slits&#8221; in the side seams, even when the garment is too short for movement to be an issue. I haven&#8217;t found any measurements for the side slits of z\u0131b\u0131ns, but they&#8217;re probably a few inches long at most.<\/p>\n<h3>Color and Fabric<\/h3>\n<p>Z\u0131b\u0131ns can be made in any attractive color. Because the z\u0131b\u0131n was an informal garment, women tended not to make them in drab, serious colors like dark purple and black, which were considered better suited to overcoats and men&#8217;s working clothes. (But see the lady at the top of the page. Black was considered an ideal color to make goldwork pop.)<\/p>\n<p>Any fabric that&#8217;s sturdy enough to be worn as a main layer can be used to make a\u00a0z\u0131b\u0131n. The estate records document\u00a0z\u0131b\u0131ns made of satin, watered silk, and the full line of brocades and velvets available to wealthy Istanbulites, as well as the colorful silk-and-cotton blends known as kutni and alaca, the polished cotton twill called bogas\u0131, and the occasional reference to generic plain-weave cotton or linen cloth (<em>bez<\/em>).\u00a0One man had a\u00a0z\u0131b\u0131n of <em>velense<\/em>, wool blanketing.<span id='easy-footnote-2-1265' class='easy-footnote-margin-adjust'><\/span><span class='easy-footnote'><a href='http:\/\/www.issendai.com\/16thcenturyistanbul\/womens-garb-piece-by-piece\/zibin-short-underjacket\/#easy-footnote-bottom-2-1265' title='Recycling a worn-out blanket as clothing was a mark of dire poverty.'><sup>2<\/sup><\/a><\/span> In the agricultural district near Istanbul, men wore even sturdier fabrics: wool broadcloth, coarse <em>aba<\/em> wool, and the humblest fabric of all, felt.<\/p>\n<p><a class=\"backbutton\" href=\"http:\/\/www.issendai.com\/16thcenturyistanbul\/womens-garb-piece-by-piece\/gomlek-shift\/\"><i class=\"fa fa-long-arrow-left \" ><\/i>\u00a0 G\u00f6mlek | <em>Shift<\/em><\/a> <a class=\"nextbutton\" href=\"http:\/\/www.issendai.com\/16thcenturyistanbul\/womens-garb-piece-by-piece\/caksir-trousers\/\">Kaftan | <em>Long formal robe<\/em>\u00a0 <i class=\"fa fa-long-arrow-right \" ><\/i><\/a><br \/>\n<a class=\"nextbutton\" href=\"http:\/\/www.issendai.com\/16thcenturyistanbul\/womens-garb-piece-by-piece\/the-perplexing-and-obnoxious-history-of-the-zibin\/\">Detour:\u00a0 The Perplexing and Obnoxious History of the\u00a0Z\u0131b\u0131n\u00a0 <i class=\"fa fa-long-arrow-right \" ><\/i><\/a><\/p>\n<hr \/>\n","protected":false},"excerpt":{"rendered":"<p>[in progress] The\u00a0z\u0131b\u0131n was a hip-length jacket that both men and women wore over their g\u00f6mleks and under their kaftans. (It&#8217;s sometimes referred to mistakenly as a h\u0131rka.) If you think of Ottoman Turkish clothing as a pantsuit, the\u00a0z\u0131b\u0131n is the shirt. The sexes put different emphasis on their\u00a0z\u0131b\u0131ns.\u00a0Men spent\u2026<\/p>\n<p class=\"continue-reading-button\"> <a class=\"continue-reading-link\" href=\"http:\/\/www.issendai.com\/16thcenturyistanbul\/womens-garb-piece-by-piece\/zibin-short-underjacket\/\">Continue reading<i class=\"crycon-right-dir\"><\/i><\/a><\/p>\n","protected":false},"author":1,"featured_media":0,"parent":1043,"menu_order":5,"comment_status":"closed","ping_status":"closed","template":"","meta":{"footnotes":""},"categories":[87],"tags":[],"class_list":["post-1265","page","type-page","status-publish","hentry","category-ottoman-turkish-clothing"],"_links":{"self":[{"href":"http:\/\/www.issendai.com\/16thcenturyistanbul\/wp-json\/wp\/v2\/pages\/1265","targetHints":{"allow":["GET"]}}],"collection":[{"href":"http:\/\/www.issendai.com\/16thcenturyistanbul\/wp-json\/wp\/v2\/pages"}],"about":[{"href":"http:\/\/www.issendai.com\/16thcenturyistanbul\/wp-json\/wp\/v2\/types\/page"}],"author":[{"embeddable":true,"href":"http:\/\/www.issendai.com\/16thcenturyistanbul\/wp-json\/wp\/v2\/users\/1"}],"replies":[{"embeddable":true,"href":"http:\/\/www.issendai.com\/16thcenturyistanbul\/wp-json\/wp\/v2\/comments?post=1265"}],"version-history":[{"count":7,"href":"http:\/\/www.issendai.com\/16thcenturyistanbul\/wp-json\/wp\/v2\/pages\/1265\/revisions"}],"predecessor-version":[{"id":2762,"href":"http:\/\/www.issendai.com\/16thcenturyistanbul\/wp-json\/wp\/v2\/pages\/1265\/revisions\/2762"}],"up":[{"embeddable":true,"href":"http:\/\/www.issendai.com\/16thcenturyistanbul\/wp-json\/wp\/v2\/pages\/1043"}],"wp:attachment":[{"href":"http:\/\/www.issendai.com\/16thcenturyistanbul\/wp-json\/wp\/v2\/media?parent=1265"}],"wp:term":[{"taxonomy":"category","embeddable":true,"href":"http:\/\/www.issendai.com\/16thcenturyistanbul\/wp-json\/wp\/v2\/categories?post=1265"},{"taxonomy":"post_tag","embeddable":true,"href":"http:\/\/www.issendai.com\/16thcenturyistanbul\/wp-json\/wp\/v2\/tags?post=1265"}],"curies":[{"name":"wp","href":"https:\/\/api.w.org\/{rel}","templated":true}]}}