{"id":2183,"date":"2018-11-02T12:08:02","date_gmt":"2018-11-02T17:08:02","guid":{"rendered":"http:\/\/www.issendai.com\/16thcenturyistanbul\/?page_id=2183"},"modified":"2018-11-02T12:22:18","modified_gmt":"2018-11-02T17:22:18","slug":"uskudar-1534-1536","status":"publish","type":"page","link":"http:\/\/www.issendai.com\/16thcenturyistanbul\/turkish-names\/muslim-names\/the-ladies-of-istanbul\/the-raw-data\/uskudar-1534-1536\/","title":{"rendered":"\u00dcsk\u00fcdar 1534-1536"},"content":{"rendered":"\n<h2 class=\"wp-block-heading\">Freeborn Women\u2019s Names<\/h2>\n\n\n\n<p>\u00c2mine bt. Hac\u0131 H\u00fcseyin<\/p>\n\n\n\n<p>Ayn\u00ee bt. \u015eaban<\/p>\n\n\n\n<p>Ay\u015fe bt. Ayd\u0131n Bey<\/p>\n\n\n\n<p>Cennet bt. Hasan<\/p>\n\n\n\n<p>Cennet bt. Yusuf<\/p>\n\n\n\n<p>Fatma bt. Ali<\/p>\n\n\n\n<p>Fatma bt. Cafer<\/p>\n\n\n\n<p>Fatma bt. Davud<\/p>\n\n\n\n<p>Fatma bt. Mehmed<\/p>\n\n\n\n<p>Fatma bt. Turhan<\/p>\n\n\n\n<p>G\u00fcll\u00fc bt. S\u00fcleyman<\/p>\n\n\n\n<p>G\u00fclpa\u015fa bt. S\u00fcleyman<\/p>\n\n\n\n<p>H\u00e2n\u00ee bt. Muslihiddin<\/p>\n\n\n\n<p>Hanife bt. Halil<\/p>\n\n\n\n<p>Hasn\u00e2 bt. Musa<\/p>\n\n\n\n<p>Hatice bt. \u0130skender<\/p>\n\n\n\n<p>Hatice bt. Mehmed Bey<\/p>\n\n\n\n<p>H\u00e2tun Pa\u015fa bt. Ahmed<\/p>\n\n\n\n<p>\u015eerife Hoca bt. Seyyid Hamza<\/p>\n\n\n\n<p>H\u00fbr\u00ee Kad\u0131n bt. Hamza<\/p>\n\n\n\n<p>Kamer bt. Hamza<\/p>\n\n\n\n<p>Nefise bt. Kap\u0131c\u0131 Mustafa<\/p>\n\n\n\n<p>Nefise bt. Oru\u00e7<\/p>\n\n\n\n<p>Rabia H\u00e2tun bt. Hac\u0131 Yusuf<\/p>\n\n\n\n<p>Safiye bt. Mahmud<\/p>\n\n\n\n<p>Selime bt. Bah\u015f\u00ee<\/p>\n\n\n\n<p>Sultan bt. \u0130sa Bali<\/p>\n\n\n\n<p>Tenzile bt. Ali<\/p>\n\n\n\n<p>Tenzile bt. D\u00fcndar<\/p>\n\n\n\n<p>\u00dcmm\u00ee bt. \u0130lyas<\/p>\n\n\n\n<p>G\u00fcl\u015fah bt. Abdullah<br><\/p>\n\n\n\n<h2 class=\"wp-block-heading\">Ambiguous Converts\u2019\nNames<\/h2>\n\n\n\n<p>Dilferid bt. Abdullah<\/p>\n\n\n\n<p>Dudu bt. Abdullah<\/p>\n\n\n\n<p>Fatma bt. Abdullah<\/p>\n\n\n\n<p>G\u00fcly\u00e2r bt. Abdullah<\/p>\n\n\n\n<p>Hasn\u00e2 bt. Abdullah<\/p>\n\n\n\n<p>Hatice H\u00e2tun bt. Abdullah<\/p>\n\n\n\n<p>Kadem bt. Abdullah<\/p>\n\n\n\n<p>Kumru bt. Abdullah<\/p>\n\n\n\n<p>Mercan<\/p>\n\n\n\n<p>\u015e\u00e2h\u00ee bt. Abdullah<\/p>\n\n\n\n<p>Selver bt. Abdullah<\/p>\n\n\n\n<p>\u00dcmm\u00ee H\u00e2tun bt. Abdullah<br><\/p>\n\n\n\n<h2 class=\"wp-block-heading\">Slaves\u2019 Names<\/h2>\n\n\n\n<p>Ay\u015fe<\/p>\n\n\n\n<p>Dudu<\/p>\n\n\n\n<p>G\u00fclendam bt. Abdullah<\/p>\n\n\n\n<p>G\u00fcl\u015fah<\/p>\n\n\n\n<p>G\u00fcl\u015fan<\/p>\n\n\n\n<p>Hasn\u00e2<\/p>\n\n\n\n<p>H\u00fcma<\/p>\n\n\n\n<p>Hur\u015fid bt. Abdullah<\/p>\n\n\n\n<p>Mercan<\/p>\n\n\n\n<p>Mihriban<\/p>\n\n\n\n<p>Selvar<\/p>\n\n\n\n<p>Server bt. Abdullah<\/p>\n","protected":false},"excerpt":{"rendered":"<p>Freeborn Women\u2019s Names \u00c2mine bt. Hac\u0131 H\u00fcseyin Ayn\u00ee bt. \u015eaban Ay\u015fe bt. Ayd\u0131n Bey Cennet bt. Hasan Cennet bt. Yusuf Fatma bt. Ali Fatma bt. Cafer Fatma bt. Davud Fatma bt. Mehmed Fatma bt. Turhan G\u00fcll\u00fc bt. S\u00fcleyman G\u00fclpa\u015fa bt. S\u00fcleyman H\u00e2n\u00ee bt. Muslihiddin Hanife bt. Halil Hasn\u00e2 bt. Musa\u2026<\/p>\n<p class=\"continue-reading-button\"> <a class=\"continue-reading-link\" href=\"http:\/\/www.issendai.com\/16thcenturyistanbul\/turkish-names\/muslim-names\/the-ladies-of-istanbul\/the-raw-data\/uskudar-1534-1536\/\">Continue reading<i class=\"crycon-right-dir\"><\/i><\/a><\/p>\n","protected":false},"author":1,"featured_media":0,"parent":2181,"menu_order":0,"comment_status":"closed","ping_status":"closed","template":"","meta":{"footnotes":""},"categories":[85,81],"tags":[],"class_list":["post-2183","page","type-page","status-publish","hentry","category-ottoman-turkish-names","category-turkish-names"],"_links":{"self":[{"href":"http:\/\/www.issendai.com\/16thcenturyistanbul\/wp-json\/wp\/v2\/pages\/2183","targetHints":{"allow":["GET"]}}],"collection":[{"href":"http:\/\/www.issendai.com\/16thcenturyistanbul\/wp-json\/wp\/v2\/pages"}],"about":[{"href":"http:\/\/www.issendai.com\/16thcenturyistanbul\/wp-json\/wp\/v2\/types\/page"}],"author":[{"embeddable":true,"href":"http:\/\/www.issendai.com\/16thcenturyistanbul\/wp-json\/wp\/v2\/users\/1"}],"replies":[{"embeddable":true,"href":"http:\/\/www.issendai.com\/16thcenturyistanbul\/wp-json\/wp\/v2\/comments?post=2183"}],"version-history":[{"count":3,"href":"http:\/\/www.issendai.com\/16thcenturyistanbul\/wp-json\/wp\/v2\/pages\/2183\/revisions"}],"predecessor-version":[{"id":2202,"href":"http:\/\/www.issendai.com\/16thcenturyistanbul\/wp-json\/wp\/v2\/pages\/2183\/revisions\/2202"}],"up":[{"embeddable":true,"href":"http:\/\/www.issendai.com\/16thcenturyistanbul\/wp-json\/wp\/v2\/pages\/2181"}],"wp:attachment":[{"href":"http:\/\/www.issendai.com\/16thcenturyistanbul\/wp-json\/wp\/v2\/media?parent=2183"}],"wp:term":[{"taxonomy":"category","embeddable":true,"href":"http:\/\/www.issendai.com\/16thcenturyistanbul\/wp-json\/wp\/v2\/categories?post=2183"},{"taxonomy":"post_tag","embeddable":true,"href":"http:\/\/www.issendai.com\/16thcenturyistanbul\/wp-json\/wp\/v2\/tags?post=2183"}],"curies":[{"name":"wp","href":"https:\/\/api.w.org\/{rel}","templated":true}]}}