{"id":1000,"date":"2017-06-09T16:04:50","date_gmt":"2017-06-09T21:04:50","guid":{"rendered":"http:\/\/www.issendai.com\/16thcenturyistanbul\/?page_id=1000"},"modified":"2024-11-12T20:14:36","modified_gmt":"2024-11-13T01:14:36","slug":"titles-in-16th-century-documents","status":"publish","type":"page","link":"https:\/\/www.issendai.com\/16thcenturyistanbul\/turkish-names\/titles-in-16th-century-documents\/","title":{"rendered":"Titles in 16th-Century Documents"},"content":{"rendered":"<p>Ottoman Turkey was a formal, hierarchical society in love with titles&#8211;imperial titles, noble titles, military titles, religious titles, civil service titles. Alongside this love of titles was a steady downward drift of titles, as people from lower ranks tried to co-opt the status of the ranks above them by adopting their titles.<\/p>\n<p>The result was that unlike in contemporary Europe, where titles remained roughly the same for centuries, many traditional Turkish titles lost rank rapidly and were redefined. For example, in the 14th and 15th centuries, the sultans&#8217; daughters were titled sultan, and the sultans&#8217; wives and concubines were titled hatun, an ancient title that was the feminine form of khan (han in Turkish). However, the court of S\u00fcleyman the Magnificent (r. 1520-1566) introduced new ranks for concubines, titling the highest rank sultan, the next rank kad\u0131n, and the lowest rank hatun. His successors did away with hatun and added even more new titles. Why was hatun dropped? Probably because in the streets of every city, hatun had lost so much status that even common-born women dragging each other into court to squabble over stolen laundry styled themselves hatun.<\/p>\n<p>Most titles didn&#8217;t drop as precipitously as hatun. However, any old, traditional title was prone to lose rank and definition over the 14th, 15th, and 16th centuries. Combine this with the tendency to use certain titles to cover a wide array of ranks, and pinning down exactly what a given title means can be headache-inducing.<\/p>\n<p><em>Please note that the <a href=\"https:\/\/heraldry.sca.org\/titles.html#Turkish\" target=\"_blank\" rel=\"noopener\">current list of alternate Turkish titles<\/a> draws from a different period than my sources, so my description of a term may not match that of the official SCA usage.<\/em><\/p>\n<p>I&#8217;ve designed these lists to be a general guide to the titles encountered in 16th-century sources, especially the (mostly) late 16th century court records from the Istanbul area that I studied. Because most of the people in the records were ordinary citizens and low-ranking members of the military, the list is short on court, civil service, noble, and upper military titles. I also omitted most titles of members of religious orders, which deserve their own study.<\/p>\n<p><em>Updated November 12, 2024.<\/em><\/p>\n<p style=\"text-align: center;\"><a href=\"#using\">Using Titles<\/a> | <a href=\"#female\">Female Titles<\/a> | <a href=\"#male\">Male Titles<\/a><\/p>\n<h2 id=\"using\">Using Titles<\/h2>\n<p><strong>Most titles follow the personal name, but a few precede it.<\/strong> The lists note where a title should be placed.<\/p>\n<p><strong>A person can have one title before his or her personal name and one title after.<\/strong> For example, a learned gentleman named Mehmed who completed the pilgrimage to Mecca could style himself Hac\u0131 Mehmed \u00c7elebi. However, if Mehmed was also a naval captain, or Reis, he would drop the lower-ranked title \u00c7elebi and style himself Hac\u0131 Mehmed Reis, <em>not<\/em> Hac\u0131 Mehmed Reis \u00c7elebi.<\/p>\n<p>The exception is Sufi titles like Mevlana, which can stack with both Sufi and non-Sufi titles. For example, Mevl\u00e2n\u00e2 \u015eah Mehmed \u00c7elebi bin Ey\u00fcb (the personal name is Mehmed) and Mevl\u00e2na el-H\u00e2c Veli bin Mehmed (the personal name is Veli; el-H\u00e2c is a variant of Hac\u0131).<\/p>\n<p><strong>A father&#8217;s titles can be included when a person gives their full name.<\/strong> For example, Saliha, daughter of Hac\u0131 Mehmed Reis, could call herself:<\/p>\n<ul>\n<li>Saliha bint Mehmed<\/li>\n<li>Saliha bint Hac\u0131 Mehmed<\/li>\n<li>Saliha bint Mehmed Reis<\/li>\n<li>Saliha bint Hac\u0131 Mehmed Reis<\/li>\n<li>Saliha Hatun bint Mehmed<\/li>\n<li>Saliha Hatun bint Hac\u0131 Mehmed<\/li>\n<li>Saliha Hatun bint Mehmed Reis<\/li>\n<li>Saliha Hatun bint Hac\u0131 Mehmed Reis<\/li>\n<li>Saliha Hatun<\/li>\n<li>Saliha<\/li>\n<\/ul>\n<p>This plethora of options is typical. <strong>People didn&#8217;t have one correct set of name and titles.<\/strong> They mixed and matched their own and their father&#8217;s titles, often being referred to several different ways within a summary of a single court case.<\/p>\n<h2 id=\"female\">Female Titles<\/h2>\n<p>Outside of the court, there are few titles for women.<\/p>\n<p><strong>Hatun:<\/strong> A term of respect that could be applied to any free Muslim woman. It was probably reserved for adult women&#8211;that is, women who had been married or had been a concubine. Apart from that detail, hatun is roughly equivalent to the Tudor title &#8220;Mistress.&#8221;<\/p>\n<p>Note that until the middle of the 16th century, hatun was a court title given to specific ranks of the sultan&#8217;s concubines. However, by the late 16th century, any respectable Muslim woman could be addressed as hatun.<\/p>\n<p>Hatun goes immediately after the personal name. For example, Emine, daughter of Mehmed, would be addressed as Emine Hatun or Emine Hatun bint Mehmed.<\/p>\n<p><em>Hatun is the official Turkish equivalent of the SCA titles for duchesses, countesses, viscountesses, baronesses, and women who have an award or grant of arms.<\/em><\/p>\n<p><strong>Hac\u0131:<\/strong> Literally &#8220;pilgrim,&#8221; this could be borne by any Muslim who had made the pilgrimage to Mecca. Christians and Jews who had made the pilgrimage to Jerusalem could also call themselves hac\u0131, though it was spelled slightly differently in the Ottoman Turkish alphabet. Unlike most other titles, hac\u0131 precedes the personal name.<\/p>\n<p>While hac\u0131s of both sexes and all classes could be found, the pilgrimage was costly. Former pilgrims were likely to be well-off or older (to give them more time to save up), and were overwhelmingly male. However, slaves and servants who made the pilgrimage with their masters could also take the title, and the small number of female hac\u0131s were probably women who accompanied their husbands.<\/p>\n<p><strong>Sultan:<\/strong> Princess. Note than men put the title before their name, and women after their name. &#8220;Sultan&#8221; was also an ordinary female personal name borne by women of all ethnicities.<\/p>\n<p><em>Sultan is the official Turkish equivalent of the SCA titles for queens and princesses.<\/em><\/p>\n<h2 id=\"male\">Male Titles<\/h2>\n<h3>Titles That Follow the Given Name<\/h3>\n<p><strong>A\u011fa:<\/strong> A\u00a0title borne by a confusing array of military, court, and administrative\u00a0officials.<\/p>\n<p><strong>Baba:<\/strong> An informal term meaning &#8220;grandfather,&#8221; possibly used as a title for a rank in a Sufi order. Sometimes used as a male personal name.<\/p>\n<p><strong>Be\u011f, Bey:<\/strong> A military title borne by certain high-ranking army and navy officers. Also a common element in ordinary men&#8217;s names.<\/p>\n<p><em>Bey is the official Turkish equivalent of the SCA title for barons.<\/em><\/p>\n<p><strong>Be\u015fe<\/strong><\/p>\n<p><strong>Bostanc\u0131:<\/strong> Literally &#8220;gardener,&#8221; this title was borne by members of the palace guard.<\/p>\n<p><strong>\u00c7avu\u015f:<\/strong>\u00a0A high-ranking military messenger.<\/p>\n<p><strong>\u00c7elebi:<\/strong> Gentleman. A generic term of respect that could be borne by well-to-do males of any age; even underaged orphans are sometimes titled &#8220;\u00c7elebi&#8221; in court records.<\/p>\n<p><strong>Dani\u015fmend:<\/strong> A master of arts.<\/p>\n<p><strong>Efendi:<\/strong> An informal title given to learned men.<\/p>\n<p><em>Bey is the official Turkish equivalent of the SCA title for men who have an award or grant of arms.<\/em><\/p>\n<p><strong>Emir:<\/strong> Commander or governor. Also a personal name and a common element in ordinary men&#8217;s names.<\/p>\n<p><strong>Fakih:<\/strong>\u00a0Islamic jurist.<\/p>\n<p><strong>Hal\u00eefe:<\/strong>\u00a0A Sufi title. Literally &#8220;successor,&#8221; a hal\u00eefe is\u00a0the successor to a\u00a0p\u00eer, or Sufi spiritual master. Although this is the same word as the more familiar &#8220;caliph,&#8221; the Sufi rank and the generic Islamic rank are not related.<\/p>\n<p><strong>Keth\u00fcda:<\/strong> A deputy, often to an a\u011fa or reis. Used in both the military and the civil administration.<\/p>\n<p><strong>Pa\u015fa:<\/strong> Pasha. Also a common element in ordinary men&#8217;s names.<\/p>\n<p><em>Pa\u015fa is the official Turkish equivalent of the SCA titles for dukes, counts, and viscounts.<\/em><\/p>\n<p><strong>Reis, Re&#8217;is:<\/strong>\u00a0Naval captain. Istanbul, a major military and shipping center, was full of captains.<\/p>\n<p><strong>Suba\u015f\u0131<\/strong><\/p>\n<h3>Titles That Precede the Given Name<\/h3>\n<p><strong>el-Hac:<\/strong> A variant of <em>Hac\u0131<\/em>.<\/p>\n<p><strong>Hac\u0131:<\/strong> Identical to the female title. Confusingly, it was occasionally used as a male given name.<\/p>\n<p><strong>Mevl\u00e2na:<\/strong> Literally &#8220;my master.&#8221; A high rank within the Sufi orders.<\/p>\n<p><strong>Molla:<\/strong> Mullah<\/p>\n<p><strong>P\u00eer:<\/strong> Literally &#8220;elder.&#8221; A Sufi master or spiritual guide.<\/p>\n<p><strong>Seyyid:<\/strong> A descendant of Muhammad.<\/p>\n<p><strong>\u015eeyh:<\/strong> A preacher, or the head of a religious community.<\/p>\n<p><strong>Sultan:<\/strong> Prince. Note than men put the title before their name, and women after their name.<\/p>\n<p><em>Sultan is the official Turkish equivalent of the SCA title for princes.<\/em><\/p>\n\n\n<p><\/p>\n","protected":false},"excerpt":{"rendered":"<p>Ottoman Turkey was a formal, hierarchical society in love with titles&#8211;imperial titles, noble titles, military titles, religious titles, civil service titles. Alongside this love of titles was a steady downward drift of titles, as people from lower ranks tried to co-opt the status of the ranks above them by adopting\u2026<\/p>\n<p class=\"continue-reading-button\"> <a class=\"continue-reading-link\" href=\"https:\/\/www.issendai.com\/16thcenturyistanbul\/turkish-names\/titles-in-16th-century-documents\/\">Continue reading<i class=\"crycon-right-dir\"><\/i><\/a><\/p>\n","protected":false},"author":1,"featured_media":0,"parent":706,"menu_order":9,"comment_status":"closed","ping_status":"closed","template":"","meta":{"footnotes":""},"categories":[108,85],"tags":[112],"class_list":["post-1000","page","type-page","status-publish","hentry","category-muslim-names","category-ottoman-turkish-names","tag-titles"],"_links":{"self":[{"href":"https:\/\/www.issendai.com\/16thcenturyistanbul\/wp-json\/wp\/v2\/pages\/1000","targetHints":{"allow":["GET"]}}],"collection":[{"href":"https:\/\/www.issendai.com\/16thcenturyistanbul\/wp-json\/wp\/v2\/pages"}],"about":[{"href":"https:\/\/www.issendai.com\/16thcenturyistanbul\/wp-json\/wp\/v2\/types\/page"}],"author":[{"embeddable":true,"href":"https:\/\/www.issendai.com\/16thcenturyistanbul\/wp-json\/wp\/v2\/users\/1"}],"replies":[{"embeddable":true,"href":"https:\/\/www.issendai.com\/16thcenturyistanbul\/wp-json\/wp\/v2\/comments?post=1000"}],"version-history":[{"count":10,"href":"https:\/\/www.issendai.com\/16thcenturyistanbul\/wp-json\/wp\/v2\/pages\/1000\/revisions"}],"predecessor-version":[{"id":3011,"href":"https:\/\/www.issendai.com\/16thcenturyistanbul\/wp-json\/wp\/v2\/pages\/1000\/revisions\/3011"}],"up":[{"embeddable":true,"href":"https:\/\/www.issendai.com\/16thcenturyistanbul\/wp-json\/wp\/v2\/pages\/706"}],"wp:attachment":[{"href":"https:\/\/www.issendai.com\/16thcenturyistanbul\/wp-json\/wp\/v2\/media?parent=1000"}],"wp:term":[{"taxonomy":"category","embeddable":true,"href":"https:\/\/www.issendai.com\/16thcenturyistanbul\/wp-json\/wp\/v2\/categories?post=1000"},{"taxonomy":"post_tag","embeddable":true,"href":"https:\/\/www.issendai.com\/16thcenturyistanbul\/wp-json\/wp\/v2\/tags?post=1000"}],"curies":[{"name":"wp","href":"https:\/\/api.w.org\/{rel}","templated":true}]}}