{"id":1043,"date":"2017-08-21T19:32:34","date_gmt":"2017-08-22T00:32:34","guid":{"rendered":"http:\/\/www.issendai.com\/16thcenturyistanbul\/?page_id=1043"},"modified":"2021-08-24T12:57:31","modified_gmt":"2021-08-24T17:57:31","slug":"womens-garb-piece-by-piece","status":"publish","type":"page","link":"https:\/\/www.issendai.com\/16thcenturyistanbul\/womens-garb-piece-by-piece\/","title":{"rendered":"Women&#8217;s Garb, Piece by Piece"},"content":{"rendered":"<p><a href=\"http:\/\/www.issendai.com\/16thcenturyistanbul\/wp-content\/uploads\/2017\/05\/Lady-in-Red-Zibin-3.png\"><img loading=\"lazy\" decoding=\"async\" class=\"alignright size-full wp-image-992\" src=\"http:\/\/www.issendai.com\/16thcenturyistanbul\/wp-content\/uploads\/2017\/05\/Lady-in-Red-Zibin-3.png\" alt=\"\" width=\"288\" height=\"671\" srcset=\"https:\/\/www.issendai.com\/16thcenturyistanbul\/wp-content\/uploads\/2017\/05\/Lady-in-Red-Zibin-3.png 288w, https:\/\/www.issendai.com\/16thcenturyistanbul\/wp-content\/uploads\/2017\/05\/Lady-in-Red-Zibin-3-129x300.png 129w\" sizes=\"auto, (max-width: 288px) 100vw, 288px\" \/><\/a><em>Much of this information applies to men as well as women.<\/em><\/p>\n<h4>From the Skin Out<\/h4>\n<ul>\n<li><a href=\"http:\/\/www.issendai.com\/16thcenturyistanbul\/womens-garb-piece-by-piece\/don-underpants\/\">Don |\u00a0<em>Underpants<\/em><\/a><\/li>\n<li><a href=\"http:\/\/www.issendai.com\/16thcenturyistanbul\/womens-garb-piece-by-piece\/caksir-trousers\/\">\u00c7ak\u015fir |\u00a0<em>Trousers<\/em><\/a><\/li>\n<li><a href=\"http:\/\/www.issendai.com\/16thcenturyistanbul\/womens-garb-piece-by-piece\/gomlek-shift\/\">G\u00f6mlek |\u00a0<em>Shift<\/em><\/a>\n<ul>\n<li><a href=\"http:\/\/www.issendai.com\/16thcenturyistanbul\/womens-garb-piece-by-piece\/gomlek-shift\/the-cut-of-extant-gomleks\/\">Detour: The Cut of Extant\u00a0G\u00f6mleks<\/a><\/li>\n<\/ul>\n<\/li>\n<li><a href=\"http:\/\/www.issendai.com\/16thcenturyistanbul\/womens-garb-piece-by-piece\/zibin-short-underjacket\/\">Z\u0131b\u0131n |\u00a0<em>Short underjacket<\/em><\/a>\n<ul>\n<li><a href=\"http:\/\/www.issendai.com\/16thcenturyistanbul\/womens-garb-piece-by-piece\/zibin-short-underjacket\/the-perplexing-and-obnoxious-history-of-the-zibin\/\">Detour: The Perplexing and Obnoxious History of the\u00a0Z\u0131b\u0131n<\/a><\/li>\n<\/ul>\n<\/li>\n<li>Kaftan |\u00a0<em>Long formal robe<\/em><\/li>\n<li><a href=\"http:\/\/www.issendai.com\/16thcenturyistanbul\/ottoman-turkey-the-scadian-way\/turkish-garb\/yelek-kurdiye-cuka-kurk-overcoats\/\">Yelek, K\u00fcrdiye, \u00c7uka, K\u00fcrk |\u00a0<em>Overcoats<\/em><\/a><\/li>\n<li>Ferace and Ya\u015fmak |\u00a0<em>Modesty clothes<\/em><\/li>\n<\/ul>\n<h4>Accessories<\/h4>\n<ul>\n<li><a href=\"http:\/\/www.issendai.com\/16thcenturyistanbul\/womens-garb-piece-by-piece\/arakiye-and-all-the-trimmings-hat-veil-hatband-scarves\/\">Arakiye and All the Trimmings |\u00a0<em>Hat, veil, hatband, scarves<\/em><\/a><\/li>\n<li><a href=\"http:\/\/www.issendai.com\/16thcenturyistanbul\/womens-garb-piece-by-piece\/ziynet-jewelry\/\">Ziynet | <em>Jewelry<\/em><\/a><\/li>\n<li>Belts<\/li>\n<li><a href=\"http:\/\/www.issendai.com\/16thcenturyistanbul\/womens-garb-piece-by-piece\/pabuc-and-mest-shoes\/\">Pabu\u00e7 and Mest | Shoes<\/a><\/li>\n<\/ul>\n<p><a class=\"nextbutton\" href=\"http:\/\/www.issendai.com\/16thcenturyistanbul\/womens-garb-piece-by-piece\/don-underpants\/\">Don | <em>Underpants<\/em>\u00a0 <i class=\"fa fa-long-arrow-right \" ><\/i><\/a><\/p>\n","protected":false},"excerpt":{"rendered":"<p>Much of this information applies to men as well as women. From the Skin Out Don |\u00a0Underpants \u00c7ak\u015fir |\u00a0Trousers G\u00f6mlek |\u00a0Shift Detour: The Cut of Extant\u00a0G\u00f6mleks Z\u0131b\u0131n |\u00a0Short underjacket Detour: The Perplexing and Obnoxious History of the\u00a0Z\u0131b\u0131n Kaftan |\u00a0Long formal robe Yelek, K\u00fcrdiye, \u00c7uka, K\u00fcrk |\u00a0Overcoats Ferace and Ya\u015fmak |\u00a0Modesty\u2026<\/p>\n<p class=\"continue-reading-button\"> <a class=\"continue-reading-link\" href=\"https:\/\/www.issendai.com\/16thcenturyistanbul\/womens-garb-piece-by-piece\/\">Continue reading<i class=\"crycon-right-dir\"><\/i><\/a><\/p>\n","protected":false},"author":1,"featured_media":1677,"parent":0,"menu_order":12,"comment_status":"closed","ping_status":"closed","template":"","meta":{"footnotes":""},"categories":[87],"tags":[],"class_list":["post-1043","page","type-page","status-publish","has-post-thumbnail","hentry","category-ottoman-turkish-clothing"],"_links":{"self":[{"href":"https:\/\/www.issendai.com\/16thcenturyistanbul\/wp-json\/wp\/v2\/pages\/1043","targetHints":{"allow":["GET"]}}],"collection":[{"href":"https:\/\/www.issendai.com\/16thcenturyistanbul\/wp-json\/wp\/v2\/pages"}],"about":[{"href":"https:\/\/www.issendai.com\/16thcenturyistanbul\/wp-json\/wp\/v2\/types\/page"}],"author":[{"embeddable":true,"href":"https:\/\/www.issendai.com\/16thcenturyistanbul\/wp-json\/wp\/v2\/users\/1"}],"replies":[{"embeddable":true,"href":"https:\/\/www.issendai.com\/16thcenturyistanbul\/wp-json\/wp\/v2\/comments?post=1043"}],"version-history":[{"count":15,"href":"https:\/\/www.issendai.com\/16thcenturyistanbul\/wp-json\/wp\/v2\/pages\/1043\/revisions"}],"predecessor-version":[{"id":2275,"href":"https:\/\/www.issendai.com\/16thcenturyistanbul\/wp-json\/wp\/v2\/pages\/1043\/revisions\/2275"}],"wp:featuredmedia":[{"embeddable":true,"href":"https:\/\/www.issendai.com\/16thcenturyistanbul\/wp-json\/wp\/v2\/media\/1677"}],"wp:attachment":[{"href":"https:\/\/www.issendai.com\/16thcenturyistanbul\/wp-json\/wp\/v2\/media?parent=1043"}],"wp:term":[{"taxonomy":"category","embeddable":true,"href":"https:\/\/www.issendai.com\/16thcenturyistanbul\/wp-json\/wp\/v2\/categories?post=1043"},{"taxonomy":"post_tag","embeddable":true,"href":"https:\/\/www.issendai.com\/16thcenturyistanbul\/wp-json\/wp\/v2\/tags?post=1043"}],"curies":[{"name":"wp","href":"https:\/\/api.w.org\/{rel}","templated":true}]}}