{"id":1058,"date":"2017-09-05T20:06:58","date_gmt":"2017-09-06T01:06:58","guid":{"rendered":"http:\/\/www.issendai.com\/16thcenturyistanbul\/?page_id=1058"},"modified":"2017-09-05T20:06:58","modified_gmt":"2017-09-06T01:06:58","slug":"stage-1-of-geeky-statistical-analysis","status":"publish","type":"page","link":"https:\/\/www.issendai.com\/16thcenturyistanbul\/fabrics-and-colors\/stage-1-of-geeky-statistical-analysis\/","title":{"rendered":"Stage 1 of Geeky Statistical Analysis"},"content":{"rendered":"<p>There were 161 inventories in my original sample:<\/p>\n<ul>\n<li>56 Muslim females<\/li>\n<li>96 Muslim males<\/li>\n<li>3 non-Muslim females<\/li>\n<li>4 non-Muslim males<\/li>\n<li>1 unknown<\/li>\n<\/ul>\n<p>I removed the non-Muslim and unknown inventories because members of different religious groups dressed differently. Of the remaining Muslim inventories, I removed 4 Muslim male inventories because of oddities, complexities, and miscellaneous complications.<\/p>\n<h2>Feraces<\/h2>\n<p>Because women wore feraces in public for modesty, we think of them as a uniquely feminine garment. The data says otherwise:<\/p>\n<p>Of the 56 Muslim women represented, 31 (55%) owned feraces. There were a total of 46 feraces, or 1.48 feraces per woman who owned a ferace. The rough average price of a woman&#8217;s ferace was 607\u00a0ak\u00e7es.<\/p>\n<p>Of the 96 Muslim men represented, 72 (75%) owned feraces.\u00a0There were a total of 204\u00a0feraces, or 2.83\u00a0feraces per man who owned a ferace. The\u00a0very rough average price for a man&#8217;s ferace was 823 ak\u00e7es.<\/p>\n<h2>Z\u0131b\u0131ns<\/h2>\n<p>Of the 56 Muslim women represented, 39\u00a0(70%) owned z\u0131b\u0131ns. There were a total of 84 z\u0131b\u0131ns, or 2.15\u00a0z\u0131b\u0131ns per woman who owned a z\u0131b\u0131n. The average price of a woman&#8217;s z\u0131b\u0131n\u00a0was 196\u00a0ak\u00e7es.<\/p>\n<p>Of the 96 Muslim men represented, 37 (39%) owned z\u0131b\u0131ns.\u00a0There were a total of 62\u00a0z\u0131b\u0131ns, or 1.68\u00a0z\u0131b\u0131ns per man who owned a z\u0131b\u0131n.<\/p>\n<h2>Kaftans<\/h2>\n<p>Of the 56 Muslim women represented, 38\u00a0(68%) owned kaftans. There were a total of 117\u00a0kaftans, or 3.08\u00a0kaftans per woman who owned a kaftan. (The winner was \u0130smihan Hatun bt. \u0130lyas, who had 19.) The average price of a woman&#8217;s kaftan was 713 ak\u00e7es, but\u00a0F\u00e2t\u0131ma Hatun bt. Hasan&#8217;s 12,500-ak\u00e7e ser\u00e2ser kaftan broke the curve. Take it out, and the average was 608\u00a0ak\u00e7es.<\/p>\n<p>Of the 96 Muslim men represented, 47\u00a0(49%) owned kaftans.\u00a0There were a total of 112\u00a0kaftans, or 2.38\u00a0kaftans per man who owned a kaftan. (Mehmed Reis had 15.) The average price for a man&#8217;s kaftan was 653\u00a0ak\u00e7es.<\/p>\n","protected":false},"excerpt":{"rendered":"<p>There were 161 inventories in my original sample: 56 Muslim females 96 Muslim males 3 non-Muslim females 4 non-Muslim males 1 unknown I removed the non-Muslim and unknown inventories because members of different religious groups dressed differently. Of the remaining Muslim inventories, I removed 4 Muslim male inventories because of\u2026<\/p>\n<p class=\"continue-reading-button\"> <a class=\"continue-reading-link\" href=\"https:\/\/www.issendai.com\/16thcenturyistanbul\/fabrics-and-colors\/stage-1-of-geeky-statistical-analysis\/\">Continue reading<i class=\"crycon-right-dir\"><\/i><\/a><\/p>\n","protected":false},"author":1,"featured_media":0,"parent":943,"menu_order":0,"comment_status":"closed","ping_status":"closed","template":"","meta":{"footnotes":""},"categories":[82],"tags":[],"class_list":["post-1058","page","type-page","status-publish","hentry","category-fabrics-and-colors"],"_links":{"self":[{"href":"https:\/\/www.issendai.com\/16thcenturyistanbul\/wp-json\/wp\/v2\/pages\/1058","targetHints":{"allow":["GET"]}}],"collection":[{"href":"https:\/\/www.issendai.com\/16thcenturyistanbul\/wp-json\/wp\/v2\/pages"}],"about":[{"href":"https:\/\/www.issendai.com\/16thcenturyistanbul\/wp-json\/wp\/v2\/types\/page"}],"author":[{"embeddable":true,"href":"https:\/\/www.issendai.com\/16thcenturyistanbul\/wp-json\/wp\/v2\/users\/1"}],"replies":[{"embeddable":true,"href":"https:\/\/www.issendai.com\/16thcenturyistanbul\/wp-json\/wp\/v2\/comments?post=1058"}],"version-history":[{"count":4,"href":"https:\/\/www.issendai.com\/16thcenturyistanbul\/wp-json\/wp\/v2\/pages\/1058\/revisions"}],"predecessor-version":[{"id":1064,"href":"https:\/\/www.issendai.com\/16thcenturyistanbul\/wp-json\/wp\/v2\/pages\/1058\/revisions\/1064"}],"up":[{"embeddable":true,"href":"https:\/\/www.issendai.com\/16thcenturyistanbul\/wp-json\/wp\/v2\/pages\/943"}],"wp:attachment":[{"href":"https:\/\/www.issendai.com\/16thcenturyistanbul\/wp-json\/wp\/v2\/media?parent=1058"}],"wp:term":[{"taxonomy":"category","embeddable":true,"href":"https:\/\/www.issendai.com\/16thcenturyistanbul\/wp-json\/wp\/v2\/categories?post=1058"},{"taxonomy":"post_tag","embeddable":true,"href":"https:\/\/www.issendai.com\/16thcenturyistanbul\/wp-json\/wp\/v2\/tags?post=1058"}],"curies":[{"name":"wp","href":"https:\/\/api.w.org\/{rel}","templated":true}]}}