{"id":1256,"date":"2017-10-25T19:42:35","date_gmt":"2017-10-26T00:42:35","guid":{"rendered":"http:\/\/www.issendai.com\/16thcenturyistanbul\/?page_id=1256"},"modified":"2017-11-22T18:12:30","modified_gmt":"2017-11-22T23:12:30","slug":"definitions-and-speculations","status":"publish","type":"page","link":"https:\/\/www.issendai.com\/16thcenturyistanbul\/fabrics-and-colors\/definitions-and-speculations\/","title":{"rendered":"Definitions and Speculations"},"content":{"rendered":"<p>Any definition of an Ottoman Turkish word for a garment involves speculation. Words changed definitions radically between the 16th century and the century that modern scholarship coalesced around, the 18th century; and many modern scholars are blithely unaware of this, so they happily describe 16th-century garments with terms that are centuries out of date.<\/p>\n<p>Worse, the Ottoman Turks weren&#8217;t big on describing cut and style. They&#8217;ll tell you what color of silk a <em>hil&#8217;at<\/em> (robe of honor) was made of, where the silk came from, where the <em>hil&#8217;at<\/em> was made, and who the sultan gave it to, but they won&#8217;t tell you what made a <em>hil&#8217;at<\/em> a <em>hil&#8217;at<\/em>. We have a palaceful of garments, and a book&#8217;s worth of garment names, but no way to connect the two.<\/p>\n<p>This page is my attempt to make the connection. Using estate records, contemporary images, lists of market rules, extant items, Ottoman Turkish dictionaries of various ages, Turkish and English-language scholarship, and the help of fellow amateur scholars, I&#8217;ve tried to close the gap between object and word.<\/p>\n<h3>Robes<\/h3>\n<p>This section covers shirts, jackets, and overcoats as well as kaftans.<\/p>\n<div id=\"attachment_1385\" style=\"width: 310px\" class=\"wp-caption alignright\"><a href=\"http:\/\/www.issendai.com\/16thcenturyistanbul\/wp-content\/uploads\/2017\/10\/Lebanese-Bedouin-Sheik.jpg\"><img loading=\"lazy\" decoding=\"async\" aria-describedby=\"caption-attachment-1385\" class=\"wp-image-1385\" src=\"http:\/\/www.issendai.com\/16thcenturyistanbul\/wp-content\/uploads\/2017\/10\/Lebanese-Bedouin-Sheik.jpg\" alt=\"\" width=\"300\" height=\"406\" srcset=\"https:\/\/www.issendai.com\/16thcenturyistanbul\/wp-content\/uploads\/2017\/10\/Lebanese-Bedouin-Sheik.jpg 473w, https:\/\/www.issendai.com\/16thcenturyistanbul\/wp-content\/uploads\/2017\/10\/Lebanese-Bedouin-Sheik-222x300.jpg 222w, https:\/\/www.issendai.com\/16thcenturyistanbul\/wp-content\/uploads\/2017\/10\/Lebanese-Bedouin-Sheik-111x150.jpg 111w\" sizes=\"auto, (max-width: 300px) 100vw, 300px\" \/><\/a><p id=\"caption-attachment-1385\" class=\"wp-caption-text\">19th-century Lebanese Bedouin sheik in a striped aba. The variety of striped wool used to make his aba is also known throughout the Middle East as aba.<\/p><\/div>\n<h4>Aba<\/h4>\n<p>The aba was a loose, sleeveless overcoat of coarse wool (also called &#8220;aba&#8221;) that originated in Arabia.<span id='easy-footnote-1-1256' class='easy-footnote-margin-adjust'><\/span><span class='easy-footnote'><a href='https:\/\/www.issendai.com\/16thcenturyistanbul\/fabrics-and-colors\/definitions-and-speculations\/#easy-footnote-bottom-1-1256' title='&amp;#8220;&lt;a href=&quot;http:\/\/www.iranicaonline.org\/articles\/aba-loose-garment&quot; target=&quot;_blank&quot; rel=&quot;noopener&quot;&gt;\u02bfAB\u0100\u02be&lt;\/a&gt;,&amp;#8221; Encyclopedia Iranica. Accessed on 11\/13\/17.'><sup>1<\/sup><\/a><\/span> 19th-century Middle Eastern aba were long rectangular ponchos sewn up the sides and slit down the front, wide enough that the &#8220;sleeves&#8221; covered the arms.\u00a0A source on early Mevlevi dervishes&#8217; clothing equates the aba with the nemed, a working-class man&#8217;s felt overcoat (see <em>nemed<\/em>), and also states that the Turkish aba was slightly longer than knee-length and closed down the front.<\/p>\n<div id=\"attachment_1392\" style=\"width: 156px\" class=\"wp-caption alignleft\"><a href=\"http:\/\/www.issendai.com\/16thcenturyistanbul\/wp-content\/uploads\/2017\/10\/Mevlevi-dervish-The-Habits-of-the-Grand-Signors-Court.png\"><img loading=\"lazy\" decoding=\"async\" aria-describedby=\"caption-attachment-1392\" class=\"size-medium wp-image-1392\" src=\"http:\/\/www.issendai.com\/16thcenturyistanbul\/wp-content\/uploads\/2017\/10\/Mevlevi-dervish-The-Habits-of-the-Grand-Signors-Court-146x300.png\" alt=\"\" width=\"146\" height=\"300\" srcset=\"https:\/\/www.issendai.com\/16thcenturyistanbul\/wp-content\/uploads\/2017\/10\/Mevlevi-dervish-The-Habits-of-the-Grand-Signors-Court-146x300.png 146w, https:\/\/www.issendai.com\/16thcenturyistanbul\/wp-content\/uploads\/2017\/10\/Mevlevi-dervish-The-Habits-of-the-Grand-Signors-Court-73x150.png 73w, https:\/\/www.issendai.com\/16thcenturyistanbul\/wp-content\/uploads\/2017\/10\/Mevlevi-dervish-The-Habits-of-the-Grand-Signors-Court.png 298w\" sizes=\"auto, (max-width: 146px) 100vw, 146px\" \/><\/a><p id=\"caption-attachment-1392\" class=\"wp-caption-text\">A Mevlevi dervish wearing a red garment that may be an aba<\/p><\/div>\n<p>The aba was worn primarily by working-class men, but higher-end versions made of expensive wool broadcloth (\u00e7uha) appear in estate inventories and may indicate that the aba appealed to well-off men as well.<\/p>\n<h4>A\u011fr\u0131z<\/h4>\n<p>The a\u011fr\u0131z is a mystery. It appears nowhere else in the literature or on the Turkish Internet, and no estate records list it, but it appears over and over and over in descriptions of slaves captured in \u00dcsk\u00fcdar. This is everything we know:<\/p>\n<ul>\n<li>It&#8217;s an upper-body garment.<\/li>\n<li>For most men, the\u00a0a\u011fr\u0131z is their only upper-body garment. (This isn&#8217;t unusual for this set of records.) The one man who also wears another upper-body garment wears a kebe (felt coat), and the\u00a0a\u011fr\u0131z is specified as being inside it, so the\u00a0a\u011fr\u0131z is definitely an inner garment, not a coat.<\/li>\n<li>Other garments in the same records are listed as being made of\u00a0a\u011fr\u0131z, so in the grand tradition of aba, kebe, ke\u00e7e, \u00e7uha, k\u00fcrk, and nemed,\u00a0a\u011fr\u0131z is a fabric as well as a garment.<\/li>\n<li>It&#8217;s also a garment that can be made of other fabrics; the records mention an &#8220;aba a\u011fr\u0131z,&#8221; an\u00a0a\u011fr\u0131z made of aba wool cloth.<\/li>\n<li>On the rare occasion that an\u00a0a\u011fr\u0131z garment&#8217;s color is specified, it&#8217;s dull: dun, gray, &#8220;dark,&#8221; black, white. That suggests undyed wool or other coarse animal hair.<\/li>\n<li>If the\u00a0a\u011fr\u0131z is made of animal hair, then it&#8217;s felted, not woven. Woven fabric is costly, and the\u00a0a\u011fr\u0131z is an agricultural slave&#8217;s garment.<\/li>\n<\/ul>\n<h4>Dolama<\/h4>\n<p>The dolama&#8217;s name literally means &#8220;wrapped,&#8221; and the version of the dolama worn by lower-ranking janissaries was a knee-length overcoat that had no buttons and had to be wrapped around the body and tied shut with a belt. Presumably the dolamas worn by women and non-military men were of a similar type.<\/p>\n<p>The word &#8220;dolama&#8221; is also added to other garment types&#8211;for instance, &#8220;kaftan dolama.&#8221; I&#8217;m still researching whether this means a buttonless inner kaftan, or a kaftan-length (= full-length) dolama coat, or something else entirely.<\/p>\n<h4>Nemed<\/h4>\n<p>The nemed, whose name means &#8220;felt,&#8221; was a felt garment worn as an overcoat by working-class men. In Istanbul-area court records, it appears only in estates from semi-rural\u00a0\u00dcsk\u00fcdar, and especially in descriptions of escaped male slaves. Because the nemed was a humble garment it was attractive to dervishes, who turned away from worldly wealth and comforts.<\/p>\n<p>Thus far, the only source I&#8217;ve found for the nemed is <a href=\"http:\/\/akademik.semazen.net\/author_article_print.php?id=1040\" target=\"_blank\" rel=\"noopener\">\u015e\u00e2ir Muhayyilesinde Mevlev\u00ee Kisvesi<\/a>, where it appears as an article of 15th- and 16th-century Mevlevi dervishes&#8217; dress:<\/p>\n<blockquote><p><strong>Ab\u00e2 veya nemed, dervi\u015flerle a\u015fa\u011f\u0131 tabakadaki ilmiye mensuplar\u0131n\u0131n ve medrese talebesinin, k\u00fc\u00e7\u00fck esnaf, dervi\u015fler ve hali vakti yerinde oldu\u011fu halde yarat\u0131l\u0131\u015f\u0131 dervi\u015fane kimselerin giydi\u011fi kal\u0131n softan imal edilen, genellikle geni\u015f ve k\u0131sa; dizden biraz a\u015fa\u011f\u0131ya inen; \u00fcst taraf\u0131nda ba\u015f\u0131n ge\u00e7mesi i\u00e7in birer delik bulunan, kolsuz \u00fcst giysisine denilirdi. \u015eiirde, bu elbiseyi giyenler ab\u00e2-p\u00fb\u015f veya nemed-p\u00fb\u015f bi\u00e7iminde adland\u0131r\u0131l\u0131r. Nemed, ke\u00e7e, kebe, tiftik, kepenek, kaba y\u00fcn manas\u0131na gelen Fars\u00e7a bir kelimedir.<\/strong><\/p>\n<p>The ab\u00e2 or nemed is usually long and roomy, made of thick soft material, worn by lower-level dervishes, madrasa students, small craftsmen, and the [well-off?]; a little longer than knee-length; it was said to be a sleeveless top garment with a hole in its upper part [for the head] to pass through. In poetry, those wearing this dress are called &#8220;ab\u00e2-p\u00fb\u015f&#8221; or &#8220;nemed-p\u00fb\u015f.&#8221; Nemed, felt, kebe, mohair, cape, is a Persian word meaning rough wool.<\/p>\n<p>[<em>godawful translation by me, assisted by Google Translate<\/em>]<\/p><\/blockquote>\n<p>The source equates the nemed with the aba. Possibly the difference is that the aba was made of woven cloth, while the otherwise identical nemed was made of cheap, bottom-of-the-barrel-status felt. If that&#8217;s true, then the fact that nemeds appear only in semi-rural men&#8217;s estates and were worn by a significant number of slaves hint at a level of costume history that&#8217;s absent from the scholarship.<\/p>\n<h3>Trousers<\/h3>\n<p>&#8230;And underwear.<\/p>\n<h4>Don<\/h4>\n<p>The word &#8220;don&#8221; is proof that the urge to use euphemisms is universal. Originally a generic word meaning &#8220;garment,&#8221; by the late 15th century it meant, you know&#8230; <em>garments<\/em>. Unmentionables. Undercrackers. Drawers. Underpants.<\/p>\n<p>Don continued to mean &#8220;garment&#8221;&#8211;for example, <em>donl\u0131k<\/em> was a piece of fabric long enough to make a garment&#8211;but if you&#8217;re a 16th-century scribe inventorying someone&#8217;s estate and the next item to appraise is a pair of knickers, you write &#8220;don.&#8221;<\/p>\n<p><strong>Synonyms or Similar Garments:<\/strong> Cebedonu<\/p>\n<p>&nbsp;<\/p>\n<h3>Headgear<\/h3>\n<p>Headgear is one of the most term-heavy areas of Ottoman garment studies, so this section focuses on women&#8217;s headgear.<\/p>\n<h4>Arakiyye<\/h4>\n<p>&#8220;Arakiyye&#8221; is the generic term for a hat, especially a woman&#8217;s hat. The original definition referred to a type of hat that men wore as the base for a turban, but by the late 16th century it had transferred to women&#8217;s headgear.<\/p>\n<p>The term appears in the estate records when the standard female headgear was a pillbox cap, remains when the cap turns to a cone, and is still there when the cone turns to a tapered cylinder, so it&#8217;s not a reference to any particular shape of hat. It&#8217;s simply, frustratingly, a word for &#8220;hat.&#8221;<\/p>\n<h4>Arak\u00e7\u0131n<\/h4>\n<p>The tapered-cylinder hat of the early 17th century is referred to by some sources as\u00a0<em>arak\u00e7\u0131n<\/em> (ah-rahck-ch&#8217;n). The word is most commonly used in reference to hats worn by the wealthy, like the <a href=\"http:\/\/issendai.com\/ottoman-turkish\/the-arakcin-of-hanzade-sultan\/\" target=\"_blank\" rel=\"noopener\">extant c. 1625 arak\u00e7\u0131n\u00a0belonging to Hanzade Sultan<\/a>, so it may refer to a particular style of\u00a0tapered-cylinder hat.<\/p>\n<h4>\u00c7enber<\/h4>\n<p>The\u00a0\u00e7enber, or \u00e7ember,\u00a0is one of the mystery garments. It literally means &#8220;circle.&#8221;<\/p>\n<p><a href=\"http:\/\/www.ingilizceosmanlica.com\/osmanlica-ingilizce-sozluk-madde-23941.html\" target=\"_blank\" rel=\"noopener\">Ingilzce Osmanlica<\/a>: Among other possibilities, this dictionary lists &#8220;1. A square handkerchief. 2. A handkerchief bound round the head as a fillet by women. [&#8230;.] A neck-kerchief.&#8221;<\/p>\n<h4>Ka\u015fbast\u0131<\/h4>\n<p>An embroidered band that women wore around the band of their hats, with or without a headveil. The term doesn&#8217;t appear in any of the sources I&#8217;ve studied, but the Topkap\u0131 Palace collection applies the term to several 16th-century bands. It may be a courtly term for\u00a0<em>\u00e7enber<\/em>.<\/p>\n<h4>Nezkeb<\/h4>\n<p>Sources are unanimous in claiming that the nezkeb (or nezkep) is, as <a href=\"http:\/\/www.ingilizceosmanlica.com\/osmanlica-ingilizce-sozluk-madde-72061.html\" target=\"_blank\" rel=\"noopener\">Ingilzce Osmanlica<\/a>\u00a0says,\u00a0&#8220;A woman&#8217;s coif or kerchief.&#8221; The question is, what kind of coif or kerchief was it? Estate records frequently describe it as colored, so it couldn&#8217;t be the headscarf that women often wore over their hats, which was always white. Both estate records and the 1600 <em>narh defteri<\/em> (official market price list) mention nezkebs made of luxury silks, so the nezkeb was meant to be seen. H\u00fclya Tezcan,\u00a0the former curator of the Topkap\u0131 Saray Museum&#8217;s textiles section, says, &#8220;These headscarves were lined, trimmed and fringed and only forty centimeters in width, which means that these narrow and long headscarves must have been worn by wrapping them around the head.&#8221;<span id='easy-footnote-2-1256' class='easy-footnote-margin-adjust'><\/span><span class='easy-footnote'><a href='https:\/\/www.issendai.com\/16thcenturyistanbul\/fabrics-and-colors\/definitions-and-speculations\/#easy-footnote-bottom-2-1256' title='Tezcan,\u00a0H\u00fclya. &amp;#8220;Sixteenth and Seventeenth-Century Women&amp;#8217;s Fashion at the Ottoman Palace.&amp;#8221; In &lt;em&gt;P&lt;\/em&gt;, Issue 3, Spring-Summer 2000, p. 10.'><sup>2<\/sup><\/a><\/span> The problem is, there are no known 16th-century women&#8217;s headdresses that involve a colored scarf wrapped around the head.<\/p>\n<p>To solve the mystery, fellow Ottoman Turkish SCAdian geek Alison Petrisek and I tried working backward.\u00a0Tezcan&#8217;s reference is the\u00a0<em>narh defteri<\/em> (official market price list) of 1640, a time when fashion had progressed through the pillbox hats of the 16th century, the conical hats of the turn of the century, and the tall tapered cylinders of the early 17th century, to the pinnacle of Ottoman genius in devising silly hats, the upside-down-vase\u00a0<em>hotoz<\/em>\u00a0of the mid-17th century.<\/p>\n<p>&nbsp;<\/p>\n<p>Makrama<\/p>\n<h4>Takke<\/h4>\n<p>The <em>takke<\/em> or <em>takye<\/em> is a skullcap that men wore under their hats to keep their hats clean, and that very low-status men might wear as their only head covering. Some women owned takke, but it&#8217;s unknown whether they wore a takke on its own or under another hat.<\/p>\n<h4>Tarpu\u015f<\/h4>\n<p>Not a 16th-century hat!\u00a0<em>Tarpu\u015f<\/em> is the Turkish pronunciation of the Arabic\u00a0<em>\u1e6darb\u016bsh<\/em>, a late 17th-century word<span id='easy-footnote-3-1256' class='easy-footnote-margin-adjust'><\/span><span class='easy-footnote'><a href='https:\/\/www.issendai.com\/16thcenturyistanbul\/fabrics-and-colors\/definitions-and-speculations\/#easy-footnote-bottom-3-1256' title='Source: The Free Dictionary, https:\/\/www.thefreedictionary.com\/tarboosh, accessed Nov. 22, 2017.'><sup>3<\/sup><\/a><\/span> for a fez-like men&#8217;s hat in style at the time. It was later picked up and applied to the pillbox-shaped caps women wore in the 16th century. I&#8217;m still looking for the word women would have actually used in the 16th century; my research so far leads me to the generic &#8220;arakiyye.&#8221;<\/p>\n","protected":false},"excerpt":{"rendered":"<p>Any definition of an Ottoman Turkish word for a garment involves speculation. Words changed definitions radically between the 16th century and the century that modern scholarship coalesced around, the 18th century; and many modern scholars are blithely unaware of this, so they happily describe 16th-century garments with terms that are\u2026<\/p>\n<p class=\"continue-reading-button\"> <a class=\"continue-reading-link\" href=\"https:\/\/www.issendai.com\/16thcenturyistanbul\/fabrics-and-colors\/definitions-and-speculations\/\">Continue reading<i class=\"crycon-right-dir\"><\/i><\/a><\/p>\n","protected":false},"author":1,"featured_media":0,"parent":943,"menu_order":0,"comment_status":"closed","ping_status":"closed","template":"","meta":{"footnotes":""},"categories":[82,87],"tags":[],"class_list":["post-1256","page","type-page","status-publish","hentry","category-fabrics-and-colors","category-ottoman-turkish-clothing"],"_links":{"self":[{"href":"https:\/\/www.issendai.com\/16thcenturyistanbul\/wp-json\/wp\/v2\/pages\/1256","targetHints":{"allow":["GET"]}}],"collection":[{"href":"https:\/\/www.issendai.com\/16thcenturyistanbul\/wp-json\/wp\/v2\/pages"}],"about":[{"href":"https:\/\/www.issendai.com\/16thcenturyistanbul\/wp-json\/wp\/v2\/types\/page"}],"author":[{"embeddable":true,"href":"https:\/\/www.issendai.com\/16thcenturyistanbul\/wp-json\/wp\/v2\/users\/1"}],"replies":[{"embeddable":true,"href":"https:\/\/www.issendai.com\/16thcenturyistanbul\/wp-json\/wp\/v2\/comments?post=1256"}],"version-history":[{"count":19,"href":"https:\/\/www.issendai.com\/16thcenturyistanbul\/wp-json\/wp\/v2\/pages\/1256\/revisions"}],"predecessor-version":[{"id":1520,"href":"https:\/\/www.issendai.com\/16thcenturyistanbul\/wp-json\/wp\/v2\/pages\/1256\/revisions\/1520"}],"up":[{"embeddable":true,"href":"https:\/\/www.issendai.com\/16thcenturyistanbul\/wp-json\/wp\/v2\/pages\/943"}],"wp:attachment":[{"href":"https:\/\/www.issendai.com\/16thcenturyistanbul\/wp-json\/wp\/v2\/media?parent=1256"}],"wp:term":[{"taxonomy":"category","embeddable":true,"href":"https:\/\/www.issendai.com\/16thcenturyistanbul\/wp-json\/wp\/v2\/categories?post=1256"},{"taxonomy":"post_tag","embeddable":true,"href":"https:\/\/www.issendai.com\/16thcenturyistanbul\/wp-json\/wp\/v2\/tags?post=1256"}],"curies":[{"name":"wp","href":"https:\/\/api.w.org\/{rel}","templated":true}]}}