{"id":1272,"date":"2017-10-31T22:18:29","date_gmt":"2017-11-01T03:18:29","guid":{"rendered":"http:\/\/www.issendai.com\/16thcenturyistanbul\/?page_id=1272"},"modified":"2019-03-08T11:43:42","modified_gmt":"2019-03-08T16:43:42","slug":"don-underpants","status":"publish","type":"page","link":"https:\/\/www.issendai.com\/16thcenturyistanbul\/womens-garb-piece-by-piece\/don-underpants\/","title":{"rendered":"Don | Underpants"},"content":{"rendered":"<h3>Underwear<\/h3>\n<p><div id=\"attachment_1680\" style=\"width: 171px\" class=\"wp-caption alignright\"><a href=\"http:\/\/www.issendai.com\/16thcenturyistanbul\/wp-content\/uploads\/2017\/10\/Quzman-in-underdrawers.png\"><img loading=\"lazy\" decoding=\"async\" aria-describedby=\"caption-attachment-1680\" class=\"size-full wp-image-1680\" src=\"http:\/\/www.issendai.com\/16thcenturyistanbul\/wp-content\/uploads\/2017\/10\/Quzman-in-underdrawers.png\" alt=\"\" width=\"161\" height=\"404\" srcset=\"https:\/\/www.issendai.com\/16thcenturyistanbul\/wp-content\/uploads\/2017\/10\/Quzman-in-underdrawers.png 161w, https:\/\/www.issendai.com\/16thcenturyistanbul\/wp-content\/uploads\/2017\/10\/Quzman-in-underdrawers-120x300.png 120w, https:\/\/www.issendai.com\/16thcenturyistanbul\/wp-content\/uploads\/2017\/10\/Quzman-in-underdrawers-60x150.png 60w\" sizes=\"auto, (max-width: 161px) 100vw, 161px\" \/><\/a><p id=\"caption-attachment-1680\" class=\"wp-caption-text\">A man stripped to his underwear. [<a href=\"https:\/\/digitalcollections.nypl.org\/items\/510d47da-6172-a3d9-e040-e00a18064a99\" target=\"_blank\" rel=\"noopener noreferrer\">source<\/a>]<\/p><\/div>The foundation of every Turk&#8217;s outfit was a knee-length or ankle-length pair of underpants, or <em>don<\/em> (rhymes with moan). Don were usually white, and could be made of cotton, linen, light silk, or possibly wool. Men wore a pair of trousers over their don, but women often wore their don alone.<\/p>\n<div id=\"attachment_992\" style=\"width: 298px\" class=\"wp-caption alignleft\"><a href=\"http:\/\/www.issendai.com\/16thcenturyistanbul\/wp-content\/uploads\/2017\/05\/Lady-in-Red-Zibin-3.png\"><img loading=\"lazy\" decoding=\"async\" aria-describedby=\"caption-attachment-992\" class=\"wp-image-992 size-full\" src=\"http:\/\/www.issendai.com\/16thcenturyistanbul\/wp-content\/uploads\/2017\/05\/Lady-in-Red-Zibin-3.png\" alt=\"\" width=\"288\" height=\"671\" srcset=\"https:\/\/www.issendai.com\/16thcenturyistanbul\/wp-content\/uploads\/2017\/05\/Lady-in-Red-Zibin-3.png 288w, https:\/\/www.issendai.com\/16thcenturyistanbul\/wp-content\/uploads\/2017\/05\/Lady-in-Red-Zibin-3-129x300.png 129w\" sizes=\"auto, (max-width: 288px) 100vw, 288px\" \/><\/a><p id=\"caption-attachment-992\" class=\"wp-caption-text\">A finely dressed lady wearing don with embroidered cuffs, circa 1618.<\/p><\/div>\n<p>Don were loose but not voluminous, about as baggy as sweatpants, and they tapered at the ankle to a hole just large enough to get the foot through.\u00a0Full-length don were a little long, which is necessary with the method of pants construction the Ottoman Turks used.\u00a0Instead of hugging the wearer\u2019s butt and pulling down the rear waist when the wearer sits, the pants are loose through the butt and tug up the back of the legs when the wearer bends over. The more junk in your trunk, the higher up your shins the pants rise. Although the Ottoman Turks didn\u2019t have any issues with women showing leg, it\u2019s annoying to constantly have your pants hike up your legs, especially when the tapered cuffs\u00a0get caught on your shins and you have to yank them\u00a0down. The solution: Make the pants long enough that at maximum bend, the cuff stays in place.<\/p>\n<p>The downside is that even with the smallest possible opening that will still let you get your pants on over your heels, the back of the cuffs are liable to fall under your heels when you walk. The effect is visible in all the images drawn by Ottoman Turks; it was a feature, not a bug.<span id='easy-footnote-1-1272' class='easy-footnote-margin-adjust'><\/span><span class='easy-footnote'><a href='https:\/\/www.issendai.com\/16thcenturyistanbul\/womens-garb-piece-by-piece\/don-underpants\/#easy-footnote-bottom-1-1272' title='In the mid-17th century a new cut of trousers called &lt;em&gt;\u00e7intiyan&lt;\/em&gt; came into style, and one gentleman made his male servants wear them because they exposed the young men&amp;#8217;s heels sexily when they walked. (Karababa, Eminegul. &amp;#8220;Investigating early modern Ottoman consumer culture in the light of Bursa probate inventories.&amp;#8221;\u00a0&lt;em&gt;Economic History Review&lt;\/em&gt;, 65, 1 (2012), pp. 210-211.)'><sup>1<\/sup><\/a><\/span><\/p>\n<p>Don were gathered shut with a\u00a0linen\u00a0<em>u\u00e7kur<\/em> (uch-KUR), which is usually translated &#8220;drawstring&#8221; but which was more like a sash.\u00a0The ends of an u\u00e7kur\u00a0could be embroidered, like the\u00a0u\u00e7kur of the man to the right. By the 17th century, women&#8217;s\u00a0u\u00e7kur were exuberantly decorated and dangled enticingly below the hems of their z\u0131b\u0131ns, but in the 16th century they were more restrained affairs that were tied modestly out of sight. Nevertheless, women often owned more\u00a0u\u00e7kur than pairs of don and trousers combined.<\/p>\n<p>There is one extant pair of don in the Topkapi Palace collection, a knee-length pair made of a silk gauze called <em>b\u00fcr\u00fcmc\u00fck<\/em> (bew-rewm-jewk) that was considered particularly suitable for undergarments.<\/p>\n<p><a href=\"http:\/\/www.issendai.com\/16thcenturyistanbul\/wp-content\/uploads\/2017\/10\/dizlik.jpg\"><img loading=\"lazy\" decoding=\"async\" class=\"size-full wp-image-1273 alignleft\" src=\"http:\/\/www.issendai.com\/16thcenturyistanbul\/wp-content\/uploads\/2017\/10\/dizlik.jpg\" alt=\"\" width=\"400\" height=\"527\" srcset=\"https:\/\/www.issendai.com\/16thcenturyistanbul\/wp-content\/uploads\/2017\/10\/dizlik.jpg 400w, https:\/\/www.issendai.com\/16thcenturyistanbul\/wp-content\/uploads\/2017\/10\/dizlik-228x300.jpg 228w, https:\/\/www.issendai.com\/16thcenturyistanbul\/wp-content\/uploads\/2017\/10\/dizlik-114x150.jpg 114w\" sizes=\"auto, (max-width: 400px) 100vw, 400px\" \/><\/a><\/p>\n<p>The palace label describes the underpants\u00a0as &#8220;\u00e7ak\u015f\u0131r,&#8221; a much later definition of the term. In the 16th century, underwear was <em>don,<\/em>\u00a0trousers were\u00a0<em>\u00e7ak\u015f\u0131r<\/em>, and <em>\u015falvar<\/em> was a style of men&#8217;s <em>\u00e7ak\u015f\u0131r<\/em>,\u00a0but by the early 18th century, the standard word for trousers was <em>\u015falvar<\/em>, and\u00a0<em>\u00e7ak\u015f\u0131r<\/em> was a term for underpants. Turkish costume scholars tend to use the terminology of the 18th century, thus the misleading label.<\/p>\n<h3 style=\"clear: both;\">Support Garments<\/h3>\n<div id=\"attachment_375\" style=\"width: 155px\" class=\"wp-caption alignright\"><a href=\"http:\/\/www.issendai.com\/16thcenturyistanbul\/wp-content\/uploads\/2016\/06\/Levni-dancer.jpg\"><img loading=\"lazy\" decoding=\"async\" aria-describedby=\"caption-attachment-375\" class=\"wp-image-375 size-medium\" src=\"http:\/\/www.issendai.com\/16thcenturyistanbul\/wp-content\/uploads\/2016\/06\/Levni-dancer-145x300.jpg\" alt=\"\" width=\"145\" height=\"300\" srcset=\"https:\/\/www.issendai.com\/16thcenturyistanbul\/wp-content\/uploads\/2016\/06\/Levni-dancer-145x300.jpg 145w, https:\/\/www.issendai.com\/16thcenturyistanbul\/wp-content\/uploads\/2016\/06\/Levni-dancer-496x1024.jpg 496w, https:\/\/www.issendai.com\/16thcenturyistanbul\/wp-content\/uploads\/2016\/06\/Levni-dancer.jpg 591w\" sizes=\"auto, (max-width: 145px) 100vw, 145px\" \/><\/a><p id=\"caption-attachment-375\" class=\"wp-caption-text\">An 18th-century \u00a0palace lady in fashionably supertight bodice, by court painter Abdulcelil Levni.<\/p><\/div>\n<p>&#8230;Didn&#8217;t exist. There are at least a dozen period pictures showing women with their tops unbuttoned, and not a one of them shows so much as a hint of a breastband, much less a more complicated garment.<\/p>\n<p>Modern costumers have observed that if you cut the z\u0131b\u0131n (short underjacket) snugly, it can provide some support. As appealing as the hypothesis is, I doubt it was standard in the 16th century. 16th-century clothes were close-fitting, but not tight; the explosively bosomy look we SCAdian ladies adore is an 18th-century anachronism yoinked from an era when ordinary women&#8217;s clothes were skin-tight and palace beauties&#8217; tops were cut so small that they couldn&#8217;t have buttoned them if they wanted to. The 16th-century woman who unbuttoned her top seductively wound up with a modest V that didn&#8217;t tug open noticeably across the chest. Most women&#8217;s\u00a0z\u0131b\u0131ns simply weren&#8217;t tight enough to provide bust support.<\/p>\n<p><a href=\"http:\/\/www.issendai.com\/16thcenturyistanbul\/wp-content\/uploads\/2017\/10\/Bremen_Mulier-Turcica-domj.png\"><img loading=\"lazy\" decoding=\"async\" class=\"alignnone wp-image-1275 size-medium\" src=\"http:\/\/www.issendai.com\/16thcenturyistanbul\/wp-content\/uploads\/2017\/10\/Bremen_Mulier-Turcica-domj-207x300.png\" alt=\"\" width=\"207\" height=\"300\" srcset=\"https:\/\/www.issendai.com\/16thcenturyistanbul\/wp-content\/uploads\/2017\/10\/Bremen_Mulier-Turcica-domj-207x300.png 207w, https:\/\/www.issendai.com\/16thcenturyistanbul\/wp-content\/uploads\/2017\/10\/Bremen_Mulier-Turcica-domj-768x1115.png 768w, https:\/\/www.issendai.com\/16thcenturyistanbul\/wp-content\/uploads\/2017\/10\/Bremen_Mulier-Turcica-domj-706x1024.png 706w, https:\/\/www.issendai.com\/16thcenturyistanbul\/wp-content\/uploads\/2017\/10\/Bremen_Mulier-Turcica-domj-103x150.png 103w, https:\/\/www.issendai.com\/16thcenturyistanbul\/wp-content\/uploads\/2017\/10\/Bremen_Mulier-Turcica-domj.png 842w\" sizes=\"auto, (max-width: 207px) 100vw, 207px\" \/><\/a><\/p>\n<p>That said, some of the ladies in the 1610 <a href=\"http:\/\/issendai.com\/ottoman-turkish\/tag\/source-the-album-of-ahmed-i\/\" target=\"_blank\" rel=\"noopener noreferrer\">Album of Ahmed I<\/a>\u00a0are wearing clothes tight enough to show tug lines across the front, and their tops gap slightly across the chest. The average woman may not have dressed so racily, but if you want to try sewing a supportive z\u0131b\u0131n, there is some, um, support for support.<\/p>\n<p><a class=\"backbutton\" href=\"http:\/\/www.issendai.com\/16thcenturyistanbul\/womens-garb-piece-by-piece\/illustrated-guide-to-the-layers\/\"><i class=\"fa fa-long-arrow-left \" ><\/i>\u00a0 An Illustrated Guide to the Layers<\/a> <a class=\"nextbutton\" href=\"http:\/\/www.issendai.com\/16thcenturyistanbul\/womens-garb-piece-by-piece\/caksir-trousers\/\">\u00c7ak\u015f\u0131r | Trousers\u00a0 <i class=\"fa fa-long-arrow-right \" ><\/i><\/a><\/p>\n","protected":false},"excerpt":{"rendered":"<p>Underwear The foundation of every Turk&#8217;s outfit was a knee-length or ankle-length pair of underpants, or don (rhymes with moan). Don were usually white, and could be made of cotton, linen, light silk, or possibly wool. Men wore a pair of trousers over their don, but women often wore their\u2026<\/p>\n<p class=\"continue-reading-button\"> <a class=\"continue-reading-link\" href=\"https:\/\/www.issendai.com\/16thcenturyistanbul\/womens-garb-piece-by-piece\/don-underpants\/\">Continue reading<i class=\"crycon-right-dir\"><\/i><\/a><\/p>\n","protected":false},"author":1,"featured_media":0,"parent":1043,"menu_order":2,"comment_status":"closed","ping_status":"closed","template":"","meta":{"footnotes":""},"categories":[87],"tags":[],"class_list":["post-1272","page","type-page","status-publish","hentry","category-ottoman-turkish-clothing"],"_links":{"self":[{"href":"https:\/\/www.issendai.com\/16thcenturyistanbul\/wp-json\/wp\/v2\/pages\/1272","targetHints":{"allow":["GET"]}}],"collection":[{"href":"https:\/\/www.issendai.com\/16thcenturyistanbul\/wp-json\/wp\/v2\/pages"}],"about":[{"href":"https:\/\/www.issendai.com\/16thcenturyistanbul\/wp-json\/wp\/v2\/types\/page"}],"author":[{"embeddable":true,"href":"https:\/\/www.issendai.com\/16thcenturyistanbul\/wp-json\/wp\/v2\/users\/1"}],"replies":[{"embeddable":true,"href":"https:\/\/www.issendai.com\/16thcenturyistanbul\/wp-json\/wp\/v2\/comments?post=1272"}],"version-history":[{"count":15,"href":"https:\/\/www.issendai.com\/16thcenturyistanbul\/wp-json\/wp\/v2\/pages\/1272\/revisions"}],"predecessor-version":[{"id":2290,"href":"https:\/\/www.issendai.com\/16thcenturyistanbul\/wp-json\/wp\/v2\/pages\/1272\/revisions\/2290"}],"up":[{"embeddable":true,"href":"https:\/\/www.issendai.com\/16thcenturyistanbul\/wp-json\/wp\/v2\/pages\/1043"}],"wp:attachment":[{"href":"https:\/\/www.issendai.com\/16thcenturyistanbul\/wp-json\/wp\/v2\/media?parent=1272"}],"wp:term":[{"taxonomy":"category","embeddable":true,"href":"https:\/\/www.issendai.com\/16thcenturyistanbul\/wp-json\/wp\/v2\/categories?post=1272"},{"taxonomy":"post_tag","embeddable":true,"href":"https:\/\/www.issendai.com\/16thcenturyistanbul\/wp-json\/wp\/v2\/tags?post=1272"}],"curies":[{"name":"wp","href":"https:\/\/api.w.org\/{rel}","templated":true}]}}