{"id":1517,"date":"2017-11-22T17:06:26","date_gmt":"2017-11-22T22:06:26","guid":{"rendered":"http:\/\/www.issendai.com\/16thcenturyistanbul\/?page_id=1517"},"modified":"2017-11-29T16:22:39","modified_gmt":"2017-11-29T21:22:39","slug":"ziynet-jewelry","status":"publish","type":"page","link":"https:\/\/www.issendai.com\/16thcenturyistanbul\/womens-garb-piece-by-piece\/ziynet-jewelry\/","title":{"rendered":"Ziynet | Jewelry"},"content":{"rendered":"<p>From head to foot, a Turkish lady might wear:<\/p>\n<h3>Istefan | <em>Diadem<\/em><\/h3>\n<p>The &#8220;crown&#8221; some women wear around the base of their hats is called <em>istefan<\/em>, from the Greek word for &#8220;diadem.&#8221;<span id='easy-footnote-1-1517' class='easy-footnote-margin-adjust'><\/span><span class='easy-footnote'><a href='https:\/\/www.issendai.com\/16thcenturyistanbul\/womens-garb-piece-by-piece\/ziynet-jewelry\/#easy-footnote-bottom-1-1517' title='&lt;em&gt;Woman in Anatolia: 9000 Years of the Anatolian Woman&lt;\/em&gt;, p. 286.'><sup>1<\/sup><\/a><\/span> Except at court, istefan were decorations, not status markers; a toddler wears one in a <a href=\"http:\/\/issendai.com\/ottoman-turkish\/women-in-public\/\" target=\"_blank\" rel=\"noopener\">1574 watercolor<\/a> of her, her mother, and a servant in the street.<\/p>\n<h3>Sorgu\u00e7 | <em>Aigrette<\/em><\/h3>\n<h3>Sa\u00e7ba\u011f\u0131 | <em>Braid Tassel<\/em><\/h3>\n<p>When a woman wore her hair in a single braid down her back, she could tie a jeweled tassel of gold or silver chains, a <em>sa\u00e7ba\u011f\u0131<\/em>, to the end. (It&#8217;s pronounced &#8220;sach-baah-ih.&#8221;) The 17th-century poet\u00a0Karacao\u011flan hints at the evocative power of the\u00a0sa\u00e7ba\u011f\u0131:<\/p>\n<blockquote><p>As she wakes up in the morning, praises herself<br \/>\nGolden sa\u00e7ba\u011f\u0131 reaches her heels . . .<br \/>\nI will buy you a golden sa\u00e7ba\u011f\u0131<br \/>\nGather it up and wrap around your slender waist . . .<br \/>\nKarac\u2019o\u011flan praises and praises her<br \/>\nHer golden sa\u00e7ba\u011f\u0131 reaches her heels<br \/>\nI will buy golden sa\u00e7ba\u011f\u0131 for your braids<br \/>\nAttach it to your hair, hang it up from your waist, bride<span id='easy-footnote-2-1517' class='easy-footnote-margin-adjust'><\/span><span class='easy-footnote'><a href='https:\/\/www.issendai.com\/16thcenturyistanbul\/womens-garb-piece-by-piece\/ziynet-jewelry\/#easy-footnote-bottom-2-1517' title='Translation by Emineg\u00fcl Karababa. Source:\u00a0Karababa,\u00a0Emineg\u00fcl. &amp;#8220;Investigating early modern Ottoman consumer culture in the light of Bursa probate inventories,&amp;#8221;\u00a0&lt;em&gt;Economic History Review&lt;\/em&gt;, 65, 1 (2012), p. 211.'><sup>2<\/sup><\/a><\/span><\/p><\/blockquote>\n<h3>Earrings<\/h3>\n<h3>Necklace<\/h3>\n<p>16th- and early 17th-century women preferred short necklaces, since their close collars didn&#8217;t allow them to display longer necklaces. (By the mid-17th century, some women had solved the problem by wearing long necklaces outside their clothes.)<\/p>\n<h3>B\u00e2zubend | <em>Armband<\/em><\/h3>\n<h3>Bilezik |\u00a0<em>Bracelet<\/em><\/h3>\n<h3>Anklet<\/h3>\n<p>&nbsp;<\/p>\n","protected":false},"excerpt":{"rendered":"<p>From head to foot, a Turkish lady might wear: Istefan | Diadem The &#8220;crown&#8221; some women wear around the base of their hats is called istefan, from the Greek word for &#8220;diadem.&#8221; Except at court, istefan were decorations, not status markers; a toddler wears one in a 1574 watercolor of\u2026<\/p>\n<p class=\"continue-reading-button\"> <a class=\"continue-reading-link\" href=\"https:\/\/www.issendai.com\/16thcenturyistanbul\/womens-garb-piece-by-piece\/ziynet-jewelry\/\">Continue reading<i class=\"crycon-right-dir\"><\/i><\/a><\/p>\n","protected":false},"author":1,"featured_media":0,"parent":1043,"menu_order":9,"comment_status":"closed","ping_status":"closed","template":"","meta":{"footnotes":""},"categories":[87],"tags":[],"class_list":["post-1517","page","type-page","status-publish","hentry","category-ottoman-turkish-clothing"],"_links":{"self":[{"href":"https:\/\/www.issendai.com\/16thcenturyistanbul\/wp-json\/wp\/v2\/pages\/1517","targetHints":{"allow":["GET"]}}],"collection":[{"href":"https:\/\/www.issendai.com\/16thcenturyistanbul\/wp-json\/wp\/v2\/pages"}],"about":[{"href":"https:\/\/www.issendai.com\/16thcenturyistanbul\/wp-json\/wp\/v2\/types\/page"}],"author":[{"embeddable":true,"href":"https:\/\/www.issendai.com\/16thcenturyistanbul\/wp-json\/wp\/v2\/users\/1"}],"replies":[{"embeddable":true,"href":"https:\/\/www.issendai.com\/16thcenturyistanbul\/wp-json\/wp\/v2\/comments?post=1517"}],"version-history":[{"count":1,"href":"https:\/\/www.issendai.com\/16thcenturyistanbul\/wp-json\/wp\/v2\/pages\/1517\/revisions"}],"predecessor-version":[{"id":1518,"href":"https:\/\/www.issendai.com\/16thcenturyistanbul\/wp-json\/wp\/v2\/pages\/1517\/revisions\/1518"}],"up":[{"embeddable":true,"href":"https:\/\/www.issendai.com\/16thcenturyistanbul\/wp-json\/wp\/v2\/pages\/1043"}],"wp:attachment":[{"href":"https:\/\/www.issendai.com\/16thcenturyistanbul\/wp-json\/wp\/v2\/media?parent=1517"}],"wp:term":[{"taxonomy":"category","embeddable":true,"href":"https:\/\/www.issendai.com\/16thcenturyistanbul\/wp-json\/wp\/v2\/categories?post=1517"},{"taxonomy":"post_tag","embeddable":true,"href":"https:\/\/www.issendai.com\/16thcenturyistanbul\/wp-json\/wp\/v2\/tags?post=1517"}],"curies":[{"name":"wp","href":"https:\/\/api.w.org\/{rel}","templated":true}]}}