{"id":1553,"date":"2017-11-22T22:35:15","date_gmt":"2017-11-23T03:35:15","guid":{"rendered":"http:\/\/www.issendai.com\/16thcenturyistanbul\/?page_id=1553"},"modified":"2021-08-24T12:58:26","modified_gmt":"2021-08-24T17:58:26","slug":"the-cut-of-extant-gomleks","status":"publish","type":"page","link":"https:\/\/www.issendai.com\/16thcenturyistanbul\/womens-garb-piece-by-piece\/gomlek-shift\/the-cut-of-extant-gomleks\/","title":{"rendered":"The Cut of Extant G\u00f6mleks"},"content":{"rendered":"<p><em>[in progress]<\/em><\/p>\n<p>How were 16th-century g\u00f6mleks made? <a href=\"https:\/\/rahilcostumesandcosplay.wordpress.com\/sca\/persian-clothing\/\" target=\"_blank\" rel=\"noopener\">Persian-style<\/a>, with the skirts gathered at the hip? Egyptian-style, with the underside of the sleeve made in a piece with the side of the shirt? Using <a href=\"http:\/\/www.geocities.ws\/shadowdryad\/SCA\/atunics.html\" target=\"_blank\" rel=\"noopener\">rectangular construction<\/a>, like early European tunics? Or a mashup of Egyptian and rectangular tailoring with a Turkish twist, like 18th- and 19th-century g\u00f6mleks? All these methods produce&nbsp;g\u00f6mleks that can pass for the garments we see in art.&nbsp;Because only the skirt, sleeves, and neckline of the&nbsp;g\u00f6mlek show in drawings, we have no idea how the all-important torso of the garment was tailored, so we can&#8217;t rule out any method. And because there are no extant period&nbsp;g\u00f6mleks&#8211;<\/p>\n<p><em>Actually, there are&nbsp;extant period&nbsp;g\u00f6mleks. Almost a hundred of them.<\/em><\/p>\n<p>Because there are no extant period&nbsp;g\u00f6mleks that aren&#8217;t the sultans&#8217; special magical shirts&#8211;<\/p>\n<p><em>There is one.<\/em><\/p>\n<p>Because there are no extant period&nbsp;g\u00f6mleks that aren&#8217;t the sultans&#8217; special magical shirts <strong>that I&#8217;ve heard of<\/strong>&#8212;<\/p>\n<p><em>One and a half, counting the&nbsp;g\u00f6mlek from the first half of the 17th century.<\/em><\/p>\n<p>Okay, you&#8217;ve flummoxed me. Explain.<\/p>\n<hr>\n<div id=\"attachment_1549\" style=\"width: 310px\" class=\"wp-caption alignright\"><a href=\"http:\/\/www.issendai.com\/16thcenturyistanbul\/wp-content\/uploads\/2017\/10\/019L15223_8F9NV_2_cutout.jpg\"><img loading=\"lazy\" decoding=\"async\" aria-describedby=\"caption-attachment-1549\" class=\"wp-image-1549 size-medium\" src=\"http:\/\/www.issendai.com\/16thcenturyistanbul\/wp-content\/uploads\/2017\/10\/019L15223_8F9NV_2_cutout-300x271.jpg\" alt=\"\" width=\"300\" height=\"271\" srcset=\"https:\/\/www.issendai.com\/16thcenturyistanbul\/wp-content\/uploads\/2017\/10\/019L15223_8F9NV_2_cutout-300x271.jpg 300w, https:\/\/www.issendai.com\/16thcenturyistanbul\/wp-content\/uploads\/2017\/10\/019L15223_8F9NV_2_cutout-768x694.jpg 768w, https:\/\/www.issendai.com\/16thcenturyistanbul\/wp-content\/uploads\/2017\/10\/019L15223_8F9NV_2_cutout-1024x925.jpg 1024w, https:\/\/www.issendai.com\/16thcenturyistanbul\/wp-content\/uploads\/2017\/10\/019L15223_8F9NV_2_cutout-150x135.jpg 150w, https:\/\/www.issendai.com\/16thcenturyistanbul\/wp-content\/uploads\/2017\/10\/019L15223_8F9NV_2_cutout.jpg 2000w\" sizes=\"auto, (max-width: 300px) 100vw, 300px\" \/><\/a><p id=\"caption-attachment-1549\" class=\"wp-caption-text\">Talismanic shirt, dated 1583.<\/p><\/div>\n<p>When we look for clues to the cut of 16th-century g\u00f6mleks,&nbsp;we pass over the sultans&#8217; talismanic shirts (<em>t\u0131ls\u0131ml\u0131 g\u00f6mlekler<\/em>) because&#8211;well, look at them. They&#8217;re extraordinary. Not only are they works of art, they&#8217;re religious objects. Who knows what rules they follow? They also don&#8217;t look like the&nbsp;g\u00f6mleks we&#8217;re trying to recreate, shin-length and long-sleeved; if anything, they look like sawed-off, stunted versions of &#8220;real&#8221;&nbsp;g\u00f6mleks. It&#8217;s natural to write off talismanic shirts as ritual garments and assume that everyday&nbsp;g\u00f6mleks must be nothing like them.<\/p>\n<p>But preserved in a Sufi lodge is the&nbsp;g\u00f6mlek of a dervish who died in 1576. It&#8217;s short and short-sleeved, like a talismanic shirt. And it&#8217;s sewn from many narrow strips of cotton, like it was assembled from the leftovers of a more important project. The Sufis were ascetics who adopted working-class clothes as their habits, and the dervish&#8217;s g\u00f6mlek is unquestionably the inexpensive, inelegant undershirt of a man who couldn&#8217;t afford to put money into a garment no one else would see.<\/p>\n<div id=\"attachment_1544\" style=\"width: 1121px\" class=\"wp-caption aligncenter\"><a href=\"http:\/\/www.issendai.com\/16thcenturyistanbul\/wp-content\/uploads\/2017\/10\/Saban-i-Veli-died-1576-gomlek.png\"><img loading=\"lazy\" decoding=\"async\" aria-describedby=\"caption-attachment-1544\" class=\"size-full wp-image-1544\" src=\"http:\/\/www.issendai.com\/16thcenturyistanbul\/wp-content\/uploads\/2017\/10\/Saban-i-Veli-died-1576-gomlek.png\" alt=\"\" width=\"1111\" height=\"545\" srcset=\"https:\/\/www.issendai.com\/16thcenturyistanbul\/wp-content\/uploads\/2017\/10\/Saban-i-Veli-died-1576-gomlek.png 1111w, https:\/\/www.issendai.com\/16thcenturyistanbul\/wp-content\/uploads\/2017\/10\/Saban-i-Veli-died-1576-gomlek-300x147.png 300w, https:\/\/www.issendai.com\/16thcenturyistanbul\/wp-content\/uploads\/2017\/10\/Saban-i-Veli-died-1576-gomlek-768x377.png 768w, https:\/\/www.issendai.com\/16thcenturyistanbul\/wp-content\/uploads\/2017\/10\/Saban-i-Veli-died-1576-gomlek-1024x502.png 1024w, https:\/\/www.issendai.com\/16thcenturyistanbul\/wp-content\/uploads\/2017\/10\/Saban-i-Veli-died-1576-gomlek-150x74.png 150w\" sizes=\"auto, (max-width: 1111px) 100vw, 1111px\" \/><\/a><p id=\"caption-attachment-1544\" class=\"wp-caption-text\">The short cotton g\u00f6mlek of \u015eeyh \u015eaban-\u0131 Veli, a dervish who died in 1576. Click to see full-size.<\/p><\/div>\n<p>It&#8217;s also unquestionably the same garment as the talismanic shirts.<\/p>\n<div id=\"attachment_1560\" style=\"width: 239px\" class=\"wp-caption alignright\"><a href=\"http:\/\/www.issendai.com\/16thcenturyistanbul\/wp-content\/uploads\/2017\/11\/sarho\u015f-drunkard-small.jpg\"><img loading=\"lazy\" decoding=\"async\" aria-describedby=\"caption-attachment-1560\" class=\"wp-image-1560 size-medium\" src=\"http:\/\/www.issendai.com\/16thcenturyistanbul\/wp-content\/uploads\/2017\/11\/sarho\u015f-drunkard-small-229x300.jpg\" alt=\"\" width=\"229\" height=\"300\" srcset=\"https:\/\/www.issendai.com\/16thcenturyistanbul\/wp-content\/uploads\/2017\/11\/sarho\u015f-drunkard-small-229x300.jpg 229w, https:\/\/www.issendai.com\/16thcenturyistanbul\/wp-content\/uploads\/2017\/11\/sarho\u015f-drunkard-small-115x150.jpg 115w, https:\/\/www.issendai.com\/16thcenturyistanbul\/wp-content\/uploads\/2017\/11\/sarho\u015f-drunkard-small.jpg 406w\" sizes=\"auto, (max-width: 229px) 100vw, 229px\" \/><\/a><p id=\"caption-attachment-1560\" class=\"wp-caption-text\">A stylish young drunkard in a short &#8220;kaftan,&#8221; with his coat wrapped around his arm, circa 1625.<\/p><\/div>\n<p>We&#8217;re not used to seeing this truncated form of the&nbsp;g\u00f6mlek because it was designed to be unseen. Ankle-length kaftans were a status symbol; plenty of men, from laborers to page boys to elegant young gentlemen who could afford to go day drinking, weren&#8217;t high-ranking enough to wear kaftans. Instead, they wore hip-length jackets, which were too short to cover a full-length&nbsp;g\u00f6mlek. Rather than stuffing their&nbsp;g\u00f6mlek skirts into the already enormous seats of their trousers, men wore short&nbsp;g\u00f6mleks that showed only at the throat, if at all. We&#8217;re left to deduce the existence of their&nbsp;g\u00f6mleks from the fact that not wearing a shirt meant all your good (that is, unwashable) clothes smelled like <em>eau de armpit<\/em>, and from the surfacing of garments like \u015eeyh \u015eaban-\u0131 Veli&#8217;s short&nbsp;g\u00f6mlek.<\/p>\n<p>Talismanic shirts aren&#8217;t exceptional garments, they&#8217;re exceptionally beautiful versions of common garments. Millions of men across Turkey pulled on something just like them every day.<\/p>\n<p>So if the shape of talismanic shirts is the same as the shape of ordinary short&nbsp;g\u00f6mleks, is it possible to deduce the construction of ordinary&nbsp;g\u00f6mleks from talismanic shirts? I think so. The basic principles of rectangular construction are universal, and though most 16th-century court garments aren&#8217;t even remotely rectangular-tailored,<span id='easy-footnote-1-1553' class='easy-footnote-margin-adjust'><\/span><span class='easy-footnote'><a href='https:\/\/www.issendai.com\/16thcenturyistanbul\/womens-garb-piece-by-piece\/gomlek-shift\/the-cut-of-extant-gomleks\/#easy-footnote-bottom-1-1553' title='The court tailors preferred the same construction method you used to make your first T-tunic. It produces fewer seams down the center third of the garment, allowing the display of unbroken expanses of brocade.'><sup>1<\/sup><\/a><\/span> the talismanic shirts,&nbsp;\u015eeyh \u015eaban-\u0131 Veli&#8217;s&nbsp;g\u00f6mlek, and other clothes belonging to \u015eeyh \u015eaban-\u0131 Veli are all&nbsp;rectangular-tailored.<\/p>\n<p>&nbsp;<\/p>\n<p>&nbsp;<\/p>\n<p>The Sufis preserve important dervishes&#8217; clothing in their lodges. Some of it is suspect&#8211;like the 13th-century mystic Rumi&#8217;s <a href=\"http:\/\/issendai.com\/ottoman-turkish\/rumis-anachronistic-fitted-blue-satin-ferace\/\" target=\"_blank\" rel=\"noopener\">ferace in exquisite 17th-century style<\/a><span id='easy-footnote-2-1553' class='easy-footnote-margin-adjust'><\/span><span class='easy-footnote'><a href='https:\/\/www.issendai.com\/16thcenturyistanbul\/womens-garb-piece-by-piece\/gomlek-shift\/the-cut-of-extant-gomleks\/#easy-footnote-bottom-2-1553' title='Followers made their deceased leaders gifts of clothing, some of which was incorrectly recorded as belonging to the leader in life.'><sup>2<\/sup><\/a><\/span>&#8211;but some of it is convincingly<\/p>\n<p>&nbsp;<\/p>\n<p>There are two extant men&#8217;s g\u00f6mleks, one long and one short, neither from the Topkap\u0131 collection and therefore not widely known. I&#8217;ll start with the <a href=\"http:\/\/issendai.com\/ottoman-turkish\/saban-i-velis-gomlek\/\" target=\"_blank\" rel=\"noopener\">short&nbsp;g\u00f6mlek<\/a>, since it shows the rectangular piecing most clearly.<\/p>\n<div id=\"attachment_1544\" style=\"width: 1121px\" class=\"wp-caption aligncenter\"><a href=\"http:\/\/www.issendai.com\/16thcenturyistanbul\/wp-content\/uploads\/2017\/10\/Saban-i-Veli-died-1576-gomlek.png\"><img loading=\"lazy\" decoding=\"async\" aria-describedby=\"caption-attachment-1544\" class=\"size-full wp-image-1544\" src=\"http:\/\/www.issendai.com\/16thcenturyistanbul\/wp-content\/uploads\/2017\/10\/Saban-i-Veli-died-1576-gomlek.png\" alt=\"\" width=\"1111\" height=\"545\" srcset=\"https:\/\/www.issendai.com\/16thcenturyistanbul\/wp-content\/uploads\/2017\/10\/Saban-i-Veli-died-1576-gomlek.png 1111w, https:\/\/www.issendai.com\/16thcenturyistanbul\/wp-content\/uploads\/2017\/10\/Saban-i-Veli-died-1576-gomlek-300x147.png 300w, https:\/\/www.issendai.com\/16thcenturyistanbul\/wp-content\/uploads\/2017\/10\/Saban-i-Veli-died-1576-gomlek-768x377.png 768w, https:\/\/www.issendai.com\/16thcenturyistanbul\/wp-content\/uploads\/2017\/10\/Saban-i-Veli-died-1576-gomlek-1024x502.png 1024w, https:\/\/www.issendai.com\/16thcenturyistanbul\/wp-content\/uploads\/2017\/10\/Saban-i-Veli-died-1576-gomlek-150x74.png 150w\" sizes=\"auto, (max-width: 1111px) 100vw, 1111px\" \/><\/a><p id=\"caption-attachment-1544\" class=\"wp-caption-text\">The short cotton g\u00f6mlek of \u015eeyh \u015eaban-\u0131 Veli, a dervish who died in 1576. Click to see full-size.<\/p><\/div>\n<p>The&nbsp;g\u00f6mlek is made of strips of fabric so narrow, they&#8217;re almost scraps.<\/p>\n<p>The <a href=\"http:\/\/issendai.com\/ottoman-turkish\/aziz-mahmud-hudais-gomlek\/\" target=\"_blank\" rel=\"noopener\">second&nbsp;g\u00f6mlek<\/a> probably dates to the first half of the 17th century. It&#8217;s covered with inked diagrams and inscriptions, making it a working version of the glorious gilded and embroidered talismanic (t\u0131ls\u0131ml\u0131)&nbsp;g\u00f6mleks in the Topkap\u0131 collection.<\/p>\n<div id=\"attachment_1545\" style=\"width: 2439px\" class=\"wp-caption aligncenter\"><a href=\"http:\/\/www.issendai.com\/16thcenturyistanbul\/wp-content\/uploads\/2017\/10\/Aziz-Mahmud-Hudai-gomlek.png\"><img loading=\"lazy\" decoding=\"async\" aria-describedby=\"caption-attachment-1545\" class=\"size-full wp-image-1545\" src=\"http:\/\/www.issendai.com\/16thcenturyistanbul\/wp-content\/uploads\/2017\/10\/Aziz-Mahmud-Hudai-gomlek.png\" alt=\"\" width=\"2429\" height=\"2448\" srcset=\"https:\/\/www.issendai.com\/16thcenturyistanbul\/wp-content\/uploads\/2017\/10\/Aziz-Mahmud-Hudai-gomlek.png 2429w, https:\/\/www.issendai.com\/16thcenturyistanbul\/wp-content\/uploads\/2017\/10\/Aziz-Mahmud-Hudai-gomlek-150x150.png 150w, https:\/\/www.issendai.com\/16thcenturyistanbul\/wp-content\/uploads\/2017\/10\/Aziz-Mahmud-Hudai-gomlek-298x300.png 298w, https:\/\/www.issendai.com\/16thcenturyistanbul\/wp-content\/uploads\/2017\/10\/Aziz-Mahmud-Hudai-gomlek-768x774.png 768w, https:\/\/www.issendai.com\/16thcenturyistanbul\/wp-content\/uploads\/2017\/10\/Aziz-Mahmud-Hudai-gomlek-1016x1024.png 1016w\" sizes=\"auto, (max-width: 2429px) 100vw, 2429px\" \/><\/a><p id=\"caption-attachment-1545\" class=\"wp-caption-text\">Talismanic g\u00f6mlek of Aziz Mahmud H\u00fcdai, one of the most famous saints of the Ottoman Empire, who was born in 1541 and died in 1648.&nbsp;Click to see full-size.<\/p><\/div>\n<p>The body of the g\u00f6mlek is cut from a wide length of cotton, with the seams falling about two-fifths of the way down the sleeves. The skirts are cut in an A-line from the armpits, with vertical seams in line with the sleeve seams. This layout method is the same one used for the extant kaftans in the Topkap\u0131 collection: Center the shape of the garment on the fabric, cut it out, and fill in the missing bits at the edges with waste fabric.<\/p>\n<h4>Extant 16th-Century T\u0131ls\u0131ml\u0131 G\u00f6mleks<\/h4>\n<p>With the exception of the two g\u00f6mleks above and a handful of children&#8217;s shirts in the Topkapi collection, all the known 16th-century&nbsp;g\u00f6mleks are men&#8217;s&nbsp;<a href=\"https:\/\/topkapisarayimuzesi.blogspot.com.tr\/2014\/03\/tlsml-gomlekler.html\" target=\"_blank\" rel=\"noopener\">talismanic&nbsp;g\u00f6mleks<\/a>.<\/p>\n<div id=\"attachment_1549\" style=\"width: 310px\" class=\"wp-caption aligncenter\"><a href=\"http:\/\/www.issendai.com\/16thcenturyistanbul\/wp-content\/uploads\/2017\/10\/019L15223_8F9NV_2_cutout.jpg\"><img loading=\"lazy\" decoding=\"async\" aria-describedby=\"caption-attachment-1549\" class=\"wp-image-1549 size-medium\" src=\"http:\/\/www.issendai.com\/16thcenturyistanbul\/wp-content\/uploads\/2017\/10\/019L15223_8F9NV_2_cutout-300x271.jpg\" alt=\"\" width=\"300\" height=\"271\" srcset=\"https:\/\/www.issendai.com\/16thcenturyistanbul\/wp-content\/uploads\/2017\/10\/019L15223_8F9NV_2_cutout-300x271.jpg 300w, https:\/\/www.issendai.com\/16thcenturyistanbul\/wp-content\/uploads\/2017\/10\/019L15223_8F9NV_2_cutout-768x694.jpg 768w, https:\/\/www.issendai.com\/16thcenturyistanbul\/wp-content\/uploads\/2017\/10\/019L15223_8F9NV_2_cutout-1024x925.jpg 1024w, https:\/\/www.issendai.com\/16thcenturyistanbul\/wp-content\/uploads\/2017\/10\/019L15223_8F9NV_2_cutout-150x135.jpg 150w, https:\/\/www.issendai.com\/16thcenturyistanbul\/wp-content\/uploads\/2017\/10\/019L15223_8F9NV_2_cutout.jpg 2000w\" sizes=\"auto, (max-width: 300px) 100vw, 300px\" \/><\/a><p id=\"caption-attachment-1549\" class=\"wp-caption-text\"><a href=\"http:\/\/www.sothebys.com\/en\/auctions\/ecatalogue\/2015\/arts-islamic-world-l15223\/lot.315.html\" target=\"_blank\" rel=\"noopener\">Dated 1583, auctioned by Sotheby&#8217;s<\/a>: Cotton, short, short-sleeved. Front and back are plain rectangles, with the sleeves and side flares added to the edges.<\/p><\/div>\n<p>&nbsp;<\/p>\n<div id=\"attachment_1551\" style=\"width: 270px\" class=\"wp-caption aligncenter\"><a href=\"http:\/\/www.issendai.com\/16thcenturyistanbul\/wp-content\/uploads\/2017\/10\/190L12220_6CZ9R_front.jpg\"><img loading=\"lazy\" decoding=\"async\" aria-describedby=\"caption-attachment-1551\" class=\"size-medium wp-image-1551\" src=\"http:\/\/www.issendai.com\/16thcenturyistanbul\/wp-content\/uploads\/2017\/10\/190L12220_6CZ9R_front-260x300.jpg\" alt=\"\" width=\"260\" height=\"300\" srcset=\"https:\/\/www.issendai.com\/16thcenturyistanbul\/wp-content\/uploads\/2017\/10\/190L12220_6CZ9R_front-260x300.jpg 260w, https:\/\/www.issendai.com\/16thcenturyistanbul\/wp-content\/uploads\/2017\/10\/190L12220_6CZ9R_front-768x888.jpg 768w, https:\/\/www.issendai.com\/16thcenturyistanbul\/wp-content\/uploads\/2017\/10\/190L12220_6CZ9R_front-886x1024.jpg 886w, https:\/\/www.issendai.com\/16thcenturyistanbul\/wp-content\/uploads\/2017\/10\/190L12220_6CZ9R_front-130x150.jpg 130w\" sizes=\"auto, (max-width: 260px) 100vw, 260px\" \/><\/a><p id=\"caption-attachment-1551\" class=\"wp-caption-text\"><a href=\"http:\/\/www.sothebys.com\/en\/auctions\/ecatalogue\/2012\/arts-of-the-islamic-world\/lot.419.html\" target=\"_blank\" rel=\"noopener\">Dated 16th century, auctioned by Sotheby&#8217;s<\/a>: Cotton, short, very short sleeves. The underside of the sleeve is a curve, not an angle. The sleeve and side flares are all one piece of fabric, which is sewn to the sides of the central panel.<\/p><\/div>\n<p>&nbsp;<\/p>\n<div id=\"attachment_1550\" style=\"width: 310px\" class=\"wp-caption aligncenter\"><a href=\"http:\/\/www.issendai.com\/16thcenturyistanbul\/wp-content\/uploads\/2017\/10\/068L13223_6ZFM2_1_cutout.jpg\"><img loading=\"lazy\" decoding=\"async\" aria-describedby=\"caption-attachment-1550\" class=\"size-medium wp-image-1550\" src=\"http:\/\/www.issendai.com\/16thcenturyistanbul\/wp-content\/uploads\/2017\/10\/068L13223_6ZFM2_1_cutout-300x282.jpg\" alt=\"\" width=\"300\" height=\"282\" srcset=\"https:\/\/www.issendai.com\/16thcenturyistanbul\/wp-content\/uploads\/2017\/10\/068L13223_6ZFM2_1_cutout-300x282.jpg 300w, https:\/\/www.issendai.com\/16thcenturyistanbul\/wp-content\/uploads\/2017\/10\/068L13223_6ZFM2_1_cutout-768x723.jpg 768w, https:\/\/www.issendai.com\/16thcenturyistanbul\/wp-content\/uploads\/2017\/10\/068L13223_6ZFM2_1_cutout-1024x964.jpg 1024w, https:\/\/www.issendai.com\/16thcenturyistanbul\/wp-content\/uploads\/2017\/10\/068L13223_6ZFM2_1_cutout-150x141.jpg 150w, https:\/\/www.issendai.com\/16thcenturyistanbul\/wp-content\/uploads\/2017\/10\/068L13223_6ZFM2_1_cutout.jpg 2000w\" sizes=\"auto, (max-width: 300px) 100vw, 300px\" \/><\/a><p id=\"caption-attachment-1550\" class=\"wp-caption-text\"><a href=\"http:\/\/www.sothebys.com\/en\/auctions\/ecatalogue\/2013\/arts-of-the-islamic-world-l13223\/lot.58.html\" target=\"_blank\" rel=\"noopener\">Dated 16th\/17th century, auctioned by Sotheby&#8217;s<\/a>: Cotton, mid-length, short-sleeved. The front is slit all the way down, a style seen in other shirts. The front and back are plain rectangles, with sleeves, side gores, and underarm gusset sewn to the edges.<\/p><\/div>\n<p>&nbsp;<\/p>\n<p><a class=\"backbutton\" href=\"http:\/\/www.issendai.com\/16thcenturyistanbul\/womens-garb-piece-by-piece\/gomlek-shift\/\"><i class=\"fa fa-long-arrow-left \" ><\/i>&nbsp; G\u00f6mlek&nbsp;| <em>Shift<\/em><\/a>&nbsp;<a class=\"nextbutton\" href=\"http:\/\/www.issendai.com\/16thcenturyistanbul\/womens-garb-piece-by-piece\/zibin-short-underjacket\/\">Z\u0131b\u0131n | <em>Short underjacket<\/em>&nbsp; <i class=\"fa fa-long-arrow-right \" ><\/i><\/a><\/p>\n<hr>\n","protected":false},"excerpt":{"rendered":"<p>[in progress] How were 16th-century g\u00f6mleks made? Persian-style, with the skirts gathered at the hip? Egyptian-style, with the underside of the sleeve made in a piece with the side of the shirt? Using rectangular construction, like early European tunics? Or a mashup of Egyptian and rectangular tailoring with a Turkish\u2026<\/p>\n<p class=\"continue-reading-button\"> <a class=\"continue-reading-link\" href=\"https:\/\/www.issendai.com\/16thcenturyistanbul\/womens-garb-piece-by-piece\/gomlek-shift\/the-cut-of-extant-gomleks\/\">Continue reading<i class=\"crycon-right-dir\"><\/i><\/a><\/p>\n","protected":false},"author":1,"featured_media":1549,"parent":1215,"menu_order":0,"comment_status":"closed","ping_status":"closed","template":"","meta":{"footnotes":""},"categories":[87],"tags":[],"class_list":["post-1553","page","type-page","status-publish","has-post-thumbnail","hentry","category-ottoman-turkish-clothing"],"_links":{"self":[{"href":"https:\/\/www.issendai.com\/16thcenturyistanbul\/wp-json\/wp\/v2\/pages\/1553","targetHints":{"allow":["GET"]}}],"collection":[{"href":"https:\/\/www.issendai.com\/16thcenturyistanbul\/wp-json\/wp\/v2\/pages"}],"about":[{"href":"https:\/\/www.issendai.com\/16thcenturyistanbul\/wp-json\/wp\/v2\/types\/page"}],"author":[{"embeddable":true,"href":"https:\/\/www.issendai.com\/16thcenturyistanbul\/wp-json\/wp\/v2\/users\/1"}],"replies":[{"embeddable":true,"href":"https:\/\/www.issendai.com\/16thcenturyistanbul\/wp-json\/wp\/v2\/comments?post=1553"}],"version-history":[{"count":13,"href":"https:\/\/www.issendai.com\/16thcenturyistanbul\/wp-json\/wp\/v2\/pages\/1553\/revisions"}],"predecessor-version":[{"id":2586,"href":"https:\/\/www.issendai.com\/16thcenturyistanbul\/wp-json\/wp\/v2\/pages\/1553\/revisions\/2586"}],"up":[{"embeddable":true,"href":"https:\/\/www.issendai.com\/16thcenturyistanbul\/wp-json\/wp\/v2\/pages\/1215"}],"wp:featuredmedia":[{"embeddable":true,"href":"https:\/\/www.issendai.com\/16thcenturyistanbul\/wp-json\/wp\/v2\/media\/1549"}],"wp:attachment":[{"href":"https:\/\/www.issendai.com\/16thcenturyistanbul\/wp-json\/wp\/v2\/media?parent=1553"}],"wp:term":[{"taxonomy":"category","embeddable":true,"href":"https:\/\/www.issendai.com\/16thcenturyistanbul\/wp-json\/wp\/v2\/categories?post=1553"},{"taxonomy":"post_tag","embeddable":true,"href":"https:\/\/www.issendai.com\/16thcenturyistanbul\/wp-json\/wp\/v2\/tags?post=1553"}],"curies":[{"name":"wp","href":"https:\/\/api.w.org\/{rel}","templated":true}]}}