{"id":1641,"date":"2017-11-29T19:53:39","date_gmt":"2017-11-30T00:53:39","guid":{"rendered":"http:\/\/www.issendai.com\/16thcenturyistanbul\/?page_id=1641"},"modified":"2017-12-04T02:21:55","modified_gmt":"2017-12-04T07:21:55","slug":"interiors-in-art","status":"publish","type":"page","link":"https:\/\/www.issendai.com\/16thcenturyistanbul\/ottoman-turkish-houses\/interiors-in-art\/","title":{"rendered":"Interiors in Art"},"content":{"rendered":"<p>16th-century court artists&#8217; interiors tended toward the palatial, but they crammed in a lot of little details.<\/p>\n<hr \/>\n<p><a href=\"http:\/\/www.issendai.com\/16thcenturyistanbul\/wp-content\/uploads\/2017\/11\/reclining-guy.jpg\"><img loading=\"lazy\" decoding=\"async\" class=\"aligncenter size-full wp-image-1642\" src=\"http:\/\/www.issendai.com\/16thcenturyistanbul\/wp-content\/uploads\/2017\/11\/reclining-guy.jpg\" alt=\"\" width=\"414\" height=\"700\" srcset=\"https:\/\/www.issendai.com\/16thcenturyistanbul\/wp-content\/uploads\/2017\/11\/reclining-guy.jpg 414w, https:\/\/www.issendai.com\/16thcenturyistanbul\/wp-content\/uploads\/2017\/11\/reclining-guy-177x300.jpg 177w, https:\/\/www.issendai.com\/16thcenturyistanbul\/wp-content\/uploads\/2017\/11\/reclining-guy-89x150.jpg 89w\" sizes=\"auto, (max-width: 414px) 100vw, 414px\" \/><\/a><\/p>\n<p>I haven&#8217;t been able to trace this image, which is a shame, because it&#8217;s a great depiction of a wealthy man at leisure. He leans against a cylindrical pillow (<em>balin<\/em>), listening to musicians. The niche above him displays his turban, two books, and a couple other objects.<\/p>\n<hr \/>\n<h3>Painting Atelier<\/h3>\n<p><a href=\"http:\/\/www.issendai.com\/16thcenturyistanbul\/wp-content\/uploads\/2017\/11\/Ottoman_miniature_painters.jpg\"><img loading=\"lazy\" decoding=\"async\" class=\"aligncenter size-full wp-image-1643\" src=\"http:\/\/www.issendai.com\/16thcenturyistanbul\/wp-content\/uploads\/2017\/11\/Ottoman_miniature_painters.jpg\" alt=\"\" width=\"460\" height=\"364\" srcset=\"https:\/\/www.issendai.com\/16thcenturyistanbul\/wp-content\/uploads\/2017\/11\/Ottoman_miniature_painters.jpg 460w, https:\/\/www.issendai.com\/16thcenturyistanbul\/wp-content\/uploads\/2017\/11\/Ottoman_miniature_painters-300x237.jpg 300w, https:\/\/www.issendai.com\/16thcenturyistanbul\/wp-content\/uploads\/2017\/11\/Ottoman_miniature_painters-150x119.jpg 150w\" sizes=\"auto, (max-width: 460px) 100vw, 460px\" \/><\/a><\/p>\n<p>Source: <a href=\"https:\/\/commons.wikimedia.org\/wiki\/File:Ottoman_miniature_painters.jpg\" target=\"_blank\" rel=\"noopener\">Wikimedia<\/a><\/p>\n<p>To the left is an alcove lined with book-filled niches and a small central cabinet. Note that the books are stored flat. To the right is a small window with partially opened shutters, looking onto a garden. The painters work at low desks. Their fur-lined robes suggest it&#8217;s wintertime.<\/p>\n<hr \/>\n<h3>Scenes from the Life of Muhammad<\/h3>\n<div id=\"attachment_1644\" style=\"width: 707px\" class=\"wp-caption aligncenter\"><a href=\"http:\/\/www.issendai.com\/16thcenturyistanbul\/wp-content\/uploads\/2017\/11\/Muhammad-visits-Ab\u00fb-T\u00e2lib.jpg\"><img loading=\"lazy\" decoding=\"async\" aria-describedby=\"caption-attachment-1644\" class=\"wp-image-1644 size-full\" src=\"http:\/\/www.issendai.com\/16thcenturyistanbul\/wp-content\/uploads\/2017\/11\/Muhammad-visits-Ab\u00fb-T\u00e2lib.jpg\" alt=\"\" width=\"697\" height=\"778\" srcset=\"https:\/\/www.issendai.com\/16thcenturyistanbul\/wp-content\/uploads\/2017\/11\/Muhammad-visits-Ab\u00fb-T\u00e2lib.jpg 697w, https:\/\/www.issendai.com\/16thcenturyistanbul\/wp-content\/uploads\/2017\/11\/Muhammad-visits-Ab\u00fb-T\u00e2lib-269x300.jpg 269w, https:\/\/www.issendai.com\/16thcenturyistanbul\/wp-content\/uploads\/2017\/11\/Muhammad-visits-Ab\u00fb-T\u00e2lib-134x150.jpg 134w\" sizes=\"auto, (max-width: 697px) 100vw, 697px\" \/><\/a><p id=\"caption-attachment-1644\" class=\"wp-caption-text\">Spencer Collection, The New York Public Library. &#8220;Muhammad visits Ab\u00fb T\u00e2lib, who is his uncle and head of the Ban\u00fb H\u00e2shim, trying to convince him on his deathbed to become a Muslim.&#8221; The New York Public Library Digital Collections. 1594 &#8211; 1595. http:\/\/digitalcollections.nypl.org\/items\/510d47da-61ba-a3d9-e040-e00a18064a99<\/p><\/div>\n<div id=\"attachment_1645\" style=\"width: 822px\" class=\"wp-caption aligncenter\"><a href=\"http:\/\/www.issendai.com\/16thcenturyistanbul\/wp-content\/uploads\/2017\/11\/Leaders-of-the-Quraysh-question-Muhammad-about-his-miraculous-night-journey.jpg\"><img loading=\"lazy\" decoding=\"async\" aria-describedby=\"caption-attachment-1645\" class=\"wp-image-1645 size-full\" src=\"http:\/\/www.issendai.com\/16thcenturyistanbul\/wp-content\/uploads\/2017\/11\/Leaders-of-the-Quraysh-question-Muhammad-about-his-miraculous-night-journey.jpg\" alt=\"\" width=\"812\" height=\"806\" srcset=\"https:\/\/www.issendai.com\/16thcenturyistanbul\/wp-content\/uploads\/2017\/11\/Leaders-of-the-Quraysh-question-Muhammad-about-his-miraculous-night-journey.jpg 812w, https:\/\/www.issendai.com\/16thcenturyistanbul\/wp-content\/uploads\/2017\/11\/Leaders-of-the-Quraysh-question-Muhammad-about-his-miraculous-night-journey-150x150.jpg 150w, https:\/\/www.issendai.com\/16thcenturyistanbul\/wp-content\/uploads\/2017\/11\/Leaders-of-the-Quraysh-question-Muhammad-about-his-miraculous-night-journey-300x298.jpg 300w, https:\/\/www.issendai.com\/16thcenturyistanbul\/wp-content\/uploads\/2017\/11\/Leaders-of-the-Quraysh-question-Muhammad-about-his-miraculous-night-journey-768x762.jpg 768w\" sizes=\"auto, (max-width: 812px) 100vw, 812px\" \/><\/a><p id=\"caption-attachment-1645\" class=\"wp-caption-text\">Spencer Collection, The New York Public Library. &#8220;Ab\u00fb T\u00e2lib, &#8216;Abb\u00e2s ibn al-Muttalib, and other leaders of the Quraysh question Muhammad about his miraculous night journey.&#8221; The New York Public Library Digital Collections. 1594 &#8211; 1595. http:\/\/digitalcollections.nypl.org\/items\/510d47da-61b8-a3d9-e040-e00a18064a99<\/p><\/div>\n","protected":false},"excerpt":{"rendered":"<p>16th-century court artists&#8217; interiors tended toward the palatial, but they crammed in a lot of little details. I haven&#8217;t been able to trace this image, which is a shame, because it&#8217;s a great depiction of a wealthy man at leisure. He leans against a cylindrical pillow (balin), listening to musicians.\u2026<\/p>\n<p class=\"continue-reading-button\"> <a class=\"continue-reading-link\" href=\"https:\/\/www.issendai.com\/16thcenturyistanbul\/ottoman-turkish-houses\/interiors-in-art\/\">Continue reading<i class=\"crycon-right-dir\"><\/i><\/a><\/p>\n","protected":false},"author":1,"featured_media":0,"parent":1158,"menu_order":0,"comment_status":"closed","ping_status":"closed","template":"","meta":{"footnotes":""},"categories":[84],"tags":[],"class_list":["post-1641","page","type-page","status-publish","hentry","category-turkish-houses"],"_links":{"self":[{"href":"https:\/\/www.issendai.com\/16thcenturyistanbul\/wp-json\/wp\/v2\/pages\/1641","targetHints":{"allow":["GET"]}}],"collection":[{"href":"https:\/\/www.issendai.com\/16thcenturyistanbul\/wp-json\/wp\/v2\/pages"}],"about":[{"href":"https:\/\/www.issendai.com\/16thcenturyistanbul\/wp-json\/wp\/v2\/types\/page"}],"author":[{"embeddable":true,"href":"https:\/\/www.issendai.com\/16thcenturyistanbul\/wp-json\/wp\/v2\/users\/1"}],"replies":[{"embeddable":true,"href":"https:\/\/www.issendai.com\/16thcenturyistanbul\/wp-json\/wp\/v2\/comments?post=1641"}],"version-history":[{"count":3,"href":"https:\/\/www.issendai.com\/16thcenturyistanbul\/wp-json\/wp\/v2\/pages\/1641\/revisions"}],"predecessor-version":[{"id":1654,"href":"https:\/\/www.issendai.com\/16thcenturyistanbul\/wp-json\/wp\/v2\/pages\/1641\/revisions\/1654"}],"up":[{"embeddable":true,"href":"https:\/\/www.issendai.com\/16thcenturyistanbul\/wp-json\/wp\/v2\/pages\/1158"}],"wp:attachment":[{"href":"https:\/\/www.issendai.com\/16thcenturyistanbul\/wp-json\/wp\/v2\/media?parent=1641"}],"wp:term":[{"taxonomy":"category","embeddable":true,"href":"https:\/\/www.issendai.com\/16thcenturyistanbul\/wp-json\/wp\/v2\/categories?post=1641"},{"taxonomy":"post_tag","embeddable":true,"href":"https:\/\/www.issendai.com\/16thcenturyistanbul\/wp-json\/wp\/v2\/tags?post=1641"}],"curies":[{"name":"wp","href":"https:\/\/api.w.org\/{rel}","templated":true}]}}