{"id":1809,"date":"2018-01-26T15:01:54","date_gmt":"2018-01-26T20:01:54","guid":{"rendered":"http:\/\/www.issendai.com\/16thcenturyistanbul\/?page_id=1809"},"modified":"2021-08-24T14:54:45","modified_gmt":"2021-08-24T19:54:45","slug":"pabuc-and-mest-shoes","status":"publish","type":"page","link":"https:\/\/www.issendai.com\/16thcenturyistanbul\/womens-garb-piece-by-piece\/pabuc-and-mest-shoes\/","title":{"rendered":"Pabu\u00e7 and Mest | Shoes"},"content":{"rendered":"<p>The most common type of footwear, for men and women alike, was a soft leather sock called <em>mest<\/em> or <em>i\u00e7 edik<\/em>, slipped into a leather slipper called an <em>edik<\/em> or\u00a0<em>pabu\u00e7<\/em> (or papu\u00e7, or babu\u00e7).<\/p>\n<h2>Mest\/I\u00e7 Edik<\/h2>\n<p>Mest\/i\u00e7 edik were worn as indoor shoes. Not many have survived, but here&#8217;s a 17th-century mest inside its shoe:<\/p>\n<div id=\"attachment_1814\" style=\"width: 310px\" class=\"wp-caption aligncenter\"><a href=\"http:\/\/www.issendai.com\/16thcenturyistanbul\/wp-content\/uploads\/2018\/01\/Ayse-Sultans-shoe-mid-17th-century.png\"><img loading=\"lazy\" decoding=\"async\" aria-describedby=\"caption-attachment-1814\" class=\"size-medium wp-image-1814\" src=\"http:\/\/www.issendai.com\/16thcenturyistanbul\/wp-content\/uploads\/2018\/01\/Ayse-Sultans-shoe-mid-17th-century-300x207.png\" alt=\"\" width=\"300\" height=\"207\" srcset=\"https:\/\/www.issendai.com\/16thcenturyistanbul\/wp-content\/uploads\/2018\/01\/Ayse-Sultans-shoe-mid-17th-century-300x207.png 300w, https:\/\/www.issendai.com\/16thcenturyistanbul\/wp-content\/uploads\/2018\/01\/Ayse-Sultans-shoe-mid-17th-century-768x530.png 768w, https:\/\/www.issendai.com\/16thcenturyistanbul\/wp-content\/uploads\/2018\/01\/Ayse-Sultans-shoe-mid-17th-century-200x138.png 200w, https:\/\/www.issendai.com\/16thcenturyistanbul\/wp-content\/uploads\/2018\/01\/Ayse-Sultans-shoe-mid-17th-century-150x104.png 150w, https:\/\/www.issendai.com\/16thcenturyistanbul\/wp-content\/uploads\/2018\/01\/Ayse-Sultans-shoe-mid-17th-century.png 839w\" sizes=\"auto, (max-width: 300px) 100vw, 300px\" \/><\/a><p id=\"caption-attachment-1814\" class=\"wp-caption-text\">Ay\u015fe Sultan&#8217;s mest and pabu\u00e7, mid-17th century.<\/p><\/div>\n<p>Leather socks have a long history in the Middle East, and are still sold by specialty sellers under the name &#8220;khuffs&#8221; or &#8220;khuffain.&#8221;<\/p>\n<h2>Pabu\u00e7\/Edik<\/h2>\n<p>Pabu\u00e7 were the 16th-century version of modern babouches, identical except for the decoration and the toe. Modern babouches often have sharply pointed toes, while 16th-century pabu\u00e7 have rounded toes or only a very slight point.<\/p>\n<p>Although extant pabu\u00e7 have low backs, most art suggests that just as with modern babouches, the back was folded down and stepped on. This adds an extra layer of material under the heel, right where the sole is most prone to wear through.<\/p>\n<p>It&#8217;s also inevitable. Speaking as one who&#8217;s spent much of the past year and a half in and out of house slippers, I can assure you: No matter how much you hate backless shoes, no matter how much you vow to preserve the backs of the lovely Japanese slippers your mother got you for Christmas, you <em>will<\/em> fold the backs down and tread on them. Slipping your shoes on and off repeatedly is a pain, pulling the soft, easily crumpled back of the shoes over your heels every time is a pain, and one day you will give in. The Ottoman Turks removed their shoes when entering their living\/sleeping\/entertaining rooms (<em>oda<\/em>), to avoid tracking dirt into the cleanest and most beautifully carpeted rooms in the house, so they had plenty of reason to make the process of taking their shoes on and off as easy as possible.<\/p>\n<p>We&#8217;re short on 16th-century pabu\u00e7, but these are from the 17th century:<\/p>\n<div id=\"attachment_1812\" style=\"width: 310px\" class=\"wp-caption aligncenter\"><a href=\"http:\/\/www.issendai.com\/16thcenturyistanbul\/wp-content\/uploads\/2018\/01\/Ismihan-Sultans-shoes-mid-17th-century.png\"><img loading=\"lazy\" decoding=\"async\" aria-describedby=\"caption-attachment-1812\" class=\"size-medium wp-image-1812\" src=\"http:\/\/www.issendai.com\/16thcenturyistanbul\/wp-content\/uploads\/2018\/01\/Ismihan-Sultans-shoes-mid-17th-century-300x191.png\" alt=\"\" width=\"300\" height=\"191\" srcset=\"https:\/\/www.issendai.com\/16thcenturyistanbul\/wp-content\/uploads\/2018\/01\/Ismihan-Sultans-shoes-mid-17th-century-300x191.png 300w, https:\/\/www.issendai.com\/16thcenturyistanbul\/wp-content\/uploads\/2018\/01\/Ismihan-Sultans-shoes-mid-17th-century-768x488.png 768w, https:\/\/www.issendai.com\/16thcenturyistanbul\/wp-content\/uploads\/2018\/01\/Ismihan-Sultans-shoes-mid-17th-century-200x127.png 200w, https:\/\/www.issendai.com\/16thcenturyistanbul\/wp-content\/uploads\/2018\/01\/Ismihan-Sultans-shoes-mid-17th-century-150x95.png 150w, https:\/\/www.issendai.com\/16thcenturyistanbul\/wp-content\/uploads\/2018\/01\/Ismihan-Sultans-shoes-mid-17th-century.png 943w\" sizes=\"auto, (max-width: 300px) 100vw, 300px\" \/><\/a><p id=\"caption-attachment-1812\" class=\"wp-caption-text\">Ismihan Sultan&#8217;s pabu\u00e7 and the bag they were stored in. Ismihan Sultan was Ay\u015fe Sultan&#8217;s sister. Mid-17th century.<\/p><\/div>\n<div id=\"attachment_1813\" style=\"width: 310px\" class=\"wp-caption aligncenter\"><a href=\"http:\/\/www.issendai.com\/16thcenturyistanbul\/wp-content\/uploads\/2018\/01\/shoes-17th-century.png\"><img loading=\"lazy\" decoding=\"async\" aria-describedby=\"caption-attachment-1813\" class=\"size-medium wp-image-1813\" src=\"http:\/\/www.issendai.com\/16thcenturyistanbul\/wp-content\/uploads\/2018\/01\/shoes-17th-century-300x198.png\" alt=\"\" width=\"300\" height=\"198\" srcset=\"https:\/\/www.issendai.com\/16thcenturyistanbul\/wp-content\/uploads\/2018\/01\/shoes-17th-century-300x198.png 300w, https:\/\/www.issendai.com\/16thcenturyistanbul\/wp-content\/uploads\/2018\/01\/shoes-17th-century-768x507.png 768w, https:\/\/www.issendai.com\/16thcenturyistanbul\/wp-content\/uploads\/2018\/01\/shoes-17th-century-200x132.png 200w, https:\/\/www.issendai.com\/16thcenturyistanbul\/wp-content\/uploads\/2018\/01\/shoes-17th-century-150x99.png 150w, https:\/\/www.issendai.com\/16thcenturyistanbul\/wp-content\/uploads\/2018\/01\/shoes-17th-century.png 893w\" sizes=\"auto, (max-width: 300px) 100vw, 300px\" \/><\/a><p id=\"caption-attachment-1813\" class=\"wp-caption-text\">17th-century pabu\u00e7<\/p><\/div>\n","protected":false},"excerpt":{"rendered":"<p>The most common type of footwear, for men and women alike, was a soft leather sock called mest or i\u00e7 edik, slipped into a leather slipper called an edik or\u00a0pabu\u00e7 (or papu\u00e7, or babu\u00e7). Mest\/I\u00e7 Edik Mest\/i\u00e7 edik were worn as indoor shoes. Not many have survived, but here&#8217;s a\u2026<\/p>\n<p class=\"continue-reading-button\"> <a class=\"continue-reading-link\" href=\"https:\/\/www.issendai.com\/16thcenturyistanbul\/womens-garb-piece-by-piece\/pabuc-and-mest-shoes\/\">Continue reading<i class=\"crycon-right-dir\"><\/i><\/a><\/p>\n","protected":false},"author":1,"featured_media":0,"parent":1043,"menu_order":10,"comment_status":"closed","ping_status":"closed","template":"","meta":{"footnotes":""},"categories":[87],"tags":[],"class_list":["post-1809","page","type-page","status-publish","hentry","category-ottoman-turkish-clothing"],"_links":{"self":[{"href":"https:\/\/www.issendai.com\/16thcenturyistanbul\/wp-json\/wp\/v2\/pages\/1809","targetHints":{"allow":["GET"]}}],"collection":[{"href":"https:\/\/www.issendai.com\/16thcenturyistanbul\/wp-json\/wp\/v2\/pages"}],"about":[{"href":"https:\/\/www.issendai.com\/16thcenturyistanbul\/wp-json\/wp\/v2\/types\/page"}],"author":[{"embeddable":true,"href":"https:\/\/www.issendai.com\/16thcenturyistanbul\/wp-json\/wp\/v2\/users\/1"}],"replies":[{"embeddable":true,"href":"https:\/\/www.issendai.com\/16thcenturyistanbul\/wp-json\/wp\/v2\/comments?post=1809"}],"version-history":[{"count":6,"href":"https:\/\/www.issendai.com\/16thcenturyistanbul\/wp-json\/wp\/v2\/pages\/1809\/revisions"}],"predecessor-version":[{"id":2615,"href":"https:\/\/www.issendai.com\/16thcenturyistanbul\/wp-json\/wp\/v2\/pages\/1809\/revisions\/2615"}],"up":[{"embeddable":true,"href":"https:\/\/www.issendai.com\/16thcenturyistanbul\/wp-json\/wp\/v2\/pages\/1043"}],"wp:attachment":[{"href":"https:\/\/www.issendai.com\/16thcenturyistanbul\/wp-json\/wp\/v2\/media?parent=1809"}],"wp:term":[{"taxonomy":"category","embeddable":true,"href":"https:\/\/www.issendai.com\/16thcenturyistanbul\/wp-json\/wp\/v2\/categories?post=1809"},{"taxonomy":"post_tag","embeddable":true,"href":"https:\/\/www.issendai.com\/16thcenturyistanbul\/wp-json\/wp\/v2\/tags?post=1809"}],"curies":[{"name":"wp","href":"https:\/\/api.w.org\/{rel}","templated":true}]}}