{"id":1872,"date":"2018-06-13T15:29:20","date_gmt":"2018-06-13T20:29:20","guid":{"rendered":"http:\/\/www.issendai.com\/16thcenturyistanbul\/?page_id=1872"},"modified":"2018-06-13T19:54:08","modified_gmt":"2018-06-14T00:54:08","slug":"zibin","status":"publish","type":"page","link":"https:\/\/www.issendai.com\/16thcenturyistanbul\/garments\/what-were-they-called\/inner-robes\/zibin\/","title":{"rendered":"Z\u0131b\u0131n"},"content":{"rendered":"<div id=\"attachment_1444\" style=\"width: 308px\" class=\"wp-caption alignright\"><a href=\"http:\/\/www.issendai.com\/16thcenturyistanbul\/wp-content\/uploads\/2017\/11\/woman-in-detachable-sleeves.png\"><img loading=\"lazy\" decoding=\"async\" aria-describedby=\"caption-attachment-1444\" class=\"wp-image-1444 size-full\" src=\"http:\/\/www.issendai.com\/16thcenturyistanbul\/wp-content\/uploads\/2017\/11\/woman-in-detachable-sleeves.png\" alt=\"\" width=\"298\" height=\"688\" srcset=\"https:\/\/www.issendai.com\/16thcenturyistanbul\/wp-content\/uploads\/2017\/11\/woman-in-detachable-sleeves.png 298w, https:\/\/www.issendai.com\/16thcenturyistanbul\/wp-content\/uploads\/2017\/11\/woman-in-detachable-sleeves-130x300.png 130w, https:\/\/www.issendai.com\/16thcenturyistanbul\/wp-content\/uploads\/2017\/11\/woman-in-detachable-sleeves-65x150.png 65w\" sizes=\"auto, (max-width: 298px) 100vw, 298px\" \/><\/a><p id=\"caption-attachment-1444\" class=\"wp-caption-text\">A woman in a red brocade z\u0131b\u0131n, circa 1625.<\/p><\/div>\n<p>The\u00a0z\u0131b\u0131n was a hip-length jacket that both men and women wore over their g\u00f6mleks and under their kaftans. It was an informal layer, always covered in public by one of the formal robes (a <a href=\"http:\/\/www.issendai.com\/16thcenturyistanbul\/what-were-they-called\/kaftan\/\">kaftan<\/a> for women, and a kaftan, yelek, or knee-length robe for men).<\/p>\n<p>Women, who spent most of their time in the privacy of their homes, often wore the zibin as a top layer, and were frequently drawn dressed that way. Men always wore a formal layer over the informal\u00a0z\u0131b\u0131n in public, so we don&#8217;t have any depictions of men in a\u00a0z\u0131b\u0131n alone.<\/p>\n<p>The derivation of the word is the Arabic <em>zab\u016bn<\/em> \u0632\u0628\u0648\u0646 from the root <em>zbn<\/em>, meaning &#8220;inner shirt.&#8221;<\/p>\n","protected":false},"excerpt":{"rendered":"<p>The\u00a0z\u0131b\u0131n was a hip-length jacket that both men and women wore over their g\u00f6mleks and under their kaftans. It was an informal layer, always covered in public by one of the formal robes (a kaftan for women, and a kaftan, yelek, or knee-length robe for men). Women, who spent most\u2026<\/p>\n<p class=\"continue-reading-button\"> <a class=\"continue-reading-link\" href=\"https:\/\/www.issendai.com\/16thcenturyistanbul\/garments\/what-were-they-called\/inner-robes\/zibin\/\">Continue reading<i class=\"crycon-right-dir\"><\/i><\/a><\/p>\n","protected":false},"author":1,"featured_media":0,"parent":1987,"menu_order":0,"comment_status":"closed","ping_status":"closed","template":"","meta":{"footnotes":""},"categories":[99,98,100],"tags":[],"class_list":["post-1872","page","type-page","status-publish","hentry","category-final-names","category-garments","category-proper-names"],"_links":{"self":[{"href":"https:\/\/www.issendai.com\/16thcenturyistanbul\/wp-json\/wp\/v2\/pages\/1872","targetHints":{"allow":["GET"]}}],"collection":[{"href":"https:\/\/www.issendai.com\/16thcenturyistanbul\/wp-json\/wp\/v2\/pages"}],"about":[{"href":"https:\/\/www.issendai.com\/16thcenturyistanbul\/wp-json\/wp\/v2\/types\/page"}],"author":[{"embeddable":true,"href":"https:\/\/www.issendai.com\/16thcenturyistanbul\/wp-json\/wp\/v2\/users\/1"}],"replies":[{"embeddable":true,"href":"https:\/\/www.issendai.com\/16thcenturyistanbul\/wp-json\/wp\/v2\/comments?post=1872"}],"version-history":[{"count":5,"href":"https:\/\/www.issendai.com\/16thcenturyistanbul\/wp-json\/wp\/v2\/pages\/1872\/revisions"}],"predecessor-version":[{"id":2021,"href":"https:\/\/www.issendai.com\/16thcenturyistanbul\/wp-json\/wp\/v2\/pages\/1872\/revisions\/2021"}],"up":[{"embeddable":true,"href":"https:\/\/www.issendai.com\/16thcenturyistanbul\/wp-json\/wp\/v2\/pages\/1987"}],"wp:attachment":[{"href":"https:\/\/www.issendai.com\/16thcenturyistanbul\/wp-json\/wp\/v2\/media?parent=1872"}],"wp:term":[{"taxonomy":"category","embeddable":true,"href":"https:\/\/www.issendai.com\/16thcenturyistanbul\/wp-json\/wp\/v2\/categories?post=1872"},{"taxonomy":"post_tag","embeddable":true,"href":"https:\/\/www.issendai.com\/16thcenturyistanbul\/wp-json\/wp\/v2\/tags?post=1872"}],"curies":[{"name":"wp","href":"https:\/\/api.w.org\/{rel}","templated":true}]}}