{"id":1878,"date":"2018-06-13T15:38:43","date_gmt":"2018-06-13T20:38:43","guid":{"rendered":"http:\/\/www.issendai.com\/16thcenturyistanbul\/?page_id=1878"},"modified":"2018-06-13T19:06:07","modified_gmt":"2018-06-14T00:06:07","slug":"hirka","status":"publish","type":"page","link":"https:\/\/www.issendai.com\/16thcenturyistanbul\/garments\/what-were-they-called\/overcoats\/hirka\/","title":{"rendered":"H\u0131rka"},"content":{"rendered":"<div id=\"attachment_1406\" style=\"width: 310px\" class=\"wp-caption alignright\"><a href=\"http:\/\/www.issendai.com\/16thcenturyistanbul\/wp-content\/uploads\/2017\/04\/Aziz-Mahmud-Hudai-yellow-hirka.png\"><img loading=\"lazy\" decoding=\"async\" aria-describedby=\"caption-attachment-1406\" class=\"wp-image-1406 size-medium\" src=\"http:\/\/www.issendai.com\/16thcenturyistanbul\/wp-content\/uploads\/2017\/04\/Aziz-Mahmud-Hudai-yellow-hirka-300x250.png\" alt=\"\" width=\"300\" height=\"250\" srcset=\"https:\/\/www.issendai.com\/16thcenturyistanbul\/wp-content\/uploads\/2017\/04\/Aziz-Mahmud-Hudai-yellow-hirka-300x250.png 300w, https:\/\/www.issendai.com\/16thcenturyistanbul\/wp-content\/uploads\/2017\/04\/Aziz-Mahmud-Hudai-yellow-hirka-150x125.png 150w, https:\/\/www.issendai.com\/16thcenturyistanbul\/wp-content\/uploads\/2017\/04\/Aziz-Mahmud-Hudai-yellow-hirka.png 669w\" sizes=\"auto, (max-width: 300px) 100vw, 300px\" \/><\/a><p id=\"caption-attachment-1406\" class=\"wp-caption-text\">Yellow wool dervish coat of the kind that would eventually come to be called a h\u0131rka. First half of the 17th century.<\/p><\/div>\n<p>&#8220;H\u0131rka&#8221; was one of several names for a short, loose jacket worn by dervishes. The word appears to be post-period.<\/p>\n<p>Due to the vast, roiling confusion over the word for the hip-length underjacket, some modern scholars appropriated &#8220;h\u0131rka&#8221; to describe it. The correct 16th-century term is <a href=\"http:\/\/www.issendai.com\/16thcenturyistanbul\/zibin\/\">z\u0131b\u0131n<\/a>.<\/p>\n","protected":false},"excerpt":{"rendered":"<p>&#8220;H\u0131rka&#8221; was one of several names for a short, loose jacket worn by dervishes. The word appears to be post-period. Due to the vast, roiling confusion over the word for the hip-length underjacket, some modern scholars appropriated &#8220;h\u0131rka&#8221; to describe it. The correct 16th-century term is z\u0131b\u0131n.<\/p>\n<p class=\"continue-reading-button\"> <a class=\"continue-reading-link\" href=\"https:\/\/www.issendai.com\/16thcenturyistanbul\/garments\/what-were-they-called\/overcoats\/hirka\/\">Continue reading<i class=\"crycon-right-dir\"><\/i><\/a><\/p>\n","protected":false},"author":1,"featured_media":0,"parent":1979,"menu_order":0,"comment_status":"closed","ping_status":"closed","template":"","meta":{"footnotes":""},"categories":[98,100],"tags":[],"class_list":["post-1878","page","type-page","status-publish","hentry","category-garments","category-proper-names"],"_links":{"self":[{"href":"https:\/\/www.issendai.com\/16thcenturyistanbul\/wp-json\/wp\/v2\/pages\/1878","targetHints":{"allow":["GET"]}}],"collection":[{"href":"https:\/\/www.issendai.com\/16thcenturyistanbul\/wp-json\/wp\/v2\/pages"}],"about":[{"href":"https:\/\/www.issendai.com\/16thcenturyistanbul\/wp-json\/wp\/v2\/types\/page"}],"author":[{"embeddable":true,"href":"https:\/\/www.issendai.com\/16thcenturyistanbul\/wp-json\/wp\/v2\/users\/1"}],"replies":[{"embeddable":true,"href":"https:\/\/www.issendai.com\/16thcenturyistanbul\/wp-json\/wp\/v2\/comments?post=1878"}],"version-history":[{"count":3,"href":"https:\/\/www.issendai.com\/16thcenturyistanbul\/wp-json\/wp\/v2\/pages\/1878\/revisions"}],"predecessor-version":[{"id":1975,"href":"https:\/\/www.issendai.com\/16thcenturyistanbul\/wp-json\/wp\/v2\/pages\/1878\/revisions\/1975"}],"up":[{"embeddable":true,"href":"https:\/\/www.issendai.com\/16thcenturyistanbul\/wp-json\/wp\/v2\/pages\/1979"}],"wp:attachment":[{"href":"https:\/\/www.issendai.com\/16thcenturyistanbul\/wp-json\/wp\/v2\/media?parent=1878"}],"wp:term":[{"taxonomy":"category","embeddable":true,"href":"https:\/\/www.issendai.com\/16thcenturyistanbul\/wp-json\/wp\/v2\/categories?post=1878"},{"taxonomy":"post_tag","embeddable":true,"href":"https:\/\/www.issendai.com\/16thcenturyistanbul\/wp-json\/wp\/v2\/tags?post=1878"}],"curies":[{"name":"wp","href":"https:\/\/api.w.org\/{rel}","templated":true}]}}