{"id":1923,"date":"2018-06-13T17:24:06","date_gmt":"2018-06-13T22:24:06","guid":{"rendered":"http:\/\/www.issendai.com\/16thcenturyistanbul\/?page_id=1923"},"modified":"2018-06-13T19:05:38","modified_gmt":"2018-06-14T00:05:38","slug":"cember-cenber","status":"publish","type":"page","link":"https:\/\/www.issendai.com\/16thcenturyistanbul\/garments\/what-were-they-called\/headgear\/cember-cenber\/","title":{"rendered":"\u00c7ember\/\u00c7enber"},"content":{"rendered":"<p>The \u00e7ember or \u00e7enber, literally &#8220;circle,&#8221; is a band of folded fabric wrapped around a woman&#8217;s pillbox-shaped hat. It can be \u00a0decorative, or when a woman wears a hat veil (<a href=\"http:\/\/www.issendai.com\/16thcenturyistanbul\/garments\/what-were-they-called\/makrama\/\">makrama<\/a>), it&#8217;s tied over top of the makrama to hold the makrama on.<\/p>\n","protected":false},"excerpt":{"rendered":"<p>The \u00e7ember or \u00e7enber, literally &#8220;circle,&#8221; is a band of folded fabric wrapped around a woman&#8217;s pillbox-shaped hat. It can be \u00a0decorative, or when a woman wears a hat veil (makrama), it&#8217;s tied over top of the makrama to hold the makrama on.<\/p>\n<p class=\"continue-reading-button\"> <a class=\"continue-reading-link\" href=\"https:\/\/www.issendai.com\/16thcenturyistanbul\/garments\/what-were-they-called\/headgear\/cember-cenber\/\">Continue reading<i class=\"crycon-right-dir\"><\/i><\/a><\/p>\n","protected":false},"author":1,"featured_media":0,"parent":1981,"menu_order":0,"comment_status":"closed","ping_status":"closed","template":"","meta":{"footnotes":""},"categories":[99,98,100],"tags":[],"class_list":["post-1923","page","type-page","status-publish","hentry","category-final-names","category-garments","category-proper-names"],"_links":{"self":[{"href":"https:\/\/www.issendai.com\/16thcenturyistanbul\/wp-json\/wp\/v2\/pages\/1923","targetHints":{"allow":["GET"]}}],"collection":[{"href":"https:\/\/www.issendai.com\/16thcenturyistanbul\/wp-json\/wp\/v2\/pages"}],"about":[{"href":"https:\/\/www.issendai.com\/16thcenturyistanbul\/wp-json\/wp\/v2\/types\/page"}],"author":[{"embeddable":true,"href":"https:\/\/www.issendai.com\/16thcenturyistanbul\/wp-json\/wp\/v2\/users\/1"}],"replies":[{"embeddable":true,"href":"https:\/\/www.issendai.com\/16thcenturyistanbul\/wp-json\/wp\/v2\/comments?post=1923"}],"version-history":[{"count":1,"href":"https:\/\/www.issendai.com\/16thcenturyistanbul\/wp-json\/wp\/v2\/pages\/1923\/revisions"}],"predecessor-version":[{"id":1924,"href":"https:\/\/www.issendai.com\/16thcenturyistanbul\/wp-json\/wp\/v2\/pages\/1923\/revisions\/1924"}],"up":[{"embeddable":true,"href":"https:\/\/www.issendai.com\/16thcenturyistanbul\/wp-json\/wp\/v2\/pages\/1981"}],"wp:attachment":[{"href":"https:\/\/www.issendai.com\/16thcenturyistanbul\/wp-json\/wp\/v2\/media?parent=1923"}],"wp:term":[{"taxonomy":"category","embeddable":true,"href":"https:\/\/www.issendai.com\/16thcenturyistanbul\/wp-json\/wp\/v2\/categories?post=1923"},{"taxonomy":"post_tag","embeddable":true,"href":"https:\/\/www.issendai.com\/16thcenturyistanbul\/wp-json\/wp\/v2\/tags?post=1923"}],"curies":[{"name":"wp","href":"https:\/\/api.w.org\/{rel}","templated":true}]}}