{"id":1936,"date":"2018-06-13T17:56:47","date_gmt":"2018-06-13T22:56:47","guid":{"rendered":"http:\/\/www.issendai.com\/16thcenturyistanbul\/?page_id=1936"},"modified":"2021-06-27T18:43:25","modified_gmt":"2021-06-27T23:43:25","slug":"agriz","status":"publish","type":"page","link":"https:\/\/www.issendai.com\/16thcenturyistanbul\/garments\/what-were-they-called\/overcoats\/agriz\/","title":{"rendered":"A\u011fr\u0131z"},"content":{"rendered":"<p>The a\u011fr\u0131z is a\u00a0mystery garment worn by very poor male agricultural laborers (all but one of the recorded wearers are escaped slaves) and made of the mystery fabric \u201ca\u011fr\u0131z,\u201d which was probably a variety of felt.<\/p>\n<p>As igriz (or rarely agriz), it appears in Ottoman-era 16th-century Hungarian customs records.<span id='easy-footnote-1-1936' class='easy-footnote-margin-adjust'><\/span><span class='easy-footnote'><a href='https:\/\/www.issendai.com\/16thcenturyistanbul\/garments\/what-were-they-called\/overcoats\/agriz\/#easy-footnote-bottom-1-1936' title='Zsigmond P\u00e1l Pach, \u201c&lt;a href=&quot;https:\/\/tti.abtk.hu\/images\/kiadvanyok\/folyoiratok\/tsz\/tsz1997-1\/001-019_pach.pdf&quot; target=&quot;_blank&quot; rel=&quot;noopener&quot;&gt;Aba, kebe, igriz. Poszt\u00f3fajt\u00e1k a h\u00f3dolts\u00e1gi t\u00f6r\u00f6k v\u00e1mnapl\u00f3kban a 16. sz\u00e1zad derek\u00e1n&lt;\/a&gt;,\u201d [Types of cloth in the customs accounts of the Hungarian Turkish territories at the middle of the sixteenth century]\u00a0&lt;em&gt;T\u00f6rtenelmi Szemle&lt;\/em&gt; 29, no. 1 (1997): 1-19. &lt;span class=&quot;a&quot;&gt;Accessed on June 27, 2021.&lt;\/span&gt;'><sup>1<\/sup><\/a><\/span> It&#8217;s usually written <em>kebe-i igriz<\/em>, Ottoman Turkish &#8220;felt (or felt garment) made of igriz.&#8221; Pach Zsigmond P\u00e1l, who studied the Hungarian textile trade extensively, believes the root of the word is Latin <em>griseus<\/em>, from <em>pannus griseus<\/em>, &#8220;gray cloth.&#8221; This was a medieval term for a cheap, undyed cloth made from the wool of differently colored sheep and used for coarse clothing, or as the lining of fine clothing.<span id='easy-footnote-2-1936' class='easy-footnote-margin-adjust'><\/span><span class='easy-footnote'><a href='https:\/\/www.issendai.com\/16thcenturyistanbul\/garments\/what-were-they-called\/overcoats\/agriz\/#easy-footnote-bottom-2-1936' title='Nutz, Beatriz. &amp;#8220;&lt;a href=&quot;https:\/\/www.academia.edu\/35141964\/Medieval_and_Early_Modern_Silk_Textiles_in_Tyrol._Extant_Finds_Production_and_Trade&quot; target=&quot;_blank&quot; rel=&quot;noopener&quot;&gt;Medieval and Early Modern Silk Textiles in Tyrol. Extant Finds, Production and Trade&lt;\/a&gt;.&amp;#8221; European Textile Forum, 2017. Accessed on June 27, 2021.'><sup>2<\/sup><\/a><\/span> The phrase was in use in 13th-century Hungary,<span id='easy-footnote-3-1936' class='easy-footnote-margin-adjust'><\/span><span class='easy-footnote'><a href='https:\/\/www.issendai.com\/16thcenturyistanbul\/garments\/what-were-they-called\/overcoats\/agriz\/#easy-footnote-bottom-3-1936' title='&lt;span class=&quot;a&quot;&gt;Zsigmond P\u00e1l Pach, \u201c&lt;a href=&quot;http:\/\/acta.bibl.u-szeged.hu\/44106\/1\/karacsonyi70_071-080.pdf&quot; target=&quot;_blank&quot; rel=&quot;noopener&quot;&gt;Pannus &lt;\/a&gt;&lt;\/span&gt;&lt;span class=&quot;a&quot;&gt;&lt;a href=&quot;_wp_link_placeholder&quot;&gt;coloratus \u00e9s pannus griseus a XIII. sz\u00e1zadi Magyarorsz\u00e1gon&lt;\/a&gt;\u201d &lt;\/span&gt;&lt;span class=&quot;a&quot;&gt;[Pannus coloratus and pannus griseus in thirteenth-century &lt;\/span&gt;&lt;span class=&quot;a&quot;&gt;Hungary], in: &lt;\/span&gt;&lt;em&gt;&lt;span class=&quot;a&quot;&gt;Tanulm\u00e1nyok Kar\u00e1csonyi B\u00e9la 70. sz\u00fclet\u00e9snapj\u00e1ra&lt;\/span&gt;&lt;\/em&gt;&lt;span class=&quot;a&quot;&gt;, &lt;\/span&gt;&lt;span class=&quot;a&quot;&gt;ed. P\u00e9ter Kulcs\u00e1r, B\u00e9la Mader,\u00a0and Istv\u00e1n Monok (Szeged: J\u00f3zsef&lt;\/span&gt;&lt;span class=&quot;a&quot;&gt;Attila Tudom\u00e1nyegyetem K\u00f6zponti K\u00f6nyvt\u00e1ra, J\u00f3zsef Attila Tu&lt;\/span&gt;&lt;span class=&quot;a&quot;&gt;dom\u00e1nyegyetem B\u00f6lcs\u00e9szettudom\u00e1nyi Kar Magyar T\u00f6rt\u00e9neti &lt;\/span&gt;&lt;span class=&quot;a&quot;&gt;Tansz\u00e9ke, 1989), 71\u201380. Accessed on June 27, 2021.&lt;\/span&gt;'><sup>3<\/sup><\/a><\/span> leaving plenty of time for it to encounter the Ottoman Turks and be exported to Anatolia alongside Hungarian &#8220;gray cloth.&#8221;<\/p>\n<p>If P\u00e1l&#8217;s theory is correct, then the fabric may have changed along with the name. The only examples of <em>pannus griseus<\/em> I could find were from Tyrol,<span id='easy-footnote-4-1936' class='easy-footnote-margin-adjust'><\/span><span class='easy-footnote'><a href='https:\/\/www.issendai.com\/16thcenturyistanbul\/garments\/what-were-they-called\/overcoats\/agriz\/#easy-footnote-bottom-4-1936' title='Nutz 2017.'><sup>4<\/sup><\/a><\/span> hundreds of miles to the west and a poor point of comparison. However, this <em>pannus griseus<\/em> was 16th century, contemporary with the Istanbul-area records of slaves wearing a\u011fr\u0131z, and it was clearly a woven fabric, while the Hungarian and Istanbul records describe igriz\/agriz as felt. Possibly the 16th-century Hungarian product was a gray felt made from the wool of differently colored sheep.<\/p>\n","protected":false},"excerpt":{"rendered":"<p>The a\u011fr\u0131z is a\u00a0mystery garment worn by very poor male agricultural laborers (all but one of the recorded wearers are escaped slaves) and made of the mystery fabric \u201ca\u011fr\u0131z,\u201d which was probably a variety of felt. As igriz (or rarely agriz), it appears in Ottoman-era 16th-century Hungarian customs records. It&#8217;s\u2026<\/p>\n<p class=\"continue-reading-button\"> <a class=\"continue-reading-link\" href=\"https:\/\/www.issendai.com\/16thcenturyistanbul\/garments\/what-were-they-called\/overcoats\/agriz\/\">Continue reading<i class=\"crycon-right-dir\"><\/i><\/a><\/p>\n","protected":false},"author":1,"featured_media":0,"parent":1979,"menu_order":0,"comment_status":"closed","ping_status":"closed","template":"","meta":{"footnotes":""},"categories":[99,98,100],"tags":[],"class_list":["post-1936","page","type-page","status-publish","hentry","category-final-names","category-garments","category-proper-names"],"_links":{"self":[{"href":"https:\/\/www.issendai.com\/16thcenturyistanbul\/wp-json\/wp\/v2\/pages\/1936","targetHints":{"allow":["GET"]}}],"collection":[{"href":"https:\/\/www.issendai.com\/16thcenturyistanbul\/wp-json\/wp\/v2\/pages"}],"about":[{"href":"https:\/\/www.issendai.com\/16thcenturyistanbul\/wp-json\/wp\/v2\/types\/page"}],"author":[{"embeddable":true,"href":"https:\/\/www.issendai.com\/16thcenturyistanbul\/wp-json\/wp\/v2\/users\/1"}],"replies":[{"embeddable":true,"href":"https:\/\/www.issendai.com\/16thcenturyistanbul\/wp-json\/wp\/v2\/comments?post=1936"}],"version-history":[{"count":5,"href":"https:\/\/www.issendai.com\/16thcenturyistanbul\/wp-json\/wp\/v2\/pages\/1936\/revisions"}],"predecessor-version":[{"id":2516,"href":"https:\/\/www.issendai.com\/16thcenturyistanbul\/wp-json\/wp\/v2\/pages\/1936\/revisions\/2516"}],"up":[{"embeddable":true,"href":"https:\/\/www.issendai.com\/16thcenturyistanbul\/wp-json\/wp\/v2\/pages\/1979"}],"wp:attachment":[{"href":"https:\/\/www.issendai.com\/16thcenturyistanbul\/wp-json\/wp\/v2\/media?parent=1936"}],"wp:term":[{"taxonomy":"category","embeddable":true,"href":"https:\/\/www.issendai.com\/16thcenturyistanbul\/wp-json\/wp\/v2\/categories?post=1936"},{"taxonomy":"post_tag","embeddable":true,"href":"https:\/\/www.issendai.com\/16thcenturyistanbul\/wp-json\/wp\/v2\/tags?post=1936"}],"curies":[{"name":"wp","href":"https:\/\/api.w.org\/{rel}","templated":true}]}}