{"id":2011,"date":"2018-06-13T19:36:44","date_gmt":"2018-06-14T00:36:44","guid":{"rendered":"http:\/\/www.issendai.com\/16thcenturyistanbul\/?page_id=2011"},"modified":"2018-06-13T19:36:44","modified_gmt":"2018-06-14T00:36:44","slug":"tuman-caksir","status":"publish","type":"page","link":"https:\/\/www.issendai.com\/16thcenturyistanbul\/garments\/what-were-they-called\/pants\/tuman-caksir\/","title":{"rendered":"Tuman \u00c7ak\u015f\u0131r"},"content":{"rendered":"<p>Tuman or tuman\u00a0\u00e7ak\u015f\u0131r [<a href=\"http:\/\/www.ingilizceosmanlica.com\/osmanlica-ingilizce-sozluk-madde-20051.html\" target=\"_blank\" rel=\"noopener noreferrer\">link<\/a>] are a style of trousers defined in a 1533 dictionary as &#8220;chalze senza brachette,&#8221; trousers without flies(?), and in 1611 as &#8220;halbhosen,&#8221; half-trousers, or &#8220;unterhosen,&#8221; underpants. The derivation is the Persian\u00a0<em>tunb\u0101n<\/em>, &#8220;short breeches; drawers; wrestler\u2019s leathern breeches.&#8221;<\/p>\n","protected":false},"excerpt":{"rendered":"<p>Tuman or tuman\u00a0\u00e7ak\u015f\u0131r [link] are a style of trousers defined in a 1533 dictionary as &#8220;chalze senza brachette,&#8221; trousers without flies(?), and in 1611 as &#8220;halbhosen,&#8221; half-trousers, or &#8220;unterhosen,&#8221; underpants. The derivation is the Persian\u00a0tunb\u0101n, &#8220;short breeches; drawers; wrestler\u2019s leathern breeches.&#8221;<\/p>\n<p class=\"continue-reading-button\"> <a class=\"continue-reading-link\" href=\"https:\/\/www.issendai.com\/16thcenturyistanbul\/garments\/what-were-they-called\/pants\/tuman-caksir\/\">Continue reading<i class=\"crycon-right-dir\"><\/i><\/a><\/p>\n","protected":false},"author":1,"featured_media":0,"parent":1985,"menu_order":0,"comment_status":"closed","ping_status":"closed","template":"","meta":{"footnotes":""},"categories":[98,100],"tags":[],"class_list":["post-2011","page","type-page","status-publish","hentry","category-garments","category-proper-names"],"_links":{"self":[{"href":"https:\/\/www.issendai.com\/16thcenturyistanbul\/wp-json\/wp\/v2\/pages\/2011","targetHints":{"allow":["GET"]}}],"collection":[{"href":"https:\/\/www.issendai.com\/16thcenturyistanbul\/wp-json\/wp\/v2\/pages"}],"about":[{"href":"https:\/\/www.issendai.com\/16thcenturyistanbul\/wp-json\/wp\/v2\/types\/page"}],"author":[{"embeddable":true,"href":"https:\/\/www.issendai.com\/16thcenturyistanbul\/wp-json\/wp\/v2\/users\/1"}],"replies":[{"embeddable":true,"href":"https:\/\/www.issendai.com\/16thcenturyistanbul\/wp-json\/wp\/v2\/comments?post=2011"}],"version-history":[{"count":1,"href":"https:\/\/www.issendai.com\/16thcenturyistanbul\/wp-json\/wp\/v2\/pages\/2011\/revisions"}],"predecessor-version":[{"id":2012,"href":"https:\/\/www.issendai.com\/16thcenturyistanbul\/wp-json\/wp\/v2\/pages\/2011\/revisions\/2012"}],"up":[{"embeddable":true,"href":"https:\/\/www.issendai.com\/16thcenturyistanbul\/wp-json\/wp\/v2\/pages\/1985"}],"wp:attachment":[{"href":"https:\/\/www.issendai.com\/16thcenturyistanbul\/wp-json\/wp\/v2\/media?parent=2011"}],"wp:term":[{"taxonomy":"category","embeddable":true,"href":"https:\/\/www.issendai.com\/16thcenturyistanbul\/wp-json\/wp\/v2\/categories?post=2011"},{"taxonomy":"post_tag","embeddable":true,"href":"https:\/\/www.issendai.com\/16thcenturyistanbul\/wp-json\/wp\/v2\/tags?post=2011"}],"curies":[{"name":"wp","href":"https:\/\/api.w.org\/{rel}","templated":true}]}}