{"id":2022,"date":"2018-06-13T19:57:55","date_gmt":"2018-06-14T00:57:55","guid":{"rendered":"http:\/\/www.issendai.com\/16thcenturyistanbul\/?page_id=2022"},"modified":"2018-06-13T19:57:55","modified_gmt":"2018-06-14T00:57:55","slug":"carik","status":"publish","type":"page","link":"https:\/\/www.issendai.com\/16thcenturyistanbul\/garments\/what-were-they-called\/footwear\/carik\/","title":{"rendered":"\u00c7ar\u0131k"},"content":{"rendered":"<p>\u00c7ar\u0131k were sandals.<\/p>\n<p>In Old Turkish they were referred to as\u00a0<em>kaba ayakkab\u0131<\/em>, &#8220;rough shoes,&#8221; as opposed to <a href=\"http:\/\/www.issendai.com\/16thcenturyistanbul\/garments\/what-were-they-called\/footwear\/edik\/\">edik<\/a>, which were\u00a0<em>mamul ayakkab\u0131<\/em>, &#8220;finished shoes.&#8221;<\/p>\n","protected":false},"excerpt":{"rendered":"<p>\u00c7ar\u0131k were sandals. In Old Turkish they were referred to as\u00a0kaba ayakkab\u0131, &#8220;rough shoes,&#8221; as opposed to edik, which were\u00a0mamul ayakkab\u0131, &#8220;finished shoes.&#8221;<\/p>\n<p class=\"continue-reading-button\"> <a class=\"continue-reading-link\" href=\"https:\/\/www.issendai.com\/16thcenturyistanbul\/garments\/what-were-they-called\/footwear\/carik\/\">Continue reading<i class=\"crycon-right-dir\"><\/i><\/a><\/p>\n","protected":false},"author":1,"featured_media":0,"parent":1983,"menu_order":0,"comment_status":"closed","ping_status":"closed","template":"","meta":{"footnotes":""},"categories":[99,98,100],"tags":[],"class_list":["post-2022","page","type-page","status-publish","hentry","category-final-names","category-garments","category-proper-names"],"_links":{"self":[{"href":"https:\/\/www.issendai.com\/16thcenturyistanbul\/wp-json\/wp\/v2\/pages\/2022","targetHints":{"allow":["GET"]}}],"collection":[{"href":"https:\/\/www.issendai.com\/16thcenturyistanbul\/wp-json\/wp\/v2\/pages"}],"about":[{"href":"https:\/\/www.issendai.com\/16thcenturyistanbul\/wp-json\/wp\/v2\/types\/page"}],"author":[{"embeddable":true,"href":"https:\/\/www.issendai.com\/16thcenturyistanbul\/wp-json\/wp\/v2\/users\/1"}],"replies":[{"embeddable":true,"href":"https:\/\/www.issendai.com\/16thcenturyistanbul\/wp-json\/wp\/v2\/comments?post=2022"}],"version-history":[{"count":1,"href":"https:\/\/www.issendai.com\/16thcenturyistanbul\/wp-json\/wp\/v2\/pages\/2022\/revisions"}],"predecessor-version":[{"id":2023,"href":"https:\/\/www.issendai.com\/16thcenturyistanbul\/wp-json\/wp\/v2\/pages\/2022\/revisions\/2023"}],"up":[{"embeddable":true,"href":"https:\/\/www.issendai.com\/16thcenturyistanbul\/wp-json\/wp\/v2\/pages\/1983"}],"wp:attachment":[{"href":"https:\/\/www.issendai.com\/16thcenturyistanbul\/wp-json\/wp\/v2\/media?parent=2022"}],"wp:term":[{"taxonomy":"category","embeddable":true,"href":"https:\/\/www.issendai.com\/16thcenturyistanbul\/wp-json\/wp\/v2\/categories?post=2022"},{"taxonomy":"post_tag","embeddable":true,"href":"https:\/\/www.issendai.com\/16thcenturyistanbul\/wp-json\/wp\/v2\/tags?post=2022"}],"curies":[{"name":"wp","href":"https:\/\/api.w.org\/{rel}","templated":true}]}}