{"id":2048,"date":"2018-08-21T21:46:17","date_gmt":"2018-08-22T02:46:17","guid":{"rendered":"http:\/\/www.issendai.com\/16thcenturyistanbul\/?page_id=2048"},"modified":"2021-07-05T15:57:22","modified_gmt":"2021-07-05T20:57:22","slug":"abdurrahim-b-piris-stolen-goods","status":"publish","type":"page","link":"https:\/\/www.issendai.com\/16thcenturyistanbul\/fabrics-and-colors\/abdurrahim-b-piris-stolen-goods\/","title":{"rendered":"Abd\u00fcrrahim b. P\u00eer\u00ee&#8217;s Stolen Goods"},"content":{"rendered":"<p>In the fifth month of 1594-1595, the religious scholar\u00a0Abd\u00fcrrahim b. P\u00eer\u00ee complained that\u00a0Kalender \u00c7avu\u015f b. Hasan had stolen some of his goods. The court case gives a listing of his stolen goods:<\/p>\n<p style=\"padding-left: 30px;\">bir sepet\u00a0ile bir gar\u00e2r i\u00e7inde laciverd dolamal\u0131k \u00e7uka ve bir laciverd \u00e7uka fer\u00e2ce ve bir alaca\u00a0pe\u015fkir ve on be\u015f zir\u00e2\u2018 bez ve bir d\u00fclbend ve neft\u00ee Borlu bezi ve \u00fc\u00e7 aded abdest\u00a0makramas\u0131 ve bir k\u00f6hne d\u00fclbend \u00f6rt\u00fcs\u00fc ve bir k\u00f6hne s\u00e2de ve bir mor sa\u00e7akl\u0131\u00a0mor \u00e7uka ve bir ye\u015fil zenne \u00e7uka fer\u00e2ce ve bir frengi sa\u00e7akl\u0131 mor \u00e7uka fer\u00e2ce\u00a0ve bir kemh\u00e2 sa\u00e7akl\u0131 laciverd \u00e7uka fer\u00e2ce ve bir ye\u015fil \u00e7uka fer\u00e2ce ve on aded k\u00fc\u00e7\u00fck\u00a0b\u0131\u00e7ak ve iki deste tar\u00e2k ve on \u00fc\u00e7 aded ho\u015fab ka\u015f\u0131\u011f\u0131 ve on sekiz zir\u00e2\u2018 keten\u00a0bezi ve iki zir\u00e2\u2018 erguv\u00e2n\u00ee \u00e7uka ve d\u00f6rt bu\u00e7uk zir\u00e2\u2018 neft\u00ee \u00e7uka ve iki zir\u00e2\u2018 laciverd\u00a0\u00e7uka ve def \u2018a iki zir\u00e2\u2018 laciverd \u00e7uka ve \u00fc\u00e7 zir\u00e2\u2018 laciverd \u00e7uka ve be\u015f zir\u00e2\u2018 laciverd\u00a0\u00e7uka ve yirmi zir\u00e2\u2018 laciverd \u00e7uka ve on yedi bu\u00e7uk zir\u00e2\u2018 beyaz aba ve on bir zir\u00e2\u2018\u00a0def \u2018a aba ve sekiz zir\u00e2\u2018 k\u0131r aba ve iki k\u00f6hne kilim ve bir sepet sand\u0131\u011f\u0131 ve iki gar\u00e2r\u00a0ve bir cild Tefs\u00eer-i K\u0101d\u00ee ve bir Vik\u0101ye ve bir Feri\u015fteo\u011flu ve bir Metn-i us\u00fblden ve\u00a0bir Muhtasar ve bir cild Sarfdan ve bir cild Nahivden ve Tefs\u00eer-i \u015fer\u00eefden d\u00f6rt\u00a0c\u00fcz\u2019 evr\u00e2k ve bir Husam-\u0131 K\u00e2f\u00ee ve bir Muhtasar Us\u00fbl ve bir Misb\u00e2h ve bir Mutavass\u0131t\u00a0ve bir Metn-i telh\u00ees ve bir \u0130m\u00e2d ve bir H\u00e2\u015fiye-i k\u00fc\u00e7\u00fck ve bir \u015eerh-i ak\u0101\u2019id\u00a0ve bir Hay\u00e2l\u00ee ve bir Mirk\u0101t ve bir H\u00e2\u015fiye-i Hocaz\u00e2de ve bir \u015eahged\u00e2 tesl\u00eem eylemi\u015f\u00a0idi.<\/p>\n<p>Translation:<\/p>\n<ul>\n<li><strong>bir sepet\u00a0ile bir gar\u00e2r i\u00e7inde:<\/strong> A chest with a sack inside, containing the following items.<\/li>\n<li><strong>laciverd dolamal\u0131k \u00e7uka:<\/strong> A length of navy blue wool broadcloth long enough to make a garment<\/li>\n<li><strong>bir laciverd \u00e7uka fer\u00e2ce:<\/strong> A navy blue wool broadcloth\u00a0fer\u00e2ce<\/li>\n<li><strong>bir alaca\u00a0pe\u015fkir:<\/strong> A striped or patterned napkin<\/li>\n<li><strong>on be\u015f zir\u00e2\u2018 bez:<\/strong> A length of cotton cloth<\/li>\n<li><strong>bir d\u00fclbend:<\/strong> A wrapping cloth for a turban<\/li>\n<li><strong>neft\u00ee Borlu bezi:<\/strong> Dark green cotton cloth from Borlu<\/li>\n<li><strong>\u00fc\u00e7 aded abdest\u00a0makramas\u0131:<\/strong> Three washcloths<\/li>\n<li><strong>bir k\u00f6hne d\u00fclbend \u00f6rt\u00fcs\u00fc:<\/strong> An old turban cover?<\/li>\n<li><strong>bir k\u00f6hne s\u00e2de:<\/strong> An old robe<\/li>\n<li><strong>bir mor sa\u00e7akl\u0131\u00a0mor \u00e7uka:<\/strong> An overcoat of purple wool broadcloth with purple fringe. Purple was a dark, somber color appropriate for outer clothing.<\/li>\n<li><strong>bir ye\u015fil zenne \u00e7uka fer\u00e2ce:<\/strong> A woman&#8217;s\u00a0fer\u00e2ce of green wool broadcloth<\/li>\n<li><strong>bir frengi sa\u00e7akl\u0131 mor \u00e7uka fer\u00e2ce:<\/strong> Literally a &#8220;European fringed purple wool broadcloth\u00a0fer\u00e2ce.&#8221; It&#8217;s not clear whether the fringe was European, or the wool, or the entire garment.<\/li>\n<li><strong>bir kemh\u00e2 sa\u00e7akl\u0131 laciverd \u00e7uka fer\u00e2ce:<\/strong> Literally &#8220;brocade fringed navy blue wool broadcloth\u00a0fer\u00e2ce.&#8221;<\/li>\n<li><strong>bir ye\u015fil \u00e7uka fer\u00e2ce:<\/strong> A green wool broadcloth\u00a0fer\u00e2ce<\/li>\n<li><strong>on aded k\u00fc\u00e7\u00fck\u00a0b\u0131\u00e7ak:<\/strong> Ten small knives<\/li>\n<li>iki deste tar\u00e2k<\/li>\n<li>on \u00fc\u00e7 aded ho\u015fab ka\u015f\u0131\u011f\u0131: 13 spoons?<\/li>\n<li><strong>on sekiz zir\u00e2\u2018 keten\u00a0bezi:<\/strong> 18 ells of linen cloth<\/li>\n<li><strong>iki zir\u00e2\u2018 erguv\u00e2n\u00ee \u00e7uka:<\/strong> Two ells of light purple wool broadcloth<\/li>\n<li><strong>d\u00f6rt bu\u00e7uk zir\u00e2\u2018 neft\u00ee \u00e7uka:<\/strong> Four double ells of dark green wool broadcloth<\/li>\n<li><strong>iki zir\u00e2\u2018 laciverd\u00a0\u00e7uka:<\/strong> Two ells of navy blue wool broadcloth<\/li>\n<li><strong>def \u2018a iki zir\u00e2\u2018 laciverd \u00e7uka:<\/strong> Another\u00a0two ells of navy blue wool broadcloth<\/li>\n<li><strong>\u00fc\u00e7 zir\u00e2\u2018 laciverd \u00e7uka:<\/strong>\u00a0Three ells of navy blue wool broadcloth<\/li>\n<li><strong>be\u015f zir\u00e2\u2018 laciverd\u00a0\u00e7uka:<\/strong> Five ells of navy blue wool broadcloth<\/li>\n<li><strong>yirmi zir\u00e2\u2018 laciverd \u00e7uka:<\/strong> 20 ells of navy blue wool broadcloth<\/li>\n<li><strong>on yedi bu\u00e7uk zir\u00e2\u2018 beyaz aba:<\/strong> 17 double ells of white aba wool<\/li>\n<li><strong>on bir zir\u00e2\u2018\u00a0def \u2018a aba:<\/strong> 10 ells of a different aba wool<\/li>\n<li><strong>sekiz zir\u00e2\u2018 k\u0131r aba:<\/strong> Eight ells of gray aba wool<\/li>\n<li><strong>iki k\u00f6hne kilim:<\/strong> Two old woven carpets<\/li>\n<li><strong>bir sepet sand\u0131\u011f\u0131:<\/strong> A basketwork traveling trunk<\/li>\n<li><strong>iki gar\u00e2r:<\/strong> Two sacks<\/li>\n<\/ul>\n<p>This is presumably a list of books stored in the basketwork trunk and\/or sacks:<\/p>\n<ul>\n<li>bir cild Tefs\u00eer-i K\u0101d\u00ee<\/li>\n<li>bir Vik\u0101ye<\/li>\n<li>bir Feri\u015fteo\u011flu<\/li>\n<li>bir Metn-i us\u00fblden<\/li>\n<li>bir Muhtasar<\/li>\n<li>bir cild Sarfdan<\/li>\n<li>bir cild Nahivden<\/li>\n<li>Tefs\u00eer-i \u015fer\u00eefden d\u00f6rt\u00a0c\u00fcz\u2019 evr\u00e2k<\/li>\n<li>bir Husam-\u0131 K\u00e2f\u00ee<\/li>\n<li>bir Muhtasar Us\u00fbl<\/li>\n<li>bir Misb\u00e2h<\/li>\n<li>bir Mutavass\u0131t<\/li>\n<li>bir Metn-i telh\u00ees<\/li>\n<li>bir \u0130m\u00e2d<\/li>\n<li>bir H\u00e2\u015fiye-i k\u00fc\u00e7\u00fck<\/li>\n<li>bir \u015eerh-i ak\u0101\u2019id<\/li>\n<li>bir Hay\u00e2l\u00ee<\/li>\n<li>bir Mirk\u0101t<\/li>\n<li>bir H\u00e2\u015fiye-i Hocaz\u00e2de<\/li>\n<li>bir \u015eahged\u00e2<\/li>\n<\/ul>\n<p><strong>Source:<\/strong>\u00a0<a href=\"http:\/\/www.kadisicilleri.org\/arascl\/ayrmetin.php?idno=9259\" target=\"_blank\" rel=\"noopener\">\u0130STANBUL KADI S\u0130C\u0130LLER\u0130\u00a0RUMEL\u0130 SAD\u00c2RET\u0130 MAHKEMES\u0130\u00a021\u00a0NUMARALI S\u0130C\u0130L\u00a0(H. 1002-1003 \/ M. 1594-1595), case 38.<\/a><\/p>\n","protected":false},"excerpt":{"rendered":"<p>In the fifth month of 1594-1595, the religious scholar\u00a0Abd\u00fcrrahim b. P\u00eer\u00ee complained that\u00a0Kalender \u00c7avu\u015f b. Hasan had stolen some of his goods. The court case gives a listing of his stolen goods: bir sepet\u00a0ile bir gar\u00e2r i\u00e7inde laciverd dolamal\u0131k \u00e7uka ve bir laciverd \u00e7uka fer\u00e2ce ve bir alaca\u00a0pe\u015fkir ve on\u2026<\/p>\n<p class=\"continue-reading-button\"> <a class=\"continue-reading-link\" href=\"https:\/\/www.issendai.com\/16thcenturyistanbul\/fabrics-and-colors\/abdurrahim-b-piris-stolen-goods\/\">Continue reading<i class=\"crycon-right-dir\"><\/i><\/a><\/p>\n","protected":false},"author":1,"featured_media":0,"parent":943,"menu_order":0,"comment_status":"closed","ping_status":"closed","template":"","meta":{"footnotes":""},"categories":[82],"tags":[],"class_list":["post-2048","page","type-page","status-publish","hentry","category-fabrics-and-colors"],"_links":{"self":[{"href":"https:\/\/www.issendai.com\/16thcenturyistanbul\/wp-json\/wp\/v2\/pages\/2048","targetHints":{"allow":["GET"]}}],"collection":[{"href":"https:\/\/www.issendai.com\/16thcenturyistanbul\/wp-json\/wp\/v2\/pages"}],"about":[{"href":"https:\/\/www.issendai.com\/16thcenturyistanbul\/wp-json\/wp\/v2\/types\/page"}],"author":[{"embeddable":true,"href":"https:\/\/www.issendai.com\/16thcenturyistanbul\/wp-json\/wp\/v2\/users\/1"}],"replies":[{"embeddable":true,"href":"https:\/\/www.issendai.com\/16thcenturyistanbul\/wp-json\/wp\/v2\/comments?post=2048"}],"version-history":[{"count":4,"href":"https:\/\/www.issendai.com\/16thcenturyistanbul\/wp-json\/wp\/v2\/pages\/2048\/revisions"}],"predecessor-version":[{"id":2539,"href":"https:\/\/www.issendai.com\/16thcenturyistanbul\/wp-json\/wp\/v2\/pages\/2048\/revisions\/2539"}],"up":[{"embeddable":true,"href":"https:\/\/www.issendai.com\/16thcenturyistanbul\/wp-json\/wp\/v2\/pages\/943"}],"wp:attachment":[{"href":"https:\/\/www.issendai.com\/16thcenturyistanbul\/wp-json\/wp\/v2\/media?parent=2048"}],"wp:term":[{"taxonomy":"category","embeddable":true,"href":"https:\/\/www.issendai.com\/16thcenturyistanbul\/wp-json\/wp\/v2\/categories?post=2048"},{"taxonomy":"post_tag","embeddable":true,"href":"https:\/\/www.issendai.com\/16thcenturyistanbul\/wp-json\/wp\/v2\/tags?post=2048"}],"curies":[{"name":"wp","href":"https:\/\/api.w.org\/{rel}","templated":true}]}}