{"id":2166,"date":"2018-11-02T11:49:54","date_gmt":"2018-11-02T16:49:54","guid":{"rendered":"http:\/\/www.issendai.com\/16thcenturyistanbul\/?page_id=2166"},"modified":"2024-08-29T20:54:29","modified_gmt":"2024-08-30T01:54:29","slug":"the-ladies-of-istanbul","status":"publish","type":"page","link":"https:\/\/www.issendai.com\/16thcenturyistanbul\/turkish-names\/muslim-names\/the-ladies-of-istanbul\/","title":{"rendered":"The Ladies of Istanbul"},"content":{"rendered":"\n<p><em>I entered the original version of this paper in the novice division in the 2018 St. Eligius Arts &amp; Sciences Competition.<\/em><\/p>\n\n\n\n<p>In 16<sup>th<\/sup>-century Istanbul, names followed religion. Muslims, Greek Orthodox Christians, Armenian Orthodox Christians, and Jews each had their own name pools, with very little crossover even between branches of Christianity<span id='easy-footnote-1-2166' class='easy-footnote-margin-adjust'><\/span><span class='easy-footnote'><a href='https:\/\/www.issendai.com\/16thcenturyistanbul\/turkish-names\/muslim-names\/the-ladies-of-istanbul\/#easy-footnote-bottom-1-2166' title='Sephardic, Ashkenazi, and Romaniot Jews also had distinctive names, but I cannot say how much interchange there was between groups.'><sup>1<\/sup><\/a><\/span> The pool of Muslim female names was further divided into names borne by free women and names borne by current or former slaves.<span id='easy-footnote-2-2166' class='easy-footnote-margin-adjust'><\/span><span class='easy-footnote'><a href='https:\/\/www.issendai.com\/16thcenturyistanbul\/turkish-names\/muslim-names\/the-ladies-of-istanbul\/#easy-footnote-bottom-2-2166' title='The tradition of reserving certain names for female slaves was already well established in the Middle East at the time of the founding of Islam. (Dirbas, p. 4) Although I have not researched far enough afield to establish a direct line of transmission from 7&lt;sup&gt;th&lt;\/sup&gt;-century Mecca to 16&lt;sup&gt;th&lt;\/sup&gt;-century Istanbul, the Ottoman Turkish institution of slavery was thoroughly shaped by Islam, making it extremely likely that the Ottoman slave naming tradition was also Islamic.'><sup>2<\/sup><\/a><\/span> However, women\u2019s near-total absence from public life makes female names difficult to gather, let alone to collect in numbers great enough to allow any sort of meaningful analysis.<\/p>\n\n\n\n<p>The pleasant exception is shari\u2019a court records. These volumes are the richest primary sources available for the lives of ordinary people in the Ottoman empire. They contain everything: debt collections, real estate sales, inventories of deceased people\u2019s households, records of the manumission of faithful slaves and the hunt for escaped slaves, accusations of drunkenness, petty theft, and immoral hijinks, ugly divorces, and even the occasional murder mystery. And all of it is awash in names.<span id='easy-footnote-3-2166' class='easy-footnote-margin-adjust'><\/span><span class='easy-footnote'><a href='https:\/\/www.issendai.com\/16thcenturyistanbul\/turkish-names\/muslim-names\/the-ladies-of-istanbul\/#easy-footnote-bottom-3-2166' title='Male names, mostly. In one sample volume, there are 6,121 instances of b. (&lt;em&gt;bin&lt;\/em&gt;, \u201cson of\u201d) to 214 instances of bt. (&lt;em&gt;bint&lt;\/em&gt;, \u201cdaughter of\u201d). The imbalance explains why I had to mine five volumes of court records to get a large enough data sample.'><sup>3<\/sup><\/a><\/span><\/p>\n\n\n\n<p>From five 16<sup>th<\/sup>-century volumes of court records from the greater Istanbul area, I extracted the names of 872 individual women, including 538 freeborn women, 166 female slaves, and 168 female converts whose legal status could not be determined (<a href=\"http:\/\/www.issendai.com\/16thcenturyistanbul\/turkish-names\/the-ladies-of-istanbul\/the-raw-data\/\" data-type=\"page\" data-id=\"2181\">Appendix 1<\/a>). Then, by supplementing cues in the records with frequency analysis (Appendix 2), I separated the names into freeborn and slave names. My goal was to add to the body of names available for women who want to play late-period Ottoman Turkish personas, and to increase our appreciation of the richness of the Ottoman Turkish name pool.<\/p>\n\n\n\n<h3 class=\"wp-block-heading\">Freeborn, Convert, Slave<\/h3>\n\n\n\n<p>Upon conversion to Islam every convert, free or slave, received a new name: a suitably Muslim personal name, plus, to symbolize the convert\u2019s break with his or her infidel past, <em>bin<\/em> (son of, abbreviated <em>b<\/em>.) or <em>bint<\/em> (daughter of, abbreviated <em>bt<\/em>.) <em>Abdullah <\/em>in place of his or her birth father\u2019s name.<span id='easy-footnote-4-2166' class='easy-footnote-margin-adjust'><\/span><span class='easy-footnote'><a href='https:\/\/www.issendai.com\/16thcenturyistanbul\/turkish-names\/muslim-names\/the-ladies-of-istanbul\/#easy-footnote-bottom-4-2166' title='Why Abdullah? I have yet to discover an explanation. It may be because of the name\u2019s peculiarly apropos meaning\u2014\u201cslave of God\u201d\u2014or because Abdullah was Muhammed\u2019s father\u2019s name.'><sup>4<\/sup><\/a><\/span> Freeborn converts were given names like Mehmed, Ali, Ay\u015fe, and F\u00e2t\u0131ma, plain, solid names that evoked important Islamic figures and let their new bearers blend into the crowd. Most male slaves and a few female slaves received the same type of plain names.<span id='easy-footnote-5-2166' class='easy-footnote-margin-adjust'><\/span><span class='easy-footnote'><a href='https:\/\/www.issendai.com\/16thcenturyistanbul\/turkish-names\/muslim-names\/the-ladies-of-istanbul\/#easy-footnote-bottom-5-2166' title='Sobers-Khan, pp. 225-233'><sup>5<\/sup><\/a><\/span> The rest of the slaves, well\u2026<\/p>\n\n\n\n<p>Canhabib, <em>soul\u2019s beloved<\/em><br>Zam\u00e2ne, <em>thirsting, longing<\/em><br>Mah\u0131devran, <em>moon of fortune<\/em><br>G\u00fclendam, <em>whose body is as beautiful as a rose<\/em><br>\u00c2b\u0131kevser, <em>the waters of the river of Paradise<\/em><\/p>\n\n\n\n<p>\u2026Their owners got fancy.<\/p>\n\n\n\n<p>Slave names are exotic and unquestionably Middle Eastern, without the 20<sup>th<\/sup>-century familiarity of common 16<sup>th<\/sup>-century names like Ay\u015fe (Ar. <em>Aisha<\/em>), F\u00e2t\u0131ma, and Hatice (Ar. <em>Khadija<\/em>). They\u2019re catnip to SCAdians. Many people don\u2019t care about the details, and will happily pick a pretty name regardless of the period connotations; but for the purists, and for the completist in my soul, I worked to divide the results of my data collection into slave and free names.<\/p>\n\n\n\n<p>However, picking slave-specific names out of the list wasn\u2019t as easy as tagging every name of a lyrical bent. \u015eeyh Mehmed \u00c7elebi, an eminent late 15<sup>th<\/sup>-century dervish, named his three daughters \u015eehribanu, Cihanbaht, and Ruzbaht, all Persian confections worthy of a poet: Lady of the Sun, The World\u2019s Fortune, The Day\u2019s Fortune.<span id='easy-footnote-6-2166' class='easy-footnote-margin-adjust'><\/span><span class='easy-footnote'><a href='https:\/\/www.issendai.com\/16thcenturyistanbul\/turkish-names\/muslim-names\/the-ladies-of-istanbul\/#easy-footnote-bottom-6-2166' title='Yazar, p. 1034'><sup>6<\/sup><\/a><\/span> When such impeccably respectable women bore lyrical names, the question becomes, <em>which<\/em> lyrical names were given to slaves?<\/p>\n\n\n\n<p>To resolve this question I went\nwoman by woman, tagging each as slave or free. Women with a patronymic other\nthan Abdullah were freeborn by definition. So were women whose circumstances\nindicated that they were freeborn\u2014for example, a convert whose father and adult\nson were both local Greek Christians. Documents like manumissions and bills of\nsale clearly marked women as slaves. Freed slaves could also be detected in\nentries establishing charitable foundations (<em>vakf<\/em>) for a person\u2019s heirs; a clump of b. and bt. Abdullahs among\nthe recipients indicated former slaves who were provided for alongside the\nfamily members.<\/p>\n\n\n\n<p>What was left over was a collection\nof women who were clearly converts, but whose circumstances didn\u2019t indicate\nwhether they were freeborn or freed. I tagged these women as ambiguous, and compared\nthe number of freeborn, slave, and ambiguous women who bore each name. The\nresult was a list of names divided into clearly free, clearly slave, and likely\nslave names, as well as a handful of ambiguous names that need further\nresearch.<\/p>\n\n\n\n<h3 class=\"wp-block-heading\">Types of Names<\/h3>\n\n\n\n<p>The name pool was heavily Arabic and Persian, with a handful of Turkish names and name elements mixed in, but no other perceptible influences.<span id='easy-footnote-7-2166' class='easy-footnote-margin-adjust'><\/span><span class='easy-footnote'><a href='https:\/\/www.issendai.com\/16thcenturyistanbul\/turkish-names\/muslim-names\/the-ladies-of-istanbul\/#easy-footnote-bottom-7-2166' title='The percentage of Arabic, Persian, and Turkish names varied by region. Turkish was seen as a low, common language, so Turkish names were out of favor in wealthy, cosmopolitan Istanbul. (Though not so out of favor that a string of sultans bore the quintessentially Turkish name Murad.) Turkish names were more common in the rest of Anatolia, especially among the common folk. Arabic names were common everywhere because of the influence of Islam.'><sup>7<\/sup><\/a><\/span> Although the variety of name types defy easy categorization, several groups stand out.<\/p>\n\n\n\n<h4 class=\"wp-block-heading\">Arabic Religious Names<\/h4>\n\n\n\n<p>A parent\u2019s first go-to was the name of a woman in Muhammad\u2019s family: F\u00e2t\u0131ma, his youngest and most beloved daughter; Ay\u015fe (Arabic <em>Aisha<\/em>), his favorite wife; Emine (Ar. <em>Amina<\/em>), his mother; Hatice (Ar. <em>Khadija<\/em>), his first wife and the mother of his children. Those four names alone accounted for a quarter of the sample. F\u00e2t\u0131ma and Ay\u015fe vastly outstrip the third-place name, Emine, with 80, 79, and 48 instances, respectively. Other members of Muhammad\u2019s family are also represented, including his daughters \u00dcmm\u00fcgulsum (Ar. <em>Umm Kulthum<\/em>) and Rukiye (Ar. <em>Ruqayyah<\/em>).<\/p>\n\n\n\n<p>Other types of religious names\ninclude:<\/p>\n\n\n\n<ul class=\"wp-block-list\">\n<li><strong>Names of Quranic verses:<\/strong> Kamer (Ar. <em>Qamar<\/em>, \u201cThe Moon\u201d), Nisa (\u201cThe Women\u201d)<\/li>\n\n\n\n<li><strong>Women from the Quran:<\/strong> Belk\u0131s, the Queen of Sheba; Meryem, Jesus\u2019s mother; Z\u00fcleyha (Ar. <em>Zulaikha<\/em>), Potiphar\u2019s wife<\/li>\n\n\n\n<li><strong>Direct references to Islam:<\/strong> M\u00fcslime (Muslim), Teslime (surrendered), Medine (Medina)<\/li>\n<\/ul>\n\n\n\n<p>Traditional Arabic virtue names also make a respectable showing, including such names as Cemile (Ar. <em>Jamila<\/em>, \u201cbeautiful\u201d), Rahime (Ar. <em>rahim<\/em>, \u201cmerciful\u201d), and Habibe (Ar. <em>habib<\/em>, \u201cbeloved\u201d).<\/p>\n\n\n\n<h4 class=\"wp-block-heading\">Persian Names<\/h4>\n\n\n\n<p>As the language of poetry,\nmysticism, and high culture, Persian had a romantic allure for the Ottoman\nTurks. They adopted names from Persian literature, like \u015eirin, the heroine of the 12<sup>th<\/sup>-century epic <em>Khosrow and Shirin<\/em>. They also adopted\nPersian words, especially ones from poetry, like Mihri, Hur\u015fid, and \u00c2fit\u00e2b,\nwhich all mean \u201csun.\u201d But the height of elegance was compound names: \u00c7e\u015fmisiy\u00e2h, \u201cdark eyes\u201d; L\u00e2lez\u00e2r,\n\u201cfield of tulips\u201d; Ferah\u015fad, \u201cbringing joy\u201d; Dil\u015fad, \u201chappy heart.\u201d\nAlthough both freeborn and slave women bore compound Persian names, the more\nflowery creations were strongly associated with slaves.<\/p>\n\n\n\n<h4 class=\"wp-block-heading\">Rulership<\/h4>\n\n\n\n<p>The Ottomans combined the titles \u015fah, pa\u015fa, han (khan, the period term for the Sultan), banu (lady), and even bey to create names that roughly translate as \u201cShe who rules ___\u201d or \u201cLady of ____\u201d: Durpa\u015fa, lady of pearls; Gulpa\u015fa; lady of roses; Kamer\u015fah, lady of the moon; Cihan Banu, she who rules the heavens. But these are all surpassed by Hatun Pa\u015fa, Kadinpa\u015fa, Kadin\u015fah, and \u015eahnisa, all of which mean \u201cshe who rules over all the ladies.\u201d<span id='easy-footnote-8-2166' class='easy-footnote-margin-adjust'><\/span><span class='easy-footnote'><a href='https:\/\/www.issendai.com\/16thcenturyistanbul\/turkish-names\/muslim-names\/the-ladies-of-istanbul\/#easy-footnote-bottom-8-2166' title='Plus their little sister Kizlarbeyi, \u201cshe who rules over the girls.\u201d'><sup>8<\/sup><\/a><\/span> It makes the common name Sitti, \u201clady,\u201d look positively humble.<\/p>\n\n\n\n<h4 class=\"wp-block-heading\">Roses<\/h4>\n\n\n\n<p>The Ottomans had fields of rose names: G\u00fclruh (rose-cheeked), G\u00fclbahar (spring rose), G\u00fcla\u00e7maz (the rose that cannot be opened), G\u00fclendam (whose body is as beautiful as a rose), G\u00fcl\u015fah (lady of roses), G\u00fcl\u015fan and G\u00fclizar and G\u00fclistan (rose garden). Although most flower names were powerfully associated with slaves, the Ottomans loved roses so much, so deeply, that they gave rose names even to freeborn women. <br><\/p>\n\n\n\n<hr class=\"wp-block-separator has-css-opacity\"\/>\n\n\n\n<p><\/p>\n","protected":false},"excerpt":{"rendered":"<p>I entered the original version of this paper in the novice division in the 2018 St. Eligius Arts &amp; Sciences Competition. In 16th-century Istanbul, names followed religion. Muslims, Greek Orthodox Christians, Armenian Orthodox Christians, and Jews each had their own name pools, with very little crossover even between branches of\u2026<\/p>\n<p class=\"continue-reading-button\"> <a class=\"continue-reading-link\" href=\"https:\/\/www.issendai.com\/16thcenturyistanbul\/turkish-names\/muslim-names\/the-ladies-of-istanbul\/\">Continue reading<i class=\"crycon-right-dir\"><\/i><\/a><\/p>\n","protected":false},"author":1,"featured_media":0,"parent":2956,"menu_order":0,"comment_status":"closed","ping_status":"closed","template":"","meta":{"footnotes":""},"categories":[108,85],"tags":[],"class_list":["post-2166","page","type-page","status-publish","hentry","category-muslim-names","category-ottoman-turkish-names"],"_links":{"self":[{"href":"https:\/\/www.issendai.com\/16thcenturyistanbul\/wp-json\/wp\/v2\/pages\/2166","targetHints":{"allow":["GET"]}}],"collection":[{"href":"https:\/\/www.issendai.com\/16thcenturyistanbul\/wp-json\/wp\/v2\/pages"}],"about":[{"href":"https:\/\/www.issendai.com\/16thcenturyistanbul\/wp-json\/wp\/v2\/types\/page"}],"author":[{"embeddable":true,"href":"https:\/\/www.issendai.com\/16thcenturyistanbul\/wp-json\/wp\/v2\/users\/1"}],"replies":[{"embeddable":true,"href":"https:\/\/www.issendai.com\/16thcenturyistanbul\/wp-json\/wp\/v2\/comments?post=2166"}],"version-history":[{"count":8,"href":"https:\/\/www.issendai.com\/16thcenturyistanbul\/wp-json\/wp\/v2\/pages\/2166\/revisions"}],"predecessor-version":[{"id":2792,"href":"https:\/\/www.issendai.com\/16thcenturyistanbul\/wp-json\/wp\/v2\/pages\/2166\/revisions\/2792"}],"up":[{"embeddable":true,"href":"https:\/\/www.issendai.com\/16thcenturyistanbul\/wp-json\/wp\/v2\/pages\/2956"}],"wp:attachment":[{"href":"https:\/\/www.issendai.com\/16thcenturyistanbul\/wp-json\/wp\/v2\/media?parent=2166"}],"wp:term":[{"taxonomy":"category","embeddable":true,"href":"https:\/\/www.issendai.com\/16thcenturyistanbul\/wp-json\/wp\/v2\/categories?post=2166"},{"taxonomy":"post_tag","embeddable":true,"href":"https:\/\/www.issendai.com\/16thcenturyistanbul\/wp-json\/wp\/v2\/tags?post=2166"}],"curies":[{"name":"wp","href":"https:\/\/api.w.org\/{rel}","templated":true}]}}