{"id":2185,"date":"2018-11-02T12:10:00","date_gmt":"2018-11-02T17:10:00","guid":{"rendered":"http:\/\/www.issendai.com\/16thcenturyistanbul\/?page_id=2185"},"modified":"2018-11-02T12:10:02","modified_gmt":"2018-11-02T17:10:02","slug":"balat-1563","status":"publish","type":"page","link":"https:\/\/www.issendai.com\/16thcenturyistanbul\/turkish-names\/muslim-names\/the-ladies-of-istanbul\/the-raw-data\/balat-1563\/","title":{"rendered":"Balat 1563"},"content":{"rendered":"\n<h2 class=\"wp-block-heading\">Freeborn Women\u2019s Names<\/h2>\n\n\n\n<p>\u00c2bide H\u00e2tun bt. Abd\u00fcrrahim<\/p>\n\n\n\n<p>Abide H\u00e2tun bt. \u015eah Ali Celebi<\/p>\n\n\n\n<p>Abide bt. Molla Muslihiddin<\/p>\n\n\n\n<p>Alem\u015fah bt. Bayram<\/p>\n\n\n\n<p>Atike H\u00e2tun bt. \u015eah Ali Celebi<\/p>\n\n\n\n<p>Ayn\u00ee H\u00e2tun bt. Ali Bey<\/p>\n\n\n\n<p>Ayn\u00ee H\u00e2tun bt. Hasan<\/p>\n\n\n\n<p>Ay\u015fe bt. Abdulbari<\/p>\n\n\n\n<p>Ay\u015fe bt. Pir Ahmed<\/p>\n\n\n\n<p>Ay\u015fe bt. Ahmed Bey<\/p>\n\n\n\n<p>Ay\u015fe bt. Ali<\/p>\n\n\n\n<p>Ay\u015fe bt. Ataullah<\/p>\n\n\n\n<p>Ay\u015fe bt. Hasan Karamani<\/p>\n\n\n\n<p>Ay\u015fe bt. H\u0131z\u0131r<\/p>\n\n\n\n<p>Ay\u015fe bt. \u0130lyas<\/p>\n\n\n\n<p>Ay\u015fe bt. \u0130sa<\/p>\n\n\n\n<p>Ay\u015fe bt. \u0130skender<\/p>\n\n\n\n<p>Ay\u015fe H\u00e2tun bt. Mahmud<\/p>\n\n\n\n<p>Ay\u015fe bt. Mahmud<\/p>\n\n\n\n<p>Ay\u015fe bt. Mehmed<\/p>\n\n\n\n<p>Ay\u015fe H\u00e2tun bt. Mehmed Bey<\/p>\n\n\n\n<p>Ay\u015fe bt. Muslihiddin<\/p>\n\n\n\n<p>Ay\u015fe H\u00e2tun bt. Mevlana Muslihiddin<\/p>\n\n\n\n<p>Ay\u015fe bt. Mustafa<\/p>\n\n\n\n<p>Ay\u015fe bt. Abdullah<\/p>\n\n\n\n<p>Ay\u015fe bt. Abdullah<\/p>\n\n\n\n<p>Ay\u015fe<\/p>\n\n\n\n<p>Ay\u015fe bt. Nasuh<\/p>\n\n\n\n<p>Ay\u015fe bt. \u00d6mer<\/p>\n\n\n\n<p>Ay\u015fe H\u00e2tun bt. Ramazan<\/p>\n\n\n\n<p>Ay\u015fe bt. Sadullah<\/p>\n\n\n\n<p>Ay\u015fe H\u00e2tun bt. Sinan Bey<\/p>\n\n\n\n<p>Ay\u015fe bt. Yusuf<\/p>\n\n\n\n<p>Ay\u015fe bt. Yusuf<\/p>\n\n\n\n<p>Azize bt. \u0130brahim<\/p>\n\n\n\n<p>Ba\u011fdat H\u00e2tun bt. Seyyid Mehmed<\/p>\n\n\n\n<p>Bigidost bt. Seyyid Kemal<\/p>\n\n\n\n<p>Cemile bt. \u015eeyh Ali<\/p>\n\n\n\n<p>Cemile bt. Ali<\/p>\n\n\n\n<p>Cemile bt. Mesih<\/p>\n\n\n\n<p>Cemile bt. Muslihiddin Efendi<\/p>\n\n\n\n<p>D\u00fcnya bt. Davud<\/p>\n\n\n\n<p>Ehli bt. Kara Mehmed<\/p>\n\n\n\n<p>Elif H\u00e2tun bt. Durmu\u015f<\/p>\n\n\n\n<p>Emine H\u00e2tun bt. el-Hac Ali<\/p>\n\n\n\n<p>Emine bt. Ferhad Bey<\/p>\n\n\n\n<p>Emine bt. Hayreddin<\/p>\n\n\n\n<p>Emine H\u00e2tun bt. Husam<\/p>\n\n\n\n<p>Emine bt. H\u00fcseyin<\/p>\n\n\n\n<p>Emine bt. el-Hac \u0130lyas<\/p>\n\n\n\n<p>Emine bt. \u0130sa<\/p>\n\n\n\n<p>Emine bt. \u0130skender<\/p>\n\n\n\n<p>Emine bt. Kas\u0131m<\/p>\n\n\n\n<p>Emine<\/p>\n\n\n\n<p>Emine bt. Yahya<\/p>\n\n\n\n<p>Fahr\u00fcnnisa bt. H\u00fcseyin<\/p>\n\n\n\n<p>Fahr\u00fcnnisa H\u00e2tun bt. Kas\u0131m Bey<\/p>\n\n\n\n<p>Fat\u0131ma bt. Abdulkerim<\/p>\n\n\n\n<p>Fat\u0131ma bt. Ali<\/p>\n\n\n\n<p>Fat\u0131ma bt. Ali<\/p>\n\n\n\n<p>Fat\u0131ma H\u00e2tun bt. Ali Celebi<\/p>\n\n\n\n<p>Fat\u0131ma bt. Davud<\/p>\n\n\n\n<p>Fat\u0131ma bt. Ferhad<\/p>\n\n\n\n<p>Fat\u0131ma H\u00e2tun bt. Ferhad<\/p>\n\n\n\n<p>Fat\u0131ma bt. Hasan<\/p>\n\n\n\n<p>Fat\u0131ma bt. Hasan<\/p>\n\n\n\n<p>Fat\u0131ma bt. H\u0131z\u0131r<\/p>\n\n\n\n<p>Fat\u0131ma bt. H\u00fcseyin<\/p>\n\n\n\n<p>Fat\u0131ma bt. Mehmed<\/p>\n\n\n\n<p>Fat\u0131ma H\u00e2tun bt. Mehmed<\/p>\n\n\n\n<p>Fat\u0131ma bt. Mehmed<\/p>\n\n\n\n<p>Fat\u0131ma bt. Mustafa<\/p>\n\n\n\n<p>Fat\u0131ma<\/p>\n\n\n\n<p>Fat\u0131ma<\/p>\n\n\n\n<p>Fat\u0131ma bt. Nasuh<\/p>\n\n\n\n<p>Fat\u0131ma bt. Sefer<\/p>\n\n\n\n<p>Fat\u0131ma bt. Sinan<\/p>\n\n\n\n<p>Fat\u0131ma bt. S\u00fcleyman<\/p>\n\n\n\n<p>Fat\u0131ma bt. S\u00fcleyman<\/p>\n\n\n\n<p>Fetehna H\u00e2tun bt. Mehmed<\/p>\n\n\n\n<p>G\u00fclahmer H\u00e2tun bt. Abdulmuin<\/p>\n\n\n\n<p>G\u00fcll\u00fc bt. Mustafa<\/p>\n\n\n\n<p>Habibe bt. Hayreddin<\/p>\n\n\n\n<p>Halime bt. el-H\u00e2c Hasan<\/p>\n\n\n\n<p>Halime bt. Mehmed<\/p>\n\n\n\n<p>Halime bt. Mehmed<\/p>\n\n\n\n<p>Halise Be\u015fe bt. Emirza<\/p>\n\n\n\n<p>Hanbey bt. Eymir<\/p>\n\n\n\n<p>H\u00e2n\u00ee H\u00e2tun bt. Abdulkerim<\/p>\n\n\n\n<p>H\u00e2n\u00ee bt. Ali<\/p>\n\n\n\n<p>H\u00e2n\u00ee bt. Bekir<\/p>\n\n\n\n<p>H\u00e2n\u00ee bt. H\u0131z\u0131r<\/p>\n\n\n\n<p>H\u00e2n\u00ee bt. Karag\u00f6z<\/p>\n\n\n\n<p>H\u00e2n\u00ee bt. Mehmed<\/p>\n\n\n\n<p>H\u00e2n\u00ee bt. Mehmed Celebi<\/p>\n\n\n\n<p>H\u00e2n\u00ee bt. Mehmed<\/p>\n\n\n\n<p>H\u00e2n\u00ee\u015f\u00e2h<\/p>\n\n\n\n<p>Han\u0131m H\u00e2tun bt. Akhi? Bey<\/p>\n\n\n\n<p>Han\u0131m bt. Melek<\/p>\n\n\n\n<p>Hankurd bt. \u015eeyh Mustafa<\/p>\n\n\n\n<p>Hatice H\u00e2tun bt. Ali Bey<\/p>\n\n\n\n<p>Hatice bt. el-H\u00e2c \u0130sa<\/p>\n\n\n\n<p>Hatice bt. Kemal<\/p>\n\n\n\n<p>Hatice bt. Mahmud<\/p>\n\n\n\n<p>Hatice bt. Mehmed<\/p>\n\n\n\n<p>Hatice bt. Pir Mehmed Celebi<\/p>\n\n\n\n<p>Hayr\u00fcnnisa bt. Mevlana Abdulkerim<\/p>\n\n\n\n<p>Hesn\u00e2 bt. \u0130sa Bali<\/p>\n\n\n\n<p>Hesn\u00e2 bt. Receb<\/p>\n\n\n\n<p>Huban bt. Mehmed Pirincci<\/p>\n\n\n\n<p>H\u00fcma H\u00e2tun bt. el-Hac Hasan<\/p>\n\n\n\n<p>H\u00fcma H\u00e2tun bt. Mevlana Hasan<\/p>\n\n\n\n<p>H\u00fcma bt. H\u00fcseyin<\/p>\n\n\n\n<p>H\u00fcma bt. Kas\u0131m Bey<\/p>\n\n\n\n<p>H\u00fcma bt. Mehmed<\/p>\n\n\n\n<p>\u0130smihan bt. S\u00fcleyman Bey<\/p>\n\n\n\n<p>\u0130smihan bt. Yusuf\u015fah<\/p>\n\n\n\n<p>Kad\u0131nc\u0131k bt. Sadi<\/p>\n\n\n\n<p>Kad\u0131n\u015f\u00e2h bt. Ayd\u0131n<\/p>\n\n\n\n<p>Kamer H\u00e2tun bt. Bali<\/p>\n\n\n\n<p>Kamer bt. Husam<\/p>\n\n\n\n<p>Kamer H\u00e2tun bt. Kas\u0131m Bey<\/p>\n\n\n\n<p>Kamer H\u00e2tun bt. El-Hac K\u0131ssahan<\/p>\n\n\n\n<p>Kamer bt. Mahmud<\/p>\n\n\n\n<p>Kamer bt. Mirza<\/p>\n\n\n\n<p>Kamer bt. Yahya<\/p>\n\n\n\n<p>Kamer bt. Yusuf<\/p>\n\n\n\n<p>Kamer\u015f\u00e2h<\/p>\n\n\n\n<p>Kerime bt. L\u00fctfi<\/p>\n\n\n\n<p>M\u00e2hi bt. Musa<\/p>\n\n\n\n<p>Marziye H\u00e2tun bt. Murad<\/p>\n\n\n\n<p>Merve H\u00e2tun bt. Ayas Pa\u015fa<\/p>\n\n\n\n<p>Meryem H\u00e2tun bt. Mevlana Abdulvehhab Celebi<\/p>\n\n\n\n<p>Mihri H\u00e2tun bt. Ahmed Bey<\/p>\n\n\n\n<p>Mihri bt. el-H\u00e2c Hasan<\/p>\n\n\n\n<p>Mihri bt. Husam<\/p>\n\n\n\n<p>Mihri bt. Mehmed<\/p>\n\n\n\n<p>Mihri H\u00e2tun bt. Mehmed Bey<\/p>\n\n\n\n<p>Mihri bt. Yusuf<\/p>\n\n\n\n<p>Mihrihan H\u00e2tun bt. Ahmed Bey<\/p>\n\n\n\n<p>Mihriban bt. Piri<\/p>\n\n\n\n<p>M\u00fcslime bt. S\u00fcleyman<\/p>\n\n\n\n<p>Nefise bt. Hamza<\/p>\n\n\n\n<p>Nefise bt. Abdullah<\/p>\n\n\n\n<p>Nefise bt. Seyyid \u015eerefuddin<\/p>\n\n\n\n<p>Neslihan bt. Yusuf\u015fah<\/p>\n\n\n\n<p>Nesli\u015fah bt. Mesih Bey<\/p>\n\n\n\n<p>Nisa H\u00e2tun bt. Hamza<\/p>\n\n\n\n<p>Nisa bt. H\u00fcseyin<\/p>\n\n\n\n<p>Nisa H\u00e2tun bt. el-Hac \u0130vaz<\/p>\n\n\n\n<p>Nisa bt. S\u00fcleyman<\/p>\n\n\n\n<p>Pa\u015fa H\u00e2tun bt. \u0130lyas<\/p>\n\n\n\n<p>Rabia bt. Mehmed<\/p>\n\n\n\n<p>Rahime bt. Ahmed Pa\u015fa<\/p>\n\n\n\n<p>Raziye bt. Ali<\/p>\n\n\n\n<p>R\u00e2ziye bt. el-H\u00e2c Hasan<\/p>\n\n\n\n<p>Rukiyye bt. Hasan\/Emir Hasan<\/p>\n\n\n\n<p>Rukiyye bt. Mustafa<\/p>\n\n\n\n<p>Rukiyye bt. Yusuf<\/p>\n\n\n\n<p>Safiye bt. Mehmed<\/p>\n\n\n\n<p>Safiye H\u00e2tun bt. Piri<\/p>\n\n\n\n<p>\u015eah Huban bt. Piri<\/p>\n\n\n\n<p>\u015eahbula bt. Alaaddin<\/p>\n\n\n\n<p>\u015eahbula bt. Ali<\/p>\n\n\n\n<p>\u015eahi bt. Hamza<\/p>\n\n\n\n<p>\u015eahi bt. Mehmed<\/p>\n\n\n\n<p>\u015eahnisa bt. \u0130lyas<\/p>\n\n\n\n<p>\u015eahnisa bt. Mehmed<\/p>\n\n\n\n<p>Sakine bt. Ali<\/p>\n\n\n\n<p>Sakine bt. H\u00fcseyin<\/p>\n\n\n\n<p>\u015eehri bt. Mahmud<\/p>\n\n\n\n<p>\u015eehzade bt. Mahmud<\/p>\n\n\n\n<p>Selime bt. Cafer<\/p>\n\n\n\n<p>Selime bt. Hamza<\/p>\n\n\n\n<p>Selime bt. el-H\u00e2c Hasan<\/p>\n\n\n\n<p>Selime bt. Nasuh<\/p>\n\n\n\n<p>Selime bt. Sinan<\/p>\n\n\n\n<p>Selime bt. S\u00fcleyman<\/p>\n\n\n\n<p>Selime bt. S\u00fcleyman<\/p>\n\n\n\n<p>Selime bt. Tayyib<\/p>\n\n\n\n<p>Selime bt. Yusuf<\/p>\n\n\n\n<p>Sitti bt. Mustafa<\/p>\n\n\n\n<p>Sitti bt. \u015ead\u0131man<\/p>\n\n\n\n<p>Sultan bt. H\u00fcseyin<\/p>\n\n\n\n<p>S\u00fcmeyye H\u00e2tun bt. Emir Mehmed<\/p>\n\n\n\n<p>S\u00fcmeyye bt. S\u00fcleyman<\/p>\n\n\n\n<p>Tur Be\u015fe bt. Ahmed Celebi<\/p>\n\n\n\n<p>\u00dcmm\u00ee H\u00e2tun bt. Ahmed<\/p>\n\n\n\n<p>\u00dcmm\u00ee bt. Mustafa<\/p>\n\n\n\n<p>\u00dcmmi bt. Sefer<\/p>\n\n\n\n<p>\u00dcmm\u00fchani<\/p>\n\n\n\n<p>Z\u00e2hide bt. Haydar<\/p>\n\n\n\n<p>Z\u00e2hide bt. Mehmed Bey<\/p>\n\n\n\n<p>Z\u00e2hide bt. Murad<\/p>\n\n\n\n<p>Zeyni bt. Sinan<\/p>\n\n\n\n<p>Z\u00f6hre bt. Mehmed<br><\/p>\n\n\n\n<h2 class=\"wp-block-heading\">Ambiguous Converts\u2019\nNames<\/h2>\n\n\n\n<p>Ayn\u00ee bt. Abdullah<\/p>\n\n\n\n<p>Hac\u0131 Bula bt. Abdullah\/Abdi<\/p>\n\n\n\n<p>Canhabib bt. Abdullah<\/p>\n\n\n\n<p>Devlet bt. Abdullah<\/p>\n\n\n\n<p>Emine bt. Abdullah<\/p>\n\n\n\n<p>Emine bt. Abdullah<\/p>\n\n\n\n<p>Emine bt. Abdullah<\/p>\n\n\n\n<p>Emine bt. Abdullah<\/p>\n\n\n\n<p>Fat\u0131ma H\u00e2tun bt. Abdurrahman<\/p>\n\n\n\n<p>Fat\u0131ma H\u00e2tun bt. Abdullah<\/p>\n\n\n\n<p>Fat\u0131ma bt. Abdullah<\/p>\n\n\n\n<p>Fat\u0131ma bt. Abdullah<\/p>\n\n\n\n<p>Fat\u0131ma bt. Abdullah<\/p>\n\n\n\n<p>Fetehn\u00e2 bt. Abdullah<\/p>\n\n\n\n<p>Gulbe\u015fe bt. Abdullah<\/p>\n\n\n\n<p>G\u00fclendam H\u00e2tun bt. Abdullah<\/p>\n\n\n\n<p>G\u00fclizar bt. Abdullah<\/p>\n\n\n\n<p>G\u00fclruh bt. Abdullah<\/p>\n\n\n\n<p>Hacer bt. Abdullah<\/p>\n\n\n\n<p>Hanife bt. Abdullah<\/p>\n\n\n\n<p>Hatice H\u00e2tun bt. Abdullah<\/p>\n\n\n\n<p>Hesn\u00e2 bt. Abdullah<\/p>\n\n\n\n<p>Huma bt. Abdullah<\/p>\n\n\n\n<p>H\u00fbr\u00ee bt. Abdullah<\/p>\n\n\n\n<p>H\u00fbr\u00ee bt. Abdullah<\/p>\n\n\n\n<p>Hur\u015fid bt. Abdullah<\/p>\n\n\n\n<p>Kadem bt. Abdullah<\/p>\n\n\n\n<p>Kamer bt. Abdullah<\/p>\n\n\n\n<p>Kamer bt. Abdullah<\/p>\n\n\n\n<p>Kamer bt. Abdullah<\/p>\n\n\n\n<p>Mihri H\u00e2tun bt. Abdullah<\/p>\n\n\n\n<p>Mihri bt. Abdullah<\/p>\n\n\n\n<p>Mihri bt. Abdullah<\/p>\n\n\n\n<p>M\u00fclayime bt. Abdullah<\/p>\n\n\n\n<p>Nazy\u00fcr\u00fcr H\u00e2tun bt. Abdullah<\/p>\n\n\n\n<p>Nazy\u00fcr\u00fcr bt. Abdullah<\/p>\n\n\n\n<p>Nergis bt. Abdullah<\/p>\n\n\n\n<p>Perv\u00e2ne bt. Abdullah<\/p>\n\n\n\n<p>Ru\u015fen bt. Abdullah<\/p>\n\n\n\n<p>\u015eahnis\u00e2 bt. Abdullah<\/p>\n\n\n\n<p>\u015eahnisa bt. Abdullah<\/p>\n\n\n\n<p>Selime H\u00e2tun bt. Abdullah<\/p>\n\n\n\n<p>\u015eemail bt. Abdullah<\/p>\n\n\n\n<p>\u015eemsi bt. Abdullah<\/p>\n\n\n\n<p>\u015eemsi H\u00e2tun bt. Abdullah<\/p>\n\n\n\n<p>Servinaz H\u00e2tun bt. Abdullah<\/p>\n\n\n\n<p>\u015eirin bt. Abdullah<\/p>\n\n\n\n<p>Sitti bt. Abdullah<\/p>\n\n\n\n<p>Sitti H\u00e2tun bt. Abdullah<\/p>\n\n\n\n<p>S\u00fcmeyye H\u00e2tun bt. Abdullah<\/p>\n\n\n\n<p>Yasemin bt. Abdullah<\/p>\n\n\n\n<p>Z\u00e2hide bt. Abdullah<br><\/p>\n\n\n\n<h2 class=\"wp-block-heading\">Slaves\u2019 Names<\/h2>\n\n\n\n<p>Asiye bt. Abdullah<\/p>\n\n\n\n<p>Bahtiyar<\/p>\n\n\n\n<p>Belagat bt. Abdullah<\/p>\n\n\n\n<p>Cansuz bt. Abdullah<\/p>\n\n\n\n<p>Cevr\u00fccefa<\/p>\n\n\n\n<p>Dilaver<\/p>\n\n\n\n<p>Dil\u015fad bt. Abdullah<\/p>\n\n\n\n<p>Dudu bt. Abdullah<\/p>\n\n\n\n<p>Felek-naz bt. Abdullah<\/p>\n\n\n\n<p>Feri\u015f\u00e2d b. Abdullah<\/p>\n\n\n\n<p>Ferah\u015fad bt. Abdullah<\/p>\n\n\n\n<p>Ferah\u015fad bt. Abdullah<\/p>\n\n\n\n<p>G\u00fclahmer<\/p>\n\n\n\n<p>G\u00fclizar bt. Abdullah<\/p>\n\n\n\n<p>G\u00fclruh<\/p>\n\n\n\n<p>G\u00fcl\u015fah bt. Abdullah<\/p>\n\n\n\n<p>Gul\u015fen bt. Abdullah<\/p>\n\n\n\n<p>G\u00fclsim\u00e2 bt. Abdullah<\/p>\n\n\n\n<p>Hemni\u015fin bt. Abdullah<\/p>\n\n\n\n<p>Hesn\u00e2 bt. Abdullah<\/p>\n\n\n\n<p>Hesn\u00e2 bt. Abdullah<\/p>\n\n\n\n<p>Hesn\u00e2 bt. Abdullah<\/p>\n\n\n\n<p>Hesn\u00e2<\/p>\n\n\n\n<p>Hesn\u00e2 bt. Abdullah<\/p>\n\n\n\n<p>Hondi bt. Abdullah<\/p>\n\n\n\n<p>H\u00fcmayun bt. Abdullah<\/p>\n\n\n\n<p>Hur\u015fid bt. Abdullah<\/p>\n\n\n\n<p>Hur\u015fid bt. Abdullah<\/p>\n\n\n\n<p>Hur\u015fid bt. Abdullah<\/p>\n\n\n\n<p>Hur\u015fid bt. Abdullah<\/p>\n\n\n\n<p>\u0130hsan bt. Abdullah<\/p>\n\n\n\n<p>Kadem bt. Abdullah<\/p>\n\n\n\n<p>Kadem bt. Abdullah<\/p>\n\n\n\n<p>Kadem bt. Abdullah<\/p>\n\n\n\n<p>Kamer bt. Abdullah<\/p>\n\n\n\n<p>Kamer bt. Abdullah<\/p>\n\n\n\n<p>Kamer bt. Abdullah<\/p>\n\n\n\n<p>Kamer bt. Abdullah<\/p>\n\n\n\n<p>Kamer<\/p>\n\n\n\n<p>Kumru bt. Abdullah<\/p>\n\n\n\n<p>M\u00e2hb\u00fclend<\/p>\n\n\n\n<p>M\u00e2hidevr\u00e2n<\/p>\n\n\n\n<p>Mahsima<\/p>\n\n\n\n<p>Mehlika bt. Abdullah<\/p>\n\n\n\n<p>Mehlika bt. Abdullah<\/p>\n\n\n\n<p>Mehlika bt. Abdullah<\/p>\n\n\n\n<p>Mehlika bt. Abdullah<\/p>\n\n\n\n<p>Mehlika<\/p>\n\n\n\n<p>Melahat bt. Abdullah<\/p>\n\n\n\n<p>Meleksima bt. Abdullah<\/p>\n\n\n\n<p>Mercan<\/p>\n\n\n\n<p>Meserret bt. Abdullah<\/p>\n\n\n\n<p>Mihman<\/p>\n\n\n\n<p>Mihri bt. Abdullah<\/p>\n\n\n\n<p>Mihri bt. Abdullah<\/p>\n\n\n\n<p>Mihriban bt. Abdullah<\/p>\n\n\n\n<p>Mihriban bt. Abdullah<\/p>\n\n\n\n<p>Miyase bt. Abdullah<\/p>\n\n\n\n<p>N\u00e2zenin bt. Abdullah<\/p>\n\n\n\n<p>Nur-saba<\/p>\n\n\n\n<p>Nurban<\/p>\n\n\n\n<p>Peri-ru bt. Abdullah<\/p>\n\n\n\n<p>Peymane bt. Abdullah<\/p>\n\n\n\n<p>Rahime bt. Abdullah<\/p>\n\n\n\n<p>Riyazi bt. Abdullah<\/p>\n\n\n\n<p>Rukiyye bt. Abdullah<\/p>\n\n\n\n<p>Saliha bt. Abdullah<\/p>\n\n\n\n<p>\u015eehirben bt. Abdullah<\/p>\n\n\n\n<p>\u015eehla bt. Abdullah<\/p>\n\n\n\n<p>Selver bt. Abdullah<\/p>\n\n\n\n<p>Selver bt. Abdullah<\/p>\n\n\n\n<p>Selver bt. Abdullah<\/p>\n\n\n\n<p>\u015eem\u2018i bt. Abdullah<\/p>\n\n\n\n<p>Semenzar bt. Abdullah<\/p>\n\n\n\n<p>Seminnaz bt. Abdullah<\/p>\n\n\n\n<p>Semra bt. Abdullah<\/p>\n\n\n\n<p>Server? bt. Abdullah<\/p>\n\n\n\n<p>\u015eirin bt. Abdullah<\/p>\n\n\n\n<p>\u015eirin bt. Abdullah<\/p>\n\n\n\n<p>Sureyya bt. Abdullah<\/p>\n\n\n\n<p>Tuti bt. Abdullah<\/p>\n\n\n\n<p>Yasemin bt. Abdullah<\/p>\n\n\n\n<p>Yasemin bt. Abdullah<\/p>\n\n\n\n<p>Zam\u00e2ne bt. Abdullah<\/p>\n\n\n\n<p>Zeliha<\/p>\n","protected":false},"excerpt":{"rendered":"<p>Freeborn Women\u2019s Names \u00c2bide H\u00e2tun bt. Abd\u00fcrrahim Abide H\u00e2tun bt. \u015eah Ali Celebi Abide bt. Molla Muslihiddin Alem\u015fah bt. Bayram Atike H\u00e2tun bt. \u015eah Ali Celebi Ayn\u00ee H\u00e2tun bt. Ali Bey Ayn\u00ee H\u00e2tun bt. Hasan Ay\u015fe bt. Abdulbari Ay\u015fe bt. Pir Ahmed Ay\u015fe bt. Ahmed Bey Ay\u015fe bt. Ali Ay\u015fe\u2026<\/p>\n<p class=\"continue-reading-button\"> <a class=\"continue-reading-link\" href=\"https:\/\/www.issendai.com\/16thcenturyistanbul\/turkish-names\/muslim-names\/the-ladies-of-istanbul\/the-raw-data\/balat-1563\/\">Continue reading<i class=\"crycon-right-dir\"><\/i><\/a><\/p>\n","protected":false},"author":1,"featured_media":0,"parent":2181,"menu_order":0,"comment_status":"closed","ping_status":"closed","template":"","meta":{"footnotes":""},"categories":[85,81],"tags":[],"class_list":["post-2185","page","type-page","status-publish","hentry","category-ottoman-turkish-names","category-turkish-names"],"_links":{"self":[{"href":"https:\/\/www.issendai.com\/16thcenturyistanbul\/wp-json\/wp\/v2\/pages\/2185","targetHints":{"allow":["GET"]}}],"collection":[{"href":"https:\/\/www.issendai.com\/16thcenturyistanbul\/wp-json\/wp\/v2\/pages"}],"about":[{"href":"https:\/\/www.issendai.com\/16thcenturyistanbul\/wp-json\/wp\/v2\/types\/page"}],"author":[{"embeddable":true,"href":"https:\/\/www.issendai.com\/16thcenturyistanbul\/wp-json\/wp\/v2\/users\/1"}],"replies":[{"embeddable":true,"href":"https:\/\/www.issendai.com\/16thcenturyistanbul\/wp-json\/wp\/v2\/comments?post=2185"}],"version-history":[{"count":1,"href":"https:\/\/www.issendai.com\/16thcenturyistanbul\/wp-json\/wp\/v2\/pages\/2185\/revisions"}],"predecessor-version":[{"id":2186,"href":"https:\/\/www.issendai.com\/16thcenturyistanbul\/wp-json\/wp\/v2\/pages\/2185\/revisions\/2186"}],"up":[{"embeddable":true,"href":"https:\/\/www.issendai.com\/16thcenturyistanbul\/wp-json\/wp\/v2\/pages\/2181"}],"wp:attachment":[{"href":"https:\/\/www.issendai.com\/16thcenturyistanbul\/wp-json\/wp\/v2\/media?parent=2185"}],"wp:term":[{"taxonomy":"category","embeddable":true,"href":"https:\/\/www.issendai.com\/16thcenturyistanbul\/wp-json\/wp\/v2\/categories?post=2185"},{"taxonomy":"post_tag","embeddable":true,"href":"https:\/\/www.issendai.com\/16thcenturyistanbul\/wp-json\/wp\/v2\/tags?post=2185"}],"curies":[{"name":"wp","href":"https:\/\/api.w.org\/{rel}","templated":true}]}}