{"id":2188,"date":"2018-11-02T12:11:25","date_gmt":"2018-11-02T17:11:25","guid":{"rendered":"http:\/\/www.issendai.com\/16thcenturyistanbul\/?page_id=2188"},"modified":"2018-11-02T12:11:26","modified_gmt":"2018-11-02T17:11:26","slug":"galata-1575-1576","status":"publish","type":"page","link":"https:\/\/www.issendai.com\/16thcenturyistanbul\/turkish-names\/muslim-names\/the-ladies-of-istanbul\/the-raw-data\/galata-1575-1576\/","title":{"rendered":"Galata 1575-1576"},"content":{"rendered":"\n<h2 class=\"wp-block-heading\">Freeborn Women\u2019s Names<\/h2>\n\n\n\n<p>\u00c2dile bt. Mehmed<\/p>\n\n\n\n<p>Alem\u015fah H\u00e2tun bt. Hayreddin<\/p>\n\n\n\n<p>Ayn\u00ee H\u00e2tun bt. Ebri<\/p>\n\n\n\n<p>Ay\u015fe H\u00e2tun bt. Ahmed<\/p>\n\n\n\n<p>Ay\u015fe bt. Ali Bey<\/p>\n\n\n\n<p>Ay\u015fe bt. Ali<\/p>\n\n\n\n<p>Ay\u015fe H\u00e2tun bt. Bali Bey<\/p>\n\n\n\n<p>Ay\u015fe bt. Hac\u0131 Ebubekir<\/p>\n\n\n\n<p>Ay\u015fe bt. \u0130sa<\/p>\n\n\n\n<p>Ay\u015fe bt. Hac\u0131 Mehmed<\/p>\n\n\n\n<p>Ay\u015fe bt. Mehmed \u00c7elebi<\/p>\n\n\n\n<p>Ay\u015fe H\u00e2tun bt. Mustafa<\/p>\n\n\n\n<p>Ay\u015fe<\/p>\n\n\n\n<p>Ay\u015fe bt. S\u00fcleyman<\/p>\n\n\n\n<p>Ay\u015fe bt. Yusuf<\/p>\n\n\n\n<p>Belk\u0131s<\/p>\n\n\n\n<p>Can Aziz\/Canaziz bt. Zeynelabidin<\/p>\n\n\n\n<p>Cemile H\u00e2tun bt. Mahmud<\/p>\n\n\n\n<p>Cennet bt. Sinan<\/p>\n\n\n\n<p>Cihanbaht bt. Sinan<\/p>\n\n\n\n<p>Durpa\u015fa bt. Hamza<\/p>\n\n\n\n<p>Emine bt. Ali Bey<\/p>\n\n\n\n<p>Emine bt. Ali<\/p>\n\n\n\n<p>Emine bt. \u0130brahim \u00c7elebi<\/p>\n\n\n\n<p>Emine bt. \u0130lyas<\/p>\n\n\n\n<p>Emine bt. Mehmed \u00c7elebi<\/p>\n\n\n\n<p>Emine bt. Mehmed \u00c7elebi<\/p>\n\n\n\n<p>Emine H\u00e2tun bt. Mehmed Bey<\/p>\n\n\n\n<p>Emine bt. Memi<\/p>\n\n\n\n<p>Emine bt. Mustafa<\/p>\n\n\n\n<p>Emine<\/p>\n\n\n\n<p>Emine H\u00e2tun bt. el-Hac Nasuh<\/p>\n\n\n\n<p>Emine bt. el-Hac Sinan<\/p>\n\n\n\n<p>Fati bt. Ahmed<\/p>\n\n\n\n<p>Fat\u0131ma bt. Ahmed<\/p>\n\n\n\n<p>Fat\u0131ma H\u00e2tun bt. Ali \u00c7elebi<\/p>\n\n\n\n<p>Fat\u0131ma bt. el-H\u00e2c Cemaleddin<\/p>\n\n\n\n<p>Fat\u0131ma bt. H\u00fcseyin<\/p>\n\n\n\n<p>Fat\u0131ma bt. Mahmud<\/p>\n\n\n\n<p>Fat\u0131ma H\u00e2tun bt. Mehmed<\/p>\n\n\n\n<p>F\u00e2t\u0131ma bt. Mehmed \u00c7elebi<\/p>\n\n\n\n<p>Fat\u0131ma<\/p>\n\n\n\n<p>Fat\u0131ma bt. Nasuh<\/p>\n\n\n\n<p>G\u00fcl\u015fah bt. Yusuf<\/p>\n\n\n\n<p>H\u00e2n\u00ee bt. Ahmed \u00c7avu\u015f<\/p>\n\n\n\n<p>Hanife bt. H\u00fcseyin<\/p>\n\n\n\n<p>Hanki bt. Hace \u015eerif<\/p>\n\n\n\n<p>Hasn\u00e2 bt. Hamza<\/p>\n\n\n\n<p>Hatice H\u00e2tun bt. Kalem\u015fah Bey<\/p>\n\n\n\n<p>Hatice bt. Kas\u0131m<\/p>\n\n\n\n<p>Hatice bt. Mehmed \u00c7elebi<\/p>\n\n\n\n<p>Hatice bt. Mustafa<\/p>\n\n\n\n<p>Hatice<\/p>\n\n\n\n<p>H\u00e2tun Pa\u015fa bt. Mustafa<\/p>\n\n\n\n<p>Hayr\u00fcnnisa bt. Sinan<\/p>\n\n\n\n<p>H\u00fcma bt. Ali Bey<\/p>\n\n\n\n<p>H\u00fcma bt. H\u0131z\u0131r<\/p>\n\n\n\n<p>H\u00fcma H\u00e2tun bt. Mehmed<\/p>\n\n\n\n<p>\u0130nci bt. Sinan<\/p>\n\n\n\n<p>\u0130smihan bt. H\u00fcseyin<\/p>\n\n\n\n<p>\u0130smihan H\u00e2tun bt. Mehmed<\/p>\n\n\n\n<p>Kamer bt. Abd\u00fcrrahim<\/p>\n\n\n\n<p>Kamer bt. Piri<\/p>\n\n\n\n<p>Kerime bt. Mahmud<\/p>\n\n\n\n<p>Meryem H\u00e2tun bt. Mustafa<\/p>\n\n\n\n<p>Muhsine H\u00e2tun bt. Mustafa \u00c7elebi<\/p>\n\n\n\n<p>M\u00fcmine bt. Ahmed<\/p>\n\n\n\n<p>M\u00fcsli bt. \u015eeyh Sinan<\/p>\n\n\n\n<p>M\u00fcslime bt. \u015eeyh Sinan<\/p>\n\n\n\n<p>Nefise H\u00e2tun bt. Seydi Bey<\/p>\n\n\n\n<p>Nefise H\u00e2tun bt. Sinan Bey<\/p>\n\n\n\n<p>Nesime bt. Abdullah<\/p>\n\n\n\n<p>Nesli H\u00e2tun bt. Mustafa<\/p>\n\n\n\n<p>Nesli bt. Yusuf<\/p>\n\n\n\n<p>Rabia bt. Ahmed Bey<\/p>\n\n\n\n<p>Rabia<\/p>\n\n\n\n<p>Rahime bt. Dervi\u015f<\/p>\n\n\n\n<p>Rahime H\u00e2tun bt. Mehmed \u00c7elebi<\/p>\n\n\n\n<p>Rahime H\u00e2tun bt. Mehmed \u00c7elebi<\/p>\n\n\n\n<p>Raziye H\u00e2tun bt. Seyyid Ahmed<\/p>\n\n\n\n<p>Rukiye H\u00e2tun bt. Mustafa<\/p>\n\n\n\n<p>Ruveyde H\u00e2tun bt. \u00d6mer<\/p>\n\n\n\n<p>Safiye bt. Ferhad<\/p>\n\n\n\n<p>\u015eah Huban H\u00e2tun bt. Hayreddin<\/p>\n\n\n\n<p>\u015eah Huban bt. Mustafa<\/p>\n\n\n\n<p>Saliha bt. \u0130lyas<\/p>\n\n\n\n<p>Saliha bt. Pervane Bey<\/p>\n\n\n\n<p>Saliha H\u00e2tun bt. Sinan<\/p>\n\n\n\n<p>Saliha bt. S\u00fcleyman<\/p>\n\n\n\n<p>\u015eehri H\u00e2tun bt. Halil<\/p>\n\n\n\n<p>Selime bt. Ayyar<\/p>\n\n\n\n<p>\u015eem\u2018i bt. Mustafa<\/p>\n\n\n\n<p>Sitti H\u00e2tun bt. Ali<\/p>\n\n\n\n<p>Ticar bt. Hace Kas\u0131m<\/p>\n\n\n\n<p>\u00dcmm\u00fchan bt. H\u00fcseyin<\/p>\n\n\n\n<p>Z\u00e2hide<\/p>\n\n\n\n<p>Zeyni H\u00e2tun bt. \u015euc\u00e2\u2018<br><\/p>\n\n\n\n<h2 class=\"wp-block-heading\">Ambiguous Converts\u2019 Names<\/h2>\n\n\n\n<p>\u00c2sude bt. Abdullah<\/p>\n\n\n\n<p>Ay\u015fe H\u00e2tun bt. Abdullah<\/p>\n\n\n\n<p>Ay\u015fe H\u00e2tun bt. Abdullah<\/p>\n\n\n\n<p>Cansever bt. Abdullah<\/p>\n\n\n\n<p>D\u00fcnyabola bt. Abdullah<\/p>\n\n\n\n<p>Emine H\u00e2tun bt. Abdullah<\/p>\n\n\n\n<p>Emine bt. Abdullah<\/p>\n\n\n\n<p>Emine bt. Abdullah<\/p>\n\n\n\n<p>Fat\u0131ma H\u00e2tun bt. Abdullah<\/p>\n\n\n\n<p>G\u00fcl\u00fcm H\u00e2tun bt. Abdullah<\/p>\n\n\n\n<p>Hasn\u00e2 bt. Abdullah<\/p>\n\n\n\n<p>Hatice H\u00e2tun bt. Abdullah<\/p>\n\n\n\n<p>Hondi H\u00e2tun bt. Abdullah<\/p>\n\n\n\n<p>H\u00fcma bt. Abdullah<\/p>\n\n\n\n<p>Kamer bt. Abdullah<\/p>\n\n\n\n<p>Kamer bt. Abdullah<\/p>\n\n\n\n<p>Kamer bt. Abdullah<\/p>\n\n\n\n<p>Kamer bt. Abdullah<\/p>\n\n\n\n<p>Kameru\u015f H\u00e2tun bt. Abdullah<\/p>\n\n\n\n<p>Merve bt. Abdullah<\/p>\n\n\n\n<p>Mihri H\u00e2tun bt. Abdullah<\/p>\n\n\n\n<p>Mihriban H\u00e2tun bt. Abdullah<\/p>\n\n\n\n<p>Mihriban bt. Abdullah<\/p>\n\n\n\n<p>Nisa H\u00e2tun bt. Abdullah<\/p>\n\n\n\n<p>Perizad bt. Abdullah<\/p>\n\n\n\n<p>Rukiye H\u00e2tun bt. Abdullah<\/p>\n\n\n\n<p>Selime bt. Abdullah<\/p>\n\n\n\n<p>Selime bt. Abdullah<\/p>\n\n\n\n<p>\u015eems Peri bt. Abdullah<\/p>\n\n\n\n<p>Sultan bt. Abdullah<\/p>\n\n\n\n<p>Yasemin bt. Abdullah<\/p>\n\n\n\n<p>Z\u00e2hide H\u00e2tun bt. Abdullah<\/p>\n\n\n\n<p>Ziy\u00e2de H\u00e2tun bt. Abdullah\/Abdi<\/p>\n\n\n\n<p>Z\u00fchre bt. Abdullah<br><\/p>\n\n\n\n<h2 class=\"wp-block-heading\">Slaves\u2019 Names<\/h2>\n\n\n\n<p>\u00c2fitab bt. Abdullah<\/p>\n\n\n\n<p>Cansever bt. Abdullah<\/p>\n\n\n\n<p>Cevri bt. Abdullah<\/p>\n\n\n\n<p>Ferah\u015fad bt. Abdullah<\/p>\n\n\n\n<p>G\u00fcla\u00e7maz bt. Abdullah<\/p>\n\n\n\n<p>Hatice bt. Abdullah<\/p>\n\n\n\n<p>Hur\u015fid bt. Abdullah<\/p>\n\n\n\n<p>Hur\u015fid bt. Abdullah<\/p>\n\n\n\n<p>Kadem bt. Abdullah<\/p>\n\n\n\n<p>Kamer bt. Abdullah<\/p>\n\n\n\n<p>Mahzaman bt. Abdullah<\/p>\n\n\n\n<p>Mehri bt. Abdullah<\/p>\n\n\n\n<p>Meryem bt. Abdullah<\/p>\n\n\n\n<p>Mihriban bt. Abdullah<\/p>\n\n\n\n<p>Muhti bt. Abdullah<\/p>\n\n\n\n<p>N\u00e2zenin bt. Abdullah<\/p>\n\n\n\n<p>\u015eah Huban bt. Abdullah<\/p>\n\n\n\n<p>\u015eemayil bt. Abdullah<\/p>\n\n\n\n<p>Tuti bt. Abdullah<\/p>\n\n\n\n<p>Yasemin bt. Abdullah<\/p>\n\n\n\n<p>Yasemin bt. Abdullah<\/p>\n\n\n\n<p>Yasemin bt. Abdullah<\/p>\n\n\n\n<p>Yemeni bt. Abdull<br><\/p>\n","protected":false},"excerpt":{"rendered":"<p>Freeborn Women\u2019s Names \u00c2dile bt. Mehmed Alem\u015fah H\u00e2tun bt. Hayreddin Ayn\u00ee H\u00e2tun bt. Ebri Ay\u015fe H\u00e2tun bt. Ahmed Ay\u015fe bt. Ali Bey Ay\u015fe bt. Ali Ay\u015fe H\u00e2tun bt. Bali Bey Ay\u015fe bt. Hac\u0131 Ebubekir Ay\u015fe bt. \u0130sa Ay\u015fe bt. Hac\u0131 Mehmed Ay\u015fe bt. Mehmed \u00c7elebi Ay\u015fe H\u00e2tun bt. Mustafa Ay\u015fe\u2026<\/p>\n<p class=\"continue-reading-button\"> <a class=\"continue-reading-link\" href=\"https:\/\/www.issendai.com\/16thcenturyistanbul\/turkish-names\/muslim-names\/the-ladies-of-istanbul\/the-raw-data\/galata-1575-1576\/\">Continue reading<i class=\"crycon-right-dir\"><\/i><\/a><\/p>\n","protected":false},"author":1,"featured_media":0,"parent":2181,"menu_order":0,"comment_status":"closed","ping_status":"closed","template":"","meta":{"footnotes":""},"categories":[85,81],"tags":[],"class_list":["post-2188","page","type-page","status-publish","hentry","category-ottoman-turkish-names","category-turkish-names"],"_links":{"self":[{"href":"https:\/\/www.issendai.com\/16thcenturyistanbul\/wp-json\/wp\/v2\/pages\/2188","targetHints":{"allow":["GET"]}}],"collection":[{"href":"https:\/\/www.issendai.com\/16thcenturyistanbul\/wp-json\/wp\/v2\/pages"}],"about":[{"href":"https:\/\/www.issendai.com\/16thcenturyistanbul\/wp-json\/wp\/v2\/types\/page"}],"author":[{"embeddable":true,"href":"https:\/\/www.issendai.com\/16thcenturyistanbul\/wp-json\/wp\/v2\/users\/1"}],"replies":[{"embeddable":true,"href":"https:\/\/www.issendai.com\/16thcenturyistanbul\/wp-json\/wp\/v2\/comments?post=2188"}],"version-history":[{"count":1,"href":"https:\/\/www.issendai.com\/16thcenturyistanbul\/wp-json\/wp\/v2\/pages\/2188\/revisions"}],"predecessor-version":[{"id":2189,"href":"https:\/\/www.issendai.com\/16thcenturyistanbul\/wp-json\/wp\/v2\/pages\/2188\/revisions\/2189"}],"up":[{"embeddable":true,"href":"https:\/\/www.issendai.com\/16thcenturyistanbul\/wp-json\/wp\/v2\/pages\/2181"}],"wp:attachment":[{"href":"https:\/\/www.issendai.com\/16thcenturyistanbul\/wp-json\/wp\/v2\/media?parent=2188"}],"wp:term":[{"taxonomy":"category","embeddable":true,"href":"https:\/\/www.issendai.com\/16thcenturyistanbul\/wp-json\/wp\/v2\/categories?post=2188"},{"taxonomy":"post_tag","embeddable":true,"href":"https:\/\/www.issendai.com\/16thcenturyistanbul\/wp-json\/wp\/v2\/tags?post=2188"}],"curies":[{"name":"wp","href":"https:\/\/api.w.org\/{rel}","templated":true}]}}