{"id":2191,"date":"2018-11-02T12:12:58","date_gmt":"2018-11-02T17:12:58","guid":{"rendered":"http:\/\/www.issendai.com\/16thcenturyistanbul\/?page_id=2191"},"modified":"2018-11-02T12:13:00","modified_gmt":"2018-11-02T17:13:00","slug":"eyub-1585-1587","status":"publish","type":"page","link":"https:\/\/www.issendai.com\/16thcenturyistanbul\/turkish-names\/muslim-names\/the-ladies-of-istanbul\/the-raw-data\/eyub-1585-1587\/","title":{"rendered":"Ey\u00fcb 1585-1587"},"content":{"rendered":"\n<h2 class=\"wp-block-heading\">Freeborn Women\u2019s Names<\/h2>\n\n\n\n<p>Alem\u015fah bt. Yusuf<\/p>\n\n\n\n<p>Amine H\u00e2tun bt. Mehmed<\/p>\n\n\n\n<p>Ayn\u00ee H\u00e2tun bt. Ahmed<\/p>\n\n\n\n<p>Ayn\u00ee H\u00e2tun bt. Mehmed<\/p>\n\n\n\n<p>Ayn\u00ee H\u00e2tun bt. Salih<\/p>\n\n\n\n<p>Ayn\u00ee H\u00e2tun bt. Veli<\/p>\n\n\n\n<p>Ayn\u00ee H\u00e2tun bt. Veli<\/p>\n\n\n\n<p>\u00c2i\u015fe bt. Ahmed<\/p>\n\n\n\n<p>Ai\u015fe bt. Behram<\/p>\n\n\n\n<p>Ai\u015fe bt. Behram<\/p>\n\n\n\n<p>Ai\u015fe H\u00e2tun bt. Hasan<\/p>\n\n\n\n<p>Ai\u015fe H\u00e2tun bt. Hasan<\/p>\n\n\n\n<p>Ai\u015fe H\u00e2tun bt. Hasan<\/p>\n\n\n\n<p>\u00c2i\u015fe bt. H\u00fcseyin<\/p>\n\n\n\n<p>\u00c2i\u015fe bt. H\u00fcseyin<\/p>\n\n\n\n<p>Ai\u015fe bt. H\u00fcseyin<\/p>\n\n\n\n<p>Ai\u015fe bt. \u0130smail<\/p>\n\n\n\n<p>Ai\u015fe H\u00e2tun bt. el-Hac Memi<\/p>\n\n\n\n<p>Ai\u015fe H\u00e2tun bt. Mustafa<\/p>\n\n\n\n<p>Ai\u015fe bt. Mustafa<\/p>\n\n\n\n<p>Ai\u015fe H\u00e2tun bt. Abdullah<\/p>\n\n\n\n<p>Ai\u015fe bt. Nasuh<\/p>\n\n\n\n<p>Ai\u015fe H\u00e2tun bt. Nasuh<\/p>\n\n\n\n<p>Ai\u015fe bt. \u015eaban<\/p>\n\n\n\n<p>\u00c2i\u015fe H\u00e2tun bt. Yusuf<\/p>\n\n\n\n<p>Ai\u015fe H\u00e2tun bt. Yusuf<\/p>\n\n\n\n<p>Ai\u015fe H\u00e2tun bt. Yusuf<\/p>\n\n\n\n<p>Bahar bt. Oru\u00e7<\/p>\n\n\n\n<p>Belk\u0131s bt. Mehmed Bey<\/p>\n\n\n\n<p>Cemile H\u00e2tun bt. Bayram<\/p>\n\n\n\n<p>Durpa\u015fa bt. Ahmed Celebi<\/p>\n\n\n\n<p>Emine H\u00e2tun bt. Haydar Efendi<\/p>\n\n\n\n<p>Emine bt. H\u00fcseyin<\/p>\n\n\n\n<p>Emine bt. Kas\u0131m<\/p>\n\n\n\n<p>Esma bt. Kas\u0131m<\/p>\n\n\n\n<p>Fat\u0131ma H\u00e2tun bt. Ahmed<\/p>\n\n\n\n<p>Fat\u0131ma H\u00e2tun bt. Ahmed<\/p>\n\n\n\n<p>Fat\u0131ma H\u00e2tun bt. Ahmed<\/p>\n\n\n\n<p>Fat\u0131ma H\u00e2tun bt. Ali<\/p>\n\n\n\n<p>Fat\u0131ma bt. Dede Bali<\/p>\n\n\n\n<p>Fat\u0131ma H\u00e2tun bt. Bali<\/p>\n\n\n\n<p>Fat\u0131ma H\u00e2tun bt. Emir<\/p>\n\n\n\n<p>F\u00e2t\u0131ma bt. Ferhad<\/p>\n\n\n\n<p>Fat\u0131ma bt. Hasan<\/p>\n\n\n\n<p>Fat\u0131ma bt. H\u0131z\u0131r<\/p>\n\n\n\n<p>F\u00e2t\u0131ma bt. H\u00fcseyin<\/p>\n\n\n\n<p>Fat\u0131ma bt. \u0130skender<\/p>\n\n\n\n<p>F\u00e2t\u0131ma bt. Mahmud<\/p>\n\n\n\n<p>Fat\u0131ma H\u00e2tun bt. Mehmed<\/p>\n\n\n\n<p>Fat\u0131ma bt. Mehmed<\/p>\n\n\n\n<p>Fat\u0131ma bt. Mustafa<\/p>\n\n\n\n<p>Fat\u0131ma bt. Mustafa Celebi<\/p>\n\n\n\n<p>F\u00e2t\u0131ma H\u00e2tun bt. \u015eirmerd<\/p>\n\n\n\n<p>Fat\u0131ma bt. Yusuf<\/p>\n\n\n\n<p>Gaybi bt. Mehmed<\/p>\n\n\n\n<p>Habibe H\u00e2tun<\/p>\n\n\n\n<p>H\u00e2n\u00ee H\u00e2tun bt. Ali<\/p>\n\n\n\n<p>Hanife bt. Murad<\/p>\n\n\n\n<p>Hanife H\u00e2tun bt. Sinan<\/p>\n\n\n\n<p>Hatice bt. el-Hac Mustafa<\/p>\n\n\n\n<p>H\u00fcma bt. H\u00fcseyin<\/p>\n\n\n\n<p>H\u00fcma bt. Mahmud<\/p>\n\n\n\n<p>H\u00fcma H\u00e2tun bt. Mahmud<\/p>\n\n\n\n<p>Kamer bt. Karag\u00f6z<\/p>\n\n\n\n<p>Kamer H\u00e2tun bt. \u015eirmerd<\/p>\n\n\n\n<p>Kerime H\u00e2tun bt. Davud<\/p>\n\n\n\n<p>Kerime bt. Kas\u0131m<\/p>\n\n\n\n<p>Kumru bt. Mustafa<\/p>\n\n\n\n<p>Medine H\u00e2tun bt. Allahkulu<\/p>\n\n\n\n<p>Meryem bt. Fethullah<\/p>\n\n\n\n<p>Mudam H\u00e2tun bt. Musa<\/p>\n\n\n\n<p>M\u00fcmine bt. Ahmed<\/p>\n\n\n\n<p>M\u00fcmine bt. Allahkulu<\/p>\n\n\n\n<p>M\u00fcmine<\/p>\n\n\n\n<p>Nisa<\/p>\n\n\n\n<p>Rabia H\u00e2tun bt. Mahmud<\/p>\n\n\n\n<p>Rahime bt. \u00c2dil<\/p>\n\n\n\n<p>Rahime H\u00e2tun bt. Receb<\/p>\n\n\n\n<p>Raziye H\u00e2tun bt. H\u00fcseyin<\/p>\n\n\n\n<p>Raziye bt. H\u00fcseyin<\/p>\n\n\n\n<p>Raziye bt. \u0130lyas<\/p>\n\n\n\n<p>Raziye H\u00e2tun bt. Mehmed<\/p>\n\n\n\n<p>R\u00fcveyde H\u00e2tun bt. Musa<\/p>\n\n\n\n<p>\u015eahz\u00e2de bt. Yusuf<\/p>\n\n\n\n<p>Sakine H\u00e2tun bt. \u0130lyas<\/p>\n\n\n\n<p>S\u00e2liha bt. Mahmud<\/p>\n\n\n\n<p>S\u00e2liha bt. Mustafa<\/p>\n\n\n\n<p>S\u00e2liha bt. Mustafa<\/p>\n\n\n\n<p>S\u00e2liha<\/p>\n\n\n\n<p>Sem\u2018iyye bt. Piri<\/p>\n\n\n\n<p>\u015eemsi H\u00e2tun bt. Mahmud<\/p>\n\n\n\n<p>Sultan H\u00e2tun bt. Haydar<\/p>\n\n\n\n<p>\u00dcmm\u00ee bt. Eynehan<\/p>\n\n\n\n<p>\u00dcmm\u00ee<\/p>\n\n\n\n<p>\u00dcmmi H\u00e2tun bt. S\u00e2lih<\/p>\n\n\n\n<p>Z\u00e2hide H\u00e2tun bt. Ahmed<\/p>\n\n\n\n<p>Z\u00e2hide bt. Ahmed<\/p>\n\n\n\n<p>Z\u00e2hide H\u00e2tun bt. Ahmed<\/p>\n\n\n\n<p>Z\u00e2hide H\u00e2tun bt. Hasan<\/p>\n\n\n\n<p>Z\u00e2hide bt. \u00dcveys<\/p>\n\n\n\n<p>Zeyni bt. Hasan<br><\/p>\n\n\n\n<h2 class=\"wp-block-heading\">Ambiguous Converts\u2019\nNames<\/h2>\n\n\n\n<p>Ayn\u00ee bt. Abdullah<\/p>\n\n\n\n<p>Ayn\u00ee bt. Abdullah<\/p>\n\n\n\n<p>Ayn\u00ee bt. Abdullah<\/p>\n\n\n\n<p>Dilaver H\u00e2tun bt. Abdullah<\/p>\n\n\n\n<p>Emine bt. Abdullah<\/p>\n\n\n\n<p>Emine bt. Abdullah<\/p>\n\n\n\n<p>Emine bt. Abdullah<\/p>\n\n\n\n<p>Emine H\u00e2tun bt. Abdullah<\/p>\n\n\n\n<p>Esm\u00e2 H\u00e2tun bt. Abdullah<\/p>\n\n\n\n<p>H\u00e2n\u00ee H\u00e2tun bt. Abdullah<\/p>\n\n\n\n<p>H\u00fcma H\u00e2tun bt. Abdullah<\/p>\n\n\n\n<p>Husni H\u00e2tun bt. Abdullah<\/p>\n\n\n\n<p>Kamer H\u00e2tun bt. Abdullah<\/p>\n\n\n\n<p>Kamer H\u00e2tun bt. Abdullah<\/p>\n\n\n\n<p>Kamile bt. Abdullah<\/p>\n\n\n\n<p>K\u00e2mile bt. Abdullah<\/p>\n\n\n\n<p>L\u00e2lez\u00e2r H\u00e2tun bt. Abdullah<\/p>\n\n\n\n<p>Mah\u0131devran bt. Abdullah<\/p>\n\n\n\n<p>Mehlika bt. Abdullah<\/p>\n\n\n\n<p>Mehtab bt. Abdullah<\/p>\n\n\n\n<p>Mihriban bt. Abdullah<\/p>\n\n\n\n<p>M\u00fczeyyen H\u00e2tun bt. Abdullah<\/p>\n\n\n\n<p>N\u00e2zenin bt. Abdullah<\/p>\n\n\n\n<p>Nefise bt. Abdullah<\/p>\n\n\n\n<p>Nefise H\u00e2tun bt. Abdullah<\/p>\n\n\n\n<p>Peymane H\u00e2tun bt. Abdullah<\/p>\n\n\n\n<p>\u015eemsi bt. Abdullah<\/p>\n\n\n\n<p>Sultan H\u00e2tun bt. Abdullah<\/p>\n\n\n\n<p>Tercuman H\u00e2tun bt. Abdullah<\/p>\n\n\n\n<p>Yasemin bt. Abdullah<\/p>\n\n\n\n<p>Yasemin bt. Abdullah<\/p>\n\n\n\n<p>Yasemin H\u00e2tun bt. Abdullah<br><\/p>\n\n\n\n<h2 class=\"wp-block-heading\">Slaves\u2019 Names<\/h2>\n\n\n\n<p>Benef\u015fe bt. Abdullah<\/p>\n\n\n\n<p>Cihan bt. Abdullah<\/p>\n\n\n\n<p>Ferah\u015fad<\/p>\n\n\n\n<p>Mahsima<\/p>\n\n\n\n<p>N\u00e2zenin bt. Abdullah<\/p>\n\n\n\n<p>Peymane bt. Abdullah<\/p>\n\n\n\n<p>Peymane<\/p>\n\n\n\n<p>Zam\u00e2ne bt. Abdullah\n\nZeyni\nbt. Abdullah\n\n\n\n<\/p>\n","protected":false},"excerpt":{"rendered":"<p>Freeborn Women\u2019s Names Alem\u015fah bt. Yusuf Amine H\u00e2tun bt. Mehmed Ayn\u00ee H\u00e2tun bt. Ahmed Ayn\u00ee H\u00e2tun bt. Mehmed Ayn\u00ee H\u00e2tun bt. Salih Ayn\u00ee H\u00e2tun bt. Veli Ayn\u00ee H\u00e2tun bt. Veli \u00c2i\u015fe bt. Ahmed Ai\u015fe bt. Behram Ai\u015fe bt. Behram Ai\u015fe H\u00e2tun bt. Hasan Ai\u015fe H\u00e2tun bt. Hasan Ai\u015fe H\u00e2tun bt.\u2026<\/p>\n<p class=\"continue-reading-button\"> <a class=\"continue-reading-link\" href=\"https:\/\/www.issendai.com\/16thcenturyistanbul\/turkish-names\/muslim-names\/the-ladies-of-istanbul\/the-raw-data\/eyub-1585-1587\/\">Continue reading<i class=\"crycon-right-dir\"><\/i><\/a><\/p>\n","protected":false},"author":1,"featured_media":0,"parent":2181,"menu_order":0,"comment_status":"closed","ping_status":"closed","template":"","meta":{"footnotes":""},"categories":[85,81],"tags":[],"class_list":["post-2191","page","type-page","status-publish","hentry","category-ottoman-turkish-names","category-turkish-names"],"_links":{"self":[{"href":"https:\/\/www.issendai.com\/16thcenturyistanbul\/wp-json\/wp\/v2\/pages\/2191","targetHints":{"allow":["GET"]}}],"collection":[{"href":"https:\/\/www.issendai.com\/16thcenturyistanbul\/wp-json\/wp\/v2\/pages"}],"about":[{"href":"https:\/\/www.issendai.com\/16thcenturyistanbul\/wp-json\/wp\/v2\/types\/page"}],"author":[{"embeddable":true,"href":"https:\/\/www.issendai.com\/16thcenturyistanbul\/wp-json\/wp\/v2\/users\/1"}],"replies":[{"embeddable":true,"href":"https:\/\/www.issendai.com\/16thcenturyistanbul\/wp-json\/wp\/v2\/comments?post=2191"}],"version-history":[{"count":1,"href":"https:\/\/www.issendai.com\/16thcenturyistanbul\/wp-json\/wp\/v2\/pages\/2191\/revisions"}],"predecessor-version":[{"id":2192,"href":"https:\/\/www.issendai.com\/16thcenturyistanbul\/wp-json\/wp\/v2\/pages\/2191\/revisions\/2192"}],"up":[{"embeddable":true,"href":"https:\/\/www.issendai.com\/16thcenturyistanbul\/wp-json\/wp\/v2\/pages\/2181"}],"wp:attachment":[{"href":"https:\/\/www.issendai.com\/16thcenturyistanbul\/wp-json\/wp\/v2\/media?parent=2191"}],"wp:term":[{"taxonomy":"category","embeddable":true,"href":"https:\/\/www.issendai.com\/16thcenturyistanbul\/wp-json\/wp\/v2\/categories?post=2191"},{"taxonomy":"post_tag","embeddable":true,"href":"https:\/\/www.issendai.com\/16thcenturyistanbul\/wp-json\/wp\/v2\/tags?post=2191"}],"curies":[{"name":"wp","href":"https:\/\/api.w.org\/{rel}","templated":true}]}}