{"id":2195,"date":"2018-11-02T12:14:31","date_gmt":"2018-11-02T17:14:31","guid":{"rendered":"http:\/\/www.issendai.com\/16thcenturyistanbul\/?page_id=2195"},"modified":"2018-11-02T12:14:33","modified_gmt":"2018-11-02T17:14:33","slug":"rumeli-1594-1595","status":"publish","type":"page","link":"https:\/\/www.issendai.com\/16thcenturyistanbul\/turkish-names\/muslim-names\/the-ladies-of-istanbul\/the-raw-data\/rumeli-1594-1595\/","title":{"rendered":"Rumeli 1594-1595"},"content":{"rendered":"\n<h2 class=\"wp-block-heading\">Freeborn Women\u2019s Names<\/h2>\n\n\n\n<p>Asiye H\u00e2tun bt. Ali<\/p>\n\n\n\n<p>Asiye bt. \u00dcveys<\/p>\n\n\n\n<p>Ayn\u00ee bt. Ali<\/p>\n\n\n\n<p>Ayn\u00ee bt. Mehmed<\/p>\n\n\n\n<p>Ayn\u00ee<\/p>\n\n\n\n<p>Ayn\u00ee bt. Nasuh<\/p>\n\n\n\n<p>Ay\u015fe H\u00e2tun bt. Pir Ahmed<\/p>\n\n\n\n<p>Ay\u015fe H\u00e2tun bt. Cafer<\/p>\n\n\n\n<p>Ay\u015fe H\u00e2tun bt. Ferhad A\u011fa<\/p>\n\n\n\n<p>Ay\u015fe bt. Mahmud<\/p>\n\n\n\n<p>Ay\u015fe bt. Mahmud<\/p>\n\n\n\n<p>Ay\u015fe bt. Mehmed<\/p>\n\n\n\n<p>Ay\u015fe H\u00e2tun bt. Pir Mehmed Bey<\/p>\n\n\n\n<p>Ay\u015fe bt. Mustafa<\/p>\n\n\n\n<p>Ay\u015fe bt. El-Hac Mustafa<\/p>\n\n\n\n<p>Ay\u015fe bt. Abdullah<\/p>\n\n\n\n<p>Ay\u015fe H\u00e2tun bt. Ramazan Bey<\/p>\n\n\n\n<p>Ay\u015fe H\u00e2tun bt. Tavuca?<\/p>\n\n\n\n<p>Ay\u015fe H\u00e2tun bt. Yusuf<\/p>\n\n\n\n<p>Belk\u0131s H\u00e2tun bt. Ali Bey<\/p>\n\n\n\n<p>Belk\u0131s H\u00e2tun bt. Cafer<\/p>\n\n\n\n<p>Belk\u0131s Han\u0131m<\/p>\n\n\n\n<p>Canfed\u00e2 H\u00e2tun bt. Abd\u00fclmennan<\/p>\n\n\n\n<p>Cemile H\u00e2tun bt. Hamza<\/p>\n\n\n\n<p>Cennet bt. Mehmed<\/p>\n\n\n\n<p>Emine bt. Abd\u00fclmuhyi Efendi<\/p>\n\n\n\n<p>Emine bt. H\u00fcseyin<\/p>\n\n\n\n<p>Emine bt. \u0130brahim<\/p>\n\n\n\n<p>Emine H\u00e2tun bt. Mehmed<\/p>\n\n\n\n<p>Emine bt. Memi \u00c7elebi<\/p>\n\n\n\n<p>Emine<\/p>\n\n\n\n<p>Emine bt. Piri<\/p>\n\n\n\n<p>Esma bt. H\u00fcsrev<\/p>\n\n\n\n<p>Esma\/\u0130smi bt. Mehmed<\/p>\n\n\n\n<p>Fahri H\u00e2tun bt. Sinan A\u011fa<\/p>\n\n\n\n<p>Faize bt. Mehmed<\/p>\n\n\n\n<p>Fat\u0131ma H\u00e2tun bt. Ahmed<\/p>\n\n\n\n<p>Fat\u0131ma H\u00e2tun bt. Ahmed<\/p>\n\n\n\n<p>Fat\u0131ma bt. el-Hac Ferruh<\/p>\n\n\n\n<p>Fat\u0131ma bt. \u0130skender<\/p>\n\n\n\n<p>Fat\u0131ma bt. Mahmud<\/p>\n\n\n\n<p>Fat\u0131ma bt. Mehmed<\/p>\n\n\n\n<p>Fat\u0131ma bt. Mirza<\/p>\n\n\n\n<p>Fat\u0131ma bt. Musa<\/p>\n\n\n\n<p>Fat\u0131ma bt. Mustafa<\/p>\n\n\n\n<p>Fat\u0131ma bt. Abdullah<\/p>\n\n\n\n<p>Fat\u0131ma bt. \u015eaban<\/p>\n\n\n\n<p>Fat\u0131ma bt. \u015eaban<\/p>\n\n\n\n<p>Fat\u0131ma bt. Sinan<\/p>\n\n\n\n<p>Fat\u0131ma bt. S\u00fcleyman<\/p>\n\n\n\n<p>Fat\u0131ma H\u00e2tun bt. el-Hac Veli<\/p>\n\n\n\n<p>G\u00fcll\u00fc H\u00e2tun bt. el-Hac S\u00fcleyman<\/p>\n\n\n\n<p>H\u00e2kime bt. Behram Bey<\/p>\n\n\n\n<p>Hanife H\u00e2tun bt. Mustafa Bey<\/p>\n\n\n\n<p>Hatice H\u00e2tun bt. Cevri Efendi<\/p>\n\n\n\n<p>Hatice bt. Ebi\u2019l-Bakadise<\/p>\n\n\n\n<p>Hatice<\/p>\n\n\n\n<p>H\u00fcma H\u00e2tun bt. \u0130skender Bey<\/p>\n\n\n\n<p>H\u00fcma bt. Mustafa Bey<\/p>\n\n\n\n<p>\u0130hsan bt. Kurd<\/p>\n\n\n\n<p>\u0130smi bt. Mehmed<\/p>\n\n\n\n<p>\u0130smihan bt. Ali<\/p>\n\n\n\n<p>\u0130smihan H\u00e2tun bt. Memi\u015fah Bey<\/p>\n\n\n\n<p>Kad\u0131n Pa\u015fa bt. \u015eaban<\/p>\n\n\n\n<p>Kamer H\u00e2tun bt. Muharrem<\/p>\n\n\n\n<p>Kamer bt. Nasuh<\/p>\n\n\n\n<p>Kamer H\u00e2tun bt. Yunus<\/p>\n\n\n\n<p>Kerime bt. Mahmud<\/p>\n\n\n\n<p>Kerime H\u00e2tun bt. Mehmed<\/p>\n\n\n\n<p>K\u0131zlarbeyi bt. Mahmud<\/p>\n\n\n\n<p>Mihriban bt. Pervane<\/p>\n\n\n\n<p>Muhsine bt. \u0130sa<\/p>\n\n\n\n<p>M\u00fcmine bt. Ali<\/p>\n\n\n\n<p>Naime bt. Ahmed \u00c7elebi<\/p>\n\n\n\n<p>Narin bt. Mustafa<\/p>\n\n\n\n<p>Nefise bt. Bali<\/p>\n\n\n\n<p>Nesli bt. Dervi\u015f<\/p>\n\n\n\n<p>Rabia bt. Ali<\/p>\n\n\n\n<p>Rabia H\u00e2tun bt. Ali<\/p>\n\n\n\n<p>Rabia bt. H\u00fcseyin<\/p>\n\n\n\n<p>R\u00e2bia bt. Mustafa<\/p>\n\n\n\n<p>Rabia bt. Abdullah<\/p>\n\n\n\n<p>Rahime bt. Abdulbak\u012b<\/p>\n\n\n\n<p>Rahime bt. Ferhad Bey<\/p>\n\n\n\n<p>Rahime Han\u0131m bt. Kas\u0131m Pa\u015fa<\/p>\n\n\n\n<p>Rahime H\u00e2tun bt. ( )<\/p>\n\n\n\n<p>Raziye bt. Mehmed<\/p>\n\n\n\n<p>Raziye H\u00e2tun bt. S\u00fcleyman<\/p>\n\n\n\n<p>Rukiye bt. Mehmed<\/p>\n\n\n\n<p>Rukiye bt. Taceddin<\/p>\n\n\n\n<p>Safiye bt. Ayd\u0131n Be\u015fe<\/p>\n\n\n\n<p>Safiye H\u00e2tun bt. Ayd\u0131n<\/p>\n\n\n\n<p>Safiye bt. Abdullah<\/p>\n\n\n\n<p>\u015eah Huban bt. \u0130skender<\/p>\n\n\n\n<p>\u015eah H\u00fbb\u00e2n bt. Abdullah<\/p>\n\n\n\n<p>\u015e\u00e2h\u00ee bt. Abdullah<\/p>\n\n\n\n<p>\u015e\u00e2hidyed\u00e2r H\u00e2tun bt. Ahmed Pa\u015fa<\/p>\n\n\n\n<p>Sakine bt. Ahmed<\/p>\n\n\n\n<p>Sakine H\u00e2tun bt. Kutb\u00fc<\/p>\n\n\n\n<p>Saliha bt. Cafer<\/p>\n\n\n\n<p>S\u00e2liha bt. Nasuh<\/p>\n\n\n\n<p>Selcuk H\u00e2tun bt. Yusuf<\/p>\n\n\n\n<p>\u015eem\u2018i H\u00e2tun bt. Mehmed<\/p>\n\n\n\n<p>Sitti bt. H\u00fcseyin<\/p>\n\n\n\n<p>Sultan bt. Sinan<\/p>\n\n\n\n<p>Teslime bt. Mehmed<\/p>\n\n\n\n<p>\u00dcmm\u00ee<\/p>\n\n\n\n<p>\u00dcmmi bt. Osman Bey<\/p>\n\n\n\n<p>\u00dcmm\u00ee H\u00e2tun bt. \u015euc\u00e2\u2018<\/p>\n\n\n\n<p>\u00dcmm\u00fcgulsum<\/p>\n\n\n\n<p>Z\u00e2hide bt. Bedreddin<\/p>\n\n\n\n<p>Zeyni H\u00e2tun bt. \u0130brahim \u00c7elebi<\/p>\n\n\n\n<p>Z\u00fcbeyde H\u00e2tun bt. H\u00fcseyin<br><\/p>\n\n\n\n<h2 class=\"wp-block-heading\">Ambiguous Converts\u2019\nNames<\/h2>\n\n\n\n<p>\u00c2b\u0131kevser bt. Abdullah<\/p>\n\n\n\n<p>Ay\u015fe H\u00e2tun bt. Abdullah<\/p>\n\n\n\n<p>Ay\u015fe bt. Abdullah<\/p>\n\n\n\n<p>Ay\u015fe H\u00e2tun bt. Abdullah<\/p>\n\n\n\n<p>Belk\u0131s H\u00e2tun bt. Abdullah<\/p>\n\n\n\n<p>Ceyhun bt. Abdullah<\/p>\n\n\n\n<p>Emine bt. Abdullah<\/p>\n\n\n\n<p>Emine H\u00e2tun bt. Abdullah<\/p>\n\n\n\n<p>Fat\u0131ma H\u00e2tun bt. Abdi<\/p>\n\n\n\n<p>Fat\u0131ma bt. Abdullah<\/p>\n\n\n\n<p>Fat\u0131ma bt. Abdullah<\/p>\n\n\n\n<p>Ferruh\u015fad bt. Abdullah<\/p>\n\n\n\n<p>Genc-\u00e2s\u00e2 bt. Abd\u00fclmennan<\/p>\n\n\n\n<p>G\u00fclbahar bt. Abdullah<\/p>\n\n\n\n<p>G\u00fclfidan bt. Abdullah<\/p>\n\n\n\n<p>Hatice bt. Abdullah<\/p>\n\n\n\n<p>Hur\u015fid bt. Abdullah<\/p>\n\n\n\n<p>K\u0101bile bt. Abdullah<\/p>\n\n\n\n<p>Kamer bt. Abdullah<\/p>\n\n\n\n<p>Kamer bt. Abdullah<\/p>\n\n\n\n<p>Kamer H\u00e2tun bt. Abdullah<\/p>\n\n\n\n<p>Mehlik\u0101 bt. Abdullah<\/p>\n\n\n\n<p>Mihrimah bt. Abdullah<\/p>\n\n\n\n<p>M\u00fbnise bt. Abdullah<\/p>\n\n\n\n<p>N\u00e2zenin bt. Abdullah<\/p>\n\n\n\n<p>R\u00e2n\u00e2 bt. Abdullah<\/p>\n\n\n\n<p>Raziye bt. Abdullah<\/p>\n\n\n\n<p>Raziye H\u00e2tun bt. Abdullah<\/p>\n\n\n\n<p>Raziye bt. Abdullah<\/p>\n\n\n\n<p>R\u0131dvan bt. Abdullah<\/p>\n\n\n\n<p>Rukiye bt. Abdullah<\/p>\n\n\n\n<p>Rukiye bt. Abdullah<\/p>\n\n\n\n<p>Sabiha bt. Abdullah<\/p>\n\n\n\n<p>\u015eemsimah bt. Abdullah<\/p>\n\n\n\n<p>Sitti H\u00e2tun bt. Abdullah<\/p>\n\n\n\n<p>Temenna bt. Abdullah<\/p>\n\n\n\n<p>Yasemin bt. Abdullah<\/p>\n\n\n\n<p>Zam\u00e2ne bt. Abdullah<br><\/p>\n\n\n\n<h2 class=\"wp-block-heading\">Slaves\u2019 Names<\/h2>\n\n\n\n<p>Afit\u00e2b bt. Abdullah<\/p>\n\n\n\n<p>Ayn\u00fclhay\u00e2t bt. Abdullah<\/p>\n\n\n\n<p>Canfeda bt. Abdullah<\/p>\n\n\n\n<p>\u00c7e\u015fmisiy\u00e2h bt. Abdurrahman<\/p>\n\n\n\n<p>Cihan Banu bt. Abdullah<\/p>\n\n\n\n<p>Emine bt. Abdullah<\/p>\n\n\n\n<p>Emine bt. Abdullah<\/p>\n\n\n\n<p>G\u00fclahmer bt. Abdullah<\/p>\n\n\n\n<p>G\u00fclistan bt. Abd\u00fclmennan<\/p>\n\n\n\n<p>G\u00fclizar bt. Abdullah<\/p>\n\n\n\n<p>Handan bt. Abdullah<\/p>\n\n\n\n<p>H\u00fcma bt. \u0130badullah<\/p>\n\n\n\n<p>Kamile bt. Abdullah<\/p>\n\n\n\n<p>L\u00e2lez\u00e2r bt. Abdullah<\/p>\n\n\n\n<p>Makriye? bt. Abdullah<\/p>\n\n\n\n<p>Meleksima bt. Abdullah<\/p>\n\n\n\n<p>Mercan bt. Abdullah<\/p>\n\n\n\n<p>Mihriban bt. Abdullah<\/p>\n\n\n\n<p>Mihrinaz bt. Abdullah<\/p>\n\n\n\n<p>M\u00fclayim bt. Abdullah<\/p>\n\n\n\n<p>M\u00fclayim bt. Ladin<\/p>\n\n\n\n<p>M\u00fc\u015ferrefe bt. Abdullah<\/p>\n\n\n\n<p>N\u00e2zenin bt. Abdullah<\/p>\n\n\n\n<p>Niyazi bt. Abdullah<\/p>\n\n\n\n<p>Reftar bt. Abdullah<\/p>\n\n\n\n<p>Ruhisani bt. Abdullah<\/p>\n\n\n\n<p>Ruhzeyba? bt. Abdullah<\/p>\n\n\n\n<p>\u015e\u00e2kire bt. Abdullah<\/p>\n\n\n\n<p>Selime bt. \u0130badullah<\/p>\n\n\n\n<p>Server bt. Abdullah<\/p>\n\n\n\n<p>Yasemin bt. Abdullah<\/p>\n\n\n\n<p>Yasemin bt. Abdullah<\/p>\n\n\n\n<p>Yasemin bt. Abdullah<\/p>\n\n\n\n<p>Yasemin bt. Abdullah<\/p>\n\n\n\n<p>Zam\u00e2ne bt. \u0130badullah<\/p>\n\n\n\n<p>Zam\u00e2ne bt. Abdullah<\/p>\n\n\n\n<p>Z\u00fcleyha? bt. \u0130badullah<\/p>\n","protected":false},"excerpt":{"rendered":"<p>Freeborn Women\u2019s Names Asiye H\u00e2tun bt. Ali Asiye bt. \u00dcveys Ayn\u00ee bt. Ali Ayn\u00ee bt. Mehmed Ayn\u00ee Ayn\u00ee bt. Nasuh Ay\u015fe H\u00e2tun bt. Pir Ahmed Ay\u015fe H\u00e2tun bt. Cafer Ay\u015fe H\u00e2tun bt. Ferhad A\u011fa Ay\u015fe bt. Mahmud Ay\u015fe bt. Mahmud Ay\u015fe bt. Mehmed Ay\u015fe H\u00e2tun bt. Pir Mehmed Bey Ay\u015fe\u2026<\/p>\n<p class=\"continue-reading-button\"> <a class=\"continue-reading-link\" href=\"https:\/\/www.issendai.com\/16thcenturyistanbul\/turkish-names\/muslim-names\/the-ladies-of-istanbul\/the-raw-data\/rumeli-1594-1595\/\">Continue reading<i class=\"crycon-right-dir\"><\/i><\/a><\/p>\n","protected":false},"author":1,"featured_media":0,"parent":2181,"menu_order":0,"comment_status":"closed","ping_status":"closed","template":"","meta":{"footnotes":""},"categories":[85,81],"tags":[],"class_list":["post-2195","page","type-page","status-publish","hentry","category-ottoman-turkish-names","category-turkish-names"],"_links":{"self":[{"href":"https:\/\/www.issendai.com\/16thcenturyistanbul\/wp-json\/wp\/v2\/pages\/2195","targetHints":{"allow":["GET"]}}],"collection":[{"href":"https:\/\/www.issendai.com\/16thcenturyistanbul\/wp-json\/wp\/v2\/pages"}],"about":[{"href":"https:\/\/www.issendai.com\/16thcenturyistanbul\/wp-json\/wp\/v2\/types\/page"}],"author":[{"embeddable":true,"href":"https:\/\/www.issendai.com\/16thcenturyistanbul\/wp-json\/wp\/v2\/users\/1"}],"replies":[{"embeddable":true,"href":"https:\/\/www.issendai.com\/16thcenturyistanbul\/wp-json\/wp\/v2\/comments?post=2195"}],"version-history":[{"count":1,"href":"https:\/\/www.issendai.com\/16thcenturyistanbul\/wp-json\/wp\/v2\/pages\/2195\/revisions"}],"predecessor-version":[{"id":2196,"href":"https:\/\/www.issendai.com\/16thcenturyistanbul\/wp-json\/wp\/v2\/pages\/2195\/revisions\/2196"}],"up":[{"embeddable":true,"href":"https:\/\/www.issendai.com\/16thcenturyistanbul\/wp-json\/wp\/v2\/pages\/2181"}],"wp:attachment":[{"href":"https:\/\/www.issendai.com\/16thcenturyistanbul\/wp-json\/wp\/v2\/media?parent=2195"}],"wp:term":[{"taxonomy":"category","embeddable":true,"href":"https:\/\/www.issendai.com\/16thcenturyistanbul\/wp-json\/wp\/v2\/categories?post=2195"},{"taxonomy":"post_tag","embeddable":true,"href":"https:\/\/www.issendai.com\/16thcenturyistanbul\/wp-json\/wp\/v2\/tags?post=2195"}],"curies":[{"name":"wp","href":"https:\/\/api.w.org\/{rel}","templated":true}]}}