{"id":2266,"date":"2019-02-18T16:31:07","date_gmt":"2019-02-18T21:31:07","guid":{"rendered":"http:\/\/www.issendai.com\/16thcenturyistanbul\/?page_id=2266"},"modified":"2021-08-16T12:07:38","modified_gmt":"2021-08-16T17:07:38","slug":"romaniote-last-names","status":"publish","type":"page","link":"https:\/\/www.issendai.com\/16thcenturyistanbul\/turkish-names\/jewish-names\/romaniote-jewish-names\/romaniote-last-names\/","title":{"rendered":"Romaniote Last Names"},"content":{"rendered":"\n<p><strong>Avna&#8217;im:<\/strong> Hebrew <em>Afnaim<\/em>, &#8220;truly agreeable.&#8221; [<a href=\"https:\/\/books.google.com\/books?id=_dQP4nHgyVUC&amp;pg=PA11&amp;lpg=PA11&amp;dq=afnaim+hebrew&amp;source=bl&amp;ots=APBtgOK9tR&amp;sig=ACfU3U09LpFM5CUf4vWJiED6HafXn5KnaQ&amp;hl=en&amp;sa=X&amp;ved=2ahUKEwiqsdvEn8bgAhVhUN8KHXx7C6QQ6AEwAXoECAgQAQ#v=onepage&amp;q=afnaim%20hebrew&amp;f=false\">link<\/a>] Possibly Sephardic.<\/p>\n\n\n\n<p><strong>Ba\u015f\u00e7\u0131:<\/strong> Transliterated in Hebrew as Bashaytzi or Bashaychi. Turkish, &#8220;teacher, scribe.&#8221;<\/p>\n\n\n\n<p><strong>Beni:<\/strong> Possibly\u00a0a\u00a0nickname\u00a0for\u00a0Benjamin.<\/p>\n\n\n\n<p><strong>Benveneste:<\/strong> Spanish &#8220;Benveniste,&#8221; indicating marriage into a Sephardic family.<\/p>\n\n\n\n<p><strong>Finzi:<\/strong> An\u00a0Italian Jewish family name dating to at least the 12th century. From the Italian <em>pinchas <\/em>via the Latin <em>finca<\/em>. [<a href=\"https:\/\/books.google.com\/books?id=484oQCN_xecC&amp;pg=PA389&amp;lpg=PA389&amp;dq=finzi+pinchas&amp;source=bl&amp;ots=O18NlzQxPa&amp;sig=ACfU3U3xkGv6nzEYf9oQ9xkH9DVaQ8C2VA&amp;hl=en&amp;sa=X&amp;ved=2ahUKEwiPgu-MoMbgAhWEhOAKHX20A5wQ6AEwDHoECAMQAQ#v=onepage&amp;q=finzi%20pinchas&amp;f=false\">link<\/a>]<\/p>\n\n\n\n<p><strong>Gibor:<\/strong> Hebrew given name meaning &#8220;strong, hero.&#8221;<\/p>\n\n\n\n<p><strong>Greki:<\/strong> &#8220;Greek,&#8221; a surname that reflects the Greek origins of the Romaniot Jews.<\/p>\n\n\n\n<p><strong>HaKohen<\/strong><\/p>\n\n\n\n<p><strong>Hazan:<\/strong> Hebrew, &#8220;cantor.&#8221;<\/p>\n\n\n\n<p><strong>Hilel:<\/strong> Hebrew <em>hillel<\/em>, &#8220;praise.&#8221;<\/p>\n\n\n\n<p><strong>Istamati:<\/strong> &#8220;from Samatia.&#8221;<\/p>\n\n\n\n<p><strong>Kapsali<\/strong><\/p>\n\n\n\n<p><strong>Komitiano:<\/strong> &#8220;from Komotini.&#8221;<\/p>\n\n\n\n<p><strong>Kvira<\/strong><\/p>\n\n\n\n<p><strong>Mahali:<\/strong> Hebrew, &#8220;son of Mahal.&#8221; [<a href=\"https:\/\/books.google.com\/books?id=_dQP4nHgyVUC&amp;pg=PA11&amp;lpg=PA11&amp;dq=afnaim+hebrew&amp;source=bl&amp;ots=APBtgOK9tR&amp;sig=ACfU3U09LpFM5CUf4vWJiED6HafXn5KnaQ&amp;hl=en&amp;sa=X&amp;ved=2ahUKEwiqsdvEn8bgAhVhUN8KHXx7C6QQ6AEwAXoECAgQAQ#v=snippet&amp;q=mahali&amp;f=false\">link<\/a>]<\/p>\n\n\n\n<p><strong>Meiria<\/strong><\/p>\n\n\n\n<p><strong>Meshulam:<\/strong> Hebrew given name.<\/p>\n\n\n\n<p><strong>Mizitrano, Miztrano:<\/strong> &#8220;from Mezistra.&#8221; A typical Romaniot surname.<\/p>\n\n\n\n<p><strong>Mizrahi:<\/strong> &#8220;from the east&#8221;<\/p>\n\n\n\n<p><strong>Peretz:<\/strong> Hebrew given name.<\/p>\n\n\n\n<p><strong>Piece<\/strong><\/p>\n\n\n\n<p><strong>Poliastro:<\/strong> A typical Romaniot surname.<\/p>\n\n\n\n<p><strong>Rabit\u00e7\u0131:<\/strong> Turkish, &#8220;bookbinder.&#8221;<\/p>\n\n\n\n<p><strong>Sabah:<\/strong> Possibly an Arabicized version of Hebrew <em>tzavah<\/em>., or the Arabic <em>sabbag<\/em>, &#8220;dyer.&#8221; [<a href=\"https:\/\/books.google.com\/books?id=_dQP4nHgyVUC&amp;pg=PA11&amp;lpg=PA11&amp;dq=afnaim+hebrew&amp;source=bl&amp;ots=APBtgOK9tR&amp;sig=ACfU3U09LpFM5CUf4vWJiED6HafXn5KnaQ&amp;hl=en&amp;sa=X&amp;ved=2ahUKEwiqsdvEn8bgAhVhUN8KHXx7C6QQ6AEwAXoECAgQAQ#v=snippet&amp;q=sabah&amp;f=false\">link<\/a>]<\/p>\n\n\n\n<p><strong>Verioti:<\/strong> A typical Romaniot surname.<\/p>\n\n\n\n<p><strong>Yefet:<\/strong> Local form of Japheth. A common Romaniot surname from at least the 10th century.<\/p>\n\n\n\n<p><strong>Yerushalmi:<\/strong> &#8220;From Jerusalem.&#8221;<\/p>\n","protected":false},"excerpt":{"rendered":"<p>Avna&#8217;im: Hebrew Afnaim, &#8220;truly agreeable.&#8221; [link] Possibly Sephardic. Ba\u015f\u00e7\u0131: Transliterated in Hebrew as Bashaytzi or Bashaychi. Turkish, &#8220;teacher, scribe.&#8221; Beni: Possibly\u00a0a\u00a0nickname\u00a0for\u00a0Benjamin. Benveneste: Spanish &#8220;Benveniste,&#8221; indicating marriage into a Sephardic family. Finzi: An\u00a0Italian Jewish family name dating to at least the 12th century. From the Italian pinchas via the Latin finca.\u2026<\/p>\n<p class=\"continue-reading-button\"> <a class=\"continue-reading-link\" href=\"https:\/\/www.issendai.com\/16thcenturyistanbul\/turkish-names\/jewish-names\/romaniote-jewish-names\/romaniote-last-names\/\">Continue reading<i class=\"crycon-right-dir\"><\/i><\/a><\/p>\n","protected":false},"author":1,"featured_media":0,"parent":2255,"menu_order":0,"comment_status":"closed","ping_status":"closed","template":"","meta":{"footnotes":""},"categories":[109,85],"tags":[6,105],"class_list":["post-2266","page","type-page","status-publish","hentry","category-jewish-names","category-ottoman-turkish-names","tag-family-names","tag-freeborn-names"],"_links":{"self":[{"href":"https:\/\/www.issendai.com\/16thcenturyistanbul\/wp-json\/wp\/v2\/pages\/2266","targetHints":{"allow":["GET"]}}],"collection":[{"href":"https:\/\/www.issendai.com\/16thcenturyistanbul\/wp-json\/wp\/v2\/pages"}],"about":[{"href":"https:\/\/www.issendai.com\/16thcenturyistanbul\/wp-json\/wp\/v2\/types\/page"}],"author":[{"embeddable":true,"href":"https:\/\/www.issendai.com\/16thcenturyistanbul\/wp-json\/wp\/v2\/users\/1"}],"replies":[{"embeddable":true,"href":"https:\/\/www.issendai.com\/16thcenturyistanbul\/wp-json\/wp\/v2\/comments?post=2266"}],"version-history":[{"count":2,"href":"https:\/\/www.issendai.com\/16thcenturyistanbul\/wp-json\/wp\/v2\/pages\/2266\/revisions"}],"predecessor-version":[{"id":2269,"href":"https:\/\/www.issendai.com\/16thcenturyistanbul\/wp-json\/wp\/v2\/pages\/2266\/revisions\/2269"}],"up":[{"embeddable":true,"href":"https:\/\/www.issendai.com\/16thcenturyistanbul\/wp-json\/wp\/v2\/pages\/2255"}],"wp:attachment":[{"href":"https:\/\/www.issendai.com\/16thcenturyistanbul\/wp-json\/wp\/v2\/media?parent=2266"}],"wp:term":[{"taxonomy":"category","embeddable":true,"href":"https:\/\/www.issendai.com\/16thcenturyistanbul\/wp-json\/wp\/v2\/categories?post=2266"},{"taxonomy":"post_tag","embeddable":true,"href":"https:\/\/www.issendai.com\/16thcenturyistanbul\/wp-json\/wp\/v2\/tags?post=2266"}],"curies":[{"name":"wp","href":"https:\/\/api.w.org\/{rel}","templated":true}]}}