{"id":2659,"date":"2023-07-27T14:25:32","date_gmt":"2023-07-27T19:25:32","guid":{"rendered":"http:\/\/www.issendai.com\/16thcenturyistanbul\/?page_id=2659"},"modified":"2026-03-02T16:28:18","modified_gmt":"2026-03-02T21:28:18","slug":"mens-nicknames","status":"publish","type":"page","link":"https:\/\/www.issendai.com\/16thcenturyistanbul\/turkish-names\/muslim-names\/mens-nicknames\/","title":{"rendered":"Men&#8217;s Nicknames"},"content":{"rendered":"\n<h2 class=\"wp-block-heading\">Personal Characteristics<\/h2>\n\n\n\n<ul class=\"wp-block-list\">\n<li><strong>A\u011fsak<\/strong>, &#8220;lame&#8221; [Adana 182]<\/li>\n\n\n\n<li><strong>Ak<\/strong>, &#8220;white&#8221;\n<ul class=\"wp-block-list\">\n<li>Ak Koca [Adana 195]<\/li>\n<\/ul>\n<\/li>\n\n\n\n<li><strong>Ak\u0131ll\u0131, Ak\u0131llu<\/strong>, &#8220;smart&#8221; [Adana 182]<\/li>\n\n\n\n<li><strong>Ar\u0131k<\/strong>\n<ul class=\"wp-block-list\">\n<li>Ar\u0131k Ali [Adana 182]<\/li>\n<\/ul>\n<\/li>\n\n\n\n<li><strong>A\u015f\u0131k, Is\u0131k<\/strong>, &#8220;light&#8221;\n<ul class=\"wp-block-list\">\n<li>A\u015f\u0131k Ahmed (Is\u0131k Ahmed) [Adana 197]<\/li>\n\n\n\n<li>A\u015f\u0131k Halil [Adana 197]<\/li>\n<\/ul>\n<\/li>\n\n\n\n<li><strong>Baca\u011f\u0131 Uzun<\/strong>, &#8216;long legs&#8221; [Adana 182]<\/li>\n\n\n\n<li><strong>Ba\u015f\u0131 Kara<\/strong>, &#8220;black head&#8221; [Adana 182]<\/li>\n\n\n\n<li><strong>Boynu E\u011fri<\/strong>, &#8220;curved neck&#8221; [Adana 182]<\/li>\n\n\n\n<li><strong>Boz<\/strong>, &#8220;gray&#8221;\n<ul class=\"wp-block-list\">\n<li>Boz Ali [Adana 201]<\/li>\n<\/ul>\n<\/li>\n\n\n\n<li><strong>Bozkara<\/strong>, &#8220;black and white&#8221;\n<ul class=\"wp-block-list\">\n<li>Bozkara Ramazan [Adana 201]<\/li>\n<\/ul>\n<\/li>\n\n\n\n<li><strong>B\u00fcy\u00fck<\/strong>, &#8220;big&#8221;\n<ul class=\"wp-block-list\">\n<li>B\u0131y\u0131k Ahmed [Adana 201]<\/li>\n<\/ul>\n<\/li>\n\n\n\n<li><strong><strong>\u00c7<\/strong>atal<\/strong>, &#8220;fork&#8221;\n<ul class=\"wp-block-list\">\n<li>\u00c7atal H\u00fcseyin [Adana 204]<\/li>\n<\/ul>\n<\/li>\n\n\n\n<li><strong>\u00c7ar\u0131k<\/strong>, &#8220;sandal,&#8221; possibly referring to a sandal-maker\n<ul class=\"wp-block-list\">\n<li>\u00c7ar\u0131k Mehmed [Adana 204]<\/li>\n<\/ul>\n<\/li>\n\n\n\n<li><strong>\u00c7ek\u00fcc<\/strong>, &#8220;hammer&#8221;\n<ul class=\"wp-block-list\">\n<li>\u00c7ek\u00fcc Mehmed [Adana 204]<\/li>\n<\/ul>\n<\/li>\n\n\n\n<li><strong>Cevrik<\/strong>\n<ul class=\"wp-block-list\">\n<li>Cevrik Receb [Adana 204]<\/li>\n<\/ul>\n<\/li>\n\n\n\n<li><strong>C\u00f6bek<\/strong>, &#8220;baboon&#8221; (?)\n<ul class=\"wp-block-list\">\n<li>C\u00f6bek Kulaks\u0131z [Adana 205]<\/li>\n<\/ul>\n<\/li>\n\n\n\n<li><strong>\u00c7ulha<\/strong>, &#8220;broadcloth&#8221;\n<ul class=\"wp-block-list\">\n<li>\u00c7ulha Minnet [Adana 205]<\/li>\n<\/ul>\n<\/li>\n\n\n\n<li><strong>Da\u011f\u0131l<\/strong>\n<ul class=\"wp-block-list\">\n<li>Da\u011f\u0131l Mehmed [Adana 205]<\/li>\n<\/ul>\n<\/li>\n\n\n\n<li><strong>D\u00eev\u00e2ne<\/strong>\n<ul class=\"wp-block-list\">\n<li>D\u00eev\u00e2ne Yakub [TOP02 87]<\/li>\n<\/ul>\n<\/li>\n\n\n\n<li><strong>Ede<\/strong>, &#8220;cultured&#8221;\n<ul class=\"wp-block-list\">\n<li>Ede Mehmed [ERDO 2020]<\/li>\n<\/ul>\n<\/li>\n\n\n\n<li><strong>Erdin\u00e7<\/strong>, possibly &#8220;robust&#8221;\n<ul class=\"wp-block-list\">\n<li>Erdin\u00e7 \u0130brahim [Adana 210]<\/li>\n<\/ul>\n<\/li>\n\n\n\n<li><strong>Ensesi Y\u00fcksek<\/strong>, &#8220;high neck&#8221; [Adana 210]<\/li>\n\n\n\n<li><strong>G\u00f6k<\/strong>, &#8220;blue&#8221;<\/li>\n\n\n\n<li><strong>G\u00f6kce<\/strong>, &#8220;sky blue&#8221;<\/li>\n\n\n\n<li><strong>Kara<\/strong>, &#8220;dark&#8221; (the most popular nickname)\n<ul class=\"wp-block-list\">\n<li>Kara Hasan [ERDO 2020]<\/li>\n<\/ul>\n<\/li>\n\n\n\n<li><strong>Karaca<\/strong>, &#8220;roebuck&#8221;<\/li>\n\n\n\n<li><strong>Kel<\/strong>, &#8220;bald&#8221;<\/li>\n\n\n\n<li><strong>K\u0131z\u0131l<\/strong>, &#8220;red&#8221;<\/li>\n\n\n\n<li><strong>K\u00f6pek<\/strong>, &#8220;dog&#8221;<\/li>\n\n\n\n<li><strong>K\u00f6r<\/strong>, &#8220;blind&#8221;<\/li>\n\n\n\n<li><strong>K\u00f6se<\/strong>, &#8220;beardless&#8221;\n<ul class=\"wp-block-list\">\n<li>K\u00f6se Mustafa <em>This man was mentioned because his adult daughter endowed a charitable foundation, which is evidence that K\u00f6se wasn&#8217;t given only to boys too young to grow a beard.<\/em> [ERDO 2020]<\/li>\n<\/ul>\n<\/li>\n\n\n\n<li><strong>Koyun<\/strong>, &#8220;sheep&#8221;<\/li>\n\n\n\n<li><strong>K\u00fc\u00e7\u00fck<\/strong>, &#8220;little&#8221;<\/li>\n\n\n\n<li><strong>K\u00fcrd<\/strong>, which might mean either &#8220;wolf&#8221; (often written <em>kurt<\/em>) or &#8220;Kurdish&#8221;<\/li>\n\n\n\n<li><strong>Mamik<\/strong>, &#8220;puzzle&#8221;<\/li>\n\n\n\n<li><strong>Masc\u0131<\/strong><\/li>\n\n\n\n<li><strong>Minik<\/strong>, &#8220;tiny&#8221;<\/li>\n\n\n\n<li><strong>\u00f6k\u00fcz<\/strong>, &#8220;ox&#8221;<\/li>\n\n\n\n<li><strong>Pir<\/strong>, &#8220;old&#8221;<\/li>\n\n\n\n<li><strong>Renk<\/strong>, &#8220;color&#8221;<\/li>\n\n\n\n<li><strong>Sa\u011f\u0131r<\/strong>, &#8220;deaf&#8221;<\/li>\n\n\n\n<li><strong>Sar\u0131, Saru<\/strong>, &#8220;yellow, blond&#8221;<\/li>\n\n\n\n<li><strong>Sar\u0131kl\u0131<\/strong>, &#8220;turbaned&#8221;<\/li>\n\n\n\n<li><strong>Ser\u00e7e<\/strong>, &#8220;sparrow,&#8221; a bird associated with tininess\n<ul class=\"wp-block-list\">\n<li>Ser\u00e7e Mehmed [ERDO 2020]<\/li>\n<\/ul>\n<\/li>\n\n\n\n<li><strong>\u015fi\u015fm\u015fek<\/strong>, possibly &#8220;one who puffs&#8221;<\/li>\n\n\n\n<li><strong>Taklid<\/strong>, &#8220;imitation&#8221;<\/li>\n\n\n\n<li><strong>Teke<\/strong>, &#8220;goat&#8221;<\/li>\n\n\n\n<li><strong>Tek\u00fcr<\/strong>, possibly &#8220;single&#8221;<\/li>\n\n\n\n<li><strong>Tolu<\/strong><\/li>\n\n\n\n<li><strong>Varsak<\/strong>, possibly the name of a Turkish tribe<\/li>\n\n\n\n<li><strong>Y\u00f6r\u00fck<\/strong>, &#8220;of the Y\u00f6r\u00fck ethnicity&#8221;\n<ul class=\"wp-block-list\">\n<li>Y\u00f6r\u00fck Ali [ERDO 2020]<\/li>\n<\/ul>\n<\/li>\n<\/ul>\n\n\n\n<h2 class=\"wp-block-heading\">Professions<\/h2>\n\n\n\n<ul class=\"wp-block-list\">\n<li><strong>Abac\u0131<\/strong>, &#8220;weaver or seller of coarse wool cloth&#8221;\n<ul class=\"wp-block-list\">\n<li>S\u00fcleyman b. Abac\u0131 [USK02]<\/li>\n\n\n\n<li>Abac\u0131 H\u00fcseyin b. Abdullah [USK51]<\/li>\n\n\n\n<li>H\u00fcseyin Abac\u0131 [USK84]<\/li>\n<\/ul>\n<\/li>\n\n\n\n<li><strong>Arpac\u0131<\/strong>, &#8220;barley seller&#8221;\n<ul class=\"wp-block-list\">\n<li>Arpac\u0131 Hac\u0131 \u0130lyas b. Bah\u015fi [USK17]<\/li>\n\n\n\n<li>\u0130shak Arpac\u0131 [USK51]<\/li>\n\n\n\n<li>Arpac\u0131 \u0130smail [USK84]<\/li>\n<\/ul>\n<\/li>\n\n\n\n<li><strong>Ases<\/strong>, &#8220;night watchman&#8221;\n<ul class=\"wp-block-list\">\n<li>Ases Memi b. \u0130brahim [TOP02]<\/li>\n\n\n\n<li>Ases Alag\u00f6z [TOP02 73]<\/li>\n\n\n\n<li>Ases Sefer [TOP02 78]<\/li>\n<\/ul>\n<\/li>\n\n\n\n<li><strong>Att\u00e2r<\/strong>\n<ul class=\"wp-block-list\">\n<li>Att\u00e2r Bekir b. Mehmed [BAL02]<\/li>\n\n\n\n<li>Att\u00e2r Kurd [IST03]<\/li>\n<\/ul>\n<\/li>\n\n\n\n<li><strong>Ba\u011fc\u0131<\/strong> [Adana 199]<\/li>\n\n\n\n<li><strong>Bakkal<\/strong>, &#8220;grocer&#8221;?\n<ul class=\"wp-block-list\">\n<li>Bakkal S\u00fcleyman b. Abdullah [BAL01]<\/li>\n<\/ul>\n<\/li>\n\n\n\n<li><strong>Ba\u015fmak\u00e7\u0131<\/strong>, &#8220;shoemaker&#8221;\n<ul class=\"wp-block-list\">\n<li>Ba\u015fmak\u00e7\u0131 Karag\u00f6z b. Abdullah [USK01]<\/li>\n<\/ul>\n<\/li>\n\n\n\n<li><strong>B\u0131\u00e7akc\u0131<\/strong>, &#8220;bladesmith&#8221;\n<ul class=\"wp-block-list\">\n<li>Davud Reis b. B\u0131\u00e7akc\u0131 [USK01]<\/li>\n<\/ul>\n<\/li>\n\n\n\n<li><strong>B\u00f6rek\u00e7i<\/strong>, &#8220;b\u00f6rek-maker&#8221;\n<ul class=\"wp-block-list\">\n<li>B\u00f6rek\u00e7i Veli [USK05]<\/li>\n<\/ul>\n<\/li>\n\n\n\n<li><strong>B\u00f6rkc\u00fc<\/strong>\n<ul class=\"wp-block-list\">\n<li>B\u00f6rk\u00e7\u00fc Ali [Adana 202]<\/li>\n<\/ul>\n<\/li>\n\n\n\n<li><strong>Boyac\u0131<\/strong>, probably &#8220;dyer&#8221; and not &#8220;painter&#8221; or &#8220;artist&#8221;\n<ul class=\"wp-block-list\">\n<li>Boyac\u0131 Mehmed Murad Hatunu [ERDO 2020]<\/li>\n<\/ul>\n<\/li>\n\n\n\n<li><strong>\u00c7er\u00e7i<\/strong>, &#8220;peddler&#8221;\n<ul class=\"wp-block-list\">\n<li>\u00c7er\u00e7i Ahmed [ERDO 2020]<\/li>\n<\/ul>\n<\/li>\n\n\n\n<li><strong>Deli, Del\u00fc<\/strong>, &#8220;crazy.&#8221; Can be a personal characteristic or an indication that the man is a Deli in the Janissaries.<\/li>\n\n\n\n<li><strong>Demirci, Dem\u00fcrci<\/strong>, &#8220;ironworker, blacksmith&#8221;\n<ul class=\"wp-block-list\">\n<li>Dem\u00fcrci Halil [Adana 206]<\/li>\n<\/ul>\n<\/li>\n\n\n\n<li><strong>Hamamc\u0131<\/strong>, &#8220;bathhouse-keeper&#8221;\n<ul class=\"wp-block-list\">\n<li>Hamamc\u0131 Cafer k\u0131z\u0131 Usul [ERDO 2020]<\/li>\n<\/ul>\n<\/li>\n\n\n\n<li><strong>Kassab<\/strong>, &#8220;butcher&#8221;\n<ul class=\"wp-block-list\">\n<li>Kassab Hamza Bey [ERDO 2020]<\/li>\n<\/ul>\n<\/li>\n\n\n\n<li><strong>Kiri\u015f\u00e7i<\/strong>, &#8220;catgut-maker or catgut-seller&#8221;\n<ul class=\"wp-block-list\">\n<li>Kiri\u015f\u00e7i kar\u0131 <em>Catgut-maker&#8217;s wife<\/em> [ERDO 2020]<\/li>\n<\/ul>\n<\/li>\n\n\n\n<li><strong>K\u00f6pr\u00fcc\u00fc<\/strong>\n<ul class=\"wp-block-list\">\n<li>Mustafa b. K\u00f6pr\u00fcc\u00fc [USK26]<\/li>\n<\/ul>\n<\/li>\n\n\n\n<li><strong>Korucu<\/strong>, &#8220;forester&#8221;\n<ul class=\"wp-block-list\">\n<li>\u00c2i\u015fe bt. Korucu Hamza [BAL01]<\/li>\n<\/ul>\n<\/li>\n\n\n\n<li><strong>Koyuncu<\/strong>, &#8220;sheep farmer&#8221; (not shepherd)<\/li>\n\n\n\n<li><strong>Oyuc\u0131<\/strong>\n<ul class=\"wp-block-list\">\n<li>Oyuc\u0131 Memi [TOP02 73]<\/li>\n<\/ul>\n<\/li>\n\n\n\n<li><strong>Papu\u00e7cu<\/strong>, &#8220;babouche-maker, shoemaker&#8221;\n<ul class=\"wp-block-list\">\n<li>Papu\u00e7cu Dervi\u015f [TOP02 81]<\/li>\n<\/ul>\n<\/li>\n\n\n\n<li><strong>Sara\u00e7<\/strong>, &#8220;saddler&#8221;\n<ul class=\"wp-block-list\">\n<li>Sara\u00e7 Ahmed b. Hasan [USK05]<\/li>\n<\/ul>\n<\/li>\n\n\n\n<li><strong>Sarraf<\/strong>, &#8220;moneychanger&#8221;\n<ul class=\"wp-block-list\">\n<li>Sarraf Mustafa b. Abdullah [TOP02 242]<\/li>\n\n\n\n<li>Sarraf Ahmed [TOP02 79]<\/li>\n<\/ul>\n<\/li>\n\n\n\n<li><strong>\u015eerbet\u00e7i<\/strong>, &#8220;sorbet-maker&#8221;\n<ul class=\"wp-block-list\">\n<li>Ay\u015fe (\u015eerbet\u00e7i k\u0131z\u0131) [ERDO 2020]<\/li>\n<\/ul>\n<\/li>\n\n\n\n<li><strong>Seyhac\u0131<\/strong> \n<ul class=\"wp-block-list\">\n<li>Seyhac\u0131 Hamza k\u0131z\u0131 Fatma [ERDO 2020]<\/li>\n<\/ul>\n<\/li>\n\n\n\n<li><strong>Sirkeci<\/strong>, &#8220;maker or seller of vinegar&#8221;\n<ul class=\"wp-block-list\">\n<li>Sirkeci Yakub [USK84]<\/li>\n<\/ul>\n<\/li>\n\n\n\n<li><strong>Tatar<\/strong>\n<ul class=\"wp-block-list\">\n<li>Tatar Ferhad [USK05]<\/li>\n<\/ul>\n<\/li>\n<\/ul>\n\n\n\n<p>A number of professions haven&#8217;t been featured in a personal name in the sources I&#8217;ve worked with, but they&#8217;re period terms that could be used in a personal name. Here are some professions drawn from the names of neighborhoods in Ankara in 1523 [ERDO 2005]:<\/p>\n\n\n\n<ul class=\"wp-block-list\">\n<li><strong>Baklac\u0131<\/strong>, &#8220;bean seller&#8221;<\/li>\n\n\n\n<li><strong>Bostanc\u0131<\/strong>, &#8220;gardener&#8221;<\/li>\n\n\n\n<li><strong>Buryac\u0131<\/strong>, &#8220;maker or seller of mats<\/li>\n\n\n\n<li><strong>Debb\u00e2\u011f<\/strong>, &#8220;tanner&#8221;<\/li>\n\n\n\n<li><strong>Ekinci<\/strong>, &#8220;cultivater, sower&#8221;<\/li>\n\n\n\n<li><strong>Helvac\u0131<\/strong>, &#8220;maker or seller of helva&#8221;<\/li>\n\n\n\n<li><strong>Habb\u00e2z<\/strong>, &#8220;maker or seller of bread&#8221;<\/li>\n\n\n\n<li><strong>Harr\u00e2t<\/strong>, &#8220;carver&#8221;<\/li>\n<\/ul>\n\n\n\n<h2 class=\"wp-block-heading\">Replacements for Names<\/h2>\n\n\n\n<p>These nicknames completely replaced a man&#8217;s personal name.<\/p>\n\n\n\n<ul class=\"wp-block-list\">\n<li>B\u00f6l\u00fckba\u015f\u0131, &#8220;squadron leader&#8221;\n<ul class=\"wp-block-list\">\n<li>B\u00f6l\u00fckba\u015f\u0131 dimekle ma\u2018r\u00fbf Mehmed b. Mahmud [RUM21] <em>Mehmed b. Mahmud, known as B\u00f6l\u00fckba\u015f\u0131<\/em><\/li>\n<\/ul>\n<\/li>\n\n\n\n<li>\u00c7atal A\u011fa\n<ul class=\"wp-block-list\">\n<li>\u00c7atal A\u011fa demekle ma\u2018r\u00fbf Sinan Bey b. Abdullah [TOP02]<\/li>\n<\/ul>\n<\/li>\n\n\n\n<li>Hanakalmaz\n<ul class=\"wp-block-list\">\n<li>Hanakalmaz demekle ma\u2018r\u00fbf Mehmed Reis b. Mustafa [BAL02]<\/li>\n<\/ul>\n<\/li>\n\n\n\n<li>Karn\u0131yar\u0131k, &#8220;splitbelly&#8221;\n<ul class=\"wp-block-list\">\n<li>Karn\u0131yar\u0131k kar\u0131s\u0131 Ai\u015fe Hatun [ERDO 2020]<\/li>\n<\/ul>\n<\/li>\n\n\n\n<li>K\u0131zkad\u0131\n<ul class=\"wp-block-list\">\n<li>K\u0131zkad\u0131 dimekle ma\u2018r\u00fbf Mehmed b. Hamid [RUM21 89]<\/li>\n<\/ul>\n<\/li>\n\n\n\n<li>Yelkovan\n<ul class=\"wp-block-list\">\n<li>Yelkovan dimekle ma\u2018r\u00fbf Ali Reis [RUM21 99]<\/li>\n<\/ul>\n<\/li>\n<\/ul>\n\n\n\n<h2 class=\"wp-block-heading\">Patronymics<\/h2>\n\n\n\n<p>Although these nicknames refer to the bearer as the son (-o\u011flu or -z\u00e2de) of another person, they do not contain the father&#8217;s real name. For example, Mahmud Bey b. Kas\u0131m was nicknamed Han\u00e7erliz\u00e2de, &#8220;son of Han\u00e7erli,&#8221; which could be a reference to Kas\u0131m&#8217;s profession. <\/p>\n\n\n\n<ul class=\"wp-block-list\">\n<li>Korucuo\u011flu, &#8220;son of the forester&#8221;\n<ul class=\"wp-block-list\">\n<li>Korucuo\u011flu Ahmed [TOP02 63]<\/li>\n<\/ul>\n<\/li>\n\n\n\n<li>Han\u00e7erliz\u00e2de, &#8220;son of the dagger wielder&#8221;\n<ul class=\"wp-block-list\">\n<li>Han\u00e7erliz\u00e2de dimekle ma\u2018r\u00fbf Mahmud Bey b. Kas\u0131m [RUM21 137]<\/li>\n<\/ul>\n<\/li>\n\n\n\n<li>Karanohudz\u00e2de, &#8220;son of the black chickpea&#8221;\n<ul class=\"wp-block-list\">\n<li>Karanohudz\u00e2de dimekle ma\u2018r\u00fbf Musli \u00c7avu\u015f [RUM21 121]<\/li>\n<\/ul>\n<\/li>\n<\/ul>\n\n\n\n<h2 class=\"wp-block-heading\">Sources<\/h2>\n\n\n\n<p><em>I&#8217;m working on getting my sources for this page cited correctly.<\/em> <em>Some of the sources for this page can be found of the page about <a href=\"https:\/\/www.issendai.com\/16thcenturyistanbul\/turkish-names\/muslim-names\/janissaries-names\/\" data-type=\"page\" data-id=\"2617\">Janissaries&#8217; names<\/a>.<\/em><\/p>\n\n\n\n<p>[Adana] Kurt, Y\u0131lmaz. &#8220;<a href=\"https:\/\/doi.org\/10.1501\/Tarar_0000000040\" target=\"_blank\" rel=\"noreferrer noopener\">Personal Names in Adana Sanjak | Adana Sanca\u011f\u0131nda Ki\u015fi Adlar\u0131<\/a>&#8220;. Tarih Ara\u015ft\u0131rmalar\u0131 Dergisi 15, no. 26 (May 1991): 169-252. https:\/\/doi.org\/10.1501\/Tarar_0000000040.<\/p>\n\n\n\n<p>[ERDO 2020] Erdo\u011fan \u00d6z\u00fcnl\u00fc, Emine. \u201c<a href=\"https:\/\/dergipark.org.tr\/tr\/pub\/ankarad\/issue\/60832\/905301\" target=\"_blank\" rel=\"noreferrer noopener\">How can Ankara\u2019s philanthropist women be explained within the context of the relationship between foundation and place? | Vakif ve mek\u00e2n ili\u015fkisi ba\u011flaminda ankara\u2019nin hayirsever kadinlari nasil anlamlandirilabilir?<\/a>\u201d. Ankara Anadolu Ve Rumeli Ara\u015ft\u0131rmalar\u0131 Dergisi 1, no. 1 (July 2020): 217-43.<\/p>\n\n\n\n<p><em>This source analyzes a register of charitable foundations that was compiled in 1571, but the foundations, and the people who endowed them, came from the 14th through 16th centuries.<\/em><\/p>\n\n\n\n<p>[ERDO 2005] Erdo\u011fan, E. (2005). <a href=\"https:\/\/dergipark.org.tr\/tr\/pub\/kefad\/issue\/59536\/856351\" target=\"_blank\" rel=\"noreferrer noopener\">TAHR\u0130R DEFTERLER\u0130NE G\u00d6RE ANKARA \u015eEHR\u0130 YERLE\u015eMELER\u0130<\/a>. Ahi Evran \u00dcniversitesi K\u0131r\u015fehir E\u011fitim Fak\u00fcltesi Dergisi, 6(1), 249-262.<\/p>\n\n\n\n<p>[Hac\u0131] Hac\u0131g\u00f6kmen, Mehmet Ali. &#8220;<a href=\"https:\/\/dspace.ankara.edu.tr\/server\/api\/core\/bitstreams\/8c926122-5ced-4377-9d8a-87ad1ac79b34\/content\" target=\"_blank\" rel=\"noreferrer noopener\">Commercial Activities of the Ahi Groups in Ankara and Baciyan-i Rum | Ankara Ahilerinin Ticar\u00ee Faaliyetleri ve Baciy\u00e2n-i R\u00fbm Hakk\u0131nda Bir Ara\u015ft\u0131rma<\/a>&#8220;<\/p>\n\n\n\n<p><\/p>\n\n\n\n<p><em>Updated April 7, 2025<\/em><\/p>\n","protected":false},"excerpt":{"rendered":"<p>Personal Characteristics Professions A number of professions haven&#8217;t been featured in a personal name in the sources I&#8217;ve worked with, but they&#8217;re period terms that could be used in a personal name. Here are some professions drawn from the names of neighborhoods in Ankara in 1523 [ERDO 2005]: Replacements for\u2026<\/p>\n<p class=\"continue-reading-button\"> <a class=\"continue-reading-link\" href=\"https:\/\/www.issendai.com\/16thcenturyistanbul\/turkish-names\/muslim-names\/mens-nicknames\/\">Continue reading<i class=\"crycon-right-dir\"><\/i><\/a><\/p>\n","protected":false},"author":1,"featured_media":0,"parent":2956,"menu_order":8,"comment_status":"closed","ping_status":"closed","template":"","meta":{"footnotes":""},"categories":[108],"tags":[10],"class_list":["post-2659","page","type-page","status-publish","hentry","category-muslim-names","tag-male-names"],"_links":{"self":[{"href":"https:\/\/www.issendai.com\/16thcenturyistanbul\/wp-json\/wp\/v2\/pages\/2659","targetHints":{"allow":["GET"]}}],"collection":[{"href":"https:\/\/www.issendai.com\/16thcenturyistanbul\/wp-json\/wp\/v2\/pages"}],"about":[{"href":"https:\/\/www.issendai.com\/16thcenturyistanbul\/wp-json\/wp\/v2\/types\/page"}],"author":[{"embeddable":true,"href":"https:\/\/www.issendai.com\/16thcenturyistanbul\/wp-json\/wp\/v2\/users\/1"}],"replies":[{"embeddable":true,"href":"https:\/\/www.issendai.com\/16thcenturyistanbul\/wp-json\/wp\/v2\/comments?post=2659"}],"version-history":[{"count":24,"href":"https:\/\/www.issendai.com\/16thcenturyistanbul\/wp-json\/wp\/v2\/pages\/2659\/revisions"}],"predecessor-version":[{"id":3088,"href":"https:\/\/www.issendai.com\/16thcenturyistanbul\/wp-json\/wp\/v2\/pages\/2659\/revisions\/3088"}],"up":[{"embeddable":true,"href":"https:\/\/www.issendai.com\/16thcenturyistanbul\/wp-json\/wp\/v2\/pages\/2956"}],"wp:attachment":[{"href":"https:\/\/www.issendai.com\/16thcenturyistanbul\/wp-json\/wp\/v2\/media?parent=2659"}],"wp:term":[{"taxonomy":"category","embeddable":true,"href":"https:\/\/www.issendai.com\/16thcenturyistanbul\/wp-json\/wp\/v2\/categories?post=2659"},{"taxonomy":"post_tag","embeddable":true,"href":"https:\/\/www.issendai.com\/16thcenturyistanbul\/wp-json\/wp\/v2\/tags?post=2659"}],"curies":[{"name":"wp","href":"https:\/\/api.w.org\/{rel}","templated":true}]}}