{"id":3102,"date":"2026-03-02T16:23:09","date_gmt":"2026-03-02T21:23:09","guid":{"rendered":"https:\/\/www.issendai.com\/16thcenturyistanbul\/?page_id=3102"},"modified":"2026-03-11T14:27:42","modified_gmt":"2026-03-11T19:27:42","slug":"animals-in-ottoman-turkish-names","status":"publish","type":"page","link":"https:\/\/www.issendai.com\/16thcenturyistanbul\/turkish-names\/muslim-names\/animals-in-ottoman-turkish-names\/","title":{"rendered":"Animals in Ottoman Turkish Names"},"content":{"rendered":"\n<p><em>[In progress.]<\/em><\/p>\n\n\n\n<h2 class=\"wp-block-heading\">On Dating the Names<\/h2>\n\n\n\n<p>All the names are from c. 1450 to 1650 CE, with the bulk coming from the middle to late 1500&#8217;s. Many of these names are so popular that in any source with a large enough sample, you have a fair chance of finding at least one person with that name. Therefore, rather than bogging down the table with references, I have given a single source and date for each name, and have mentioned in the notes when a particular name is rare.<\/p>\n\n\n\n<h2 class=\"wp-block-heading\">Men&#8217;s Names<\/h2>\n\n\n\n<figure class=\"wp-block-table is-style-stripes\"><table><thead><tr><th>Name<\/th><th>Animal<\/th><th>Notes<\/th><th>Source<\/th><\/tr><\/thead><tbody><tr><td>\n<p>Arslan, Aslan<\/p>\n<\/td><td>\n<p>Lion<\/p>\n<\/td><td>\n<p>Turkic<\/p>\n<\/td><td>\n<p>[SIVAS] 1574-1575 (Arslan), [USK84] 1590-1591 (Aslan)<\/p>\n<\/td><\/tr><tr><td>Balaban<\/td><td>Hawk or falcon<\/td><td>Turkic or Persian. Possibly derived from the Persian word for &#8220;hero, wrestler,&#8221; it denotes a large, physically powerful person, and also refers to a number of different species of birds of prey.<\/td><td>[BAL02] 1563<\/td><\/tr><tr><td>\n<p>Burak<\/p>\n<\/td><td>\n<p>Buraq, mythical steed<\/p>\n<\/td><td>\n<p>Arabic. The Buraq, whose name literally means &#8220;lightning,&#8221; was the supernatural steed that carried Muhammad on his legendary Night Journey.<\/p>\n<\/td><td>\n<p>[USK84] 1590-1591<\/p>\n<\/td><\/tr><tr><td>\n<p>Do\u011fan<\/p>\n<\/td><td>\n<p>Falcon<\/p>\n<\/td><td>\n<p>Turkic<\/p>\n<\/td><td>\n<p>[SIVAS] 1574-1575<\/p>\n<\/td><\/tr><tr><td>\n<p>Do\u011fanca<\/p>\n<\/td><td>\n<p>Falconish<\/p>\n<\/td><td>\n<p>Turkic<\/p>\n<\/td><td>\n<p>[SIVAS] 1574-1575<\/p>\n<\/td><\/tr><tr><td>\n<p>Er Do\u011fan<\/p>\n<\/td><td>\n<p>Male (mighty, brave) falcon<\/p>\n<\/td><td>\n<p>Turkic<\/p>\n<\/td><td>\n<p>[SIVAS] 1574-1575<\/p>\n<\/td><\/tr><tr><td>\n<p>Erkurd<\/p>\n<\/td><td>\n<p>Male (mighty, brave) wolf<\/p>\n<\/td><td>\n<p>Turkic<\/p>\n<\/td><td>\n<p>[BIGA] 1516<\/p>\n<\/td><\/tr><tr><td>\n<p>Gazanfer<\/p>\n<\/td><td>\n<p>Fierce lion<\/p>\n<\/td><td>\n<p>Arabic<\/p>\n<\/td><td>\n<p>[USK84] 1590-1591<\/p>\n<\/td><\/tr><tr><td>\n<p>Hamza<\/p>\n<\/td><td>\n<p>Lion<\/p>\n<\/td><td>\n<p>Arabic<\/p>\n<\/td><td>\n<p>[SIVAS] 1574-1575<\/p>\n<\/td><\/tr><tr><td>\n<p>Haydar<\/p>\n<\/td><td>\n<p>Lion<\/p>\n<\/td><td>\n<p>Arabic<\/p>\n<\/td><td>\n<p>[SIVAS] 1574-1575<\/p>\n<\/td><\/tr><tr><td>\n<p>Kaplan<\/p>\n<\/td><td>\n<p>Leopard<\/p>\n<\/td><td>\n<p>Turkic. Today means &#8220;tiger,&#8221; but in period meant &#8220;leopard.&#8221;<\/p>\n<\/td><td>\n<p>[BAL01] 1557-1558<\/p>\n<\/td><\/tr><tr><td>\n<p>Karaca<\/p>\n<\/td><td>\n<p>Roe deer<\/p>\n<\/td><td>\n<p>Turkic<\/p>\n<\/td><td>\n<p>[SIVAS] 1574-1575<\/p>\n<\/td><\/tr><tr><td>\n<p>Karako\u00e7<\/p>\n<\/td><td>\n<p>Black ram<\/p>\n<\/td><td>\n<p>Turkic<\/p>\n<\/td><td>\n<p>[SIVAS] 1574-1575<\/p>\n<\/td><\/tr><tr><td>\n<p>Kemal<\/p>\n<\/td><td>\n<p>Camel<\/p>\n<\/td><td>\n<p>Arabic<\/p>\n<\/td><td>\n<p>[SIVAS] 1574-1575<\/p>\n<\/td><\/tr><tr><td>\n<p>Kumru<\/p>\n<\/td><td>\n<p>Dove<\/p>\n<\/td><td><p>Arabi<span style=\"font-family: inherit; font-size: inherit; font-weight: inherit; color: initial;\">c. A name used by both sexes.<\/span><\/p><\/td><td>\n<p>[SIVAS] 1574-1575<\/p>\n<\/td><\/tr><tr><td>\n<p>Kurd, Kurt<\/p>\n<\/td><td>\n<p>Wolf<\/p>\n<\/td><td>\n<p>Turkic<\/p>\n<\/td><td>\n<p>[SIVAS] 1574-1575<\/p>\n<\/td><\/tr><tr><td>\n<p>Melik Aslan<\/p>\n<\/td><td>\n<p>King lion<\/p>\n<\/td><td>\n<p>A rare name, documented in the case of Melik Aslan b. Uzun \u0130vaz.<\/p>\n<\/td><td>\n<p>[USK05] 1524-1530<\/p>\n<\/td><\/tr><tr><td>\n<p>Parsi<\/p>\n<\/td><td>\n<p>Leopard<\/p>\n<\/td><td>\n<p>Persian<\/p>\n<\/td><td>\n<p>[SIVAS] 1574-1575<\/p>\n<\/td><\/tr><tr><td>\n<p>Pervane<\/p>\n<\/td><td>\n<p>Moth<\/p>\n<\/td><td>\n<p>Persian. A poetic name implying a lover who is drawn to the beloved like a moth to the flame.<\/p>\n<\/td><td>\n<p>[SIVAS] 1574-1575<\/p>\n<\/td><\/tr><tr><td>\n<p>\u015eahin<\/p>\n<\/td><td>\n<p>Hawk<\/p>\n<\/td><td>\n<p>Turkic<\/p>\n<\/td><td>\n<p>[SIVAS] 1574-1575<\/p>\n<\/td><\/tr><tr><td>\n<p>Ser\u00e7e<\/p>\n<\/td><td>\n<p>Sparrow<\/p>\n<\/td><td>\n<p>Denotes smallness; the little finger was (and is) called the &#8220;sparrow finger.&#8221; A rare name, documented in the case of Sefer bt. Ser\u00e7e. Probably a nickname that took the place of the given name.<\/p>\n<\/td><td>\n<p>[USK51] 1579-1580<\/p>\n<\/td><\/tr><tr><td>\n<p>Sungur<\/p>\n<\/td><td>\n<p>Gyrfalcon<\/p>\n<\/td><td>\n<p>Turkic<\/p>\n<\/td><td>\n<p>[USK09] 1534-1536<\/p>\n<\/td><\/tr><tr><td>\n<p>Tu\u011frul<\/p>\n<\/td><td>\n<p>Mythical bird of prey<\/p>\n<\/td><td>\n<p>Turkic<\/p>\n<\/td><td>\n<p>[USK09] 1534-1536<\/p>\n<\/td><\/tr><tr><td>\n<p>Turna<\/p>\n<\/td><td>\n<p>Crane<\/p>\n<\/td><td>\n<p>Turkic<\/p>\n<\/td><td>\n<p>[SIVAS] 1574-1575<\/p>\n<\/td><\/tr><tr><td>\n<p>\u00dcveys<\/p>\n<\/td><td>\n<p>Little wolf, wolf cub<\/p>\n<\/td><td>\n<p>Arabic<\/p>\n<\/td><td>\n<p>[SIVAS] 1574-1575<\/p>\n<\/td><\/tr><tr><td>\n<p>Veys<\/p>\n<\/td><td>\n<p>Little wolf, wolf cub<\/p>\n<\/td><td>\n<p>Arabic. A variant of \u00dcveys.<\/p>\n<\/td><td>\n<p>[SIVAS] 1574-1575<\/p>\n<\/td><\/tr><tr><td>\n<p>Veysel<\/p>\n<\/td><td>\n<p>Little wolf, wolf cub<\/p>\n<\/td><td>\n<p>Arabic. A variant of \u00dcveys.<\/p>\n<\/td><td>\n<p>[SIVAS] 1574-1575<\/p>\n<\/td><\/tr><\/tbody><\/table><\/figure>\n\n\n\n<p><strong>A note on the identity of birds of prey:<\/strong> The Turkic peoples were master falconers who hunted with many types of birds of prey. The exact species each name applied to varied over space and time, and sometimes a word applied to a class of bird instead of a specific bird. I&#8217;ve tried to be accurate and to avoid modern usages, but I didn&#8217;t do deep research into the period-appropriate meanings, so please be aware that a name may have been used for a different bird or a wider array of birds in your chosen time and place.<\/p>\n\n\n\n<h2 class=\"wp-block-heading\">Women&#8217;s Names<\/h2>\n\n\n\n<figure class=\"wp-block-table is-style-stripes\"><table><thead><tr><th>Name<\/th><th>Animal<\/th><th>Notes<\/th><th>Source<\/th><\/tr><\/thead><tbody><tr><td>\n<p>Dudu, Tuti<\/p>\n<\/td><td>\n<p>Parrot<\/p>\n<\/td><td>\n<p>Persian. Denotes pleasant, friendly speech. A name associated with female slaves.<\/p>\n<\/td><td>\n<p>[BAL02] 1563 (Dudu), [USK02] 1518-1521 (Tuti)<\/p>\n<\/td><\/tr><tr><td>\n<p>G\u00fcvercin<\/p>\n<\/td><td>\n<p>Pigeon<\/p>\n<\/td><td>\n<p>Attested as a nickname: Ak G\u00fcvercin, &#8220;white pigeon,&#8221; was the professional name of a sex worker mentioned in the \u015eehrengiz of \u2018Azizi.<\/p>\n<\/td><td>\n<p>[SEHR] 1585<\/p>\n<\/td><\/tr><tr><td>\n<p>H\u00fcma<\/p>\n<\/td><td>\n<p>Mythical bird of paradise<\/p>\n<\/td><td><p>Persian. A popular name because it was the name of Muhammad&#8217;s mother.<\/p><\/td><td>\n<p>[USK17] 1549-1556<\/p>\n<\/td><\/tr><tr><td>\n<p>Kumru<\/p>\n<\/td><td>\n<p>Dove<\/p>\n<\/td><td><p><p>Arabi<span style=\"font-family: inherit; font-size: inherit; font-weight: inherit; color: initial;\">c. A name used by both sexes.<\/span><\/p><\/p><\/td><td>\n<p>[EYU03] 1585-1587<\/p>\n<\/td><\/tr><tr><td>\n<p>S\u00fcl\u00fcn<\/p>\n<\/td><td>\n<p>Pheasant<\/p>\n<\/td><td>\n<p>Turkic. The pheasant was believed to have a pleasant, swaying walk. Attested as a nickname: S\u00fcl\u00fcn Emine, &#8220;Pheasant Emine,&#8221; was the professional name of a sex worker mentioned in the \u015eehrengiz of \u2018Azizi.<\/p>\n<\/td><td>\n<p>[SEHR] 1585<\/p>\n<\/td><\/tr><\/tbody><\/table><\/figure>\n\n\n\n<h2 class=\"wp-block-heading\">Sources<\/h2>\n\n\n\n<h3 class=\"wp-block-heading\">Sources for Names<\/h3>\n\n\n\n<p>[BAL01] Y\u0131lmaz, CO\u015eKUN (ed.). <em>\u0130stanbul Kad\u0131 Sicilleri Balat Mahkemesi 1 Numaral\u0131 Sicil (H. 964 \u2013 965 \/ M. 1557-1558)<\/em>. \u0130stanbul: \u0130sam, 2019.<\/p>\n\n\n\n<p>[BAL02] Y\u0131lmaz, CO\u015eKUN (ed.). <em>\u0130stanbul Kad\u0131 Sicilleri Balat Mahkemesi 2 Numaral\u0131 Sicil (H. 970 \u2013 971 \/ M. 1563)<\/em>. \u0130stanbul: \u0130sam, 2010.<\/p>\n\n\n\n<p>[BIGA] \u00c7ET\u0130NKAYA, Mehmet. \u201c<a href=\"https:\/\/www.academia.edu\/94398195\/TD_59_1516_NUMARALI_B%C4%B0GA_MUFASSAL_TAHR%C4%B0R_DEFTER%C4%B0NE_G%C3%96RE_B%C4%B0GA_SANCA%C4%9EINDA_K%C4%B0%C5%9E%C4%B0_ADLARI\" target=\"_blank\" rel=\"noreferrer noopener\">TD 59 (1516) NUMARALI B\u0130GA MUFASSAL TAHR\u0130R DEFTER\u0130NE G\u00d6RE B\u0130GA SANCA\u011eINDA K\u0130\u015e\u0130 ADLARI<\/a>.\u201d T\u00dcRK D\u00dcNYASI YOLUNDA B\u0130R \u00d6M\u00dcR PROF. DR. MEHMET \u015eAH\u0130NG\u00d6Z\u2019E ARMA\u011eAN, 2022, 313\u201324.<\/p>\n\n\n\n<p>[EYU03] Y\u0131lmaz, CO\u015eKUN (ed.). <em>\u0130stanbul Kad\u0131 Sicilleri Ey\u00fcb Mahkemesi (Havass-\u0131 Refia) 3 Numaral\u0131 Sicil (H. 993 \u2013 995 \/ M. 1585 \u2013 1587)<\/em>. \u0130stanbul: \u0130sam, 2010.<\/p>\n\n\n\n<p>[SEHR] The \u015eehrengiz of &#8216;Azizi, discussed in &#8220;<a href=\"https:\/\/www.issendai.com\/16thcenturyistanbul\/turkish-names\/muslim-names\/ottoman-turkish-female-nicknames\/\" data-type=\"page\" data-id=\"2447\">Ottoman Turkish Female Nicknames<\/a>.&#8221;<\/p>\n\n\n\n<p>[SIVAS] Turkey Tapu ve Kadastro Genel M\u00fcd\u00fcrl\u00fc\u011f\u00fc. Ar\u015fiv Dairesi TKG KK TTd 178. 2014.&nbsp;<em><a href=\"https:\/\/www.academia.edu\/10836841\/DEFTER%C4%B0_MUFASSALI_S%C4%B0VAS\" target=\"_blank\" rel=\"noreferrer noopener\">H.982 (M.1574\/1575) Tarihli Ve TKG. KK. TTd. 178 Numaral\u0131 Defter-I Mufassal-I Liv\u0101-I Sivas<\/a><\/em>. Ankara: T.C. \u00c7evre ve \u015eehircilik Bakanl\u0131\u011f\u0131 Tapu ve Kadastro Genel M\u00fcd\u00fcrl\u00fc\u011f\u00fc Ar\u015fiv Dairesi Ba\u015fkanl\u0131\u011f\u0131.<\/p>\n\n\n\n<p>[USK02] Y\u0131lmaz, CO\u015eKUN (ed.). <em>\u0130stanbul Kad\u0131 Sicilleri: \u00dcsk\u00fcdar Mahkemesi 2 Numaral\u0131 Sicil (H. 924-927 \/ M. 1518-1521)<\/em>. \u0130stanbul: \u0130SAM, 2010.<\/p>\n\n\n\n<p>[USK05] Y\u0131lmaz, CO\u015eKUN (ed.). <em>\u0130stanbul Kad\u0131 Sicilleri: \u00dcsk\u00fcdar Mahkemesi 5 Numaral\u0131 Sicil (H.930-936 \/ M. 1524-1530)<\/em>. \u0130stanbul: \u0130SAM, 2010.<\/p>\n\n\n\n<p>[USK09] Y\u0131lmaz, CO\u015eKUN (ed.). <em>\u0130stanbul Kad\u0131 Sicilleri: \u00dcsk\u00fcdar Mahkemesi 9 Numaral\u0131 Sicil (H. 940-942 \/ M. 1534-1536)<\/em>. \u0130stanbul: \u0130SAM, 2010.<\/p>\n\n\n\n<p>[USK17] Y\u0131lmaz, CO\u015eKUN (ed.). <em>\u0130stanbul Kad\u0131 Sicilleri \u00dcsk\u00fcdar Mahkemesi 17 Numaral\u0131 Sicil (H.956-963\/ M.1549-1556).<\/em>&nbsp;\u0130stanbul: \u0130SAM, 2010.<\/p>\n\n\n\n<p>[USK51] Y\u0131lmaz, CO\u015eKUN (ed.). <em>\u0130stanbul Kad\u0131 Sicilleri: \u00dcsk\u00fcdar Mahkemesi 51 Numaral\u0131 Sicil (H.987-988\/ M.1579-1580)<\/em>. \u0130stanbul: T\u00fcrkiye Diyanet Vakf\u0131 Yay\u0131nlar\u0131, 2010.<\/p>\n\n\n\n<p>[USK84] Y\u0131lmaz, CO\u015eKUN (ed.). <em>\u0130stanbul Kad\u0131 Sicilleri: \u00dcsk\u00fcdar Mahkemesi 84 Numaral\u0131 Sicil (H.999-1000\/ M.1590-1591)<\/em>. \u0130stanbul: T\u00fcrkiye Diyanet Vakf\u0131 Yay\u0131nlar\u0131, 2010.<\/p>\n\n\n\n<h3 class=\"wp-block-heading\">Sources for Name Meanings<\/h3>\n\n\n\n<p>\u015eenel, Mustafa, and Nadir \u0130lhan. &#8220;<a href=\"https:\/\/turkoloji.cu.edu.tr\/GENEL\/Nadir_ilhan_Av_Hayvanlarinin.pdf\" target=\"_blank\" rel=\"noreferrer noopener\">Av hayvanlar\u0131n\u0131n ki\u015fi adlar\u0131ndaki yans\u0131mas\u0131<\/a>.&#8221;&nbsp;<em>Av ve Avc\u0131l\u0131k Kitab\u0131<\/em>&nbsp;(2008): 321-336.<\/p>\n\n\n\n<p>Redhouse, James W. Sir, 1811-1892.&nbsp;<a href=\"https:\/\/archive.org\/details\/redhousesturkis00asgoog\/page\/n6\/mode\/2up\" target=\"_blank\" rel=\"noreferrer noopener\"><em>Redhouse&#8217;s Turkish Dictionary, In Two Parts, English And Turkish, And Turkish And English<\/em><\/a>.&nbsp;2d ed. London: B. Quaritch, 1880.<\/p>\n\n\n\n<h2 class=\"wp-block-heading\">With Thanks<\/h2>\n\n\n\n<p>This article was the idea of Nikolai Gornostai Spiach&#8217;ev, Stote Herald Extraordinary, who had so many requests for Turkish animal names that he planned to write the article himself. When he was offered admittance to the Order of the Pelican, he realized that he had too much on his plate, and granted me permission to write the article instead. Te\u015fekk\u00fcr ederim, Nikolai \u00c7elebi.<\/p>\n\n\n\n<p><\/p>\n\n\n\n<p><em>Updated March 11, 2026<\/em><\/p>\n","protected":false},"excerpt":{"rendered":"<p>[In progress.] On Dating the Names All the names are from c. 1450 to 1650 CE, with the bulk coming from the middle to late 1500&#8217;s. Many of these names are so popular that in any source with a large enough sample, you have a fair chance of finding at\u2026<\/p>\n<p class=\"continue-reading-button\"> <a class=\"continue-reading-link\" href=\"https:\/\/www.issendai.com\/16thcenturyistanbul\/turkish-names\/muslim-names\/animals-in-ottoman-turkish-names\/\">Continue reading<i class=\"crycon-right-dir\"><\/i><\/a><\/p>\n","protected":false},"author":1,"featured_media":0,"parent":2956,"menu_order":0,"comment_status":"closed","ping_status":"closed","template":"","meta":{"footnotes":""},"categories":[108,85],"tags":[],"class_list":["post-3102","page","type-page","status-publish","hentry","category-muslim-names","category-ottoman-turkish-names"],"_links":{"self":[{"href":"https:\/\/www.issendai.com\/16thcenturyistanbul\/wp-json\/wp\/v2\/pages\/3102","targetHints":{"allow":["GET"]}}],"collection":[{"href":"https:\/\/www.issendai.com\/16thcenturyistanbul\/wp-json\/wp\/v2\/pages"}],"about":[{"href":"https:\/\/www.issendai.com\/16thcenturyistanbul\/wp-json\/wp\/v2\/types\/page"}],"author":[{"embeddable":true,"href":"https:\/\/www.issendai.com\/16thcenturyistanbul\/wp-json\/wp\/v2\/users\/1"}],"replies":[{"embeddable":true,"href":"https:\/\/www.issendai.com\/16thcenturyistanbul\/wp-json\/wp\/v2\/comments?post=3102"}],"version-history":[{"count":16,"href":"https:\/\/www.issendai.com\/16thcenturyistanbul\/wp-json\/wp\/v2\/pages\/3102\/revisions"}],"predecessor-version":[{"id":3121,"href":"https:\/\/www.issendai.com\/16thcenturyistanbul\/wp-json\/wp\/v2\/pages\/3102\/revisions\/3121"}],"up":[{"embeddable":true,"href":"https:\/\/www.issendai.com\/16thcenturyistanbul\/wp-json\/wp\/v2\/pages\/2956"}],"wp:attachment":[{"href":"https:\/\/www.issendai.com\/16thcenturyistanbul\/wp-json\/wp\/v2\/media?parent=3102"}],"wp:term":[{"taxonomy":"category","embeddable":true,"href":"https:\/\/www.issendai.com\/16thcenturyistanbul\/wp-json\/wp\/v2\/categories?post=3102"},{"taxonomy":"post_tag","embeddable":true,"href":"https:\/\/www.issendai.com\/16thcenturyistanbul\/wp-json\/wp\/v2\/tags?post=3102"}],"curies":[{"name":"wp","href":"https:\/\/api.w.org\/{rel}","templated":true}]}}