{"id":711,"date":"2016-12-29T00:18:47","date_gmt":"2016-12-29T05:18:47","guid":{"rendered":"http:\/\/www.issendai.com\/16thcenturyistanbul\/?page_id=711"},"modified":"2024-08-29T21:04:01","modified_gmt":"2024-08-30T02:04:01","slug":"primary-sources-for-turkish-names","status":"publish","type":"page","link":"https:\/\/www.issendai.com\/16thcenturyistanbul\/turkish-names\/primary-sources-for-turkish-names\/","title":{"rendered":"Primary Sources for Turkish Names"},"content":{"rendered":"<p>The Ottoman empire was a vast bureaucracy that churned out paper at a rate deserving of the respect of any modern bureaucracy. Quite a few of those records have been preserved. However, they&#8217;re written in Arabic script, using formal hands of varying degrees of intelligibility and legal formats and formulae that can be equally arcane.<\/p>\n<p>Quite a few Turkish graduate students have transcribed Ottoman-era records into the modern Turkish alphabet. These can be found across the Internet, but one particularly rich lode of them is the <a href=\"https:\/\/tezarsivi.com\/\" target=\"_blank\" rel=\"noopener\">Tez Ar\u015fivi (Thesis Archive)<\/a>, which searches the <a href=\"https:\/\/tez.yok.gov.tr\/UlusalTezMerkezi\/\" target=\"_blank\" rel=\"noopener\">Ulusal Tez Merkezi (National Thesis Center)<\/a>. Some can also be found in the <a href=\"http:\/\/ktp2.isam.org.tr\/index.php?navdil=eng\" target=\"_blank\" rel=\"noopener\">ISAM K\u00fct\u00fcphanesi (ISAM Library)<\/a>, which has, among a number of other databases, a dedicated <a href=\"http:\/\/ktp2.isam.org.tr\/index.php?blm=arakadi&amp;navdil=eng\" target=\"_blank\" rel=\"noopener\">court record catalog<\/a>. The full text is often available in the database of full text access (see the top menu), though you will need to dig through the many, many options to find the right database. The <a href=\"http:\/\/icerik.isam.org.tr\/index.php?navdil=eng\" target=\"_blank\" rel=\"noopener\">Database for Articles in Islamic Studies &#8211; Content<\/a> is the best place to start.<\/p>\n<p>Note that all the databases above are fussy about spelling, so, for example, they do not recognize &#8220;kadi&#8221; as a misspelling of &#8220;kad\u0131&#8221;.<\/p>\n<h3>16th Century<\/h3>\n<h4>Tax Records<\/h4>\n<p>Tax records recorded the name of every male of the taxpaying class\u2014that is, every free male above the age of about 15 who didn&#8217;t belong to the aristocracy, the Janissaries, or the other groups that were exempt from the standard tax. Populations are listed according to community and\/or tribal or religious affiliation, making tax records a rich source of information about variation between groups.<\/p>\n<p>By their nature, tax records include only men&#8217;s names, except on the rare occasion that a woman is mentioned as a landowner.<\/p>\n<p><a href=\"https:\/\/dspace.ankara.edu.tr\/xmlui\/handle\/20.500.12575\/52893\" target=\"_blank\" rel=\"noopener\"><strong>Personal Names from Sivas Sanjak<\/strong> (S\u0130VAS SANCA\u011eINDA K\u0130\u015e\u0130 ADLARI)<\/a>, by Dr. Y\u0131lmaz Kurt<\/p>\n<p>Analyzes the names from the 16th-century tax records of Sivas, a district in a historically Armenian part of central Turkey. Includes:<\/p>\n<ul>\n<li>Discussion of individual names, pp. 226-238<\/li>\n<li>The most common non-Muslim (mostly Armenian) names, Table 1, p. 240<\/li>\n<li>All Muslim names in alphabetical order, pp. 249-273<\/li>\n<li>All non-Muslim names in alphabetical order, pp. 274-290<\/li>\n<\/ul>\n<p><a href=\"https:\/\/www.academia.edu\/36292307\/Y%C4%B1lmaz_Kurt_Tokat_%C5%9Eehri_Ki%C5%9Fi_Adlar%C4%B1_XVI_Y%C3%BCzy%C4%B1l_Gaziosmanpa%C5%9Fa_%C3%9Cniversitesi_Tokat_Tarihi_ve_K%C3%BClt%C3%BCr%C3%BC_Sempozyumu_Bildiriler_C_I_Yay%C4%B1na_Haz%C4%B1rlayanlar_Ali_A%C3%A7%C4%B1kel_Samettin_Ba%C5%9Fol_Murat_Hanil%C3%A7e_Emel_Hisarc%C4%B1kl%C4%B1lar_Ankara_2015_s_541_552\" target=\"_blank\" rel=\"noopener\"><strong>Personal Names from Tokat City<\/strong> (Tokat \u015eehri Ki\u015fi Adlar\u0131 [XVI Y\u00fczy\u0131l])<\/a>, by Dr. Y\u0131lmaz Kurt<\/p>\n<p>Analyzes the names from the 1572 tax records of Tokat, a city in Sivas sanjak. Includes:<\/p>\n<ul>\n<li>Table 1, the most common names, p. 543<\/li>\n<li>Table 2, the second most common names, pp. 543-544<\/li>\n<li>Table 3, the third most common names, p. 544<\/li>\n<li>Discussion of the names taken by converts to Islam, pp. 545-546<\/li>\n<\/ul>\n<p><strong><a href=\"http:\/\/www.kayseri.bel.tr\/web2\/uploads\/eDergiler\/tahrir1570\/files\/assets\/basic-html\/toc.html\">Kayseri 1570 Tax Register<\/a><\/strong><\/p>\n<p><strong><a href=\"https:\/\/www.tkgm.gov.tr\/sites\/default\/files\/icerik\/ekleri\/defter-i_mufassal-i_liva-i_corum_1.pdf\">\u00c7orum 1576\/1577 Tax Register<\/a><\/strong><\/p>\n<h4>Court Records<\/h4>\n<p>Court records cover all the legal cases from a given time and place, including estate inventories, slave manumissions, reports of missing slaves, and the creation of charitable foundations, in addition to the usual disputes between neighbors. Although the courts were based upon Muslim law, all citizens were free to make appeals, even Christians and Jews whose religious communities were allowed to handle their own legal affairs. The result is a broad cross-section of society, including that most elusive of all Ottoman Turkish social groups, women.<\/p>\n<p><a href=\"https:\/\/www.devletarsivleri.gov.tr\/assets\/content\/Yayinlar\/osmanli-arsivi-yayinlar\/75%20NUMARALI%20GEL%C4%B0BOLU%20L%C4%B0VASI%20MUFASSAL%20TAHR%C4%B0R%20DEFTER%C4%B0(925-1519)-1.pdf\" target=\"_blank\" rel=\"noopener noreferrer\">Gallipoli 1519<\/a><\/p>\n<p><a href=\"http:\/\/www.kadisicilleri.org\/\">Records from \u0130stanbul and its surrounds<\/a><\/p>\n<ul>\n<li>\u00dcsk\u00fcdar 1, 1513-1521<\/li>\n<li>\u00dcsk\u00fcdar 2, 1518-1521<\/li>\n<li>\u00dcsk\u00fcdar 5, 1524-1530<\/li>\n<li>\u00dcsk\u00fcdar 9, 1534-1536<\/li>\n<li>\u00dcsk\u00fcdar 14, 1546-1549<\/li>\n<li>\u00dcsk\u00fcdar 17, 1549-1556<\/li>\n<li>\u00dcsk\u00fcdar 26, 1562-1563<\/li>\n<li>\u00dcsk\u00fcdar 51, 1579-1580<\/li>\n<li>\u00dcsk\u00fcdar 56, 1582-1583<\/li>\n<li>\u00dcsk\u00fcdar 84, 1590-1591<\/li>\n<li>Balat 2, 1563<\/li>\n<li>Rumeli 21, 1594-1595<\/li>\n<li>\u0130stanbul 3, 1618<\/li>\n<li>Rumeli 56, 1633<\/li>\n<li>Rumeli 80, 1647-1649<\/li>\n<li>\u0130stanbul 12, 1663-1664<\/li>\n<li>Bab 3, 1666-1667<\/li>\n<li>\u0130stanbul 18, 1675-1676<\/li>\n<li>Bab 46, 1685-1686<\/li>\n<li>Bab 54, 1691<\/li>\n<li>\u0130stanbul 24, 1726-1738<\/li>\n<li>Ey\u00fcb 3, 1585-1587<\/li>\n<li>Hask\u00f6y 5, 1612-1643<\/li>\n<li>Ey\u00fcb 19, 1619-1620<\/li>\n<li>Ey\u00fcb 37, 1637-1638<\/li>\n<li>Ey\u00fcb 49, 1644<\/li>\n<li>Ey\u00fcb 61, 1655<\/li>\n<li>Ey\u00fcb 74, 1661-1662<\/li>\n<li>Ey\u00fcb 82, 1670-1671<\/li>\n<li>Hask\u00f6y 10, 1674-1679<\/li>\n<li>Ey\u00fcb 90, 1679-1680<\/li>\n<li>Galata 5, 1575-1576<\/li>\n<li>Galata 7, 1577-1578<\/li>\n<li>Galata 15, 1573-1591<\/li>\n<li>Galata 20, 1596-1599<\/li>\n<li>Galata 32, 1606-1607<\/li>\n<li>Galata 37, 1613-1615<\/li>\n<li>Galata 46, 1615-1620<\/li>\n<li>Galata 65, 1641-1644<\/li>\n<li>Galata 90, 1663<\/li>\n<\/ul>\n<p><a href=\"https:\/\/katalog.marmara.edu.tr\/eyayin\/tez\/T0043890.pdf\" target=\"_blank\" rel=\"noopener\">Uskudar records of charitable foundations (vakf) from 1520-1566<\/a> [<a href=\"http:\/\/dspace.marmara.edu.tr\/handle\/11424\/25458\" target=\"_blank\" rel=\"noopener\">information page<\/a>]<\/p>\n<p><a href=\"http:\/\/bbytezarsivi.hacettepe.edu.tr\/jspui\/bitstream\/2062\/262\/1\/150.pdf\" target=\"_blank\" rel=\"noopener\">\u00dcsk\u00fcdar 23, 1561-1563 Court Records<\/a> [<a href=\"http:\/\/bbytezarsivi.hacettepe.edu.tr\/jspui\/handle\/2062\/262\" target=\"_blank\" rel=\"noopener\">information page<\/a>]<\/p>\n<p><a href=\"http:\/\/bbytezarsivi.hacettepe.edu.tr\/jspui\/bitstream\/2062\/432\/1\/514.pdf\" target=\"_blank\" rel=\"noopener\">Bursa 1580-1583 Court Records<\/a> [<a href=\"http:\/\/bbytezarsivi.hacettepe.edu.tr\/jspui\/handle\/2062\/432\" target=\"_blank\" rel=\"noopener\">information page<\/a>]<\/p>\n<p><a href=\"http:\/\/ulusaltezmerkezi.com\/1141-numarali-ve-1593-1595-tarihli-tahvil-defteri-transkripsiyon-degerlendirme-dizin\/\" target=\"_blank\" rel=\"noopener noreferrer\">Ottoman provinces, 1593-1595<\/a><\/p>\n<h3>17th Century<\/h3>\n<p><a href=\"http:\/\/dspace.trakya.edu.tr:8080\/jspui\/handle\/1\/505\" target=\"_blank\" rel=\"noopener noreferrer\">Edirne 1640-1642 Estate Records<\/a><\/p>\n<p><a href=\"http:\/\/193.255.140.18\/Tez\/0075909\/METIN.pdf\">Edirne 1655-1669 Estate Records<\/a><\/p>\n<p><a href=\"http:\/\/www.mehmetkarasakal.com\/109-numarali-ayintap-seriyye-sicilinin-transkripsiyonu-ve-degerlendirmesi\/\">Aintab Sharia Court Records, 1752<\/a><\/p>\n<p><a href=\"http:\/\/www.acarindex.com\/dosyalar\/makale\/acarindex-1423880784.pdf\" target=\"_blank\" rel=\"noopener noreferrer\">Harput 1638 \u2013 1639 (H.1048 \u2013 1049) \u00a0Shari\u2019ah Register Presentation and Index<\/a><\/p>\n<p><a href=\"http:\/\/dspace.trakya.edu.tr:8080\/jspui\/handle\/1\/911\" target=\"_blank\" rel=\"noopener noreferrer\">Socio-economical life in Edirne between h. 1065-1079\/ m. 1655-1669 according to the \u015fer&#8217;iyye registers<\/a><\/p>\n<h3>18th Century<\/h3>\n<p><a href=\"http:\/\/www.turkiyatjournal.com\/Makaleler\/1591025845_15.%20\u015eER'\u0130YYE%20S\u0130C\u0130LLER\u0130NE%20G\u00d6RE%20TOKAT'TA%20\u0130HT\u0130DA%20HAREKETLER\u0130%20(1772-1897).pdf\" target=\"_blank\" rel=\"noopener noreferrer\">Tokat&#8217;ta Sharia Court Records, 1772-1897<\/a><\/p>\n<p><a href=\"http:\/\/www.mehmetkarasakal.com\/wp-content\/uploads\/2014\/12\/Tezin-\u00f6zetini-PDF-belgesi-olarak-indirmek-i\u00e7in-t\u0131klay\u0131n\u0131z...pdf\" target=\"_blank\" rel=\"noopener noreferrer\">Aintab Court Records, 1752<\/a><\/p>\n<p><a href=\"http:\/\/dspace.beu.edu.tr:8080\/xmlui\/bitstream\/handle\/123456789\/513\/\u00d6mer%20\u00c7A\u011eATAY%2014-15%20bahar%20tez.pdf?sequence=1&amp;isAllowed=y\" target=\"_blank\" rel=\"noopener noreferrer\">Vidin (Balkans)\u00a0Sharia Court\u00a0Records, 1729-1732<\/a><\/p>\n<p><a href=\"http:\/\/acikerisim.selcuk.edu.tr:8080\/xmlui\/bitstream\/handle\/123456789\/1722\/294538.pdf?sequence=1\" target=\"_blank\" rel=\"noopener noreferrer\">Konya Sharia Court Records, 1738-1740<\/a><\/p>\n<p><a href=\"http:\/\/vgm.dergipark.gov.tr\/download\/article-file\/203005\" target=\"_blank\" rel=\"noopener noreferrer\">The Description and Index of the Court Register of Rus\u00e7uk (1166-1167\/1752-1754)<\/a><\/p>\n<p><a href=\"http:\/\/docs.neu.edu.tr\/library\/6327842799.pdf\" target=\"_blank\" rel=\"noopener noreferrer\">Paleography of the 1730 Sharia Records for a location that I frankly can&#8217;t work out<\/a><\/p>\n<p><a href=\"http:\/\/web.firat.edu.tr\/sosyalbil\/dergi\/arsiv\/cilt19\/sayi2\/315-328.pdf\" target=\"_blank\" rel=\"noopener noreferrer\">Estate Register Belonging to es-Seyi\u0131d el-Hac Mehmed Aga bin es-Seyi\u0131d Battal Aga the A\u2019yan of Ay\u0131ntab<\/a>, 1771<\/p>\n<p>https:\/\/www.google.com\/url?sa=t&#038;rct=j&#038;q=&#038;esrc=s&#038;source=web&#038;cd=4&#038;cad=rja&#038;uact=8&#038;ved=0ahUKEwju0b_Fl5HRAhUBhyYKHRcQCo0QFggzMAM&#038;url=http%3A%2F%2F193.255.140.18%2FTez%2F0075909%2FMETIN.pdf&#038;usg=AFQjCNFr53YBllMEUJ-0S6S_TmfYZarRgA&#038;sig2=vF5ztIxWybqhhBmxLfYriQ<\/p>\n<blockquote class=\"wp-embedded-content\" data-secret=\"5TiPWWR3Eg\"><p><a href=\"https:\/\/mehmetkarasakal.com\/109-numarali-ayintap-seriyye-sicilinin-transkripsiyonu-ve-degerlendirmesi\/\">109 Numaral\u0131 Ay\u0131ntap \u015eer&#8217;iyye Sicili&#8217;nin Transkripsiyonu ve De\u011ferlendirmesi<\/a><\/p><\/blockquote>\n<p><iframe loading=\"lazy\" class=\"wp-embedded-content\" sandbox=\"allow-scripts\" security=\"restricted\" style=\"position: absolute; clip: rect(1px, 1px, 1px, 1px);\" title=\"&#8220;109 Numaral\u0131 Ay\u0131ntap \u015eer&#8217;iyye Sicili&#8217;nin Transkripsiyonu ve De\u011ferlendirmesi&#8221; &#8212; Mehmet KARASAKAL\" src=\"https:\/\/mehmetkarasakal.com\/109-numarali-ayintap-seriyye-sicilinin-transkripsiyonu-ve-degerlendirmesi\/embed\/#?secret=vWlnbsPL1a#?secret=5TiPWWR3Eg\" data-secret=\"5TiPWWR3Eg\" width=\"600\" height=\"338\" frameborder=\"0\" marginwidth=\"0\" marginheight=\"0\" scrolling=\"no\"><\/iframe><\/p>\n<h3>19th Century<\/h3>\n<p><a href=\"http:\/\/dergipark.gov.tr\/dpusbe\/issue\/4786\/66055\" target=\"_blank\" rel=\"noopener noreferrer\">Manisa, 1836-1837<\/a><\/p>\n<p>https:\/\/www.google.com\/url?sa=t&#038;rct=j&#038;q=&#038;esrc=s&#038;source=web&#038;cd=3&#038;cad=rja&#038;uact=8&#038;ved=0ahUKEwju0b_Fl5HRAhUBhyYKHRcQCo0QFggqMAI&#038;url=http%3A%2F%2Fdergipark.ulakbim.gov.tr%2Ffiratsbed%2Farticle%2FviewFile%2F5000172958%2F5000155982&#038;usg=AFQjCNH9TejJDkX9clCKQ88IKgH66q9pzw&#038;sig2=XoluNkDma-vdF4xh8hcYlQ<\/p>\n<p>http:\/\/www.antalyatarihi.com\/sites\/default\/files\/document-images\/MSH_SSC_d_1150-3.pdf<\/p>\n<p><a href=\"https:\/\/www.mysciencework.com\/publication\/download\/fd7bd43744e4037015066cae1e9d302b\/c2d1f0cb8b131c306af5d12e27ffbd4c\" target=\"_blank\" rel=\"noopener noreferrer\">Adana, Aleppo Sharia Court Records, 1823<\/a><\/p>\n<p><a href=\"http:\/\/adudspace.adu.edu.tr:8080\/xmlui\/bitstream\/handle\/11607\/806\/fatma_erbay_h.1311\u20131314%20(m.1893\u20131896)%20tarihli%20(51%20numaral\u0131)%20izmir%20kassam%20sicilinin%20transkripsiyon.pdf\" target=\"_blank\" rel=\"noopener noreferrer\">Izmir Kassam Tereke Records, 1893-1896<\/a><\/p>\n<p><a href=\"http:\/\/acikerisim.selcuk.edu.tr:8080\/xmlui\/bitstream\/handle\/123456789\/1586\/325898.pdf?sequence=1\" target=\"_blank\" rel=\"noopener noreferrer\">Konya Sharia Records, 1837-1839<\/a><\/p>\n<p><a href=\"http:\/\/acikerisim.selcuk.edu.tr:8080\/xmlui\/bitstream\/handle\/123456789\/1635\/331812.pdf\">Konya Sharia Records, 1840-1843<\/a><\/p>\n<p><a href=\"http:\/\/dergiler.ankara.edu.tr\/dergiler\/19\/19\/42.pdf\" target=\"_blank\" rel=\"noopener noreferrer\">According to the Judical Registers the Social-Economic Situations of the Family in Antalya in the Middles of 19th Century<\/a><\/p>\n<p><a href=\"http:\/\/docs.neu.edu.tr\/library\/6327335784.pdf\" target=\"_blank\" rel=\"noopener noreferrer\">Paleography of the 1866-1867 Court Records of Zabit<\/a><\/p>\n<h3><\/h3>\n<h3>Undetermined<\/h3>\n<p>http:\/\/adudspace.adu.edu.tr:8080\/jspui\/bitstream\/11607\/1617\/1\/10044856.pdf<\/p>\n<p>http:\/\/ulusaltezmerkezi.com\/692-nolu-balikesir-seriye-sicil-defteri-transkripsiyon-ve-degerlendirme\/<\/p>\n<p>http:\/\/openaccess.ogu.edu.tr:8080\/xmlui\/handle\/11684\/488<\/p>\n<p>https:\/\/www.academia.edu\/16319645\/MANASTIR%C4%B1n_B%C4%B0TOLA_II_Numaral%C4%B1_%C5%9Eeriye_Sicili_1621-1623_-_Ege_%C3%9Cniversitesi_T%C3%BCrk_D%C3%BCnyas%C4%B1_Ara%C5%9Ft%C4%B1rmalar%C4%B1_Y%C3%BCksek_Lisans_Tez%C4%B0zmir_2000<\/p>\n","protected":false},"excerpt":{"rendered":"<p>The Ottoman empire was a vast bureaucracy that churned out paper at a rate deserving of the respect of any modern bureaucracy. Quite a few of those records have been preserved. However, they&#8217;re written in Arabic script, using formal hands of varying degrees of intelligibility and legal formats and formulae\u2026<\/p>\n<p class=\"continue-reading-button\"> <a class=\"continue-reading-link\" href=\"https:\/\/www.issendai.com\/16thcenturyistanbul\/turkish-names\/primary-sources-for-turkish-names\/\">Continue reading<i class=\"crycon-right-dir\"><\/i><\/a><\/p>\n","protected":false},"author":1,"featured_media":0,"parent":706,"menu_order":10,"comment_status":"closed","ping_status":"closed","template":"","meta":{"footnotes":""},"categories":[85],"tags":[],"class_list":["post-711","page","type-page","status-publish","hentry","category-ottoman-turkish-names"],"_links":{"self":[{"href":"https:\/\/www.issendai.com\/16thcenturyistanbul\/wp-json\/wp\/v2\/pages\/711","targetHints":{"allow":["GET"]}}],"collection":[{"href":"https:\/\/www.issendai.com\/16thcenturyistanbul\/wp-json\/wp\/v2\/pages"}],"about":[{"href":"https:\/\/www.issendai.com\/16thcenturyistanbul\/wp-json\/wp\/v2\/types\/page"}],"author":[{"embeddable":true,"href":"https:\/\/www.issendai.com\/16thcenturyistanbul\/wp-json\/wp\/v2\/users\/1"}],"replies":[{"embeddable":true,"href":"https:\/\/www.issendai.com\/16thcenturyistanbul\/wp-json\/wp\/v2\/comments?post=711"}],"version-history":[{"count":20,"href":"https:\/\/www.issendai.com\/16thcenturyistanbul\/wp-json\/wp\/v2\/pages\/711\/revisions"}],"predecessor-version":[{"id":2771,"href":"https:\/\/www.issendai.com\/16thcenturyistanbul\/wp-json\/wp\/v2\/pages\/711\/revisions\/2771"}],"up":[{"embeddable":true,"href":"https:\/\/www.issendai.com\/16thcenturyistanbul\/wp-json\/wp\/v2\/pages\/706"}],"wp:attachment":[{"href":"https:\/\/www.issendai.com\/16thcenturyistanbul\/wp-json\/wp\/v2\/media?parent=711"}],"wp:term":[{"taxonomy":"category","embeddable":true,"href":"https:\/\/www.issendai.com\/16thcenturyistanbul\/wp-json\/wp\/v2\/categories?post=711"},{"taxonomy":"post_tag","embeddable":true,"href":"https:\/\/www.issendai.com\/16thcenturyistanbul\/wp-json\/wp\/v2\/tags?post=711"}],"curies":[{"name":"wp","href":"https:\/\/api.w.org\/{rel}","templated":true}]}}