{"id":900,"date":"2017-04-24T15:13:34","date_gmt":"2017-04-24T20:13:34","guid":{"rendered":"http:\/\/www.issendai.com\/16thcenturyistanbul\/?page_id=900"},"modified":"2017-11-02T13:52:41","modified_gmt":"2017-11-02T18:52:41","slug":"ottoman-measurements","status":"publish","type":"page","link":"https:\/\/www.issendai.com\/16thcenturyistanbul\/fabrics-and-colors\/ottoman-measurements\/","title":{"rendered":"Terms of Measurement; or, Tell Me What Year It Is and I&#8217;ll Tell You How Tall You Are"},"content":{"rendered":"<p>The Ottoman system of measurement was based on the ell.<\/p>\n<p>And that&#8217;s the last simple concept you&#8217;re going to get to deal with. The Ottoman Turks never liked to make things easy when they could make them complicated, so they had not one, but three ells&#8211;the architect&#8217;s ell; the common ell, which was shorter than the architect&#8217;s ell; and the cloth ell, which was twice the common ell. They had three words for &#8220;ell&#8221;&#8211;\u00a0<em>ar\u015f\u0131n<\/em>, <em>zira&#8217;<\/em>, and\u00a0<em>end\u00e2ze<\/em>&#8211;which could have mapped neatly to the three types of ell but which are, in fact, identical to each other. Or not. Or maybe? No, not right now. Okay&#8211;<em>now<\/em>. Now they&#8217;re identical. No, wait, you missed your window, now they&#8217;re all different.<\/p>\n<p>To top it off, the length of the ell stretched over the course of the 16th and 17th centuries, from\u00a059.3 cm in 1503 to 67 cm in 1638. To know how long an ell is, you have to know what year you&#8217;re in.<\/p>\n<p>I&#8217;ll make it as simple as I can from here on out.<\/p>\n<h4>Ditch This Stuff<\/h4>\n<p>Forget about the architect&#8217;s ell. It was used only by builders, and is useful if you&#8217;re trying to calculate the length of a common ell for a given period, but inapplicable otherwise.<\/p>\n<h4>Here Are the Basics<\/h4>\n<p>A <strong>common ell<\/strong> is\u00a0is divided into 8 <strong>rub&#8217;\/rubu<\/strong>\u00a0or 16 <strong>girih<\/strong>.<span id='easy-footnote-1-900' class='easy-footnote-margin-adjust'><\/span><span class='easy-footnote'><a href='https:\/\/www.issendai.com\/16thcenturyistanbul\/fabrics-and-colors\/ottoman-measurements\/#easy-footnote-bottom-1-900' title='There are several more ways to spell rub&amp;#8217; and girih, but these are the common ones.'><sup>1<\/sup><\/a><\/span><\/p>\n<p>A <strong>cloth ell<\/strong> is exactly twice as wide as a common ell, and\u00a0is divided into 16\u00a0rub&#8217;\/rubu\u00a0or 32\u00a0girih. (That is, rub&#8217;\/rubu and girih were the same length regardless of the type of ell.)<\/p>\n<p><strong>People used common ells and cloth ells side by side.<\/strong> For example, in the <a href=\"http:\/\/www.issendai.com\/16thcenturyistanbul\/turkish-garb\/garment-lengths-in-the-1624-narh-defterleri\/\">1624 market regulations<\/a>, a type of overcoat called a\u00a0k\u00fcrdiyye was required to be one cloth ell and one girih long, with sleeves one common ell long.<\/p>\n<p><strong>When people used both common and cloth ells, they gave the different ells different names.<\/strong> In the\u00a0k\u00fcrdiyye example above, a cloth ell was called an\u00a0end\u00e2ze, and a common ell was called an\u00a0ar\u015f\u0131n.<span id='easy-footnote-2-900' class='easy-footnote-margin-adjust'><\/span><span class='easy-footnote'><a href='https:\/\/www.issendai.com\/16thcenturyistanbul\/fabrics-and-colors\/ottoman-measurements\/#easy-footnote-bottom-2-900' title='The source actually spells it &amp;#8220;ar\u015fun,&amp;#8221; yet another example of multiple pronunciations for standard terms.'><sup>2<\/sup><\/a><\/span><\/p>\n<p><strong>The names people used vary by source.<\/strong>\u00a0The 1624 market regulations call\u00a0a common ell an\u00a0ar\u015f\u0131n and a cloth ell an\u00a0end\u00e2ze. Late 15th century regulations call a common ell a zira&#8217; and a cloth ell either\u00a0an\u00a0ar\u015f\u0131n or\u00a0an\u00a0end\u00e2ze.\u00a0The 1600 market regulations call a common ell a zira&#8217; and don&#8217;t refer to cloth ells at all. You have to evaluate each source independently to determine which word refers to which type of ell.<\/p>\n<p><strong>The 16th-century ell was much shorter than the modern ell.<\/strong> Most scholars are unaware of this, and use the longer measurements standardized in the late 17th century.<\/p>\n<h4>So How Long Was an Ell?<\/h4>\n<p>&nbsp;<\/p>\n<p>Alpay \u00d6zdural has made a heroic effort to determine the true length of 16th- and 17th-century Ottoman measures, as reported in his article &#8220;<a href=\"https:\/\/archnet.org\/system\/publications\/contents\/4682\/original\/DPC1293.PDF?1384786414\" target=\"_blank\" rel=\"noopener\">Sinan&#8217;s Ar\u015fin: A Survey of Ottoman Architectural Metrology<\/a>.&#8221; Using an extraordinary breadth of sources, these are the lengths he extrapolates, by date, for the common ell:<\/p>\n<p><strong>1503:<\/strong> 59.3 cm<\/p>\n<p><strong>First quarter of the 16th century:<\/strong> 60.1 cm, on average<\/p>\n<p><strong>Last quarter of the 16th century:<\/strong> 61.2 cm, on average<\/p>\n<p>1614:\u00a0common ar\u015fin or zira&#8217;, ****, which was 16 girih; bez\u00a0ar\u015fin, double that, at 32 girih<\/p>\n<p><strong>1638:<\/strong> 67 cm<\/p>\n<p>&nbsp;<\/p>\n<p><em>[section in progress]<\/em><\/p>\n<p>The important detail isn&#8217;t that the Ottomans needed to get a grip on their units of measurement (although they did), it&#8217;s that the 16th-century\u00a0ar\u015f\u0131n or zira&#8217; was much shorter than what we now know as the standard\u00a0ar\u015f\u0131n. Most sources say the\u00a0ar\u015f\u0131n was 65.25 or 68 cm, four to eight centimeters longer than the actual 16th-century\u00a0ar\u015f\u0131n.<\/p>\n<p>The <strong>bez\u00a0ar\u015f\u0131n<\/strong>, or &#8220;cloth ell,&#8221; was twice the width of the standard\u00a0ar\u015f\u0131n. Using the measurements above, that gives us an average of 120.2 cm\/47.3 in. during the first\u00a0quarter of the 16th century and 122.4 cm\/48.2 in. during the last quarter of the 16th century. The\u00a0bez\u00a0ar\u015f\u0131n was divided into\u00a016\u00a0rub&#8217; or 32\u00a0girih.<\/p>\n<p>Sources often refer to the\u00a0bez\u00a0ar\u015f\u0131n as merely &#8220;ar\u015f\u0131n,&#8221; leaving you to guess when they mean which type of\u00a0ar\u015f\u0131n.<\/p>\n<p>An\u00a0<strong>end\u00e2ze<\/strong> is an ell, which is divided into eight <strong>rub&#8217;\/urub<\/strong>\u00a0or 16<strong> girih\/qirat&#8217;\/qirak<\/strong>. According to <a href=\"http:\/\/www.ingilizceosmanlica.com\/osmanlica-ingilizce-sozluk-madde-6886.html\" target=\"_blank\" rel=\"noopener noreferrer\">Ingilzce-Osmanlica<\/a>, this type of ell was 26 inches. According to <a href=\"https:\/\/en.wikipedia.org\/wiki\/Ottoman_units_of_measurement\" target=\"_blank\" rel=\"noopener noreferrer\">Wikipedia<\/a>, an endaze was 65 cm (25.59 in.). In the estate records, fabrics measured in endaze tend to cost more than fabrics measured in\u00a0ar\u015f\u0131n, even when the same type of fabric is being measured.<\/p>\n<h4>Other Useful Measures<\/h4>\n<p>A <strong>top<\/strong> is a complete loom-length. The estates mention two ten-ell tops of bez (generic cotton cloth) and one eight-ell top of bez, which gives a general idea of how long a top could be. Other sources specify tops as long as 14 ells.\u00a0<a href=\"https:\/\/books.google.com\/books?id=KjMUP2OyzMYC&amp;pg=PA269&amp;dq=bogasi&amp;hl=en&amp;sa=X&amp;ved=0ahUKEwjoieyrir7TAhVI0oMKHcyvCXAQ6AEIKDAB#v=onepage&amp;q=bogasi&amp;f=false\" target=\"_blank\" rel=\"noopener noreferrer\">Another source<\/a> says a top is a bale.<\/p>\n<p>A\u00a0<strong>donluk<\/strong> is a quantity of fabric to be made into a garment&#8211;literally <em>don<\/em>, &#8220;garment&#8221; + <em>-luk\/-l\u0131k\/-lik<\/em>, &#8220;-ness.&#8221; The same construction is used to make more specific terms. For example, a kaftanl\u0131k is enough fabric to make a kaftan, and a g\u00f6mleklik is enough fabric to make a g\u00f6mlek.<\/p>\n<p>Fabric was typically sold in a piece long enough to make one garment, so figuring out the length of\u00a0a donluk for each type of garment would go a great way toward reconstructing some of the more obscure articles. Currently I have two data points: One, the standard length of a donluk for a kaftan was 11 ells. Two, Rabia Hatun bt. Mehmed owned a &#8220;K\u0131rm\u0131z\u0131 donluk \u00e7uka zir\u00e2\u2018 4 rob? 6,&#8221; a garment-length of red woolen broadcloth that was 4 3\/4 ells long and cost the princely sum of 1,330 ak\u00e7e. For which garment? Unclear. I&#8217;m working to get my hands on the 1600 and 1640 Istanbul narh defteri, the official price lists that gave the accepted dimensions of both fabric lengths and finished garments.<\/p>\n<p>A\u00a0<strong>k\u0131t\u2018a<\/strong> is a piece of fabric. Certain fabrics, like kirpas (canvas), were sold by the\u00a0k\u0131t\u2018a, so presumably a\u00a0k\u0131t\u2018a sometimes had a set length.<\/p>\n<p><strong>Mikd\u00e2r<\/strong> is &#8220;quantity.&#8221;<\/p>\n<p>&nbsp;<\/p>\n<p>&nbsp;<\/p>\n<p>http:\/\/english.isam.org.tr\/documents\/_dosyalar\/_pdfler\/osmanli_arastirmalari_dergisi\/osmanl\u0131_sy1\/1980_c1_FAROQHIS.pdf<\/p>\n","protected":false},"excerpt":{"rendered":"<p>The Ottoman system of measurement was based on the ell. And that&#8217;s the last simple concept you&#8217;re going to get to deal with. The Ottoman Turks never liked to make things easy when they could make them complicated, so they had not one, but three ells&#8211;the architect&#8217;s ell; the common\u2026<\/p>\n<p class=\"continue-reading-button\"> <a class=\"continue-reading-link\" href=\"https:\/\/www.issendai.com\/16thcenturyistanbul\/fabrics-and-colors\/ottoman-measurements\/\">Continue reading<i class=\"crycon-right-dir\"><\/i><\/a><\/p>\n","protected":false},"author":1,"featured_media":0,"parent":943,"menu_order":0,"comment_status":"closed","ping_status":"closed","template":"","meta":{"footnotes":""},"categories":[82],"tags":[],"class_list":["post-900","page","type-page","status-publish","hentry","category-fabrics-and-colors"],"_links":{"self":[{"href":"https:\/\/www.issendai.com\/16thcenturyistanbul\/wp-json\/wp\/v2\/pages\/900","targetHints":{"allow":["GET"]}}],"collection":[{"href":"https:\/\/www.issendai.com\/16thcenturyistanbul\/wp-json\/wp\/v2\/pages"}],"about":[{"href":"https:\/\/www.issendai.com\/16thcenturyistanbul\/wp-json\/wp\/v2\/types\/page"}],"author":[{"embeddable":true,"href":"https:\/\/www.issendai.com\/16thcenturyistanbul\/wp-json\/wp\/v2\/users\/1"}],"replies":[{"embeddable":true,"href":"https:\/\/www.issendai.com\/16thcenturyistanbul\/wp-json\/wp\/v2\/comments?post=900"}],"version-history":[{"count":25,"href":"https:\/\/www.issendai.com\/16thcenturyistanbul\/wp-json\/wp\/v2\/pages\/900\/revisions"}],"predecessor-version":[{"id":1350,"href":"https:\/\/www.issendai.com\/16thcenturyistanbul\/wp-json\/wp\/v2\/pages\/900\/revisions\/1350"}],"up":[{"embeddable":true,"href":"https:\/\/www.issendai.com\/16thcenturyistanbul\/wp-json\/wp\/v2\/pages\/943"}],"wp:attachment":[{"href":"https:\/\/www.issendai.com\/16thcenturyistanbul\/wp-json\/wp\/v2\/media?parent=900"}],"wp:term":[{"taxonomy":"category","embeddable":true,"href":"https:\/\/www.issendai.com\/16thcenturyistanbul\/wp-json\/wp\/v2\/categories?post=900"},{"taxonomy":"post_tag","embeddable":true,"href":"https:\/\/www.issendai.com\/16thcenturyistanbul\/wp-json\/wp\/v2\/tags?post=900"}],"curies":[{"name":"wp","href":"https:\/\/api.w.org\/{rel}","templated":true}]}}