{"id":942,"date":"2017-04-29T20:08:45","date_gmt":"2017-04-30T01:08:45","guid":{"rendered":"http:\/\/www.issendai.com\/16thcenturyistanbul\/?page_id=942"},"modified":"2017-09-26T23:55:30","modified_gmt":"2017-09-27T04:55:30","slug":"articles-about-ottoman-clothing-and-textiles","status":"publish","type":"page","link":"https:\/\/www.issendai.com\/16thcenturyistanbul\/fabrics-and-colors\/articles-about-ottoman-clothing-and-textiles\/","title":{"rendered":"Articles about Ottoman Clothing and Textiles"},"content":{"rendered":"<p>One of the things we miss in the SCA is the wealth of scholarship online.<\/p>\n<p><i class=\"fa fa-laptop \" title=\"Readable online\" ><\/i> Readable online \u00a0 \u00a0\u00a0<i class=\"fa fa-coffee \" title=\"In Turkish\" ><\/i> In Turkish<\/p>\n<hr \/>\n<p><i class=\"fa fa-laptop \" title=\"Readable online\" ><\/i> <i class=\"fa fa-coffee \" title=\"In Turkish\" ><\/i> AKPINARLI, H. Feriha and Zeynep BALKANAL. &#8220;<a href=\"http:\/\/www.motifakademi.com\/Makaleler\/132894446_179-209.pdf\" target=\"_blank\" rel=\"noopener noreferrer\">16-18. Y\u00dcZYILLARDA \u0130STANBUL\u2019DA \u00dcRET\u0130LEN KUMA\u015eLARDA B\u0130TK\u0130SEL BEZEMELER\u0130N \u0130NCELENMES\u0130<\/a>&#8221; (A Study of the Vegetative Figures on Textiles Manufactured in Istanbul During the 16-18th Centuries).<\/p>\n<p><i class=\"fa fa-laptop \" title=\"Readable online\" ><\/i> Faroqhi, Suraiya N. &#8220;<a href=\"https:\/\/www.academia.edu\/9509656\/Textile_Production_in_Rumeli_and_the_Arab_Provinces_Geographical_Distribution_and_Internal_Trade_1560-1650_Osmanl%C4%B1_Ara%C5%9Ft%C4%B1rmalar%C4%B1._The_Journal_of_Ottoman_Studies_I_Istanbul_1980_61-83\" target=\"_blank\" rel=\"noopener noreferrer\">Textile Production in Rumeli and the Arab Provinces: Geographical Distribution and Internal Trade (1560-1650)<\/a>,&#8221;\u00a0<em>Osmanl\u0131 Ara\u015ft\u0131rmalar\u0131. The Journal of Ottoman Studies<\/em>, I (Istanbul, 1980), 61-83.<\/p>\n<p><i class=\"fa fa-laptop \" title=\"Readable online\" ><\/i> <i class=\"fa fa-coffee \" title=\"In Turkish\" ><\/i> G\u00d6R\u00dcN\u00dcR, Lale and Semra \u00d6GEL. &#8220;<a href=\"http:\/\/itudergi.itu.edu.tr\/index.php\/itudergisi_b\/article\/viewFile\/1086\/1075\" target=\"_blank\" rel=\"noopener noreferrer\">Osmanl\u0131 kaftanlar\u0131 ile entarilerinin farklar\u0131 ve kullan\u0131l\u0131\u015flar\u0131<\/a>&#8221; (The differences between Ottoman \u201ckaftan\u201d and \u201centari\u201d with their usage).<\/p>\n<p><i class=\"fa fa-laptop \" title=\"Readable online\" ><\/i> Gradeva, Rossitsa. &#8220;<a href=\"https:\/\/www.academia.edu\/241049\/TOWARDS_A_PORTRAIT_OF_THE_RICH_IN_OTTOMAN_PROVINCIAL_SOCIETY_SOFIA_IN_THE_1670s\" target=\"_blank\" rel=\"noopener noreferrer\">Towards a portrait of &#8216;the rich&#8217; in Ottoman Provincial Society: Sofia in the 1670s<\/a>.&#8221;<\/p>\n<p><i class=\"fa fa-laptop \" title=\"Readable online\" ><\/i> <i class=\"fa fa-coffee \" title=\"In Turkish\" ><\/i> G\u00fcrtuna,\u00a0Sevgi. &#8220;<a href=\"https:\/\/www.tarihtarih.com\/?Syf=26&amp;Syz=384234&amp;\/Klasik-D%C3%B6nemde-Osmanl%C4%B1-Kad%C4%B1n%C4%B1n%C4%B1n-Giyim-Tarz%C4%B1-\/-Yrd.-Do%C3%A7.-Dr.-Sevgi-G%C3%BCrtuna-\" target=\"_blank\" rel=\"noopener noreferrer\">Klasik D\u00f6nemde Osmanl\u0131 Kad\u0131n\u0131n\u0131n Giyim Tarz\u0131<\/a>&#8221; (The Style of Ottoman Women in the Classical Period).<br \/>\n<em>This is the article that Turkish author after Turkish author refers to.<\/em><\/p>\n<p><i class=\"fa fa-laptop \" title=\"Readable online\" ><\/i> Iida-Sohma, Miki. &#8220;<a href=\"https:\/\/hermes-ir.lib.hit-u.ac.jp\/rs\/bitstream\/10086\/19190\/1\/chichukai0001901610.pdf\" target=\"_blank\" rel=\"noopener noreferrer\">The Textile Market in Istanbul and Bursa in the First Half of the Seventeenth Century: An Introduction<\/a>.&#8221; 2008.<\/p>\n<p><i class=\"fa fa-laptop \" title=\"Readable online\" ><\/i> Inalc\u0131k, Halil. &#8220;<a href=\"http:\/\/www.inalcik.com\/images\/pdfs\/36619851OTTOMANCOTTONMARKETANDiNDiA.pdf\" target=\"_blank\" rel=\"noopener noreferrer\">The Ottoman Cotton Market and India: The Role of Labor Cost in Market Competition<\/a>.&#8221;<\/p>\n<p><i class=\"fa fa-laptop \" title=\"Readable online\" ><\/i> Ipek, Selin. &#8220;<a href=\"http:\/\/digitalcommons.unl.edu\/cgi\/viewcontent.cgi?article=1696&amp;context=tsaconf\" target=\"_blank\" rel=\"noopener noreferrer\">Ottoman Fabrics During the 18th and 19th Centuries<\/a>.&#8221;<\/p>\n<p><i class=\"fa fa-laptop \" title=\"Readable online\" ><\/i> Jirousek, Charlotte A. &#8220;<a href=\"https:\/\/books.google.com\/books?id=lOcWWutNIi0C&amp;pg=PA164&amp;dq=yemeni+fabric+ottoman&amp;hl=en&amp;sa=X&amp;ved=0ahUKEwii5efFkMPTAhVB2yYKHSjQB4E4ChDoAQgwMAM#v=onepage&amp;q=yemeni%20fabric%20ottoman&amp;f=false\" target=\"_blank\" rel=\"noopener noreferrer\">Finding the Cloth for the Clothes: Patterns of Meaning in Traditional Cloth production and Trade in Anatolia<\/a>.&#8221;\u00a0<em>The Fabric of Life: Cultural Transformations in Turkish Society<\/em>. Ed. Ronald T. Marchese. Global Academic Publishing, 2005. Pp. 161-180.<\/p>\n<p>Karababa,\u00a0Emineg\u00fcl. <i class=\"fa fa-laptop \" title=\"Readable online\" ><\/i> &#8220;<a href=\"http:\/\/www.provost.bilkent.edu.tr\/guliz\/karababa_ger_preprint.pdf\" target=\"_blank\" rel=\"noopener noreferrer\">Early Modern Ottoman Coffeehouse Culture and the Formation of the Consumer Subject<\/a>.&#8221;<\/p>\n<p>&#8212; &#8220;Investigating early modern Ottoman consumer culture in the light of Bursa probate inventories.&#8221;<\/p>\n<p>&#8212; <i class=\"fa fa-laptop \" title=\"Readable online\" ><\/i> &#8220;<a href=\"http:\/\/www.thesis.bilkent.edu.tr\/0003079.pdf\" target=\"_blank\" rel=\"noopener noreferrer\">Origins of a Consumer Culture in an Early Modern Context: Ottoman Bursa<\/a>.&#8221; Thesis.<\/p>\n<p><i class=\"fa fa-laptop \" title=\"Readable online\" ><\/i> <i class=\"fa fa-coffee \" title=\"In Turkish\" ><\/i> KOCA, Emine and\u00a0Zeynep KIRKINCIO\u011eLU. &#8220;<a href=\"http:\/\/www.turkishstudies.net\/Makaleler\/1755693774_13KocaEmine-vd-sos-247-270.pdf\" target=\"_blank\" rel=\"noopener noreferrer\">DEN\u0130ZL\u0130 \u0130L\u0130 GEL\u0130N G\u0130Y\u0130M-KU\u015eAMININ G\u00d6STERGEB\u0130L\u0130MSEL A\u00c7IDAN \u00c7\u00d6Z\u00dcMLENMES\u0130<\/a>&#8221; (ANALYSIS OF BRIDAL CLOTHES IN DEN\u0130ZL\u0130 IN TERMS OF SEMIOTICS).<\/p>\n<p><i class=\"fa fa-laptop \" title=\"Readable online\" ><\/i> <i class=\"fa fa-coffee \" title=\"In Turkish\" ><\/i> Ok, Meltem. &#8220;<a href=\"http:\/\/dergipark.gov.tr\/download\/article-file\/275511\" target=\"_blank\" rel=\"noopener noreferrer\">TASARIM VE S\u00dcSLEME \u00d6\u011eELER\u0130YLE TOPKAPI SARAYI PAD\u0130\u015eAH KAFTANLARI<\/a>&#8221; (Topkapi Palace Sultan&#8217;s Caftans with Elements of Design and Decoration)<\/p>\n<p><i class=\"fa fa-laptop \" title=\"Readable online\" ><\/i> <i class=\"fa fa-coffee \" title=\"In Turkish\" ><\/i> \u00d6zen, Mine Esiner. &#8220;<a href=\"http:\/\/www.journals.istanbul.edu.tr\/iutarih\/article\/view\/1023003498\" target=\"_blank\" rel=\"noopener noreferrer\">T\u00fcrk\u00e7e&#8217;de Kuma\u015f Adlar\u0131<\/a>&#8221; (Fabric names in Turkish). <em>Tarih Dergisi<\/em>, Vol. 33. 2008.<br \/>\n<em>Definitions of fabric types going back to the 1600&#8217;s. Another article Turkish authors refer to frequently.<\/em><\/p>\n<p>Phillips, Amanda. <i class=\"fa fa-laptop \" title=\"Readable online\" ><\/i> &#8220;<a href=\"https:\/\/www.academia.edu\/2115282\/Little_Known_Ottoman-Period_Cotton_and_Linen_Textiles_in_Oxfords_Ashmolean_Museum\" target=\"_blank\" rel=\"noopener noreferrer\">Little Known Ottoman-Period Cotton and Linen Textiles in Oxford&#8217;s Ashmolean Museum<\/a>,&#8221;\u00a0<i>13th Annual International Congress of Turkish Art<\/i>, eds G\u00e9za D\u00e1vid and Ibolya Gerelyes, 2010 (Budapest: National Museum of Hungary), pp. 593-608.<br \/>\n<em>A review of the evidence for block printing in 16th- and 17th-century Turkey, and a survey of a small collection of block-printed textiles that are stylistically linked to Ottoman Turkey.\u00a0<\/em><\/p>\n<p>&#8212; <i class=\"fa fa-laptop \" title=\"Readable online\" ><\/i> &#8220;<a href=\"https:\/\/books.google.com\/books?id=luVTBQAAQBAJ&amp;pg=PA125&amp;lpg=PA125&amp;dq=inventory+of+topkapi+kaftans&amp;source=bl&amp;ots=6cj4lwh8Ty&amp;sig=lNsh2FnJv4tfj9lvCLZJskCj2ws&amp;hl=en&amp;sa=X&amp;ved=0ahUKEwiq5oqn983TAhXDVyYKHUkRAFI4ChDoAQgiMAA#v=onepage&amp;q=inventory%20of%20topkapi%20kaftans&amp;f=false\" target=\"_blank\" rel=\"noopener noreferrer\">Ottoman <i>Hil&#8217;at<\/i>: Between Commodity and Charisma<\/a>,&#8221; in <i>Frontiers of the Ottoman Imagination: Festschrift for Rhoads Murphey<\/i>, ed. Marios Hadjianastasios, 2014 (Leiden and Boston: Brill), pp. 111-38.<br \/>\n<em>What makes a ceremonial robe&#8211;a hil&#8217;at&#8211;a ceremonial robe? An illuminating discussion of the shapes and styles of Ottoman Turkish robes.<\/em><\/p>\n<p><i class=\"fa fa-laptop \" title=\"Readable online\" ><\/i> Reindl-Kiel, Hedda. &#8220;<a href=\"https:\/\/www.academia.edu\/5968191\/Power_and_Submission_Gifting_at_Royal_Circumcision_Festivals_in_the_Ottoman_Empire_16th-18th_Centuries_\" target=\"_blank\" rel=\"noopener noreferrer\">Power and Submission: Gifting at Royal Circumcision Festivals in the Ottoman Empire (16th-18th Centuries)<\/a>.&#8221;<\/p>\n<p><i class=\"fa fa-laptop \" title=\"Readable online\" ><\/i> Rizopoulou-Egoumenidou, Euphrosyne. &#8220;<a href=\"https:\/\/books.google.com\/books?id=Evlsm2PnWNsC&amp;pg=PA240&amp;lpg=PA240&amp;dq=alaca+ottoman+turkish+cloth&amp;source=bl&amp;ots=Q8PzIpU-OA&amp;sig=iXmYhlu6lnUsfhgXXJ8Glv8VboA&amp;hl=en&amp;sa=X&amp;ved=0ahUKEwig5KWdk6zTAhUN5mMKHXp5B7wQ6AEIRDAG#v=onepage&amp;q=alaca%20ottoman%20turkish%20cloth&amp;f=false\" target=\"_blank\" rel=\"noopener noreferrer\">Traditional Craftsmen in Cyprus<\/a>.&#8221;\u00a0<em>Ottoman Cyprus: A Collection of Studies on History and Culture<\/em>. Eds.\u00a0Michalis N. Michael, Eftihios Gavriel, and Matthias Kappler.\u00a0<span dir=\"ltr\">Otto Harrassowitz Verlag<\/span>, 2009. Pp. 231-258.<\/p>\n","protected":false},"excerpt":{"rendered":"<p>One of the things we miss in the SCA is the wealth of scholarship online. Readable online \u00a0 \u00a0\u00a0 In Turkish AKPINARLI, H. Feriha and Zeynep BALKANAL. &#8220;16-18. Y\u00dcZYILLARDA \u0130STANBUL\u2019DA \u00dcRET\u0130LEN KUMA\u015eLARDA B\u0130TK\u0130SEL BEZEMELER\u0130N \u0130NCELENMES\u0130&#8221; (A Study of the Vegetative Figures on Textiles Manufactured in Istanbul During the 16-18th Centuries).\u2026<\/p>\n<p class=\"continue-reading-button\"> <a class=\"continue-reading-link\" href=\"https:\/\/www.issendai.com\/16thcenturyistanbul\/fabrics-and-colors\/articles-about-ottoman-clothing-and-textiles\/\">Continue reading<i class=\"crycon-right-dir\"><\/i><\/a><\/p>\n","protected":false},"author":1,"featured_media":0,"parent":943,"menu_order":0,"comment_status":"closed","ping_status":"closed","template":"","meta":{"footnotes":""},"categories":[82],"tags":[],"class_list":["post-942","page","type-page","status-publish","hentry","category-fabrics-and-colors"],"_links":{"self":[{"href":"https:\/\/www.issendai.com\/16thcenturyistanbul\/wp-json\/wp\/v2\/pages\/942","targetHints":{"allow":["GET"]}}],"collection":[{"href":"https:\/\/www.issendai.com\/16thcenturyistanbul\/wp-json\/wp\/v2\/pages"}],"about":[{"href":"https:\/\/www.issendai.com\/16thcenturyistanbul\/wp-json\/wp\/v2\/types\/page"}],"author":[{"embeddable":true,"href":"https:\/\/www.issendai.com\/16thcenturyistanbul\/wp-json\/wp\/v2\/users\/1"}],"replies":[{"embeddable":true,"href":"https:\/\/www.issendai.com\/16thcenturyistanbul\/wp-json\/wp\/v2\/comments?post=942"}],"version-history":[{"count":14,"href":"https:\/\/www.issendai.com\/16thcenturyistanbul\/wp-json\/wp\/v2\/pages\/942\/revisions"}],"predecessor-version":[{"id":973,"href":"https:\/\/www.issendai.com\/16thcenturyistanbul\/wp-json\/wp\/v2\/pages\/942\/revisions\/973"}],"up":[{"embeddable":true,"href":"https:\/\/www.issendai.com\/16thcenturyistanbul\/wp-json\/wp\/v2\/pages\/943"}],"wp:attachment":[{"href":"https:\/\/www.issendai.com\/16thcenturyistanbul\/wp-json\/wp\/v2\/media?parent=942"}],"wp:term":[{"taxonomy":"category","embeddable":true,"href":"https:\/\/www.issendai.com\/16thcenturyistanbul\/wp-json\/wp\/v2\/categories?post=942"},{"taxonomy":"post_tag","embeddable":true,"href":"https:\/\/www.issendai.com\/16thcenturyistanbul\/wp-json\/wp\/v2\/tags?post=942"}],"curies":[{"name":"wp","href":"https:\/\/api.w.org\/{rel}","templated":true}]}}